{"id":3738,"date":"2026-02-28T01:20:05","date_gmt":"2026-02-28T04:20:05","guid":{"rendered":"https:\/\/bibliotecajuridicavirtual.cl\/?post_type=product&#038;p=3738"},"modified":"2026-02-28T01:20:11","modified_gmt":"2026-02-28T04:20:11","slug":"fundamentos-filosoficos-del-derecho-procesal-ano-2021-328-pag-autor-flavia-carbonell-bellolio-y-jonatan-valenzuela-saldias","status":"publish","type":"product","link":"https:\/\/bibliotecajuridicavirtual.cl\/index.php\/product\/fundamentos-filosoficos-del-derecho-procesal-ano-2021-328-pag-autor-flavia-carbonell-bellolio-y-jonatan-valenzuela-saldias\/","title":{"rendered":"Fundamentos filos\u00f3ficos del Derecho Procesal. A\u00f1o 2021\/ 328 P\u00e1g. Autor Flavia Carbonell Bellolio y jonatan  Valenzuela Sald\u00edas"},"content":{"rendered":"<p>La pregunta por los fundamentos de toda actividad es crucial a la hora de interpretar las acciones que desplegamos y las acciones que evitamos. Simplificando, los fundamentos son las razones o motivos que explican la creaci\u00f3n de normas jur\u00eddicas que regulan y modelan un \u00e1rea espec\u00edfica del derecho. Fundamentos &#8220;filos\u00f3ficos&#8221; son aquellos que se vinculan a reflexiones de filosof\u00eda jur\u00eddica, moral o pol\u00edtica y de epistemolog\u00eda acerca de c\u00f3mo la realidad y qu\u00e9 parte de esta debe ser regulada por el derecho. En otras palabras, los fundamentos filos\u00f3ficos constituyen una forma de justificaci\u00f3n que recurre a principios generales para dar cuenta del por qu\u00e9 y para qu\u00e9 el sistema jur\u00eddico establece un conjunto determinado de reglas.<br \/>\nLas y los autores son destacadas acad\u00e9micas y acad\u00e9micos de diversos pa\u00edses. Un hecho reuni\u00f3 las ideas que terminaron en este libro: el seminario &#8220;Fundamentos filos\u00f3ficos del derecho procesal&#8221; organizado hacia el a\u00f1o 2017 en la Facultad de Derecho de la Universidad de Chile. Ese encuentro permiti\u00f3 articular cierto inter\u00e9s en esta agenda intelectual y con este libro pretendemos reforzarlo y expandirlo. A\u00f1os despu\u00e9s son m\u00e1s las preguntas que las respuestas: la existencia de un fen\u00f3meno con coordenadas aprehensibles bajo las palabras &#8220;derecho procesal&#8221; comenz\u00f3 a dar lugar a cuestionamientos y a la b\u00fasqueda de estructuras para organizar las ideas.<\/p>\n<p>&nbsp;<\/p>\n<p>\u00cdndice<br \/>\nPr\u00f3logo\u00a0\u00a0 \u00a0\u00a0\u00a0 \u00a015<br \/>\nF.C.B.<br \/>\nJ.V.S.<br \/>\nLa vigencia de la ley procesal civil chilena en el tiempo<br \/>\nJorge Larroucau Torres<br \/>\nI. INTRODUCCI\u00d3N\u00a0\u00a0 \u00a0\u00a0\u00a0 \u00a019<br \/>\nII. La irrelevancia de la distinci\u00f3n entre reglas sustantivas y procesales\u00a0\u00a0 \u00a0\u00a0\u00a0 \u00a021<br \/>\nIII. La vigencia de la ley procesal chilena\u00a0\u00a0 \u00a0\u00a0\u00a0 \u00a027<br \/>\na)\u00a0\u00a0 \u00a0Reglas de procedimiento\u00a0\u00a0 \u00a0\u00a0\u00a0 \u00a028<br \/>\nb)\u00a0\u00a0 \u00a0Reglas de organizaci\u00f3n y atribuciones de los tribunales\u00a0\u00a0 \u00a0\u00a0\u00a0 \u00a032<br \/>\nc)\u00a0\u00a0 \u00a0Reglas de prueba\u00a0\u00a0 \u00a0\u00a0\u00a0 \u00a035<br \/>\nIV. La relevancia de la interpretaci\u00f3n de la ley procesal\u00a0\u00a0 \u00a0\u00a0\u00a0 \u00a039<br \/>\nV. Conclusiones\u00a0\u00a0 \u00a0\u00a0\u00a0 \u00a042<br \/>\nBibliograf\u00eda\u00a0\u00a0 \u00a0\u00a0\u00a0 \u00a043<br \/>\nNORMAS CITADAS\u00a0\u00a0 \u00a0\u00a0\u00a0 \u00a045<br \/>\nJURISPRUDENCIA CITADA\u00a0\u00a0 \u00a0\u00a0\u00a0 \u00a046<br \/>\nResponsabilidad por sesgos impl\u00edcitos y decisi\u00f3n judicial<br \/>\nFederico Jos\u00e9 Arena<br \/>\nI. INTRODUCCI\u00d3N\u00a0\u00a0 \u00a0\u00a0\u00a0 \u00a047<br \/>\nII. PRELIMINARES CARTOGR\u00c1FICOS\u00a0\u00a0 \u00a0\u00a0\u00a0 \u00a054<br \/>\nIII. ENSE\u00d1ANZAS DE LA RESPONSABILIDAD EMOCIONAL\u00a0\u00a0 \u00a0\u00a0\u00a0 \u00a059<br \/>\nIV. LA CONCIENCIA DE LO IMPL\u00cdCITO\u00a0\u00a0 \u00a0\u00a0\u00a0 \u00a066<br \/>\nV. ALGO M\u00c1S SOBRE CONTROL Y SESGOS A PARTIR DEL PROBLEMA DEL COMPATIBILISMO\u00a0\u00a0 \u00a0\u00a0\u00a0 \u00a070<br \/>\nVI. A MODO DE CONCLUSI\u00d3N\u00a0\u00a0 \u00a0\u00a0\u00a0 \u00a075<br \/>\nBIBLIOGRAF\u00cdA\u00a0\u00a0 \u00a0\u00a0\u00a0 \u00a077<br \/>\nNORMAS CITADAS\u00a0\u00a0 \u00a0\u00a0\u00a0 \u00a079<br \/>\nJURISPRUDENCIA CITADA\u00a0\u00a0 \u00a0\u00a0\u00a0 \u00a079<br \/>\nSobre el deber de motivaci\u00f3n de las decisiones probatorias y el juicio por jurados. La sentencia V.R.P., V.P.C. y otros vs. Nicaragua de la Corte Interamericana de Derechos Humanos<br \/>\nJordi Ferrer Beltr\u00e1n<br \/>\nI. EL CASO A EXAMEN EN LA SENTENCIA V.R.P., V.P.C. Y OTROS VS. NICARAGUA DE LA CORTE INTERAMERICANA DE DERECHOS HUMANOS\u00a0\u00a0 \u00a0\u00a0\u00a0 \u00a081<br \/>\nI. LA REGULACI\u00d3N LEGAL NICARAG\u00dcENSE SOBRE LAS DECISIONES PROBATORIAS DE LOS JURADOS EN CASOS PENALES\u00a0\u00a0 \u00a0\u00a0\u00a0 \u00a085<br \/>\nII. LAS ALEGACIONES DE LA COMISI\u00d3N Y LA REPRESENTACI\u00d3N DE LAS V\u00cdCTIMAS SOBRE LA DECISI\u00d3N INMOTIVADA DEL JURADO\u00a0\u00a0 \u00a0\u00a0\u00a0 \u00a087<br \/>\nIII. LA CORTE SOBRE LA FALTA DE MOTIVACI\u00d3N Y DECISI\u00d3N DEL JURADO POR \u00cdNTIMA CONVICCI\u00d3N\u00a0\u00a0 \u00a0\u00a0\u00a0 \u00a089<br \/>\nIV. ALGUNOS COMENTARIOS AL RAZONAMIENTO DE LA CORTE SOBRE EL JUICIO POR JURADOS, LA \u00cdNTIMA CONVICCI\u00d3N Y LA AUSENCIA DE MOTIVACI\u00d3N\u00a0\u00a0 \u00a0\u00a0\u00a0 \u00a094<br \/>\na)\u00a0\u00a0 \u00a0La concepci\u00f3n de la prueba\u00a0\u00a0 \u00a0\u00a0\u00a0 \u00a095<br \/>\nb)\u00a0\u00a0 \u00a0La concepci\u00f3n de la motivaci\u00f3n\u00a0\u00a0 \u00a0\u00a0\u00a0 \u00a0102<br \/>\nc)\u00a0\u00a0 \u00a0El contenido de la motivaci\u00f3n\u00a0\u00a0 \u00a0\u00a0\u00a0 \u00a0110<br \/>\nd)\u00a0\u00a0 \u00a0Razonamiento probatorio y jurado\u00a0\u00a0 \u00a0\u00a0\u00a0 \u00a0112<br \/>\nBIBLIOGRAF\u00cdA\u00a0\u00a0 \u00a0\u00a0\u00a0 \u00a0115<br \/>\nNORMAS CITADAS\u00a0\u00a0 \u00a0\u00a0\u00a0 \u00a0118<br \/>\nJURISPRUDENCIA CITADA\u00a0\u00a0 \u00a0\u00a0\u00a0 \u00a0118<br \/>\nLa imparcialidad, la independencia y la objetividad pericial. Los factores humanos de los expertos<br \/>\nCarmen V\u00e1zquez Rojas<br \/>\nI. INTRODUCCI\u00d3N\u00a0\u00a0 \u00a0\u00a0\u00a0 \u00a0121<br \/>\nII. LA IMPARCIALIDAD PERICIAL RESPECTO LAS PARTES Y EL OBJETO DEL PROCESO\u00a0\u00a0 \u00a0\u00a0\u00a0 \u00a0125<br \/>\nIII. INDEPENDENCIA PERICIAL DE INFLUENCIAS O PRESI\u00d3N EXTERNA\u00a0\u00a0 \u00a0\u00a0\u00a0 \u00a0137<br \/>\nIV. APLICACI\u00d3N NEUTRAL DEL CONOCIMIENTO EXPERTO, SIN OTRAS EVALUACIONES\u00a0\u00a0 \u00a0\u00a0\u00a0 \u00a0147<br \/>\nV. A MANERA DE CONCLUSI\u00d3N\u00a0\u00a0 \u00a0\u00a0\u00a0 \u00a0154<br \/>\nBIBLIOGRAF\u00cdA\u00a0\u00a0 \u00a0\u00a0\u00a0 \u00a0156<br \/>\nNORMATIVA CITADA\u00a0\u00a0 \u00a0\u00a0\u00a0 \u00a0158<br \/>\nJURISPRUDENCIA CITADA\u00a0\u00a0 \u00a0\u00a0\u00a0 \u00a0158<br \/>\nAlgunos apuntes sobre la unidad funcional de la valoraci\u00f3n probatoria<br \/>\nJonatan Valenzuela Sald\u00edas<br \/>\nI. INTRODUCCI\u00d3N\u00a0\u00a0 \u00a0\u00a0\u00a0 \u00a0159<br \/>\nII. LA PRETENDIDA SEPARACI\u00d3N ENTRE VALORACI\u00d3N LEGAL Y SANA CR\u00cdTICA O LIBERTAD DE PRUEBA\u00a0\u00a0 \u00a0\u00a0\u00a0 \u00a0161<br \/>\nIII. EL CAMPO EN COM\u00daN: EL RAZONAMIENTO A TRAV\u00c9S DE INFERENCIAS PROBATORIAS\u00a0\u00a0 \u00a0\u00a0\u00a0 \u00a0166<br \/>\nIV. TASACI\u00d3N LEGAL E INFERENCIAS PROBATORIAS\u00a0\u00a0 \u00a0\u00a0\u00a0 \u00a0169<br \/>\nV. A MODO DE CONCLUSI\u00d3N: RAZONAMIENTO PROBATORIO ANTES QUE REGLAS SOBRE PRUEBA\u00a0\u00a0 \u00a0\u00a0\u00a0 \u00a0172<br \/>\nBIBLIOGRAF\u00cdA\u00a0\u00a0 \u00a0\u00a0\u00a0 \u00a0174<br \/>\nNORMATIVA CITADA\u00a0\u00a0 \u00a0\u00a0\u00a0 \u00a0175<br \/>\nLa perspectiva de g\u00e9nero en el an\u00e1lisis de los hechos<br \/>\nRaymundo Gama Leyva<br \/>\nI. INTRODUCCI\u00d3N\u00a0\u00a0 \u00a0\u00a0\u00a0 \u00a0177<br \/>\nII. CUESTIONAR LOS HECHOS\u00a0\u00a0 \u00a0\u00a0\u00a0 \u00a0178<br \/>\na)\u00a0\u00a0 \u00a0Clarificar y precisar el punto de vista con el que se analizar\u00e1n los hechos y pruebas\u00a0\u00a0 \u00a0\u00a0\u00a0 \u00a0179<br \/>\nb)\u00a0\u00a0 \u00a0Identificar y tener en cuenta el contexto en el que ocurrieron los hechos\u00a0\u00a0 \u00a0\u00a0\u00a0 \u00a0180<br \/>\nc)\u00a0\u00a0 \u00a0Hacer una reconstrucci\u00f3n adecuada, completa y detallada de los hechos del caso\u00a0\u00a0 \u00a0\u00a0\u00a0 \u00a0182<br \/>\nIII. LAS CONSTRUCCIONES SOCIALES EN LA APRECIACI\u00d3N DE LOS HECHOS\u00a0\u00a0 \u00a0\u00a0\u00a0 \u00a0186<br \/>\nIV. LOS ESTEREOTIPOS Y LA DISTORSI\u00d3N QUE GENERAN EN LA PERCEPCI\u00d3N DE LOS HECHOS\u00a0\u00a0 \u00a0\u00a0\u00a0 \u00a0191<br \/>\nV. CONCLUSIONES\u00a0\u00a0 \u00a0\u00a0\u00a0 \u00a0195<br \/>\nBIBLIOGRAF\u00cdA\u00a0\u00a0 \u00a0\u00a0\u00a0 \u00a0196<br \/>\nNORMATIVA CITADA\u00a0\u00a0 \u00a0\u00a0\u00a0 \u00a0196<br \/>\nJURISPRUDENCIA CITADA\u00a0\u00a0 \u00a0\u00a0\u00a0 \u00a0197<br \/>\nUn misterio pleno: La plena prueba<br \/>\nMar\u00eda de los \u00c1ngeles Gonz\u00e1lez Coulon<br \/>\nI. INTRODUCCI\u00d3N\u00a0\u00a0 \u00a0\u00a0\u00a0 \u00a0199<br \/>\nII. BREVE REFERENCIA A LAS ETAPAS DE LA ACTIVIDAD PROBATORIA\u00a0\u00a0 \u00a0\u00a0\u00a0 \u00a0201<br \/>\nIII. LA PLENA PRUEBA COMO NORMA DE VALORACI\u00d3N\u00a0\u00a0 \u00a0\u00a0\u00a0 \u00a0205<br \/>\nIV. \u00bfLA PLENA PRUEBA COMO REGLA DE EST\u00c1NDAR?\u00a0\u00a0 \u00a0\u00a0\u00a0 \u00a0208<br \/>\nV. LA PLENA PRUEBA ES UN CRITERIO DE VALORACI\u00d3N\u00a0\u00a0 \u00a0\u00a0\u00a0 \u00a0210<br \/>\nVI. REFLEXIONES FINALES\u00a0\u00a0 \u00a0\u00a0\u00a0 \u00a0213<br \/>\nBIBLIOGRAF\u00cdA\u00a0\u00a0 \u00a0\u00a0\u00a0 \u00a0214<br \/>\nNORMATIVA CITADA\u00a0\u00a0 \u00a0\u00a0\u00a0 \u00a0216<br \/>\nRes judicata, justificaci\u00f3n de la oportunidad \u00fanica desde una perspectiva comparada<br \/>\nJes\u00fas Ezurmendia \u00c1lvarez<br \/>\nI. INTRODUCCI\u00d3N: \u00bfPOR QU\u00c9 EXISTEN REGLAS DE DEFINITIVIDAD COMO LA COSA JUZGADA?\u00a0\u00a0 \u00a0\u00a0\u00a0 \u00a0217<br \/>\nII. EN EL DERECHO CONTINENTAL, Y EN PARTICULAR EL CASO CHILENO\u00a0\u00a0 \u00a0\u00a0\u00a0 \u00a0219<br \/>\na)\u00a0\u00a0 \u00a0Fundamento de la cosa juzgada en la seguridad jur\u00eddica\u00a0\u00a0 \u00a0\u00a0\u00a0 \u00a0220<br \/>\nb)\u00a0\u00a0 \u00a0Fundamento apoyado en una decisi\u00f3n de pol\u00edtica p\u00fablica y en la utilidad de la justicia civil como servicio estatal\u00a0\u00a0 \u00a0\u00a0\u00a0 \u00a0225<br \/>\nc)\u00a0\u00a0 \u00a0Fundamentos constitucionales y de derechos humanos, debido proceso y tutela judicial efectiva\u00a0\u00a0 \u00a0\u00a0\u00a0 \u00a0228<br \/>\nd)\u00a0\u00a0 \u00a0Armon\u00eda procesal: coherencia del sistema de justicia evitando sentencias contradictorias\u00a0\u00a0 \u00a0\u00a0\u00a0 \u00a0235<br \/>\nIII. EN EL COMMON LAW\u00a0\u00a0 \u00a0\u00a0\u00a0 \u00a0238<br \/>\na)\u00a0\u00a0 \u00a0Justificaci\u00f3n privada\u00a0\u00a0 \u00a0\u00a0\u00a0 \u00a0239<br \/>\nb)\u00a0\u00a0 \u00a0Justificaci\u00f3n p\u00fablica\u00a0\u00a0 \u00a0\u00a0\u00a0 \u00a0241<br \/>\n1.\u00a0\u00a0 \u00a0Razones econ\u00f3micas\u00a0\u00a0 \u00a0\u00a0\u00a0 \u00a0241<br \/>\n2.\u00a0\u00a0 \u00a0Estabilidad de las decisiones\u00a0\u00a0 \u00a0\u00a0\u00a0 \u00a0246<br \/>\n3.\u00a0\u00a0 \u00a0Estabilidad y paz social\u00a0\u00a0 \u00a0\u00a0\u00a0 \u00a0249<br \/>\nIV. A MODO DE CONCLUSI\u00d3N: CUESTIONES COMUNES Y FUNDAMENTOS SIMILARES\u00a0\u00a0 \u00a0\u00a0\u00a0 \u00a0251<br \/>\nBIBLIOGRAF\u00cdA\u00a0\u00a0 \u00a0\u00a0\u00a0 \u00a0253<br \/>\nNORMATIVA CITADA\u00a0\u00a0 \u00a0\u00a0\u00a0 \u00a0259<br \/>\nJURISPRUDENCIA CITADA\u00a0\u00a0 \u00a0\u00a0\u00a0 \u00a0260<br \/>\nTeor\u00eda de la prueba: \u00bfSomos todos \u201cracionalistas\u201d ahora?<br \/>\nDaniela Accatino Scagliotti<br \/>\nI. LA GENEALOG\u00cdA DE UNA IDENTIDAD TE\u00d3RICA\u00a0\u00a0 \u00a0\u00a0\u00a0 \u00a0261<br \/>\nII. LA \u201cTRADICI\u00d3N RACIONALISTA\u201d ANGLOAMERICANA EN EL ESPEJO DE TWINING\u00a0\u00a0 \u00a0\u00a0\u00a0 \u00a0264<br \/>\nIII. EL \u201cGIRO RACIONALISTA\u201d DE LOS ESTUDIOS PROBATORIOS EN EL CONTINENTE\u00a0\u00a0 \u00a0\u00a0\u00a0 \u00a0268<br \/>\nIV. EL N\u00daCLEO DE TESIS RACIONALISTAS: IDENTIDAD E INDETERMINACI\u00d3N\u00a0\u00a0 \u00a0\u00a0\u00a0 \u00a0273<br \/>\nV. LAS DISCUSIONES SOBRE LA PRIORIDAD DE LA VERDAD COMO FIN JUSTIFICATIVO DEL DERECHO PROBATORIO\u00a0\u00a0 \u00a0\u00a0\u00a0 \u00a0279<br \/>\nVI. LAS DISCUSIONES SOBRE EL ALCANCE DE LA ESPECIALIDAD DE LA JUSTIFICACI\u00d3N PROBATORIA CON RESPECTO A LA JUSTIFICACI\u00d3N EPIST\u00c9MICA GENERAL\u00a0\u00a0 \u00a0\u00a0\u00a0 \u00a0284<br \/>\nVII. CONCLUSIONES\u00a0\u00a0 \u00a0\u00a0\u00a0 \u00a0286<br \/>\nBIBLIOGRAF\u00cdA\u00a0\u00a0 \u00a0\u00a0\u00a0 \u00a0287<br \/>\nEl lugar del error en el dise\u00f1o de los procesos judiciales<br \/>\nFlavia Carbonell Bellolio<br \/>\nI. INTRODUCCI\u00d3N\u00a0\u00a0 \u00a0\u00a0\u00a0 \u00a0293<br \/>\nII. MECANISMOS DE IMPUGNACI\u00d3N Y DISE\u00d1O DEL PROCESO\u00a0\u00a0 \u00a0\u00a0\u00a0 \u00a0300<br \/>\nIII. FUNCIONES DE LOS MECANISMOS DE IMPUGNACI\u00d3N\u00a0\u00a0 \u00a0\u00a0\u00a0 \u00a0304<br \/>\nIV. RAZONAMIENTO IMPUGNATORIO Y ERROR JUDICIAL\u00a0\u00a0 \u00a0\u00a0\u00a0 \u00a0310<br \/>\nV. CONCLUSIONES\u00a0\u00a0 \u00a0\u00a0\u00a0 \u00a0317<br \/>\nBIBLIOGRAF\u00cdA\u00a0\u00a0 \u00a0\u00a0\u00a0 \u00a0318<br \/>\nNORMATIVA CITADA\u00a0\u00a0 \u00a0\u00a0\u00a0 \u00a0323<\/p>\n","protected":false},"excerpt":{"rendered":"<p>La pregunta por los fundamentos de toda actividad es crucial a la hora de interpretar las acciones que desplegamos y las acciones que evitamos. Simplificando, los fundamentos son las razones o motivos que explican la creaci\u00f3n de normas jur\u00eddicas que regulan y modelan un \u00e1rea espec\u00edfica del derecho. Fundamentos &#8220;filos\u00f3ficos&#8221; son aquellos que se vinculan a reflexiones de filosof\u00eda jur\u00eddica, moral o pol\u00edtica y de epistemolog\u00eda acerca de c\u00f3mo la realidad y qu\u00e9 parte de esta debe ser regulada por el derecho. En otras palabras, los fundamentos filos\u00f3ficos constituyen una forma de justificaci\u00f3n que recurre a principios generales para dar cuenta del por qu\u00e9 y para qu\u00e9 el sistema jur\u00eddico establece un conjunto determinado de reglas. Las y los autores son destacadas acad\u00e9micas y acad\u00e9micos de diversos pa\u00edses. Un hecho reuni\u00f3 las ideas que terminaron en este libro: el seminario &#8220;Fundamentos filos\u00f3ficos del derecho procesal&#8221; organizado hacia el a\u00f1o 2017 en la Facultad de Derecho de la Universidad de Chile. Ese encuentro permiti\u00f3 articular cierto inter\u00e9s en esta agenda intelectual y con este libro pretendemos reforzarlo y expandirlo. A\u00f1os despu\u00e9s son m\u00e1s las preguntas que las respuestas: la existencia de un fen\u00f3meno con coordenadas aprehensibles bajo las palabras &#8220;derecho procesal&#8221; comenz\u00f3 a dar lugar a cuestionamientos y a la b\u00fasqueda de estructuras para organizar las ideas. &nbsp; \u00cdndice Pr\u00f3logo\u00a0\u00a0 \u00a0\u00a0\u00a0 \u00a015 F.C.B. J.V.S. La vigencia de la ley procesal civil chilena en el tiempo Jorge Larroucau Torres I. INTRODUCCI\u00d3N\u00a0\u00a0 \u00a0\u00a0\u00a0 \u00a019 II. La irrelevancia de la distinci\u00f3n entre reglas sustantivas y procesales\u00a0\u00a0 \u00a0\u00a0\u00a0 \u00a021 III. La vigencia de la ley procesal chilena\u00a0\u00a0 \u00a0\u00a0\u00a0 \u00a027 a)\u00a0\u00a0 \u00a0Reglas de procedimiento\u00a0\u00a0 \u00a0\u00a0\u00a0 \u00a028 b)\u00a0\u00a0 \u00a0Reglas de organizaci\u00f3n y atribuciones de los tribunales\u00a0\u00a0 \u00a0\u00a0\u00a0 \u00a032 c)\u00a0\u00a0 \u00a0Reglas de prueba\u00a0\u00a0 \u00a0\u00a0\u00a0 \u00a035 IV. La relevancia de la interpretaci\u00f3n de la ley procesal\u00a0\u00a0 \u00a0\u00a0\u00a0 \u00a039 V. Conclusiones\u00a0\u00a0 \u00a0\u00a0\u00a0 \u00a042 Bibliograf\u00eda\u00a0\u00a0 \u00a0\u00a0\u00a0 \u00a043 NORMAS CITADAS\u00a0\u00a0 \u00a0\u00a0\u00a0 \u00a045 JURISPRUDENCIA CITADA\u00a0\u00a0 \u00a0\u00a0\u00a0 \u00a046 Responsabilidad por sesgos impl\u00edcitos y decisi\u00f3n judicial Federico Jos\u00e9 Arena I. INTRODUCCI\u00d3N\u00a0\u00a0 \u00a0\u00a0\u00a0 \u00a047 II. PRELIMINARES CARTOGR\u00c1FICOS\u00a0\u00a0 \u00a0\u00a0\u00a0 \u00a054 III. ENSE\u00d1ANZAS DE LA RESPONSABILIDAD EMOCIONAL\u00a0\u00a0 \u00a0\u00a0\u00a0 \u00a059 IV. LA CONCIENCIA DE LO IMPL\u00cdCITO\u00a0\u00a0 \u00a0\u00a0\u00a0 \u00a066 V. ALGO M\u00c1S SOBRE CONTROL Y SESGOS A PARTIR DEL PROBLEMA DEL COMPATIBILISMO\u00a0\u00a0 \u00a0\u00a0\u00a0 \u00a070 VI. A MODO DE CONCLUSI\u00d3N\u00a0\u00a0 \u00a0\u00a0\u00a0 \u00a075 BIBLIOGRAF\u00cdA\u00a0\u00a0 \u00a0\u00a0\u00a0 \u00a077 NORMAS CITADAS\u00a0\u00a0 \u00a0\u00a0\u00a0 \u00a079 JURISPRUDENCIA CITADA\u00a0\u00a0 \u00a0\u00a0\u00a0 \u00a079 Sobre el deber de motivaci\u00f3n de las decisiones probatorias y el juicio por jurados. La sentencia V.R.P., V.P.C. y otros vs. Nicaragua de la Corte Interamericana de Derechos Humanos Jordi Ferrer Beltr\u00e1n I. EL CASO A EXAMEN EN LA SENTENCIA V.R.P., V.P.C. Y OTROS VS. NICARAGUA DE LA CORTE INTERAMERICANA DE DERECHOS HUMANOS\u00a0\u00a0 \u00a0\u00a0\u00a0 \u00a081 I. LA REGULACI\u00d3N LEGAL NICARAG\u00dcENSE SOBRE LAS DECISIONES PROBATORIAS DE LOS JURADOS EN CASOS PENALES\u00a0\u00a0 \u00a0\u00a0\u00a0 \u00a085 II. LAS ALEGACIONES DE LA COMISI\u00d3N Y LA REPRESENTACI\u00d3N DE LAS V\u00cdCTIMAS SOBRE LA DECISI\u00d3N INMOTIVADA DEL JURADO\u00a0\u00a0 \u00a0\u00a0\u00a0 \u00a087 III. LA CORTE SOBRE LA FALTA DE MOTIVACI\u00d3N Y DECISI\u00d3N DEL JURADO POR \u00cdNTIMA CONVICCI\u00d3N\u00a0\u00a0 \u00a0\u00a0\u00a0 \u00a089 IV. ALGUNOS COMENTARIOS AL RAZONAMIENTO DE LA CORTE SOBRE EL JUICIO POR JURADOS, LA \u00cdNTIMA CONVICCI\u00d3N Y LA AUSENCIA DE MOTIVACI\u00d3N\u00a0\u00a0 \u00a0\u00a0\u00a0 \u00a094 a)\u00a0\u00a0 \u00a0La concepci\u00f3n de la prueba\u00a0\u00a0 \u00a0\u00a0\u00a0 \u00a095 b)\u00a0\u00a0 \u00a0La concepci\u00f3n de la motivaci\u00f3n\u00a0\u00a0 \u00a0\u00a0\u00a0 \u00a0102 c)\u00a0\u00a0 \u00a0El contenido de la motivaci\u00f3n\u00a0\u00a0 \u00a0\u00a0\u00a0 \u00a0110 d)\u00a0\u00a0 \u00a0Razonamiento probatorio y jurado\u00a0\u00a0 \u00a0\u00a0\u00a0 \u00a0112 BIBLIOGRAF\u00cdA\u00a0\u00a0 \u00a0\u00a0\u00a0 \u00a0115 NORMAS CITADAS\u00a0\u00a0 \u00a0\u00a0\u00a0 \u00a0118 JURISPRUDENCIA CITADA\u00a0\u00a0 \u00a0\u00a0\u00a0 \u00a0118 La imparcialidad, la independencia y la objetividad pericial. Los factores humanos de los expertos Carmen V\u00e1zquez Rojas I. INTRODUCCI\u00d3N\u00a0\u00a0 \u00a0\u00a0\u00a0 \u00a0121 II. LA IMPARCIALIDAD PERICIAL RESPECTO LAS PARTES Y EL OBJETO DEL PROCESO\u00a0\u00a0 \u00a0\u00a0\u00a0 \u00a0125 III. INDEPENDENCIA PERICIAL DE INFLUENCIAS O PRESI\u00d3N EXTERNA\u00a0\u00a0 \u00a0\u00a0\u00a0 \u00a0137 IV. APLICACI\u00d3N NEUTRAL DEL CONOCIMIENTO EXPERTO, SIN OTRAS EVALUACIONES\u00a0\u00a0 \u00a0\u00a0\u00a0 \u00a0147 V. A MANERA DE CONCLUSI\u00d3N\u00a0\u00a0 \u00a0\u00a0\u00a0 \u00a0154 BIBLIOGRAF\u00cdA\u00a0\u00a0 \u00a0\u00a0\u00a0 \u00a0156 NORMATIVA CITADA\u00a0\u00a0 \u00a0\u00a0\u00a0 \u00a0158 JURISPRUDENCIA CITADA\u00a0\u00a0 \u00a0\u00a0\u00a0 \u00a0158 Algunos apuntes sobre la unidad funcional de la valoraci\u00f3n probatoria Jonatan Valenzuela Sald\u00edas I. INTRODUCCI\u00d3N\u00a0\u00a0 \u00a0\u00a0\u00a0 \u00a0159 II. LA PRETENDIDA SEPARACI\u00d3N ENTRE VALORACI\u00d3N LEGAL Y SANA CR\u00cdTICA O LIBERTAD DE PRUEBA\u00a0\u00a0 \u00a0\u00a0\u00a0 \u00a0161 III. EL CAMPO EN COM\u00daN: EL RAZONAMIENTO A TRAV\u00c9S DE INFERENCIAS PROBATORIAS\u00a0\u00a0 \u00a0\u00a0\u00a0 \u00a0166 IV. TASACI\u00d3N LEGAL E INFERENCIAS PROBATORIAS\u00a0\u00a0 \u00a0\u00a0\u00a0 \u00a0169 V. A MODO DE CONCLUSI\u00d3N: RAZONAMIENTO PROBATORIO ANTES QUE REGLAS SOBRE PRUEBA\u00a0\u00a0 \u00a0\u00a0\u00a0 \u00a0172 BIBLIOGRAF\u00cdA\u00a0\u00a0 \u00a0\u00a0\u00a0 \u00a0174 NORMATIVA CITADA\u00a0\u00a0 \u00a0\u00a0\u00a0 \u00a0175 La perspectiva de g\u00e9nero en el an\u00e1lisis de los hechos Raymundo Gama Leyva I. INTRODUCCI\u00d3N\u00a0\u00a0 \u00a0\u00a0\u00a0 \u00a0177 II. CUESTIONAR LOS HECHOS\u00a0\u00a0 \u00a0\u00a0\u00a0 \u00a0178 a)\u00a0\u00a0 \u00a0Clarificar y precisar el punto de vista con el que se analizar\u00e1n los hechos y pruebas\u00a0\u00a0 \u00a0\u00a0\u00a0 \u00a0179 b)\u00a0\u00a0 \u00a0Identificar y tener en cuenta el contexto en el que ocurrieron los hechos\u00a0\u00a0 \u00a0\u00a0\u00a0 \u00a0180 c)\u00a0\u00a0 \u00a0Hacer una reconstrucci\u00f3n adecuada, completa y detallada de los hechos del caso\u00a0\u00a0 \u00a0\u00a0\u00a0 \u00a0182 III. LAS CONSTRUCCIONES SOCIALES EN LA APRECIACI\u00d3N DE LOS HECHOS\u00a0\u00a0 \u00a0\u00a0\u00a0 \u00a0186 IV. LOS ESTEREOTIPOS Y LA DISTORSI\u00d3N QUE GENERAN EN LA PERCEPCI\u00d3N DE LOS HECHOS\u00a0\u00a0 \u00a0\u00a0\u00a0 \u00a0191 V. CONCLUSIONES\u00a0\u00a0 \u00a0\u00a0\u00a0 \u00a0195 BIBLIOGRAF\u00cdA\u00a0\u00a0 \u00a0\u00a0\u00a0 \u00a0196 NORMATIVA CITADA\u00a0\u00a0 \u00a0\u00a0\u00a0 \u00a0196 JURISPRUDENCIA CITADA\u00a0\u00a0 \u00a0\u00a0\u00a0 \u00a0197 Un misterio pleno: La plena prueba Mar\u00eda de los \u00c1ngeles Gonz\u00e1lez Coulon I. INTRODUCCI\u00d3N\u00a0\u00a0 \u00a0\u00a0\u00a0 \u00a0199 II. BREVE REFERENCIA A LAS ETAPAS DE LA ACTIVIDAD PROBATORIA\u00a0\u00a0 \u00a0\u00a0\u00a0 \u00a0201 III. LA PLENA PRUEBA COMO NORMA DE VALORACI\u00d3N\u00a0\u00a0 \u00a0\u00a0\u00a0 \u00a0205 IV. \u00bfLA PLENA PRUEBA COMO REGLA DE EST\u00c1NDAR?\u00a0\u00a0 \u00a0\u00a0\u00a0 \u00a0208 V. LA PLENA PRUEBA ES UN CRITERIO DE VALORACI\u00d3N\u00a0\u00a0 \u00a0\u00a0\u00a0 \u00a0210 VI. REFLEXIONES FINALES\u00a0\u00a0 \u00a0\u00a0\u00a0 \u00a0213 BIBLIOGRAF\u00cdA\u00a0\u00a0 \u00a0\u00a0\u00a0 \u00a0214 NORMATIVA CITADA\u00a0\u00a0 \u00a0\u00a0\u00a0 \u00a0216 Res judicata, justificaci\u00f3n de la oportunidad \u00fanica desde una perspectiva comparada Jes\u00fas Ezurmendia \u00c1lvarez I. INTRODUCCI\u00d3N: \u00bfPOR QU\u00c9 EXISTEN REGLAS DE DEFINITIVIDAD COMO LA COSA JUZGADA?\u00a0\u00a0 \u00a0\u00a0\u00a0 \u00a0217 II. EN EL DERECHO CONTINENTAL, Y EN PARTICULAR EL CASO CHILENO\u00a0\u00a0 \u00a0\u00a0\u00a0 \u00a0219 a)\u00a0\u00a0 \u00a0Fundamento de la cosa juzgada en la seguridad jur\u00eddica\u00a0\u00a0 \u00a0\u00a0\u00a0 \u00a0220 b)\u00a0\u00a0 \u00a0Fundamento apoyado en una decisi\u00f3n de pol\u00edtica p\u00fablica y en la utilidad de la justicia civil como servicio estatal\u00a0\u00a0 \u00a0\u00a0\u00a0 \u00a0225 c)\u00a0\u00a0 \u00a0Fundamentos constitucionales y de derechos humanos, debido proceso y tutela judicial efectiva\u00a0\u00a0 \u00a0\u00a0\u00a0 \u00a0228 d)\u00a0\u00a0 \u00a0Armon\u00eda procesal: coherencia del sistema de justicia evitando sentencias contradictorias\u00a0\u00a0 \u00a0\u00a0\u00a0 \u00a0235 III. EN EL<\/p>\n","protected":false},"featured_media":3768,"comment_status":"open","ping_status":"closed","template":"","meta":{"inline_featured_image":false,"_joinchat":[]},"product_brand":[],"product_cat":[44],"product_tag":[],"class_list":{"0":"post-3738","1":"product","2":"type-product","3":"status-publish","4":"has-post-thumbnail","6":"product_cat-filosofia-del-derecho-y-introduccion","7":"product_shipping_class-a-convenir","9":"first","10":"instock","11":"shipping-taxable","12":"purchasable","13":"product-type-simple"},"_links":{"self":[{"href":"https:\/\/bibliotecajuridicavirtual.cl\/index.php\/wp-json\/wp\/v2\/product\/3738","targetHints":{"allow":["GET"]}}],"collection":[{"href":"https:\/\/bibliotecajuridicavirtual.cl\/index.php\/wp-json\/wp\/v2\/product"}],"about":[{"href":"https:\/\/bibliotecajuridicavirtual.cl\/index.php\/wp-json\/wp\/v2\/types\/product"}],"replies":[{"embeddable":true,"href":"https:\/\/bibliotecajuridicavirtual.cl\/index.php\/wp-json\/wp\/v2\/comments?post=3738"}],"wp:featuredmedia":[{"embeddable":true,"href":"https:\/\/bibliotecajuridicavirtual.cl\/index.php\/wp-json\/wp\/v2\/media\/3768"}],"wp:attachment":[{"href":"https:\/\/bibliotecajuridicavirtual.cl\/index.php\/wp-json\/wp\/v2\/media?parent=3738"}],"wp:term":[{"taxonomy":"product_brand","embeddable":true,"href":"https:\/\/bibliotecajuridicavirtual.cl\/index.php\/wp-json\/wp\/v2\/product_brand?post=3738"},{"taxonomy":"product_cat","embeddable":true,"href":"https:\/\/bibliotecajuridicavirtual.cl\/index.php\/wp-json\/wp\/v2\/product_cat?post=3738"},{"taxonomy":"product_tag","embeddable":true,"href":"https:\/\/bibliotecajuridicavirtual.cl\/index.php\/wp-json\/wp\/v2\/product_tag?post=3738"}],"curies":[{"name":"wp","href":"https:\/\/api.w.org\/{rel}","templated":true}]}}