{"id":3740,"date":"2026-02-28T01:20:05","date_gmt":"2026-02-28T04:20:05","guid":{"rendered":"https:\/\/bibliotecajuridicavirtual.cl\/?post_type=product&#038;p=3740"},"modified":"2026-02-28T01:20:12","modified_gmt":"2026-02-28T04:20:12","slug":"la-nulidad-procesal-en-el-derecho-procesal-civil-chileno-ano-2019-660-pag-autor-jaime-carrasco-poblete","status":"publish","type":"product","link":"https:\/\/bibliotecajuridicavirtual.cl\/index.php\/product\/la-nulidad-procesal-en-el-derecho-procesal-civil-chileno-ano-2019-660-pag-autor-jaime-carrasco-poblete\/","title":{"rendered":"La Nulidad Procesal en el Derecho Procesal Civil Chileno. A\u00f1o 2019\/ 660 P\u00e1g. Autor Jaime Carrasco Poblete"},"content":{"rendered":"<p>La presente obra constituye un estudio sobre la nulidad procesal en el proceso civil chileno, tema cl\u00e1sico del Derecho y de evidente utilidad pr\u00e1ctica tanto para estudiantes, abogados, jueces y dem\u00e1s operadores jur\u00eddicos. En el cap\u00edtulo primero se explica la nulidad procesal desde el concepto cl\u00e1sico, organicista o estructural del acto procesal, hasta las corrientes modernas que la catalogan como un instrumento al servicio de las partes y de terceros t\u00e9cnicos que tiene por finalidad la protecci\u00f3n de los derechos y garant\u00edas de las partes. En torno a estas visiones se expresan las cr\u00edticas y bondades de cada teor?a, refiri\u00e9ndose tambi\u00e9n a la incidencia de los presupuestos procesales en la invalidez del proceso. En el cap?tulo segundo se analiza la regulaci\u00f3n de la nulidad procesal en el C\u00f3digo de Procedimiento Civil chileno, diferenci\u00e9ndola de la nulidad aplicable a los actos y contratos, de la nulidad de derecho p?blico, de la inexistencia, de la preclusi\u00f3n y de la inadmisibilidad. Adem\u00e1s, se abordan las hip\u00f3tesis de nulidad, tanto las espec\u00edficas como las gen\u00e9ricas, y la valoraci\u00f3n de las consecuencias perjudiciales generadas por el vicio o irregularidad. En el cap\u00edtulo tercero se tratan los l\u00edmites que obstaculizan la declaraci\u00f3n de nulidad, espec\u00edficamente la subsanaci\u00f3n, la forma en que esta act\u00faa, las hip\u00f3tesis en que tiene lugar, y las distintas formas de convalidaci\u00f3n (expresa, t\u00e1cita, cumplimiento del fin del acto, preclusi\u00f3n, buena fe, cosa juzgada). Finalmente, la obra concluye con el tratamiento de la declaraci\u00f3n de nulidad y los efectos que esta produce.<\/p>\n<p>&nbsp;<\/p>\n","protected":false},"excerpt":{"rendered":"<p>La presente obra constituye un estudio sobre la nulidad procesal en el proceso civil chileno, tema cl\u00e1sico del Derecho y de evidente utilidad pr\u00e1ctica tanto para estudiantes, abogados, jueces y dem\u00e1s operadores jur\u00eddicos. En el cap\u00edtulo primero se explica la nulidad procesal desde el concepto cl\u00e1sico, organicista o estructural del acto procesal, hasta las corrientes modernas que la catalogan como un instrumento al servicio de las partes y de terceros t\u00e9cnicos que tiene por finalidad la protecci\u00f3n de los derechos y garant\u00edas de las partes. En torno a estas visiones se expresan las cr\u00edticas y bondades de cada teor?a, refiri\u00e9ndose tambi\u00e9n a la incidencia de los presupuestos procesales en la invalidez del proceso. En el cap?tulo segundo se analiza la regulaci\u00f3n de la nulidad procesal en el C\u00f3digo de Procedimiento Civil chileno, diferenci\u00e9ndola de la nulidad aplicable a los actos y contratos, de la nulidad de derecho p?blico, de la inexistencia, de la preclusi\u00f3n y de la inadmisibilidad. Adem\u00e1s, se abordan las hip\u00f3tesis de nulidad, tanto las espec\u00edficas como las gen\u00e9ricas, y la valoraci\u00f3n de las consecuencias perjudiciales generadas por el vicio o irregularidad. En el cap\u00edtulo tercero se tratan los l\u00edmites que obstaculizan la declaraci\u00f3n de nulidad, espec\u00edficamente la subsanaci\u00f3n, la forma en que esta act\u00faa, las hip\u00f3tesis en que tiene lugar, y las distintas formas de convalidaci\u00f3n (expresa, t\u00e1cita, cumplimiento del fin del acto, preclusi\u00f3n, buena fe, cosa juzgada). Finalmente, la obra concluye con el tratamiento de la declaraci\u00f3n de nulidad y los efectos que esta produce. &nbsp;<\/p>\n","protected":false},"featured_media":3770,"comment_status":"open","ping_status":"closed","template":"","meta":{"inline_featured_image":false,"_joinchat":[]},"product_brand":[],"product_cat":[27,39],"product_tag":[],"class_list":{"0":"post-3740","1":"product","2":"type-product","3":"status-publish","4":"has-post-thumbnail","6":"product_cat-civil","7":"product_cat-procesal-civil","8":"product_shipping_class-a-convenir","10":"first","11":"instock","12":"shipping-taxable","13":"purchasable","14":"product-type-simple"},"_links":{"self":[{"href":"https:\/\/bibliotecajuridicavirtual.cl\/index.php\/wp-json\/wp\/v2\/product\/3740","targetHints":{"allow":["GET"]}}],"collection":[{"href":"https:\/\/bibliotecajuridicavirtual.cl\/index.php\/wp-json\/wp\/v2\/product"}],"about":[{"href":"https:\/\/bibliotecajuridicavirtual.cl\/index.php\/wp-json\/wp\/v2\/types\/product"}],"replies":[{"embeddable":true,"href":"https:\/\/bibliotecajuridicavirtual.cl\/index.php\/wp-json\/wp\/v2\/comments?post=3740"}],"wp:featuredmedia":[{"embeddable":true,"href":"https:\/\/bibliotecajuridicavirtual.cl\/index.php\/wp-json\/wp\/v2\/media\/3770"}],"wp:attachment":[{"href":"https:\/\/bibliotecajuridicavirtual.cl\/index.php\/wp-json\/wp\/v2\/media?parent=3740"}],"wp:term":[{"taxonomy":"product_brand","embeddable":true,"href":"https:\/\/bibliotecajuridicavirtual.cl\/index.php\/wp-json\/wp\/v2\/product_brand?post=3740"},{"taxonomy":"product_cat","embeddable":true,"href":"https:\/\/bibliotecajuridicavirtual.cl\/index.php\/wp-json\/wp\/v2\/product_cat?post=3740"},{"taxonomy":"product_tag","embeddable":true,"href":"https:\/\/bibliotecajuridicavirtual.cl\/index.php\/wp-json\/wp\/v2\/product_tag?post=3740"}],"curies":[{"name":"wp","href":"https:\/\/api.w.org\/{rel}","templated":true}]}}