{"id":3743,"date":"2026-02-28T01:20:05","date_gmt":"2026-02-28T04:20:05","guid":{"rendered":"https:\/\/bibliotecajuridicavirtual.cl\/?post_type=product&#038;p=3743"},"modified":"2026-02-28T01:20:14","modified_gmt":"2026-02-28T04:20:14","slug":"el-criminal-compliance-en-el-derecho-comparado-ano-2019-170-pag-autor-ivan-navas-mondaca-y-gustavo-balmaceda-hoyos","status":"publish","type":"product","link":"https:\/\/bibliotecajuridicavirtual.cl\/index.php\/product\/el-criminal-compliance-en-el-derecho-comparado-ano-2019-170-pag-autor-ivan-navas-mondaca-y-gustavo-balmaceda-hoyos\/","title":{"rendered":"El Criminal Compliance en el Derecho Comparado. A\u00f1o 2019 \/ 170 P\u00e1g. Autor Iv\u00e1n Navas Mondaca y Gustavo Balmaceda Hoyos"},"content":{"rendered":"<p>En la \u00faltima d\u00e9cada la aparici\u00f3n y consolidaci\u00f3n de la responsabilidad penal de las personas jur\u00eddicas en pa\u00edses que mantienen la tradici\u00f3n del derecho europeo continental ha conseguido desterrar el principio de societas delinquere non potest.<br \/>\nLa introducci\u00f3n de la responsabilidad penal a entes colectivos ha planteado grandes desaf\u00edos a la dogm\u00e1tica penal, cuyo desarrollo ha tenido desde sus or\u00edgenes a la persona f\u00edsica como principal actor del delito. En este panorama, uno los aspectos m\u00e1s discutidos \u00faltimamente en el derecho penal de la empresa es el relativo al denominado criminal compliance.<br \/>\nLa presente obra entrega una visi\u00f3n general del compliance penal en el derecho comparado tomando como referente los pa\u00edses de principal inter\u00e9s para la comunidad jur\u00eddica iberoamericana. Si bien el enfoque principal del libro es el compliance en materia penal, estimamos que la obra es de inter\u00e9s para acad\u00e9micos y abogados que necesiten un estudio sistem\u00e1tico y comparado sobre los problemas y desaf\u00edos jur\u00eddicos que presente el compliance.<\/p>\n<p>&nbsp;<\/p>\n","protected":false},"excerpt":{"rendered":"<p>En la \u00faltima d\u00e9cada la aparici\u00f3n y consolidaci\u00f3n de la responsabilidad penal de las personas jur\u00eddicas en pa\u00edses que mantienen la tradici\u00f3n del derecho europeo continental ha conseguido desterrar el principio de societas delinquere non potest. La introducci\u00f3n de la responsabilidad penal a entes colectivos ha planteado grandes desaf\u00edos a la dogm\u00e1tica penal, cuyo desarrollo ha tenido desde sus or\u00edgenes a la persona f\u00edsica como principal actor del delito. En este panorama, uno los aspectos m\u00e1s discutidos \u00faltimamente en el derecho penal de la empresa es el relativo al denominado criminal compliance. La presente obra entrega una visi\u00f3n general del compliance penal en el derecho comparado tomando como referente los pa\u00edses de principal inter\u00e9s para la comunidad jur\u00eddica iberoamericana. Si bien el enfoque principal del libro es el compliance en materia penal, estimamos que la obra es de inter\u00e9s para acad\u00e9micos y abogados que necesiten un estudio sistem\u00e1tico y comparado sobre los problemas y desaf\u00edos jur\u00eddicos que presente el compliance. &nbsp;<\/p>\n","protected":false},"featured_media":3773,"comment_status":"open","ping_status":"closed","template":"","meta":{"inline_featured_image":false,"_joinchat":[]},"product_brand":[],"product_cat":[30],"product_tag":[],"class_list":{"0":"post-3743","1":"product","2":"type-product","3":"status-publish","4":"has-post-thumbnail","6":"product_cat-penal","7":"product_shipping_class-a-convenir","9":"first","10":"instock","11":"shipping-taxable","12":"purchasable","13":"product-type-simple"},"_links":{"self":[{"href":"https:\/\/bibliotecajuridicavirtual.cl\/index.php\/wp-json\/wp\/v2\/product\/3743","targetHints":{"allow":["GET"]}}],"collection":[{"href":"https:\/\/bibliotecajuridicavirtual.cl\/index.php\/wp-json\/wp\/v2\/product"}],"about":[{"href":"https:\/\/bibliotecajuridicavirtual.cl\/index.php\/wp-json\/wp\/v2\/types\/product"}],"replies":[{"embeddable":true,"href":"https:\/\/bibliotecajuridicavirtual.cl\/index.php\/wp-json\/wp\/v2\/comments?post=3743"}],"wp:featuredmedia":[{"embeddable":true,"href":"https:\/\/bibliotecajuridicavirtual.cl\/index.php\/wp-json\/wp\/v2\/media\/3773"}],"wp:attachment":[{"href":"https:\/\/bibliotecajuridicavirtual.cl\/index.php\/wp-json\/wp\/v2\/media?parent=3743"}],"wp:term":[{"taxonomy":"product_brand","embeddable":true,"href":"https:\/\/bibliotecajuridicavirtual.cl\/index.php\/wp-json\/wp\/v2\/product_brand?post=3743"},{"taxonomy":"product_cat","embeddable":true,"href":"https:\/\/bibliotecajuridicavirtual.cl\/index.php\/wp-json\/wp\/v2\/product_cat?post=3743"},{"taxonomy":"product_tag","embeddable":true,"href":"https:\/\/bibliotecajuridicavirtual.cl\/index.php\/wp-json\/wp\/v2\/product_tag?post=3743"}],"curies":[{"name":"wp","href":"https:\/\/api.w.org\/{rel}","templated":true}]}}