{"id":3744,"date":"2026-02-28T01:20:05","date_gmt":"2026-02-28T04:20:05","guid":{"rendered":"https:\/\/bibliotecajuridicavirtual.cl\/?post_type=product&#038;p=3744"},"modified":"2026-02-28T01:20:15","modified_gmt":"2026-02-28T04:20:15","slug":"acuerdos-pre-y-postmatrimoniales-en-el-ordenamiento-juridico-chileno-ano-2021-120-pag-autor-carolina-rivero-ferrada","status":"publish","type":"product","link":"https:\/\/bibliotecajuridicavirtual.cl\/index.php\/product\/acuerdos-pre-y-postmatrimoniales-en-el-ordenamiento-juridico-chileno-ano-2021-120-pag-autor-carolina-rivero-ferrada\/","title":{"rendered":"Acuerdos pre y postmatrimoniales en el ordenamiento jur\u00eddico chileno. A\u00f1o 2021\/ 120 P\u00e1g. Autor Carolina Rivero Ferrada"},"content":{"rendered":"<p>Los acuerdos pre y post matrimoniales y tambi\u00e9n los pactos de los convivientes civiles son un tema de creciente inter\u00e9s y actualidad respecto del cuales distintos ordenamientos jur\u00eddicos han respondeido de diversa manera. Algunos sistemas los regulan expresamente, otros dejan esta tarea a la judicatura y finalmente existen ordenamientos que no se pronuncian al respecto como es el caso chileno.<br \/>\nEs por ello que, es menester estudiar diversos modelos existentes, para posteriormente, analizar la procedencia de este tipo de negocios jur\u00eddicos at\u00edpicos en el Derecho de Familia chileno. Habi\u00e9ndose establecido su procedencia y su particular naturaleza jur\u00eddica no asimilable a la noci\u00f3n de capitulaciones matrimoniales, se analizan especialmente sus requisitos, sus posibles contenidos y sus l\u00edmites. Finalmente, se pretende por medio de diversos casos de acuerdos de parejas en el Derecho de Familia alem\u00e1n, que naturalmente son replicables en otras latitudes, convocar al estudio de las diversas opciones que pueden tener parejas a la hora de prever con antelaci\u00f3n un posible quiebre en el contexto nacional.<br \/>\nCarolina Riveros Ferrada: Abogada, Doctora en Derecho de la Ludwig-Maximilians-Universit\u00e4t M\u00fcnchen y Magister Legum, de la Ruprecht-Karls-Universit\u00e4t Heidelberg. Profesora asociada de Derecho Civil de la Facultad de Ciencias Jur\u00eddicas y Sociales de la Universidad de Talca, Chile.<\/p>\n<p>\u00cdNDICE<br \/>\nPRESENTACI\u00d3N\u00a0\u00a0 \u00a0\u00a0\u00a0 \u00a07<br \/>\nPR\u00d3LOGO\u00a0\u00a0 \u00a0\u00a0\u00a0 \u00a015<br \/>\nINTRODUCCI\u00d3N\u00a0\u00a0 \u00a0\u00a0\u00a0 \u00a019<br \/>\nCAP\u00cdTULO I<br \/>\nA. APROXIMACI\u00d3N CONCEPTUAL\u00a0\u00a0 \u00a0\u00a0\u00a0 \u00a022<br \/>\nB. MODELOS DE RECONOCIMIENTO POSITIVO (REGULACION LEGAL)\u00a0\u00a0 \u00a0\u00a0\u00a0 \u00a022<br \/>\nI.\u00a0\u00a0 \u00a0Caso catal\u00e1n\u00a0\u00a0 \u00a0\u00a0\u00a0 \u00a023<br \/>\n1.\u00a0\u00a0 \u00a0Introducci\u00f3n\u00a0\u00a0 \u00a0\u00a0\u00a0 \u00a023<br \/>\n2.\u00a0\u00a0 \u00a0Concepto\u00a0\u00a0 \u00a0\u00a0\u00a0 \u00a025<br \/>\n3.\u00a0\u00a0 \u00a0Requisitos formales del acuerdo\u00a0\u00a0 \u00a0\u00a0\u00a0 \u00a026<br \/>\n4.\u00a0\u00a0 \u00a0Rol del notario\u00a0\u00a0 \u00a0\u00a0\u00a0 \u00a027<br \/>\n5.\u00a0\u00a0 \u00a0Contenido del acuerdo\u00a0\u00a0 \u00a0\u00a0\u00a0 \u00a028<br \/>\n6.\u00a0\u00a0 \u00a0Eficacia del acuerdo\u00a0\u00a0 \u00a0\u00a0\u00a0 \u00a029<br \/>\n7.\u00a0\u00a0 \u00a0S\u00edntesis del Caso Catal\u00e1n\u00a0\u00a0 \u00a0\u00a0\u00a0 \u00a030<br \/>\nII.\u00a0\u00a0 \u00a0Caso Australia\u00a0\u00a0 \u00a0\u00a0\u00a0 \u00a030<br \/>\n1.\u00a0\u00a0 \u00a0Introducci\u00f3n\u00a0\u00a0 \u00a0\u00a0\u00a0 \u00a030<br \/>\n2.\u00a0\u00a0 \u00a0Concepto\u00a0\u00a0 \u00a0\u00a0\u00a0 \u00a031<br \/>\n3.\u00a0\u00a0 \u00a0Requisitos formales y contenido del acuerdo\u00a0\u00a0 \u00a0\u00a0\u00a0 \u00a031<br \/>\n4.\u00a0\u00a0 \u00a0Rol autonom\u00eda privada y eficacia del acuerdo\u00a0\u00a0 \u00a0\u00a0\u00a0 \u00a032<br \/>\n5.\u00a0\u00a0 \u00a0S\u00edntesis del derecho australiano\u00a0\u00a0 \u00a0\u00a0\u00a0 \u00a032<br \/>\nC. MODELOS SIN RECONOCIMIENTO POSITIVO\u00a0\u00a0 \u00a0\u00a0\u00a0 \u00a032<br \/>\nI.\u00a0\u00a0 \u00a0Espa\u00f1a: derecho com\u00fan\u00a0\u00a0 \u00a0\u00a0\u00a0 \u00a033<br \/>\n1.\u00a0\u00a0 \u00a0Introducci\u00f3n\u00a0\u00a0 \u00a0\u00a0\u00a0 \u00a033<br \/>\n2.\u00a0\u00a0 \u00a0Concepto\u00a0\u00a0 \u00a0\u00a0\u00a0 \u00a035<br \/>\n3.\u00a0\u00a0 \u00a0Requisitos formales y contenido del acuerdo\u00a0\u00a0 \u00a0\u00a0\u00a0 \u00a035<br \/>\n4.\u00a0\u00a0 \u00a0Rol de la autonom\u00eda privada\u00a0\u00a0 \u00a0\u00a0\u00a0 \u00a036<br \/>\n5.\u00a0\u00a0 \u00a0Eficacia del acuerdo\u00a0\u00a0 \u00a0\u00a0\u00a0 \u00a037<br \/>\n6.\u00a0\u00a0 \u00a0S\u00edntesis del derecho com\u00fan de Espa\u00f1a\u00a0\u00a0 \u00a0\u00a0\u00a0 \u00a038<br \/>\nII.\u00a0\u00a0 \u00a0Reino Unido\u00a0\u00a0 \u00a0\u00a0\u00a0 \u00a038<br \/>\n1.\u00a0\u00a0 \u00a0Introducci\u00f3n\u00a0\u00a0 \u00a0\u00a0\u00a0 \u00a038<br \/>\n2.\u00a0\u00a0 \u00a0Concepto\u00a0\u00a0 \u00a0\u00a0\u00a0 \u00a039<br \/>\n3.\u00a0\u00a0 \u00a0Requisitos formales y contenido del acuerdo\u00a0\u00a0 \u00a0\u00a0\u00a0 \u00a040<br \/>\n4.\u00a0\u00a0 \u00a0Rol de la autonom\u00eda privada y eficacia del acuerdo\u00a0\u00a0 \u00a0\u00a0\u00a0 \u00a040<br \/>\n5.\u00a0\u00a0 \u00a0S\u00edntesis del derecho ingl\u00e9s\u00a0\u00a0 \u00a0\u00a0\u00a0 \u00a043<br \/>\nD. MODELOS MIXTOS\u00a0\u00a0 \u00a0\u00a0\u00a0 \u00a044<br \/>\nI.\u00a0\u00a0 \u00a0Estados Unidos\u00a0\u00a0 \u00a0\u00a0\u00a0 \u00a044<br \/>\n1.\u00a0\u00a0 \u00a0Introducci\u00f3n\u00a0\u00a0 \u00a0\u00a0\u00a0 \u00a044<br \/>\n2.\u00a0\u00a0 \u00a0Concepto\u00a0\u00a0 \u00a0\u00a0\u00a0 \u00a045<br \/>\n3.\u00a0\u00a0 \u00a0Requisitos y contenido de los acuerdos\u00a0\u00a0 \u00a0\u00a0\u00a0 \u00a045<br \/>\n4.\u00a0\u00a0 \u00a0Rol de la autonom\u00eda privada y edicacia de los acuerdos\u00a0\u00a0 \u00a0\u00a0\u00a0 \u00a046<br \/>\n5.\u00a0\u00a0 \u00a0S\u00edntesis del derecho de Estados Unidos\u00a0\u00a0 \u00a0\u00a0\u00a0 \u00a048<br \/>\nII.\u00a0\u00a0 \u00a0Alemania\u00a0\u00a0 \u00a0\u00a0\u00a0 \u00a049<br \/>\n1.\u00a0\u00a0 \u00a0Introducci\u00f3n\u00a0\u00a0 \u00a0\u00a0\u00a0 \u00a049<br \/>\n2.\u00a0\u00a0 \u00a0Concepto\u00a0\u00a0 \u00a0\u00a0\u00a0 \u00a049<br \/>\n3.\u00a0\u00a0 \u00a0Rol de la jurisprudencia\u00a0\u00a0 \u00a0\u00a0\u00a0 \u00a050<br \/>\n4.\u00a0\u00a0 \u00a0Requisitos formales y contenido del acuerdo\u00a0\u00a0 \u00a0\u00a0\u00a0 \u00a052<br \/>\n5.\u00a0\u00a0 \u00a0Eficacia del acuerdo\u00a0\u00a0 \u00a0\u00a0\u00a0 \u00a052<br \/>\n6.\u00a0\u00a0 \u00a0S\u00edntesis del derecho alem\u00e1n\u00a0\u00a0 \u00a0\u00a0\u00a0 \u00a052<br \/>\nCAP\u00cdTULO II<br \/>\nA. CRITERIOS DISTINTIVOS DE LOS ACUERDOS PRE Y POST MATRIMONIALES\u00a0\u00a0 \u00a0\u00a0\u00a0 \u00a056<br \/>\nB. CAPITULACIONES MATRIMONIALES\u00a0\u00a0 \u00a0\u00a0\u00a0 \u00a058<br \/>\nI.\u00a0\u00a0 \u00a0Aspectos sistem\u00e1ticos relevantes\u00a0\u00a0 \u00a0\u00a0\u00a0 \u00a058<br \/>\nII.\u00a0\u00a0 \u00a0\u00bfSubsunci\u00f3n de los acuerdos pre y post matrimoniales en las capitulaciones matrimoniales?\u00a0\u00a0 \u00a0\u00a0\u00a0 \u00a063<br \/>\nIII.\u00a0\u00a0 \u00a0Los acuerdos pre y post matrimoniales\u00a0\u00a0 \u00a0\u00a0\u00a0 \u00a067<br \/>\n1.\u00a0\u00a0 \u00a0Naturaleza jur\u00eddica\u00a0\u00a0 \u00a0\u00a0\u00a0 \u00a067<br \/>\n2.\u00a0\u00a0 \u00a0Posibles l\u00edmites a la autonom\u00eda privada\u00a0\u00a0 \u00a0\u00a0\u00a0 \u00a067<br \/>\n3.\u00a0\u00a0 \u00a0Limitaciones de orden p\u00fablico\u00a0\u00a0 \u00a0\u00a0\u00a0 \u00a068<br \/>\n4.\u00a0\u00a0 \u00a0Caracter\u00edsticas y requisitos\u00a0\u00a0 \u00a0\u00a0\u00a0 \u00a078<br \/>\n5.\u00a0\u00a0 \u00a0Posibles causas de impugnaci\u00f3n\u00a0\u00a0 \u00a0\u00a0\u00a0 \u00a081<br \/>\nCap\u00edtUlo III<br \/>\nA. PREVENCI\u00d3N\u00a0\u00a0 \u00a0\u00a0\u00a0 \u00a084<br \/>\nB. POSIBLES CASOS\u00a0\u00a0 \u00a0\u00a0\u00a0 \u00a087<br \/>\nI.\u00a0\u00a0 \u00a0Matrimonios de personas independientes\u00a0\u00a0 \u00a0\u00a0\u00a0 \u00a087<br \/>\n1.\u00a0\u00a0 \u00a0Caracterizaci\u00f3n del acuerdo en el caso alem\u00e1n\u00a0\u00a0 \u00a0\u00a0\u00a0 \u00a087<br \/>\n2.\u00a0\u00a0 \u00a0Posible acuerdo en caso chileno\u00a0\u00a0 \u00a0\u00a0\u00a0 \u00a088<br \/>\nII.\u00a0\u00a0 \u00a0Matrimonio con per\u00edodo de prueba (Ehe mit Probezeit)\u00a0\u00a0 \u00a0\u00a0\u00a0 \u00a092<br \/>\n1.\u00a0\u00a0 \u00a0Caracterizaci\u00f3n del acuerdo en el caso alem\u00e1n\u00a0\u00a0 \u00a0\u00a0\u00a0 \u00a092<br \/>\n2.\u00a0\u00a0 \u00a0Posible acuerdo en caso chileno\u00a0\u00a0 \u00a0\u00a0\u00a0 \u00a093<br \/>\nIII.\u00a0\u00a0 \u00a0Matrimonios o parejas binacionales (Ehe mit Auslandsber\u00fchung)\u00a0\u00a0 \u00a0\u00a0\u00a0 \u00a096<br \/>\n1.\u00a0\u00a0 \u00a0Caracterizaci\u00f3n del acuerdo en el caso alem\u00e1n\u00a0\u00a0 \u00a0\u00a0\u00a0 \u00a097<br \/>\n2.\u00a0\u00a0 \u00a0Posible acuerdo en caso chileno\u00a0\u00a0 \u00a0\u00a0\u00a0 \u00a0101<br \/>\nConclusiones\u00a0\u00a0 \u00a0\u00a0\u00a0 \u00a0105<br \/>\nBibliograf\u00eda\u00a0\u00a0 \u00a0\u00a0\u00a0 \u00a0109<\/p>\n<p>&nbsp;<\/p>\n","protected":false},"excerpt":{"rendered":"<p>Los acuerdos pre y post matrimoniales y tambi\u00e9n los pactos de los convivientes civiles son un tema de creciente inter\u00e9s y actualidad respecto del cuales distintos ordenamientos jur\u00eddicos han respondeido de diversa manera. Algunos sistemas los regulan expresamente, otros dejan esta tarea a la judicatura y finalmente existen ordenamientos que no se pronuncian al respecto como es el caso chileno. Es por ello que, es menester estudiar diversos modelos existentes, para posteriormente, analizar la procedencia de este tipo de negocios jur\u00eddicos at\u00edpicos en el Derecho de Familia chileno. Habi\u00e9ndose establecido su procedencia y su particular naturaleza jur\u00eddica no asimilable a la noci\u00f3n de capitulaciones matrimoniales, se analizan especialmente sus requisitos, sus posibles contenidos y sus l\u00edmites. Finalmente, se pretende por medio de diversos casos de acuerdos de parejas en el Derecho de Familia alem\u00e1n, que naturalmente son replicables en otras latitudes, convocar al estudio de las diversas opciones que pueden tener parejas a la hora de prever con antelaci\u00f3n un posible quiebre en el contexto nacional. Carolina Riveros Ferrada: Abogada, Doctora en Derecho de la Ludwig-Maximilians-Universit\u00e4t M\u00fcnchen y Magister Legum, de la Ruprecht-Karls-Universit\u00e4t Heidelberg. Profesora asociada de Derecho Civil de la Facultad de Ciencias Jur\u00eddicas y Sociales de la Universidad de Talca, Chile. \u00cdNDICE PRESENTACI\u00d3N\u00a0\u00a0 \u00a0\u00a0\u00a0 \u00a07 PR\u00d3LOGO\u00a0\u00a0 \u00a0\u00a0\u00a0 \u00a015 INTRODUCCI\u00d3N\u00a0\u00a0 \u00a0\u00a0\u00a0 \u00a019 CAP\u00cdTULO I A. APROXIMACI\u00d3N CONCEPTUAL\u00a0\u00a0 \u00a0\u00a0\u00a0 \u00a022 B. MODELOS DE RECONOCIMIENTO POSITIVO (REGULACION LEGAL)\u00a0\u00a0 \u00a0\u00a0\u00a0 \u00a022 I.\u00a0\u00a0 \u00a0Caso catal\u00e1n\u00a0\u00a0 \u00a0\u00a0\u00a0 \u00a023 1.\u00a0\u00a0 \u00a0Introducci\u00f3n\u00a0\u00a0 \u00a0\u00a0\u00a0 \u00a023 2.\u00a0\u00a0 \u00a0Concepto\u00a0\u00a0 \u00a0\u00a0\u00a0 \u00a025 3.\u00a0\u00a0 \u00a0Requisitos formales del acuerdo\u00a0\u00a0 \u00a0\u00a0\u00a0 \u00a026 4.\u00a0\u00a0 \u00a0Rol del notario\u00a0\u00a0 \u00a0\u00a0\u00a0 \u00a027 5.\u00a0\u00a0 \u00a0Contenido del acuerdo\u00a0\u00a0 \u00a0\u00a0\u00a0 \u00a028 6.\u00a0\u00a0 \u00a0Eficacia del acuerdo\u00a0\u00a0 \u00a0\u00a0\u00a0 \u00a029 7.\u00a0\u00a0 \u00a0S\u00edntesis del Caso Catal\u00e1n\u00a0\u00a0 \u00a0\u00a0\u00a0 \u00a030 II.\u00a0\u00a0 \u00a0Caso Australia\u00a0\u00a0 \u00a0\u00a0\u00a0 \u00a030 1.\u00a0\u00a0 \u00a0Introducci\u00f3n\u00a0\u00a0 \u00a0\u00a0\u00a0 \u00a030 2.\u00a0\u00a0 \u00a0Concepto\u00a0\u00a0 \u00a0\u00a0\u00a0 \u00a031 3.\u00a0\u00a0 \u00a0Requisitos formales y contenido del acuerdo\u00a0\u00a0 \u00a0\u00a0\u00a0 \u00a031 4.\u00a0\u00a0 \u00a0Rol autonom\u00eda privada y eficacia del acuerdo\u00a0\u00a0 \u00a0\u00a0\u00a0 \u00a032 5.\u00a0\u00a0 \u00a0S\u00edntesis del derecho australiano\u00a0\u00a0 \u00a0\u00a0\u00a0 \u00a032 C. MODELOS SIN RECONOCIMIENTO POSITIVO\u00a0\u00a0 \u00a0\u00a0\u00a0 \u00a032 I.\u00a0\u00a0 \u00a0Espa\u00f1a: derecho com\u00fan\u00a0\u00a0 \u00a0\u00a0\u00a0 \u00a033 1.\u00a0\u00a0 \u00a0Introducci\u00f3n\u00a0\u00a0 \u00a0\u00a0\u00a0 \u00a033 2.\u00a0\u00a0 \u00a0Concepto\u00a0\u00a0 \u00a0\u00a0\u00a0 \u00a035 3.\u00a0\u00a0 \u00a0Requisitos formales y contenido del acuerdo\u00a0\u00a0 \u00a0\u00a0\u00a0 \u00a035 4.\u00a0\u00a0 \u00a0Rol de la autonom\u00eda privada\u00a0\u00a0 \u00a0\u00a0\u00a0 \u00a036 5.\u00a0\u00a0 \u00a0Eficacia del acuerdo\u00a0\u00a0 \u00a0\u00a0\u00a0 \u00a037 6.\u00a0\u00a0 \u00a0S\u00edntesis del derecho com\u00fan de Espa\u00f1a\u00a0\u00a0 \u00a0\u00a0\u00a0 \u00a038 II.\u00a0\u00a0 \u00a0Reino Unido\u00a0\u00a0 \u00a0\u00a0\u00a0 \u00a038 1.\u00a0\u00a0 \u00a0Introducci\u00f3n\u00a0\u00a0 \u00a0\u00a0\u00a0 \u00a038 2.\u00a0\u00a0 \u00a0Concepto\u00a0\u00a0 \u00a0\u00a0\u00a0 \u00a039 3.\u00a0\u00a0 \u00a0Requisitos formales y contenido del acuerdo\u00a0\u00a0 \u00a0\u00a0\u00a0 \u00a040 4.\u00a0\u00a0 \u00a0Rol de la autonom\u00eda privada y eficacia del acuerdo\u00a0\u00a0 \u00a0\u00a0\u00a0 \u00a040 5.\u00a0\u00a0 \u00a0S\u00edntesis del derecho ingl\u00e9s\u00a0\u00a0 \u00a0\u00a0\u00a0 \u00a043 D. MODELOS MIXTOS\u00a0\u00a0 \u00a0\u00a0\u00a0 \u00a044 I.\u00a0\u00a0 \u00a0Estados Unidos\u00a0\u00a0 \u00a0\u00a0\u00a0 \u00a044 1.\u00a0\u00a0 \u00a0Introducci\u00f3n\u00a0\u00a0 \u00a0\u00a0\u00a0 \u00a044 2.\u00a0\u00a0 \u00a0Concepto\u00a0\u00a0 \u00a0\u00a0\u00a0 \u00a045 3.\u00a0\u00a0 \u00a0Requisitos y contenido de los acuerdos\u00a0\u00a0 \u00a0\u00a0\u00a0 \u00a045 4.\u00a0\u00a0 \u00a0Rol de la autonom\u00eda privada y edicacia de los acuerdos\u00a0\u00a0 \u00a0\u00a0\u00a0 \u00a046 5.\u00a0\u00a0 \u00a0S\u00edntesis del derecho de Estados Unidos\u00a0\u00a0 \u00a0\u00a0\u00a0 \u00a048 II.\u00a0\u00a0 \u00a0Alemania\u00a0\u00a0 \u00a0\u00a0\u00a0 \u00a049 1.\u00a0\u00a0 \u00a0Introducci\u00f3n\u00a0\u00a0 \u00a0\u00a0\u00a0 \u00a049 2.\u00a0\u00a0 \u00a0Concepto\u00a0\u00a0 \u00a0\u00a0\u00a0 \u00a049 3.\u00a0\u00a0 \u00a0Rol de la jurisprudencia\u00a0\u00a0 \u00a0\u00a0\u00a0 \u00a050 4.\u00a0\u00a0 \u00a0Requisitos formales y contenido del acuerdo\u00a0\u00a0 \u00a0\u00a0\u00a0 \u00a052 5.\u00a0\u00a0 \u00a0Eficacia del acuerdo\u00a0\u00a0 \u00a0\u00a0\u00a0 \u00a052 6.\u00a0\u00a0 \u00a0S\u00edntesis del derecho alem\u00e1n\u00a0\u00a0 \u00a0\u00a0\u00a0 \u00a052 CAP\u00cdTULO II A. CRITERIOS DISTINTIVOS DE LOS ACUERDOS PRE Y POST MATRIMONIALES\u00a0\u00a0 \u00a0\u00a0\u00a0 \u00a056 B. CAPITULACIONES MATRIMONIALES\u00a0\u00a0 \u00a0\u00a0\u00a0 \u00a058 I.\u00a0\u00a0 \u00a0Aspectos sistem\u00e1ticos relevantes\u00a0\u00a0 \u00a0\u00a0\u00a0 \u00a058 II.\u00a0\u00a0 \u00a0\u00bfSubsunci\u00f3n de los acuerdos pre y post matrimoniales en las capitulaciones matrimoniales?\u00a0\u00a0 \u00a0\u00a0\u00a0 \u00a063 III.\u00a0\u00a0 \u00a0Los acuerdos pre y post matrimoniales\u00a0\u00a0 \u00a0\u00a0\u00a0 \u00a067 1.\u00a0\u00a0 \u00a0Naturaleza jur\u00eddica\u00a0\u00a0 \u00a0\u00a0\u00a0 \u00a067 2.\u00a0\u00a0 \u00a0Posibles l\u00edmites a la autonom\u00eda privada\u00a0\u00a0 \u00a0\u00a0\u00a0 \u00a067 3.\u00a0\u00a0 \u00a0Limitaciones de orden p\u00fablico\u00a0\u00a0 \u00a0\u00a0\u00a0 \u00a068 4.\u00a0\u00a0 \u00a0Caracter\u00edsticas y requisitos\u00a0\u00a0 \u00a0\u00a0\u00a0 \u00a078 5.\u00a0\u00a0 \u00a0Posibles causas de impugnaci\u00f3n\u00a0\u00a0 \u00a0\u00a0\u00a0 \u00a081 Cap\u00edtUlo III A. PREVENCI\u00d3N\u00a0\u00a0 \u00a0\u00a0\u00a0 \u00a084 B. POSIBLES CASOS\u00a0\u00a0 \u00a0\u00a0\u00a0 \u00a087 I.\u00a0\u00a0 \u00a0Matrimonios de personas independientes\u00a0\u00a0 \u00a0\u00a0\u00a0 \u00a087 1.\u00a0\u00a0 \u00a0Caracterizaci\u00f3n del acuerdo en el caso alem\u00e1n\u00a0\u00a0 \u00a0\u00a0\u00a0 \u00a087 2.\u00a0\u00a0 \u00a0Posible acuerdo en caso chileno\u00a0\u00a0 \u00a0\u00a0\u00a0 \u00a088 II.\u00a0\u00a0 \u00a0Matrimonio con per\u00edodo de prueba (Ehe mit Probezeit)\u00a0\u00a0 \u00a0\u00a0\u00a0 \u00a092 1.\u00a0\u00a0 \u00a0Caracterizaci\u00f3n del acuerdo en el caso alem\u00e1n\u00a0\u00a0 \u00a0\u00a0\u00a0 \u00a092 2.\u00a0\u00a0 \u00a0Posible acuerdo en caso chileno\u00a0\u00a0 \u00a0\u00a0\u00a0 \u00a093 III.\u00a0\u00a0 \u00a0Matrimonios o parejas binacionales (Ehe mit Auslandsber\u00fchung)\u00a0\u00a0 \u00a0\u00a0\u00a0 \u00a096 1.\u00a0\u00a0 \u00a0Caracterizaci\u00f3n del acuerdo en el caso alem\u00e1n\u00a0\u00a0 \u00a0\u00a0\u00a0 \u00a097 2.\u00a0\u00a0 \u00a0Posible acuerdo en caso chileno\u00a0\u00a0 \u00a0\u00a0\u00a0 \u00a0101 Conclusiones\u00a0\u00a0 \u00a0\u00a0\u00a0 \u00a0105 Bibliograf\u00eda\u00a0\u00a0 \u00a0\u00a0\u00a0 \u00a0109 &nbsp;<\/p>\n","protected":false},"featured_media":3774,"comment_status":"open","ping_status":"closed","template":"","meta":{"inline_featured_image":false,"_joinchat":[]},"product_brand":[],"product_cat":[27],"product_tag":[],"class_list":{"0":"post-3744","1":"product","2":"type-product","3":"status-publish","4":"has-post-thumbnail","6":"product_cat-civil","7":"product_shipping_class-a-convenir","9":"first","10":"instock","11":"shipping-taxable","12":"purchasable","13":"product-type-simple"},"_links":{"self":[{"href":"https:\/\/bibliotecajuridicavirtual.cl\/index.php\/wp-json\/wp\/v2\/product\/3744","targetHints":{"allow":["GET"]}}],"collection":[{"href":"https:\/\/bibliotecajuridicavirtual.cl\/index.php\/wp-json\/wp\/v2\/product"}],"about":[{"href":"https:\/\/bibliotecajuridicavirtual.cl\/index.php\/wp-json\/wp\/v2\/types\/product"}],"replies":[{"embeddable":true,"href":"https:\/\/bibliotecajuridicavirtual.cl\/index.php\/wp-json\/wp\/v2\/comments?post=3744"}],"wp:featuredmedia":[{"embeddable":true,"href":"https:\/\/bibliotecajuridicavirtual.cl\/index.php\/wp-json\/wp\/v2\/media\/3774"}],"wp:attachment":[{"href":"https:\/\/bibliotecajuridicavirtual.cl\/index.php\/wp-json\/wp\/v2\/media?parent=3744"}],"wp:term":[{"taxonomy":"product_brand","embeddable":true,"href":"https:\/\/bibliotecajuridicavirtual.cl\/index.php\/wp-json\/wp\/v2\/product_brand?post=3744"},{"taxonomy":"product_cat","embeddable":true,"href":"https:\/\/bibliotecajuridicavirtual.cl\/index.php\/wp-json\/wp\/v2\/product_cat?post=3744"},{"taxonomy":"product_tag","embeddable":true,"href":"https:\/\/bibliotecajuridicavirtual.cl\/index.php\/wp-json\/wp\/v2\/product_tag?post=3744"}],"curies":[{"name":"wp","href":"https:\/\/api.w.org\/{rel}","templated":true}]}}