{"id":3745,"date":"2026-02-28T01:20:05","date_gmt":"2026-02-28T04:20:05","guid":{"rendered":"https:\/\/bibliotecajuridicavirtual.cl\/?post_type=product&#038;p=3745"},"modified":"2026-02-28T01:20:16","modified_gmt":"2026-02-28T04:20:16","slug":"deberes-negativos-y-positivos-en-derecho-penal-ano-2018-96-pag-autor-ivan-navas-mondaca","status":"publish","type":"product","link":"https:\/\/bibliotecajuridicavirtual.cl\/index.php\/product\/deberes-negativos-y-positivos-en-derecho-penal-ano-2018-96-pag-autor-ivan-navas-mondaca\/","title":{"rendered":"Deberes Negativos y Positivos en Derecho Penal. A\u00f1o 2018 \/ 96 P\u00e1g. Autor Iv\u00e1n Navas Mondaca"},"content":{"rendered":"<p>Libro en papel s\u00f3lo disponible en IBD (impresi\u00f3n bajo demanda). El libro bajo demanda se imprime de forma autom\u00e1tica y de manera exclusiva para cada cliente. No admite devoluci\u00f3n.<\/p>\n<p>Este trabajo propone un concepto, clasificaci\u00f3n y fundamento de la responsabilidad penal con base en la distinci\u00f3n entre deberes negativos y positivos. Se formula una sistematizaci\u00f3n de los delitos de la parte especial con \u00e9nfasis en esta distinci\u00f3n que entrega una fuerte capacidad de rendimiento. La obra parte de la base de que los dos pilares de la responsabilidad penal son la libertad y la solidaridad. En este sentido, se entrega una visi\u00f3n de los deberes negativos como fuente de la responsabilidad por el ejercicio de la libertad y otra de los deberes positivos basados en la solidaridad y cooperaci\u00f3n con el Estado como l\u00edmites necesarios de la autonom\u00eda de la libertad y como segunda fuente de la responsabilidad penal. Al mismo tiempo, el trabajo propone un criterio restrictivo para la comprensi\u00f3n de los delitos de infracci\u00f3n de deber mediante la aplicaci\u00f3n de principios legitimadores del derecho penal. Se sistematizan y fundamentan los deberes positivos en generales y especiales. A su vez, los primeros se dividen en deberes positivos generales de solidaridad basados en la idea de la mejora de una esfera ajena y en deberes positivos generales de colaboraci\u00f3n respecto a determinadas tareas propias del Estado. \u00c9stos \u00faltimos, se configuran debido a la especial posici\u00f3n jur\u00eddica- social que ocupan determinadas personas en la sociedad. Por \u00faltimo, se desarrolla un estudio de los deberes positivos especiales entendi\u00e9ndose como aquellos que recaen en los funcionarios p\u00fablicos en virtud de una posici\u00f3n de garant\u00eda institucional para un correcto funcionamiento de las tareas estatales que han asumido.<\/p>\n<p>&nbsp;<\/p>\n<p>&nbsp;<\/p>\n","protected":false},"excerpt":{"rendered":"<p>Libro en papel s\u00f3lo disponible en IBD (impresi\u00f3n bajo demanda). El libro bajo demanda se imprime de forma autom\u00e1tica y de manera exclusiva para cada cliente. No admite devoluci\u00f3n. Este trabajo propone un concepto, clasificaci\u00f3n y fundamento de la responsabilidad penal con base en la distinci\u00f3n entre deberes negativos y positivos. Se formula una sistematizaci\u00f3n de los delitos de la parte especial con \u00e9nfasis en esta distinci\u00f3n que entrega una fuerte capacidad de rendimiento. La obra parte de la base de que los dos pilares de la responsabilidad penal son la libertad y la solidaridad. En este sentido, se entrega una visi\u00f3n de los deberes negativos como fuente de la responsabilidad por el ejercicio de la libertad y otra de los deberes positivos basados en la solidaridad y cooperaci\u00f3n con el Estado como l\u00edmites necesarios de la autonom\u00eda de la libertad y como segunda fuente de la responsabilidad penal. Al mismo tiempo, el trabajo propone un criterio restrictivo para la comprensi\u00f3n de los delitos de infracci\u00f3n de deber mediante la aplicaci\u00f3n de principios legitimadores del derecho penal. Se sistematizan y fundamentan los deberes positivos en generales y especiales. A su vez, los primeros se dividen en deberes positivos generales de solidaridad basados en la idea de la mejora de una esfera ajena y en deberes positivos generales de colaboraci\u00f3n respecto a determinadas tareas propias del Estado. \u00c9stos \u00faltimos, se configuran debido a la especial posici\u00f3n jur\u00eddica- social que ocupan determinadas personas en la sociedad. Por \u00faltimo, se desarrolla un estudio de los deberes positivos especiales entendi\u00e9ndose como aquellos que recaen en los funcionarios p\u00fablicos en virtud de una posici\u00f3n de garant\u00eda institucional para un correcto funcionamiento de las tareas estatales que han asumido. &nbsp; &nbsp;<\/p>\n","protected":false},"featured_media":3775,"comment_status":"open","ping_status":"closed","template":"","meta":{"inline_featured_image":false,"_joinchat":[]},"product_brand":[],"product_cat":[30],"product_tag":[],"class_list":{"0":"post-3745","1":"product","2":"type-product","3":"status-publish","4":"has-post-thumbnail","6":"product_cat-penal","7":"product_shipping_class-a-convenir","9":"first","10":"instock","11":"shipping-taxable","12":"purchasable","13":"product-type-simple"},"_links":{"self":[{"href":"https:\/\/bibliotecajuridicavirtual.cl\/index.php\/wp-json\/wp\/v2\/product\/3745","targetHints":{"allow":["GET"]}}],"collection":[{"href":"https:\/\/bibliotecajuridicavirtual.cl\/index.php\/wp-json\/wp\/v2\/product"}],"about":[{"href":"https:\/\/bibliotecajuridicavirtual.cl\/index.php\/wp-json\/wp\/v2\/types\/product"}],"replies":[{"embeddable":true,"href":"https:\/\/bibliotecajuridicavirtual.cl\/index.php\/wp-json\/wp\/v2\/comments?post=3745"}],"wp:featuredmedia":[{"embeddable":true,"href":"https:\/\/bibliotecajuridicavirtual.cl\/index.php\/wp-json\/wp\/v2\/media\/3775"}],"wp:attachment":[{"href":"https:\/\/bibliotecajuridicavirtual.cl\/index.php\/wp-json\/wp\/v2\/media?parent=3745"}],"wp:term":[{"taxonomy":"product_brand","embeddable":true,"href":"https:\/\/bibliotecajuridicavirtual.cl\/index.php\/wp-json\/wp\/v2\/product_brand?post=3745"},{"taxonomy":"product_cat","embeddable":true,"href":"https:\/\/bibliotecajuridicavirtual.cl\/index.php\/wp-json\/wp\/v2\/product_cat?post=3745"},{"taxonomy":"product_tag","embeddable":true,"href":"https:\/\/bibliotecajuridicavirtual.cl\/index.php\/wp-json\/wp\/v2\/product_tag?post=3745"}],"curies":[{"name":"wp","href":"https:\/\/api.w.org\/{rel}","templated":true}]}}