{"id":3756,"date":"2026-02-28T01:20:05","date_gmt":"2026-02-28T04:20:05","guid":{"rendered":"https:\/\/bibliotecajuridicavirtual.cl\/?post_type=product&#038;p=3756"},"modified":"2026-02-28T01:20:24","modified_gmt":"2026-02-28T04:20:24","slug":"arcana-technicae-el-derecho-y-la-inteligencia-artificial-ano-2020-132-pag-autor-carlos-amunategui-perello","status":"publish","type":"product","link":"https:\/\/bibliotecajuridicavirtual.cl\/index.php\/product\/arcana-technicae-el-derecho-y-la-inteligencia-artificial-ano-2020-132-pag-autor-carlos-amunategui-perello\/","title":{"rendered":"Arcana Technicae. El Derecho y la Inteligencia Artificial. A\u00f1o 2020\/ 132 P\u00e1g. Autor Carlos Amun\u00e1tegui Perell\u00f3"},"content":{"rendered":"<p style=\"text-align: left;\">INTRODUCCI\u00d3N<br \/>\nEs curioso como la vida nos lleva a revisitar viejas pasiones. A comienzos de la d\u00e9cada de 1980 caminaba con mi padre por los salones de una de las primeras ferias tecnol\u00f3gicas que se desarrollaron en Chile, la Infotel, que despu\u00e9s de llam\u00f3 Softel. Ah\u00ed observ\u00e1bamos at\u00f3nitos la llegada de los primeros computadores<br \/>\npersonales al pa\u00eds. Eran cacharros relativamente grandes que a nosotros nos parec\u00edan prodigiosos. Yo esperaba ver algo similar a la Baticomputadora, pero para mi decepci\u00f3n lo \u00fanico que encontr\u00e9 fueron aparatos que parec\u00edan m\u00e1quinas de escribir con pantallas. Mientras mi pap\u00e1 dialogaba con otros visitantes sobre la<br \/>\nposibilidad de poner el C\u00f3digo Civil en una de las m\u00e1quinas (algo que asombraba a los mismos t\u00e9cnicos), yo me dediqu\u00e9 a jugar ajedrez con ellas. Me la computadora me gan\u00f3 las primeras quince partidas, pero a contar de la n\u00famero diecis\u00e9is, para regocijo de mi autoestima, pude vencerla. Entonces vino el t\u00e9cnico y mediante<br \/>\nprocedimientos misteriosos para m\u00ed aument\u00f3 la destreza de la m\u00e1quina y \u00e9sta volvi\u00f3 a barrer el piso conmigo. Dos lecciones me llev\u00e9 a mi hogar ese d\u00eda. Por un lado las computadoras no se parec\u00edan ni a m\u00ed, ni a R2D2, ni a ning\u00fan ser\u00a0 consciente que yo pudiese concebir. Por otro lado, pod\u00edan vencerme en un juego de inteligencia tantas veces como yo insistiese en enfrentarme a ellas. Estas dos conclusiones siguen siendo v\u00e1lidas hoy y son el punto de partida de este texto.<\/p>\n<p>&nbsp;<\/p>\n<p>INTRODUCCI\u00d3N&#8230;&#8230;&#8230;&#8230;&#8230;&#8230;&#8230;&#8230;&#8230;&#8230;&#8230;&#8230;&#8230;&#8230;&#8230;&#8230;&#8230;&#8230;&#8230;&#8230;&#8230;&#8230;&#8230;&#8230;&#8230;&#8230;&#8230;&#8230;&#8230;&#8230;&#8230;&#8230;&#8230;&#8230;.. 11<br \/>\nCap\u00edtulo I<br \/>\nQU\u00c9 ES LA INTELIGENCIA ARTIFICIAL&#8230;&#8230;&#8230;&#8230;&#8230;&#8230;&#8230;&#8230;&#8230;&#8230;&#8230;&#8230;&#8230;&#8230;&#8230;&#8230;&#8230;&#8230;&#8230;&#8230;&#8230;&#8230;. 13<br \/>\n1. SUE\u00d1OS Y QUIMERAS &#8230;&#8230;&#8230;&#8230;&#8230;&#8230;&#8230;&#8230;&#8230;&#8230;&#8230;&#8230;&#8230;&#8230;&#8230;&#8230;&#8230;&#8230;&#8230;&#8230;&#8230;&#8230;&#8230;&#8230;&#8230;&#8230;&#8230;&#8230;. 14<br \/>\n2. VERANOS E INVIERNOS&#8230;&#8230;&#8230;&#8230;&#8230;&#8230;&#8230;&#8230;&#8230;&#8230;&#8230;&#8230;&#8230;&#8230;&#8230;&#8230;&#8230;&#8230;&#8230;&#8230;&#8230;&#8230;&#8230;&#8230;&#8230;&#8230;&#8230;&#8230; 18<br \/>\n3. VIEJOS L\u00cdMITES &#8230;&#8230;&#8230;&#8230;&#8230;&#8230;&#8230;&#8230;&#8230;&#8230;&#8230;&#8230;&#8230;&#8230;&#8230;&#8230;&#8230;&#8230;&#8230;&#8230;&#8230;&#8230;&#8230;&#8230;&#8230;&#8230;&#8230;&#8230;&#8230;&#8230;&#8230;&#8230; 38<br \/>\n4. ALGUNAS CONCLUSIONES PROVISIONALES&#8230;&#8230;&#8230;&#8230;&#8230;&#8230;&#8230;&#8230;&#8230;&#8230;&#8230;&#8230;&#8230;&#8230;&#8230;&#8230;. 51<br \/>\nCap\u00edtulo II<br \/>\nINTELIGENCIA ARTIFICIAL EN EL DERECHO&#8230;&#8230;&#8230;&#8230;&#8230;&#8230;&#8230;&#8230;&#8230;&#8230;&#8230;&#8230;&#8230;&#8230;&#8230;&#8230;&#8230;&#8230;&#8230; 53<br \/>\n1. INTRODUCCI\u00d3N&#8230;&#8230;&#8230;&#8230;&#8230;&#8230;&#8230;&#8230;&#8230;&#8230;&#8230;&#8230;&#8230;&#8230;&#8230;&#8230;&#8230;&#8230;&#8230;&#8230;&#8230;&#8230;&#8230;&#8230;&#8230;&#8230;&#8230;&#8230;&#8230;&#8230;&#8230;&#8230; 53<br \/>\n2. PROBLEMAS EPISTEMOL\u00d3GICOS. REDES NEURONALES, CORRELACIONES,<br \/>\nCAJAS NEGRAS Y REGLAS&#8230;&#8230;&#8230;&#8230;&#8230;&#8230;&#8230;&#8230;&#8230;&#8230;&#8230;&#8230;&#8230;&#8230;&#8230;&#8230;&#8230;&#8230;&#8230;&#8230;&#8230;&#8230;&#8230;.. 54<br \/>\n3. LA INTELIGENCIA ARTIFICIAL EN LOS PROBLEMAS PATRIMONIALES &#8230;&#8230;.. 71<br \/>\n3.1. Actos de enriquecimiento material &#8230;&#8230;&#8230;&#8230;&#8230;&#8230;&#8230;&#8230;&#8230;&#8230;&#8230;&#8230;&#8230;&#8230;&#8230;&#8230;&#8230;&#8230;&#8230;.. 72<br \/>\n3.2. Responsabilidad por los actos de agentes artificiales&#8230;&#8230;&#8230;&#8230;&#8230;&#8230;&#8230;&#8230;&#8230;&#8230;. 76<br \/>\n3.2.1. Contratos&#8230;&#8230;&#8230;&#8230;&#8230;&#8230;&#8230;&#8230;&#8230;&#8230;&#8230;&#8230;&#8230;&#8230;&#8230;&#8230;&#8230;&#8230;&#8230;&#8230;&#8230;&#8230;&#8230;&#8230;&#8230;&#8230;&#8230;&#8230;.. 78<br \/>\n3.2.2. Delitos y cuasidelitos &#8230;&#8230;&#8230;&#8230;&#8230;&#8230;&#8230;&#8230;&#8230;&#8230;&#8230;&#8230;&#8230;&#8230;&#8230;&#8230;&#8230;&#8230;&#8230;&#8230;&#8230;&#8230;. 86<br \/>\n4. PERSONALIDAD PARA LOS AGENTES ARTIFICIALES&#8230;&#8230;&#8230;&#8230;&#8230;&#8230;&#8230;&#8230;&#8230;&#8230;&#8230;&#8230;.. 91<br \/>\nCap\u00edtulo III<br \/>\n\u00bfEN UN FUTURO DISTANTE?&#8230;&#8230;&#8230;&#8230;&#8230;&#8230;&#8230;&#8230;&#8230;&#8230;&#8230;&#8230;&#8230;&#8230;&#8230;&#8230;&#8230;&#8230;&#8230;&#8230;&#8230;&#8230;&#8230;&#8230;&#8230;&#8230;&#8230;. 97<br \/>\n1. INTRODUCCI\u00d3N &#8230;&#8230;&#8230;&#8230;&#8230;&#8230;&#8230;&#8230;&#8230;&#8230;&#8230;&#8230;&#8230;&#8230;&#8230;&#8230;&#8230;&#8230;&#8230;&#8230;&#8230;&#8230;&#8230;&#8230;&#8230;&#8230;&#8230;&#8230;&#8230;&#8230;&#8230;.. 97<br \/>\n2. INTELIGENCIA ARTIFICIAL Y PROFESI\u00d3N DE ABOGADO. INNOVACI\u00d3N, AUTOMATIZACI\u00d3N<br \/>\nY DEMANDA LATENTE&#8230;&#8230;&#8230;&#8230;&#8230;&#8230;&#8230;&#8230;&#8230;&#8230;&#8230;&#8230;&#8230;&#8230;&#8230;&#8230;&#8230;&#8230;&#8230;&#8230; 97<br \/>\n3. ALGUNAS HERRAMIENTAS&#8230;&#8230;&#8230;&#8230;&#8230;&#8230;&#8230;&#8230;&#8230;&#8230;&#8230;&#8230;&#8230;&#8230;&#8230;&#8230;&#8230;&#8230;&#8230;&#8230;&#8230;&#8230;&#8230;&#8230;&#8230;&#8230; 103<br \/>\n3.1. Automatizaci\u00f3n de Contratos &#8230;&#8230;&#8230;&#8230;&#8230;&#8230;&#8230;&#8230;&#8230;&#8230;&#8230;&#8230;&#8230;&#8230;&#8230;&#8230;&#8230;&#8230;&#8230;&#8230;&#8230;&#8230;. 103<br \/>\n3.2. Resoluci\u00f3n de Conflictos Automatizada &#8230;&#8230;&#8230;&#8230;&#8230;&#8230;&#8230;&#8230;&#8230;&#8230;&#8230;&#8230;&#8230;&#8230;&#8230;&#8230;&#8230; 105<br \/>\n3.3. An\u00e1lisis de Datos &#8230;&#8230;&#8230;&#8230;&#8230;&#8230;&#8230;&#8230;&#8230;&#8230;&#8230;&#8230;&#8230;&#8230;&#8230;&#8230;&#8230;&#8230;&#8230;&#8230;&#8230;&#8230;&#8230;&#8230;&#8230;&#8230;&#8230;&#8230;.. 108<br \/>\n4. EDUCACI\u00d3N PARA UN FUTURO INCIERTO &#8230;&#8230;&#8230;&#8230;&#8230;&#8230;&#8230;&#8230;&#8230;&#8230;&#8230;&#8230;&#8230;&#8230;&#8230;&#8230;&#8230;.. 111<br \/>\n5. ALGUNAS PESADILLAS &#8230;&#8230;&#8230;&#8230;&#8230;&#8230;&#8230;&#8230;&#8230;&#8230;&#8230;&#8230;&#8230;&#8230;&#8230;&#8230;&#8230;&#8230;&#8230;&#8230;&#8230;&#8230;&#8230;&#8230;&#8230;&#8230;&#8230;&#8230; 115<br \/>\n5.1. Cambios sustanciales al modelo productivo &#8230;&#8230;&#8230;&#8230;&#8230;&#8230;&#8230;&#8230;&#8230;&#8230;&#8230;&#8230;&#8230;&#8230;&#8230; 116<br \/>\n5.2. Distop\u00edas futuristas &#8230;&#8230;&#8230;&#8230;&#8230;&#8230;&#8230;&#8230;&#8230;&#8230;&#8230;&#8230;&#8230;&#8230;&#8230;&#8230;&#8230;&#8230;&#8230;&#8230;&#8230;&#8230;&#8230;&#8230;&#8230;&#8230;&#8230;.. 119<br \/>\n5.3. \u00bfAlgunas soluciones? &#8230;&#8230;&#8230;&#8230;&#8230;&#8230;&#8230;&#8230;&#8230;&#8230;&#8230;&#8230;&#8230;&#8230;&#8230;&#8230;&#8230;&#8230;&#8230;&#8230;&#8230;&#8230;&#8230;&#8230;&#8230;&#8230;. 122<br \/>\nBIBLIOGRAF\u00cdA&#8230;&#8230;&#8230;&#8230;&#8230;&#8230;&#8230;&#8230;&#8230;&#8230;&#8230;&#8230;&#8230;&#8230;&#8230;&#8230;&#8230;&#8230;&#8230;&#8230;&#8230;&#8230;&#8230;&#8230;&#8230;&#8230;&#8230;&#8230;&#8230;&#8230;&#8230;&#8230;&#8230;&#8230;&#8230;.. 125<\/p>\n","protected":false},"excerpt":{"rendered":"<p>INTRODUCCI\u00d3N Es curioso como la vida nos lleva a revisitar viejas pasiones. A comienzos de la d\u00e9cada de 1980 caminaba con mi padre por los salones de una de las primeras ferias tecnol\u00f3gicas que se desarrollaron en Chile, la Infotel, que despu\u00e9s de llam\u00f3 Softel. Ah\u00ed observ\u00e1bamos at\u00f3nitos la llegada de los primeros computadores personales al pa\u00eds. Eran cacharros relativamente grandes que a nosotros nos parec\u00edan prodigiosos. Yo esperaba ver algo similar a la Baticomputadora, pero para mi decepci\u00f3n lo \u00fanico que encontr\u00e9 fueron aparatos que parec\u00edan m\u00e1quinas de escribir con pantallas. Mientras mi pap\u00e1 dialogaba con otros visitantes sobre la posibilidad de poner el C\u00f3digo Civil en una de las m\u00e1quinas (algo que asombraba a los mismos t\u00e9cnicos), yo me dediqu\u00e9 a jugar ajedrez con ellas. Me la computadora me gan\u00f3 las primeras quince partidas, pero a contar de la n\u00famero diecis\u00e9is, para regocijo de mi autoestima, pude vencerla. Entonces vino el t\u00e9cnico y mediante procedimientos misteriosos para m\u00ed aument\u00f3 la destreza de la m\u00e1quina y \u00e9sta volvi\u00f3 a barrer el piso conmigo. Dos lecciones me llev\u00e9 a mi hogar ese d\u00eda. Por un lado las computadoras no se parec\u00edan ni a m\u00ed, ni a R2D2, ni a ning\u00fan ser\u00a0 consciente que yo pudiese concebir. Por otro lado, pod\u00edan vencerme en un juego de inteligencia tantas veces como yo insistiese en enfrentarme a ellas. Estas dos conclusiones siguen siendo v\u00e1lidas hoy y son el punto de partida de este texto. &nbsp; INTRODUCCI\u00d3N&#8230;&#8230;&#8230;&#8230;&#8230;&#8230;&#8230;&#8230;&#8230;&#8230;&#8230;&#8230;&#8230;&#8230;&#8230;&#8230;&#8230;&#8230;&#8230;&#8230;&#8230;&#8230;&#8230;&#8230;&#8230;&#8230;&#8230;&#8230;&#8230;&#8230;&#8230;&#8230;&#8230;&#8230;.. 11 Cap\u00edtulo I QU\u00c9 ES LA INTELIGENCIA ARTIFICIAL&#8230;&#8230;&#8230;&#8230;&#8230;&#8230;&#8230;&#8230;&#8230;&#8230;&#8230;&#8230;&#8230;&#8230;&#8230;&#8230;&#8230;&#8230;&#8230;&#8230;&#8230;&#8230;. 13 1. SUE\u00d1OS Y QUIMERAS &#8230;&#8230;&#8230;&#8230;&#8230;&#8230;&#8230;&#8230;&#8230;&#8230;&#8230;&#8230;&#8230;&#8230;&#8230;&#8230;&#8230;&#8230;&#8230;&#8230;&#8230;&#8230;&#8230;&#8230;&#8230;&#8230;&#8230;&#8230;. 14 2. VERANOS E INVIERNOS&#8230;&#8230;&#8230;&#8230;&#8230;&#8230;&#8230;&#8230;&#8230;&#8230;&#8230;&#8230;&#8230;&#8230;&#8230;&#8230;&#8230;&#8230;&#8230;&#8230;&#8230;&#8230;&#8230;&#8230;&#8230;&#8230;&#8230;&#8230; 18 3. VIEJOS L\u00cdMITES &#8230;&#8230;&#8230;&#8230;&#8230;&#8230;&#8230;&#8230;&#8230;&#8230;&#8230;&#8230;&#8230;&#8230;&#8230;&#8230;&#8230;&#8230;&#8230;&#8230;&#8230;&#8230;&#8230;&#8230;&#8230;&#8230;&#8230;&#8230;&#8230;&#8230;&#8230;&#8230; 38 4. ALGUNAS CONCLUSIONES PROVISIONALES&#8230;&#8230;&#8230;&#8230;&#8230;&#8230;&#8230;&#8230;&#8230;&#8230;&#8230;&#8230;&#8230;&#8230;&#8230;&#8230;. 51 Cap\u00edtulo II INTELIGENCIA ARTIFICIAL EN EL DERECHO&#8230;&#8230;&#8230;&#8230;&#8230;&#8230;&#8230;&#8230;&#8230;&#8230;&#8230;&#8230;&#8230;&#8230;&#8230;&#8230;&#8230;&#8230;&#8230; 53 1. INTRODUCCI\u00d3N&#8230;&#8230;&#8230;&#8230;&#8230;&#8230;&#8230;&#8230;&#8230;&#8230;&#8230;&#8230;&#8230;&#8230;&#8230;&#8230;&#8230;&#8230;&#8230;&#8230;&#8230;&#8230;&#8230;&#8230;&#8230;&#8230;&#8230;&#8230;&#8230;&#8230;&#8230;&#8230; 53 2. PROBLEMAS EPISTEMOL\u00d3GICOS. REDES NEURONALES, CORRELACIONES, CAJAS NEGRAS Y REGLAS&#8230;&#8230;&#8230;&#8230;&#8230;&#8230;&#8230;&#8230;&#8230;&#8230;&#8230;&#8230;&#8230;&#8230;&#8230;&#8230;&#8230;&#8230;&#8230;&#8230;&#8230;&#8230;&#8230;.. 54 3. LA INTELIGENCIA ARTIFICIAL EN LOS PROBLEMAS PATRIMONIALES &#8230;&#8230;.. 71 3.1. Actos de enriquecimiento material &#8230;&#8230;&#8230;&#8230;&#8230;&#8230;&#8230;&#8230;&#8230;&#8230;&#8230;&#8230;&#8230;&#8230;&#8230;&#8230;&#8230;&#8230;&#8230;.. 72 3.2. Responsabilidad por los actos de agentes artificiales&#8230;&#8230;&#8230;&#8230;&#8230;&#8230;&#8230;&#8230;&#8230;&#8230;. 76 3.2.1. Contratos&#8230;&#8230;&#8230;&#8230;&#8230;&#8230;&#8230;&#8230;&#8230;&#8230;&#8230;&#8230;&#8230;&#8230;&#8230;&#8230;&#8230;&#8230;&#8230;&#8230;&#8230;&#8230;&#8230;&#8230;&#8230;&#8230;&#8230;&#8230;.. 78 3.2.2. Delitos y cuasidelitos &#8230;&#8230;&#8230;&#8230;&#8230;&#8230;&#8230;&#8230;&#8230;&#8230;&#8230;&#8230;&#8230;&#8230;&#8230;&#8230;&#8230;&#8230;&#8230;&#8230;&#8230;&#8230;. 86 4. PERSONALIDAD PARA LOS AGENTES ARTIFICIALES&#8230;&#8230;&#8230;&#8230;&#8230;&#8230;&#8230;&#8230;&#8230;&#8230;&#8230;&#8230;.. 91 Cap\u00edtulo III \u00bfEN UN FUTURO DISTANTE?&#8230;&#8230;&#8230;&#8230;&#8230;&#8230;&#8230;&#8230;&#8230;&#8230;&#8230;&#8230;&#8230;&#8230;&#8230;&#8230;&#8230;&#8230;&#8230;&#8230;&#8230;&#8230;&#8230;&#8230;&#8230;&#8230;&#8230;. 97 1. INTRODUCCI\u00d3N &#8230;&#8230;&#8230;&#8230;&#8230;&#8230;&#8230;&#8230;&#8230;&#8230;&#8230;&#8230;&#8230;&#8230;&#8230;&#8230;&#8230;&#8230;&#8230;&#8230;&#8230;&#8230;&#8230;&#8230;&#8230;&#8230;&#8230;&#8230;&#8230;&#8230;&#8230;.. 97 2. INTELIGENCIA ARTIFICIAL Y PROFESI\u00d3N DE ABOGADO. INNOVACI\u00d3N, AUTOMATIZACI\u00d3N Y DEMANDA LATENTE&#8230;&#8230;&#8230;&#8230;&#8230;&#8230;&#8230;&#8230;&#8230;&#8230;&#8230;&#8230;&#8230;&#8230;&#8230;&#8230;&#8230;&#8230;&#8230;&#8230; 97 3. ALGUNAS HERRAMIENTAS&#8230;&#8230;&#8230;&#8230;&#8230;&#8230;&#8230;&#8230;&#8230;&#8230;&#8230;&#8230;&#8230;&#8230;&#8230;&#8230;&#8230;&#8230;&#8230;&#8230;&#8230;&#8230;&#8230;&#8230;&#8230;&#8230; 103 3.1. Automatizaci\u00f3n de Contratos &#8230;&#8230;&#8230;&#8230;&#8230;&#8230;&#8230;&#8230;&#8230;&#8230;&#8230;&#8230;&#8230;&#8230;&#8230;&#8230;&#8230;&#8230;&#8230;&#8230;&#8230;&#8230;. 103 3.2. Resoluci\u00f3n de Conflictos Automatizada &#8230;&#8230;&#8230;&#8230;&#8230;&#8230;&#8230;&#8230;&#8230;&#8230;&#8230;&#8230;&#8230;&#8230;&#8230;&#8230;&#8230; 105 3.3. An\u00e1lisis de Datos &#8230;&#8230;&#8230;&#8230;&#8230;&#8230;&#8230;&#8230;&#8230;&#8230;&#8230;&#8230;&#8230;&#8230;&#8230;&#8230;&#8230;&#8230;&#8230;&#8230;&#8230;&#8230;&#8230;&#8230;&#8230;&#8230;&#8230;&#8230;.. 108 4. EDUCACI\u00d3N PARA UN FUTURO INCIERTO &#8230;&#8230;&#8230;&#8230;&#8230;&#8230;&#8230;&#8230;&#8230;&#8230;&#8230;&#8230;&#8230;&#8230;&#8230;&#8230;&#8230;.. 111 5. ALGUNAS PESADILLAS &#8230;&#8230;&#8230;&#8230;&#8230;&#8230;&#8230;&#8230;&#8230;&#8230;&#8230;&#8230;&#8230;&#8230;&#8230;&#8230;&#8230;&#8230;&#8230;&#8230;&#8230;&#8230;&#8230;&#8230;&#8230;&#8230;&#8230;&#8230; 115 5.1. Cambios sustanciales al modelo productivo &#8230;&#8230;&#8230;&#8230;&#8230;&#8230;&#8230;&#8230;&#8230;&#8230;&#8230;&#8230;&#8230;&#8230;&#8230; 116 5.2. Distop\u00edas futuristas &#8230;&#8230;&#8230;&#8230;&#8230;&#8230;&#8230;&#8230;&#8230;&#8230;&#8230;&#8230;&#8230;&#8230;&#8230;&#8230;&#8230;&#8230;&#8230;&#8230;&#8230;&#8230;&#8230;&#8230;&#8230;&#8230;&#8230;.. 119 5.3. \u00bfAlgunas soluciones? &#8230;&#8230;&#8230;&#8230;&#8230;&#8230;&#8230;&#8230;&#8230;&#8230;&#8230;&#8230;&#8230;&#8230;&#8230;&#8230;&#8230;&#8230;&#8230;&#8230;&#8230;&#8230;&#8230;&#8230;&#8230;&#8230;. 122 BIBLIOGRAF\u00cdA&#8230;&#8230;&#8230;&#8230;&#8230;&#8230;&#8230;&#8230;&#8230;&#8230;&#8230;&#8230;&#8230;&#8230;&#8230;&#8230;&#8230;&#8230;&#8230;&#8230;&#8230;&#8230;&#8230;&#8230;&#8230;&#8230;&#8230;&#8230;&#8230;&#8230;&#8230;&#8230;&#8230;&#8230;&#8230;.. 125<\/p>\n","protected":false},"featured_media":3786,"comment_status":"open","ping_status":"closed","template":"","meta":{"inline_featured_image":false,"_joinchat":[]},"product_brand":[],"product_cat":[27],"product_tag":[],"class_list":{"0":"post-3756","1":"product","2":"type-product","3":"status-publish","4":"has-post-thumbnail","6":"product_cat-civil","7":"product_shipping_class-a-convenir","9":"first","10":"instock","11":"shipping-taxable","12":"purchasable","13":"product-type-simple"},"_links":{"self":[{"href":"https:\/\/bibliotecajuridicavirtual.cl\/index.php\/wp-json\/wp\/v2\/product\/3756","targetHints":{"allow":["GET"]}}],"collection":[{"href":"https:\/\/bibliotecajuridicavirtual.cl\/index.php\/wp-json\/wp\/v2\/product"}],"about":[{"href":"https:\/\/bibliotecajuridicavirtual.cl\/index.php\/wp-json\/wp\/v2\/types\/product"}],"replies":[{"embeddable":true,"href":"https:\/\/bibliotecajuridicavirtual.cl\/index.php\/wp-json\/wp\/v2\/comments?post=3756"}],"wp:featuredmedia":[{"embeddable":true,"href":"https:\/\/bibliotecajuridicavirtual.cl\/index.php\/wp-json\/wp\/v2\/media\/3786"}],"wp:attachment":[{"href":"https:\/\/bibliotecajuridicavirtual.cl\/index.php\/wp-json\/wp\/v2\/media?parent=3756"}],"wp:term":[{"taxonomy":"product_brand","embeddable":true,"href":"https:\/\/bibliotecajuridicavirtual.cl\/index.php\/wp-json\/wp\/v2\/product_brand?post=3756"},{"taxonomy":"product_cat","embeddable":true,"href":"https:\/\/bibliotecajuridicavirtual.cl\/index.php\/wp-json\/wp\/v2\/product_cat?post=3756"},{"taxonomy":"product_tag","embeddable":true,"href":"https:\/\/bibliotecajuridicavirtual.cl\/index.php\/wp-json\/wp\/v2\/product_tag?post=3756"}],"curies":[{"name":"wp","href":"https:\/\/api.w.org\/{rel}","templated":true}]}}