{"id":3758,"date":"2026-02-28T01:20:06","date_gmt":"2026-02-28T04:20:06","guid":{"rendered":"https:\/\/bibliotecajuridicavirtual.cl\/?post_type=product&#038;p=3758"},"modified":"2026-02-28T01:20:26","modified_gmt":"2026-02-28T04:20:26","slug":"estudios-sobre-propiedad-y-derecho-urbanistico-chile-ano-2020-422-pag-eduardo-cordero-q","status":"publish","type":"product","link":"https:\/\/bibliotecajuridicavirtual.cl\/index.php\/product\/estudios-sobre-propiedad-y-derecho-urbanistico-chile-ano-2020-422-pag-eduardo-cordero-q\/","title":{"rendered":"Estudios sobre propiedad y derecho urban\u00edstico (Chile). A\u00f1o 2020\/ 422 P\u00e1g. Eduardo Cordero Q."},"content":{"rendered":"<p>Esta obra reune de forma sistem\u00e1tica diversas investigaciones realizadas por el autor en relaci\u00f3n\u00a0con el sentido<br \/>\ny funci\u00f3n del derecho de propiedad, as\u00ed como la naturaleza y las instituciones b\u00e1sicas del Derecho urban\u00edstico<br \/>\nen el ordenamiento chileno. Para tal efecto, se realiza un an\u00e1lisis hist\u00f3rico-dogm\u00e1tico del derecho de propiedad, que comprende la forma como se configura desde la perspectiva constitucional,<br \/>\nhaciendo un an\u00e1lisis detenido respecto de dos figuras\u00a0 centrales, como son la existencia de una pluralidad de<br \/>\nestatutos propietarios y de la propiedad como garant\u00eda\u00a0 institucional.<br \/>\nPosteriormente, se exponen las bases del Derecho\u00a0 urban\u00edstico chileno, explicando sus antecedentes<br \/>\nhist\u00f3ricos, que parten con las normas de incidencia\u00a0 urban\u00edstica (muchas vinculadas al derecho hist\u00f3rico y<br \/>\nprivado), las normas urban\u00edsticas en sentido estricto (que responden al crecimiento exponencial de las<br \/>\nciudades) y se llega al Derecho urban\u00edstico integrado, recogiendo en un cuerpo normativo sus principales<br \/>\ncontenidos e instituciones (planificaci\u00f3n urbana, r\u00e9gimen urban\u00edstico de la propiedad, gesti\u00f3n urban\u00edstica<br \/>\ny disciplina urban\u00edstica). De esta forma, la relaci\u00f3n dial\u00e9ctica que se produce\u00a0 entre el Urbanismo y el derecho de propiedad se resume en una f\u00f3rmula que es la columna vertebral de esta investigaci\u00f3n: el Urbanismo es una funci\u00f3n p\u00fablica que\u00a0 configura diversos estatutos propietarios sobre la base de intereses generales y conforme a su funci\u00f3n social, respetando los derechos ya adquridos y generando un espacio de disposici\u00f3n que queda a favor de los titulares\u00a0 en el uso y aprovechamiento del suelo, una vez que se\u00a0 han adoptado las decisiones fundamentales en la\u00a0 ordenaci\u00f3n racional del espacio. En tal sentido, el Urbanismo ha de ser la expresi\u00f3n territorial de los\u00a0 valores y bienes que consagra la Constituci\u00f3n, vinculados a la dignidad de la persona, la cohesi\u00f3n social y la\u00a0 existencia de un medio ambiente libre de contaminaci\u00f3n, en la cual tiene una tarea central el Estado, a trav\u00e9s de los \u00f3rganos que conforman la Administraci\u00f3n p\u00fablica.<\/p>\n","protected":false},"excerpt":{"rendered":"<p>Esta obra reune de forma sistem\u00e1tica diversas investigaciones realizadas por el autor en relaci\u00f3n\u00a0con el sentido y funci\u00f3n del derecho de propiedad, as\u00ed como la naturaleza y las instituciones b\u00e1sicas del Derecho urban\u00edstico en el ordenamiento chileno. Para tal efecto, se realiza un an\u00e1lisis hist\u00f3rico-dogm\u00e1tico del derecho de propiedad, que comprende la forma como se configura desde la perspectiva constitucional, haciendo un an\u00e1lisis detenido respecto de dos figuras\u00a0 centrales, como son la existencia de una pluralidad de estatutos propietarios y de la propiedad como garant\u00eda\u00a0 institucional. Posteriormente, se exponen las bases del Derecho\u00a0 urban\u00edstico chileno, explicando sus antecedentes hist\u00f3ricos, que parten con las normas de incidencia\u00a0 urban\u00edstica (muchas vinculadas al derecho hist\u00f3rico y privado), las normas urban\u00edsticas en sentido estricto (que responden al crecimiento exponencial de las ciudades) y se llega al Derecho urban\u00edstico integrado, recogiendo en un cuerpo normativo sus principales contenidos e instituciones (planificaci\u00f3n urbana, r\u00e9gimen urban\u00edstico de la propiedad, gesti\u00f3n urban\u00edstica y disciplina urban\u00edstica). De esta forma, la relaci\u00f3n dial\u00e9ctica que se produce\u00a0 entre el Urbanismo y el derecho de propiedad se resume en una f\u00f3rmula que es la columna vertebral de esta investigaci\u00f3n: el Urbanismo es una funci\u00f3n p\u00fablica que\u00a0 configura diversos estatutos propietarios sobre la base de intereses generales y conforme a su funci\u00f3n social, respetando los derechos ya adquridos y generando un espacio de disposici\u00f3n que queda a favor de los titulares\u00a0 en el uso y aprovechamiento del suelo, una vez que se\u00a0 han adoptado las decisiones fundamentales en la\u00a0 ordenaci\u00f3n racional del espacio. En tal sentido, el Urbanismo ha de ser la expresi\u00f3n territorial de los\u00a0 valores y bienes que consagra la Constituci\u00f3n, vinculados a la dignidad de la persona, la cohesi\u00f3n social y la\u00a0 existencia de un medio ambiente libre de contaminaci\u00f3n, en la cual tiene una tarea central el Estado, a trav\u00e9s de los \u00f3rganos que conforman la Administraci\u00f3n p\u00fablica.<\/p>\n","protected":false},"featured_media":3788,"comment_status":"open","ping_status":"closed","template":"","meta":{"inline_featured_image":false,"_joinchat":[]},"product_brand":[],"product_cat":[45],"product_tag":[],"class_list":{"0":"post-3758","1":"product","2":"type-product","3":"status-publish","4":"has-post-thumbnail","6":"product_cat-administrativo","7":"product_shipping_class-a-convenir","9":"first","10":"instock","11":"shipping-taxable","12":"purchasable","13":"product-type-simple"},"_links":{"self":[{"href":"https:\/\/bibliotecajuridicavirtual.cl\/index.php\/wp-json\/wp\/v2\/product\/3758","targetHints":{"allow":["GET"]}}],"collection":[{"href":"https:\/\/bibliotecajuridicavirtual.cl\/index.php\/wp-json\/wp\/v2\/product"}],"about":[{"href":"https:\/\/bibliotecajuridicavirtual.cl\/index.php\/wp-json\/wp\/v2\/types\/product"}],"replies":[{"embeddable":true,"href":"https:\/\/bibliotecajuridicavirtual.cl\/index.php\/wp-json\/wp\/v2\/comments?post=3758"}],"wp:featuredmedia":[{"embeddable":true,"href":"https:\/\/bibliotecajuridicavirtual.cl\/index.php\/wp-json\/wp\/v2\/media\/3788"}],"wp:attachment":[{"href":"https:\/\/bibliotecajuridicavirtual.cl\/index.php\/wp-json\/wp\/v2\/media?parent=3758"}],"wp:term":[{"taxonomy":"product_brand","embeddable":true,"href":"https:\/\/bibliotecajuridicavirtual.cl\/index.php\/wp-json\/wp\/v2\/product_brand?post=3758"},{"taxonomy":"product_cat","embeddable":true,"href":"https:\/\/bibliotecajuridicavirtual.cl\/index.php\/wp-json\/wp\/v2\/product_cat?post=3758"},{"taxonomy":"product_tag","embeddable":true,"href":"https:\/\/bibliotecajuridicavirtual.cl\/index.php\/wp-json\/wp\/v2\/product_tag?post=3758"}],"curies":[{"name":"wp","href":"https:\/\/api.w.org\/{rel}","templated":true}]}}