{"id":3761,"date":"2026-02-28T01:20:06","date_gmt":"2026-02-28T04:20:06","guid":{"rendered":"https:\/\/bibliotecajuridicavirtual.cl\/?post_type=product&#038;p=3761"},"modified":"2026-02-28T01:20:32","modified_gmt":"2026-02-28T04:20:32","slug":"proceso-prueba-y-epistemologia-ensayos-sobre-derecho-probatorio-ano-2021-584-pag-autor-jesus-ezurmienda","status":"publish","type":"product","link":"https:\/\/bibliotecajuridicavirtual.cl\/index.php\/product\/proceso-prueba-y-epistemologia-ensayos-sobre-derecho-probatorio-ano-2021-584-pag-autor-jesus-ezurmienda\/","title":{"rendered":"Proceso, prueba y epistemolog\u00eda ensayos sobre Derecho Probatorio. A\u00f1o 2021\/ 584 P\u00e1g. Autor Jes\u00fas Ezurmienda"},"content":{"rendered":"<p>Esta obra se presenta como un esfuerzo colectivo entre profesores y antiguos estudiantes en el contexto de investigaciones de diversa \u00edndole, en las que la columna vertebral ha sido la teor\u00eda de la prueba. El estudio del Evidence Law en diversas \u00e1reas del derecho, tales como penal, familia, libre competencia y derecho laboral, exponen la relevancia de una de las \u00e1reas del conocimiento jur\u00eddico m\u00e1s contingentes y relevantes.<br \/>\nEn estas p\u00e1ginas se ha propuesto seguir una estructura del razonamiento probatorio desde un prisma moderno y actual, de cara a la importante del fact-finding process en el quehacer jurisdiccional, y en la necesidad de una actividad probatoria provistas de par\u00e1metros racionales.<br \/>\nAsimismo, representa el esfuerzo colectivo en la creaci\u00f3n y difusi\u00f3n del conocimiento cient\u00edfico en el campo jur\u00eddico caracter\u00edstico de la universidad y su rol de cara a la depuraci\u00f3n y perfeccionamiento de la doctrina, como un aporte a la cultura jur\u00eddica interna y los operadores del sistema judicial en general.<\/p>\n<p>&nbsp;<\/p>\n<p>\u00cdndice<br \/>\nPRESENTACI\u00d3N\u00a0\u00a0 \u00a0\u00a0\u00a0 \u00a09<br \/>\nJes\u00fas Ezurmendia A, Santiago 2021.<br \/>\nCapitulo I<br \/>\nCONTRA LA PRUEBA IL\u00cdCITA\u00a0\u00a0 \u00a0\u00a0\u00a0 \u00a013<br \/>\nPablo Vodanovic Contreras<br \/>\nCapitulo II<br \/>\nALGUNOS PROBLEMAS DE LA EXCLUSI\u00d3N DE PRUEBA IL\u00cdCITA EN<br \/>\nCHILE Y COMPARADOS\u00a0\u00a0 \u00a0\u00a0\u00a0 \u00a047<br \/>\nAndr\u00e9s \u00c1balos Wisser<br \/>\nCapitulo III<br \/>\nPRUEBA IL\u00cdCITA EN ETAPA CAUTELAR PENAL\u00a0\u00a0 \u00a0\u00a0\u00a0 \u00a0119<br \/>\nMar\u00eda Bel\u00e9n Naoum Nahum<br \/>\nCapitulo IV<br \/>\nAPLICACI\u00d3N DE LAS M\u00c1XIMAS DE LA EXPERIENCIA EN UN MODELO DE VALORACI\u00d3N RACIONAL DE LA PRUEBA\u00a0\u00a0 \u00a0\u00a0\u00a0 \u00a0161<br \/>\nFelipe Oyarz\u00fan Riquelme<br \/>\nCapitulo V<br \/>\nDECIR LA VERDAD: SOBRE LA EXIGENCIA PROBATORIA DE LA<br \/>\nEXCEPTIO VERITATIS EN EL CONTEXTO DE LOS DELITOS CONTRA<br \/>\nEL HONOR\u00a0\u00a0 \u00a0\u00a0\u00a0 \u00a0205<br \/>\nJonatan Valenzuela Sald\u00edas<br \/>\nCapitulo VI<br \/>\nLA SUFICIENCIA PROBATORIA DE LA ACCI\u00d3N CIVIL EN EL PROCESO PENAL\u00a0\u00a0 \u00a0\u00a0\u00a0 \u00a0221<br \/>\nJaime Oportus Maino<br \/>\nAlberto S\u00e1nchez Ega\u00f1a<br \/>\nCapitulo VII<br \/>\nUN EST\u00c1NDAR DE PRUEBA ESPEC\u00cdFICO PARA EL PROCESO PENAL CONTRA LA PERSONA JUR\u00cdDICA\u00a0\u00a0 \u00a0\u00a0\u00a0 \u00a0263<br \/>\nLucas Ignacio Casale Riveros<br \/>\nCapitulo VIII<br \/>\nEST\u00c1NDARES DE PRUEBA EN LIBRE COMPETENCIA Y UNA PROPUESTA DE DELIMITACI\u00d3N DEL EST\u00c1NDAR DE PRUEBA CLARA<br \/>\nY CONVINCENTE\u00a0\u00a0 \u00a0\u00a0\u00a0 \u00a0305<br \/>\nJavier Maturana Baeza<br \/>\nCapitulo IX<br \/>\nPRESUNCIONES Y RAZONAMIENTO PROBATORIO\u00a0\u00a0 \u00a0\u00a0\u00a0 \u00a0371<br \/>\nFlavia Carbonell Bellolio<br \/>\nCapitulo X<br \/>\nLA OBJETIVACI\u00d3N DE LAS PRESUNCIONES DE RESPONSABILIDAD POR EL HECHO AJENO Y SUS EFECTOS EN LA REGLA GENERAL<br \/>\nDE DISTRIBUCI\u00d3N DE LA CARGA DE LA PRUEBA\u00a0\u00a0 \u00a0\u00a0\u00a0 \u00a0413<br \/>\nFrancisco Sep\u00falveda Mu\u00f1oz<\/p>\n<p>Capitulo XI<br \/>\nLA PRUEBA TESTIMONIAL, PERICIAL Y LA DECLARACI\u00d3N DE PARTES COMO TESTIMONIO: \u00bfES POSIBLE UNA REGULACI\u00d3N PROCESAL<br \/>\nCOM\u00daN?\u00a0\u00a0 \u00a0\u00a0\u00a0 \u00a0463<br \/>\nMar\u00eda de los \u00c1ngeles Gonz\u00e1les Coulon<br \/>\nCapitulo XII<br \/>\nCONFESI\u00d3N Y DECLARACI\u00d3N DE PARTE EN EL PROCESO CIVIL<br \/>\nCHILENO. AN\u00c1LISIS DE SU SITUACI\u00d3N ACTUAL<br \/>\nY SUS PROYECCIONES\u00a0\u00a0 \u00a0\u00a0\u00a0 \u00a0493<br \/>\nFrancia Morales Contreras<br \/>\nJaviera Charpentier Olivares<br \/>\nCapitulo XIII<br \/>\nDEFINITIVIDAD Y COSA JUZGADA COMO REGLAS CONTRA-EPIST\u00c9MICAS EN EL PROCESO CIVIL\u00a0\u00a0 \u00a0\u00a0\u00a0 \u00a0539<br \/>\nJes\u00fas Ezurmendia \u00c1lvarez<\/p>\n","protected":false},"excerpt":{"rendered":"<p>Buscas un libro Jur\u00eddico.? Lo puedes encontrar en nuestra tienda virtual.<br \/>\nContamos con prestigiosos autores y muchas alternativas en sus diferentes materias al igual que grandes descuentos.! Vis\u00edtanos en <a class=\"RfNQLhLjWTEFgQogVoyQwhDwCZNDJjxLDc \" tabindex=\"0\" href=\"https:\/\/lnkd.in\/eiAG7jdZ\" target=\"_blank\" rel=\"noopener\" data-test-app-aware-link=\"\">https:\/\/lnkd.in\/eiAG7jdZ<\/a><br \/>\nEscr\u00edbenos al +56930565235 \/ <a class=\"RfNQLhLjWTEFgQogVoyQwhDwCZNDJjxLDc \" tabindex=\"0\" href=\"mailto:ventaslegallexglobal@gmail.com\" target=\"_self\" data-test-app-aware-link=\"\">ventaslegallexglobal@gmail.com<\/a><br \/>\nHacemos env\u00edos a todo Chile \u2013 Starken o Correos Chile \/ Te esperamos<\/p>\n","protected":false},"featured_media":3817,"comment_status":"open","ping_status":"closed","template":"","meta":{"inline_featured_image":false,"_joinchat":[]},"product_brand":[],"product_cat":[27],"product_tag":[],"class_list":{"0":"post-3761","1":"product","2":"type-product","3":"status-publish","4":"has-post-thumbnail","6":"product_cat-civil","7":"product_shipping_class-a-convenir","9":"first","10":"instock","11":"shipping-taxable","12":"purchasable","13":"product-type-simple"},"_links":{"self":[{"href":"https:\/\/bibliotecajuridicavirtual.cl\/index.php\/wp-json\/wp\/v2\/product\/3761","targetHints":{"allow":["GET"]}}],"collection":[{"href":"https:\/\/bibliotecajuridicavirtual.cl\/index.php\/wp-json\/wp\/v2\/product"}],"about":[{"href":"https:\/\/bibliotecajuridicavirtual.cl\/index.php\/wp-json\/wp\/v2\/types\/product"}],"replies":[{"embeddable":true,"href":"https:\/\/bibliotecajuridicavirtual.cl\/index.php\/wp-json\/wp\/v2\/comments?post=3761"}],"wp:featuredmedia":[{"embeddable":true,"href":"https:\/\/bibliotecajuridicavirtual.cl\/index.php\/wp-json\/wp\/v2\/media\/3817"}],"wp:attachment":[{"href":"https:\/\/bibliotecajuridicavirtual.cl\/index.php\/wp-json\/wp\/v2\/media?parent=3761"}],"wp:term":[{"taxonomy":"product_brand","embeddable":true,"href":"https:\/\/bibliotecajuridicavirtual.cl\/index.php\/wp-json\/wp\/v2\/product_brand?post=3761"},{"taxonomy":"product_cat","embeddable":true,"href":"https:\/\/bibliotecajuridicavirtual.cl\/index.php\/wp-json\/wp\/v2\/product_cat?post=3761"},{"taxonomy":"product_tag","embeddable":true,"href":"https:\/\/bibliotecajuridicavirtual.cl\/index.php\/wp-json\/wp\/v2\/product_tag?post=3761"}],"curies":[{"name":"wp","href":"https:\/\/api.w.org\/{rel}","templated":true}]}}