{"id":3762,"date":"2026-02-28T01:20:06","date_gmt":"2026-02-28T04:20:06","guid":{"rendered":"https:\/\/bibliotecajuridicavirtual.cl\/?post_type=product&#038;p=3762"},"modified":"2026-02-28T01:20:33","modified_gmt":"2026-02-28T04:20:33","slug":"derecho-constitucional-el-sistema-de-gobierno-y-sus-organos-ano-2020-407-pag-pablo-marshall-barberan-y-fernando-munoz-leon","status":"publish","type":"product","link":"https:\/\/bibliotecajuridicavirtual.cl\/index.php\/product\/derecho-constitucional-el-sistema-de-gobierno-y-sus-organos-ano-2020-407-pag-pablo-marshall-barberan-y-fernando-munoz-leon\/","title":{"rendered":"Derecho Constitucional. El sistema de Gobierno y sus \u00d3rganos. A\u00f1o 2020\/ 407 P\u00e1g. Pablo Marshall Barber\u00e1n y Fernando Mu\u00f1oz Le\u00f3n"},"content":{"rendered":"<div class=\"row row-detalle-libro\">\n<div class=\"col-md-8 col-sm-8\">\n<div id=\"bookmiscSinopsisValoraciones\" class=\"book-misc tabcontainer\">\n<div class=\"tab-content\">\n<div id=\"sinopsis\" class=\"tab-pane fade in active\" role=\"tabpanel\">\n<p>Derecho Constitucional. El sistema de Gobierno y sus \u00d3rganos<\/p>\n<div class=\"row row-detalle-libro\">\n<div class=\"col-md-8 col-sm-8\">\n<div id=\"bookmiscSinopsisValoraciones\" class=\"book-misc tabcontainer\">\n<div class=\"tab-content\">\n<div id=\"indice\" class=\"tab-pane fade active in\" role=\"tabpanel\">\n<div id=\"indiceContainer\" class=\"indice-nowrap\">\n<p>PRIMERA PARTE: GOBIERNO 11<br \/>\nCap\u00edtulo I: ARQUITECTU RA CONSTITU CIONAL 13<br \/>\nSeparaci\u00f3n de poderes, pesos y contrapesos, distribuci\u00f3n de funciones 13<br \/>\nReg\u00edmenes de gobierno 31<br \/>\nCap\u00edtulo II: EL PRESIDENTE DE LA REP\u00daBLICA 43<br \/>\nEstatuto funcional del Presidente de la Rep\u00fablica 49<br \/>\nI. ATRIBUCIONES GUBERNATIVAS. 58<br \/>\nII. ATRIBUCIONES ADMINISTRATIVAS. 81<br \/>\nIII. ATRIBUCIONES NOMOGEN\u00c9TICAS. 88<br \/>\nIV. ATRIBUCIONES DE CONTROL. 95<br \/>\nEstatuto org\u00e1nico del Presidente de la Rep\u00fablica 97<br \/>\nCap\u00edtulo III: MINISTROS DE ESTATADO 115<br \/>\nEstatuto org\u00e1nico de los Ministros de Estado 116<br \/>\nEstatuto funcional de los Ministros de Estado 129<br \/>\nEstatuto org\u00e1nico de los Ministerios 134<\/p>\n<p>SEGUNDA PARTE: LA ADMINISTRACI\u00d3N DEL ESTADO 139<br \/>\nCap\u00edtulo IV: BASES GENERAL ES DE LA ADMINISTRACI\u00d3N DEL ESTATADO 141<br \/>\nCap\u00edtulo V: GOBIERNO Y ADMINISTRACI\u00d3N INTERIOR DEL ESTATADO 153<br \/>\nGobierno y Administraci\u00f3n Regional 157<br \/>\nGobierno y Administraci\u00f3n Provincial 168<br \/>\nGobierno y Administraci\u00f3n Comunal 170<br \/>\nCap\u00edtulo VI: \u00d3RGANOS CONSTITU CIONAL ES AUTAUT \u00d3NOMOS 175<br \/>\nEl Ministerio P\u00fablico 177<br \/>\nLa Contralor\u00eda General de la Rep\u00fablica 187<br \/>\nEl Banco Central 194<br \/>\nCap\u00edtulo VII: \u00d3RGANOS DE LA SEGURIDAD 209<br \/>\nLos Cuerpos Armados 212<br \/>\nEl Consejo de Seguridad Nacional 220<br \/>\nTERCERA PARTE: EL CONGRESO NACIONAL 225<br \/>\nCap\u00edtulo VIII: ESTATUTTATUTTATUT O ORG\u00c1NICO DEL CONGRESO NACIONAL 227<br \/>\nEstructura del Congreso Nacional 231<br \/>\nFuncionamiento del Congreso Nacional 240<br \/>\nEstatuto personal de los parlamentarios 245<br \/>\nCap\u00edtulo IX: ESTATUTTATUTTATUT O FUNCIONAL DEL CONGRESO 259<br \/>\nFunciones radicadas en ambas C\u00e1maras 261<br \/>\nFunciones exclusivas del Senado 303<br \/>\nCUARTA PARTE: \u00d3RGANOS JURISDICCIONALES 317<br \/>\nCap\u00edtulo X: PODER JUDICIAL 319<br \/>\nBases de la organizaci\u00f3n del Poder Judicial 325<br \/>\nEstatuto personal de los jueces 337<br \/>\nCap\u00edtulo XI: TRIBUNAL CONSTITU CIONAL 345<br \/>\nEstatuto org\u00e1nico del Tribunal Constitucional 357<br \/>\nEstatuto funcional del Tribunal Constitucional 365<br \/>\nCap\u00edtulo XII: JUSTICIA ELECTORAL 387<br \/>\nEstatuto org\u00e1nico de la Justicia Electoral 390<br \/>\nREFERENCIAS BIBLIOGR\u00c1FICAS 405<\/p>\n<\/div>\n<\/div>\n<\/div>\n<\/div>\n<\/div>\n<\/div>\n<div class=\"row\">\n<div class=\"col-md-12\">\n<div id=\"recomendaciones_libro\" class=\"recomendaciones\"><\/div>\n<\/div>\n<\/div>\n<\/div>\n<\/div>\n<\/div>\n<\/div>\n<\/div>\n<div class=\"row\">\n<div class=\"col-md-12\">\n<div id=\"recomendaciones_libro\" class=\"recomendaciones\"><\/div>\n<\/div>\n<\/div>\n","protected":false},"excerpt":{"rendered":"<p>Derecho Constitucional. El sistema de Gobierno y sus \u00d3rganos PRIMERA PARTE: GOBIERNO 11 Cap\u00edtulo I: ARQUITECTU RA CONSTITU CIONAL 13 Separaci\u00f3n de poderes, pesos y contrapesos, distribuci\u00f3n de funciones 13 Reg\u00edmenes de gobierno 31 Cap\u00edtulo II: EL PRESIDENTE DE LA REP\u00daBLICA 43 Estatuto funcional del Presidente de la Rep\u00fablica 49 I. ATRIBUCIONES GUBERNATIVAS. 58 II. ATRIBUCIONES ADMINISTRATIVAS. 81 III. ATRIBUCIONES NOMOGEN\u00c9TICAS. 88 IV. ATRIBUCIONES DE CONTROL. 95 Estatuto org\u00e1nico del Presidente de la Rep\u00fablica 97 Cap\u00edtulo III: MINISTROS DE ESTATADO 115 Estatuto org\u00e1nico de los Ministros de Estado 116 Estatuto funcional de los Ministros de Estado 129 Estatuto org\u00e1nico de los Ministerios 134 SEGUNDA PARTE: LA ADMINISTRACI\u00d3N DEL ESTADO 139 Cap\u00edtulo IV: BASES GENERAL ES DE LA ADMINISTRACI\u00d3N DEL ESTATADO 141 Cap\u00edtulo V: GOBIERNO Y ADMINISTRACI\u00d3N INTERIOR DEL ESTATADO 153 Gobierno y Administraci\u00f3n Regional 157 Gobierno y Administraci\u00f3n Provincial 168 Gobierno y Administraci\u00f3n Comunal 170 Cap\u00edtulo VI: \u00d3RGANOS CONSTITU CIONAL ES AUTAUT \u00d3NOMOS 175 El Ministerio P\u00fablico 177 La Contralor\u00eda General de la Rep\u00fablica 187 El Banco Central 194 Cap\u00edtulo VII: \u00d3RGANOS DE LA SEGURIDAD 209 Los Cuerpos Armados 212 El Consejo de Seguridad Nacional 220 TERCERA PARTE: EL CONGRESO NACIONAL 225 Cap\u00edtulo VIII: ESTATUTTATUTTATUT O ORG\u00c1NICO DEL CONGRESO NACIONAL 227 Estructura del Congreso Nacional 231 Funcionamiento del Congreso Nacional 240 Estatuto personal de los parlamentarios 245 Cap\u00edtulo IX: ESTATUTTATUTTATUT O FUNCIONAL DEL CONGRESO 259 Funciones radicadas en ambas C\u00e1maras 261 Funciones exclusivas del Senado 303 CUARTA PARTE: \u00d3RGANOS JURISDICCIONALES 317 Cap\u00edtulo X: PODER JUDICIAL 319 Bases de la organizaci\u00f3n del Poder Judicial 325 Estatuto personal de los jueces 337 Cap\u00edtulo XI: TRIBUNAL CONSTITU CIONAL 345 Estatuto org\u00e1nico del Tribunal Constitucional 357 Estatuto funcional del Tribunal Constitucional 365 Cap\u00edtulo XII: JUSTICIA ELECTORAL 387 Estatuto org\u00e1nico de la Justicia Electoral 390 REFERENCIAS BIBLIOGR\u00c1FICAS 405<\/p>\n","protected":false},"featured_media":3818,"comment_status":"open","ping_status":"closed","template":"","meta":{"inline_featured_image":false,"_joinchat":[]},"product_brand":[],"product_cat":[33],"product_tag":[],"class_list":{"0":"post-3762","1":"product","2":"type-product","3":"status-publish","4":"has-post-thumbnail","6":"product_cat-constitucional","7":"product_shipping_class-a-convenir","9":"first","10":"instock","11":"shipping-taxable","12":"purchasable","13":"product-type-simple"},"_links":{"self":[{"href":"https:\/\/bibliotecajuridicavirtual.cl\/index.php\/wp-json\/wp\/v2\/product\/3762","targetHints":{"allow":["GET"]}}],"collection":[{"href":"https:\/\/bibliotecajuridicavirtual.cl\/index.php\/wp-json\/wp\/v2\/product"}],"about":[{"href":"https:\/\/bibliotecajuridicavirtual.cl\/index.php\/wp-json\/wp\/v2\/types\/product"}],"replies":[{"embeddable":true,"href":"https:\/\/bibliotecajuridicavirtual.cl\/index.php\/wp-json\/wp\/v2\/comments?post=3762"}],"wp:featuredmedia":[{"embeddable":true,"href":"https:\/\/bibliotecajuridicavirtual.cl\/index.php\/wp-json\/wp\/v2\/media\/3818"}],"wp:attachment":[{"href":"https:\/\/bibliotecajuridicavirtual.cl\/index.php\/wp-json\/wp\/v2\/media?parent=3762"}],"wp:term":[{"taxonomy":"product_brand","embeddable":true,"href":"https:\/\/bibliotecajuridicavirtual.cl\/index.php\/wp-json\/wp\/v2\/product_brand?post=3762"},{"taxonomy":"product_cat","embeddable":true,"href":"https:\/\/bibliotecajuridicavirtual.cl\/index.php\/wp-json\/wp\/v2\/product_cat?post=3762"},{"taxonomy":"product_tag","embeddable":true,"href":"https:\/\/bibliotecajuridicavirtual.cl\/index.php\/wp-json\/wp\/v2\/product_tag?post=3762"}],"curies":[{"name":"wp","href":"https:\/\/api.w.org\/{rel}","templated":true}]}}