{"id":3789,"date":"2026-02-28T01:20:29","date_gmt":"2026-02-28T04:20:29","guid":{"rendered":"https:\/\/bibliotecajuridicavirtual.cl\/?post_type=product&#038;p=3789"},"modified":"2026-02-28T01:20:34","modified_gmt":"2026-02-28T04:20:34","slug":"de-la-ilegitimidad-democratica-de-las-garantias-de-no-repeticion-decretadas-por-la-corte-interamericana-de-derechos-humanos-ano-2022-288-pag-autor-marcelo-andres-acuna-silva","status":"publish","type":"product","link":"https:\/\/bibliotecajuridicavirtual.cl\/index.php\/product\/de-la-ilegitimidad-democratica-de-las-garantias-de-no-repeticion-decretadas-por-la-corte-interamericana-de-derechos-humanos-ano-2022-288-pag-autor-marcelo-andres-acuna-silva\/","title":{"rendered":"De la (I)legitimidad democr\u00e1tica de las garant\u00edas de no repetici\u00f3n decretadas por la corte interamericana de Derechos Humanos. A\u00f1o  2022\/ 288 P\u00e1g. Autor Marcelo Andr\u00e9s Acu\u00f1a Silva"},"content":{"rendered":"<p>&#8220;El texto que el lector tiene en sus manos no solo constituye un sint\u00e9tico manual sobre protecci\u00f3n multinivel de derechos humanos en el sistema interamericano, centrado en las garant\u00edas de no repetici\u00f3n, sino sobre todo un esfuerzo te\u00f3rico para desmontar la aparente contradicci\u00f3n de legitimidades democr\u00e1ticas que interesadamente se ha querido destacar entre la de la Corte Interamericana y la de las instituciones nacionales.<br \/>\nLa utilizaci\u00f3n de un esquema cl\u00e1sico de desarrollo discursivo, que parte de categor\u00edas y esquemas conceptuales generales, aterriza en casos concretos y termina volcando todo ese bagaje te\u00f3rico y pr\u00e1ctico en cuestiones m\u00e1s concretas de estudio y discusi\u00f3n, es un reflejo del gran esfuerzo en el que el autor ha incurrido para no dejar ning\u00fan elemento de su discurso sin exponer desde una \u00f3ptica tanto descriptiva como anal\u00edtica y cr\u00edtica. De esta manera permite llevar de la mano a cualquier tipo de lector, tanto el que se introduce por primera vez en estos temas, como el familiarizado o experto. El primero encontrar\u00e1 una informaci\u00f3n extremadamente \u00fatil, por lo sint\u00e9tica y adecuada, para comprender la problem\u00e1tica sobre la que se centra este trabajo en los cuatro primeros cap\u00edtulos. El segundo, en los cap\u00edtulos siguientes, de la postura fundamentada y rigurosa del profesor Marcelo sobre la no poco compleja cuesti\u00f3n de la legitimidad democr\u00e1tica de las garant\u00edas de no repetici\u00f3n de la Corte Interamericana. Uno y otro disfrutar\u00e1n de una pluma cuidada y rigurosa, de un ritmo \u00e1gil que conjuga el tono expositivo y cr\u00edtico, todo ello fundamentado en una apabullante selecci\u00f3n bibliogr\u00e1fica especializada&#8221; (del pr\u00f3logo del profesor Mario Hern\u00e1ndez Ramos).<\/p>\n<p>&nbsp;<\/p>\n<p>\u00cdNDICE<br \/>\nNOTA PRELIMINAR\u00a0\u00a0 \u00a0\u00a0\u00a0 \u00a015<br \/>\nPr\u00f3logo\u00a0\u00a0 \u00a0\u00a0\u00a0 \u00a017<br \/>\nIntroducci\u00f3n\u00a0\u00a0 \u00a0\u00a0\u00a0 \u00a021<br \/>\n1. De la protecci\u00f3n multinivel de los Derechos Humanos en Latinoam\u00e9rica. El rol de la CIDH en un modelo postnacional\u00a0\u00a0 \u00a0\u00a0\u00a0 \u00a027<br \/>\n1.1 Monismo y Dualismo como categor\u00edas iniciales\u00a0\u00a0 \u00a0\u00a0\u00a0 \u00a029<br \/>\n1.2. Del car\u00e1cter multinivel de la protecci\u00f3n de los Derechos Humanos en Latinoam\u00e9rica\u00a0\u00a0 \u00a0\u00a0\u00a0 \u00a037<br \/>\n1.2.1. De la concepci\u00f3n multinivel\u00a0\u00a0 \u00a0\u00a0\u00a0 \u00a037<br \/>\n1.2.2 Aspectos generales sobre el sistema regional de protecci\u00f3n\u00a0\u00a0 \u00a0\u00a0\u00a0 \u00a043<br \/>\n1.2.3 Cuestiones particulares de la protecci\u00f3n multinivel latinoamericana\u00a0\u00a0 \u00a0\u00a0\u00a0 \u00a046<br \/>\n1.3. El Pluralismo Constitucional como primer elemento del constitucionalismo multinivel\u00a0\u00a0 \u00a0\u00a0\u00a0 \u00a051<br \/>\n1.3.1 Una necesaria conceptualizaci\u00f3n\u00a0\u00a0 \u00a0\u00a0\u00a0 \u00a051<br \/>\n1.3.2 La f\u00f3rmula de la heterarqu\u00eda como presupuesto del pluralismo constitucional\u00a0\u00a0 \u00a0\u00a0\u00a0 \u00a056<br \/>\n1.4. El Di\u00e1logo judicial como segundo componente del constitucionalismo multinivel\u00a0\u00a0 \u00a0\u00a0\u00a0 \u00a060<br \/>\n1.5. El Rol de la CIDH en el sistema multinivel latinoamericano\u00a0\u00a0 \u00a0\u00a0\u00a0 \u00a066<br \/>\n2. Conceptos post-soberanos en di\u00e1logo: Soberan\u00eda-Legitimidad y Democracia-Derechos Humanos\u00a0\u00a0 \u00a0\u00a0\u00a0 \u00a075<br \/>\n2.1 De la soberan\u00eda estatal\u00a0\u00a0 \u00a0\u00a0\u00a0 \u00a076<br \/>\n2.2 Consideraciones sobre la legitimidad\u00a0\u00a0 \u00a0\u00a0\u00a0 \u00a083<br \/>\n2.2.1 De la historia al concepto\u00a0\u00a0 \u00a0\u00a0\u00a0 \u00a084<br \/>\n2.2.2 Taxonom\u00eda de la legitimidad\u00a0\u00a0 \u00a0\u00a0\u00a0 \u00a088<br \/>\n2.2.3 De la legitimidad democr\u00e1tica y su relaci\u00f3n con los derechos humanos\u00a0\u00a0 \u00a0\u00a0\u00a0 \u00a094<br \/>\n2.3. Democracia y Derechos Fundamentales. Una relaci\u00f3n inevitable.\u00a0\u00a0 \u00a0\u00a0\u00a0 \u00a0100<br \/>\n2.3.1. Una aproximaci\u00f3n a lo que entendemos por Democracia\u00a0\u00a0 \u00a0\u00a0\u00a0 \u00a0101<br \/>\n2.3.2. D\u00e9ficit democr\u00e1tico de la globalizaci\u00f3n\u00a0\u00a0 \u00a0\u00a0\u00a0 \u00a0105<br \/>\n2.3.3. La democracia indirecta (representativa) como elemento de legitimaci\u00f3n democr\u00e1tica\u00a0\u00a0 \u00a0\u00a0\u00a0 \u00a0110<br \/>\n2.3.4. Democracia y Derechos Humanos\u00a0\u00a0 \u00a0\u00a0\u00a0 \u00a0113<br \/>\n3. De la t\u00f3pica al sistema. Los casos Gelman (Uruguay) y Olmedo Bustos y otros (Chile)\u00a0\u00a0 \u00a0\u00a0\u00a0 \u00a0121<br \/>\n3.1. El caso Gelman\u00a0\u00a0 \u00a0\u00a0\u00a0 \u00a0121<br \/>\n3.2. El caso Olmedo Bustos y otros (La \u00daltima Tentaci\u00f3n de Cristo)\u00a0\u00a0 \u00a0\u00a0\u00a0 \u00a0128<br \/>\n3.3. De las cr\u00edticas al sistema\u00a0\u00a0 \u00a0\u00a0\u00a0 \u00a0132<br \/>\n4.- De las medidas reparatorias y, en particular, de las garant\u00edas de no repetici\u00f3n: un punto de inflexi\u00f3n entre la protecci\u00f3n multinivel y la soberan\u00eda estatal\u00a0\u00a0 \u00a0\u00a0\u00a0 \u00a0143<br \/>\n4.1. De las reparaciones en el SIDH\u00a0\u00a0 \u00a0\u00a0\u00a0 \u00a0143<br \/>\n4.1.1. Cuestiones preliminares\u00a0\u00a0 \u00a0\u00a0\u00a0 \u00a0143<br \/>\n4.1.2. Evoluci\u00f3n de la din\u00e1mica reparatoria y diferencias con el sistema europeo de derechos humanos\u00a0\u00a0 \u00a0\u00a0\u00a0 \u00a0151<br \/>\n4.2. De las medidas reparatorias en particular\u00a0\u00a0 \u00a0\u00a0\u00a0 \u00a0156<br \/>\n4.3 De las garant\u00edas de no repetici\u00f3n\u00a0\u00a0 \u00a0\u00a0\u00a0 \u00a0158<br \/>\n4.3.1 Del contexto en que se dictan\u00a0\u00a0 \u00a0\u00a0\u00a0 \u00a0158<br \/>\n4.3.2. Or\u00edgenes y concepto\u00a0\u00a0 \u00a0\u00a0\u00a0 \u00a0161<br \/>\n4.3.3. Fundamentos y caracter\u00edsticas\u00a0\u00a0 \u00a0\u00a0\u00a0 \u00a0168<br \/>\n4.3.4. Tipos de garant\u00edas de no repetici\u00f3n\u00a0\u00a0 \u00a0\u00a0\u00a0 \u00a0173<br \/>\n5.- De la legitimidad democr\u00e1tica de las garant\u00edas de no repetici\u00f3n. Una propuesta global\u00a0\u00a0 \u00a0\u00a0\u00a0 \u00a0177<br \/>\n5.1. Legitimaci\u00f3n democr\u00e1tica conceptual: desde la noci\u00f3n dom\u00e9stica de Democracia al Sistema Interamericano de Derechos Humanos. Aspectos relacionados\u00a0\u00a0 \u00a0\u00a0\u00a0 \u00a0181<br \/>\n5.1.1 Del contenido esencial de la democracia. Algunas ideas de Ferrajoli\u00a0\u00a0 \u00a0\u00a0\u00a0 \u00a0185<br \/>\n5.1.2 De objeciones y respuestas democr\u00e1ticas\u00a0\u00a0 \u00a0\u00a0\u00a0 \u00a0189<br \/>\n5.1.3. La democracia legitima un poder jurisdiccional internacional de los derechos humanos\u00a0\u00a0 \u00a0\u00a0\u00a0 \u00a0193<br \/>\n5.1.4 Ventajas del control de la democracia realizado por la CIDH a trav\u00e9s de las GNR\u00a0\u00a0 \u00a0\u00a0\u00a0 \u00a0195<br \/>\n5.1.5. De la fidelidad de los jueces de la CIDH\u00a0\u00a0 \u00a0\u00a0\u00a0 \u00a0196<br \/>\n5.1.6. Problemas aparentes y soluciones reales\u00a0\u00a0 \u00a0\u00a0\u00a0 \u00a0198<br \/>\n5.1.7. Cr\u00edticas de Waldron desde la democracia\u00a0\u00a0 \u00a0\u00a0\u00a0 \u00a0199<br \/>\n5.2. Legitimaci\u00f3n democr\u00e1tica discursiva: desde el Sistema Interamericano de Derechos Humanos a los Estados y su democracia\u00a0\u00a0 \u00a0\u00a0\u00a0 \u00a0203<br \/>\n5.2.1 A modo de consolidar la legitimaci\u00f3n democr\u00e1tica discursiva\u00a0\u00a0 \u00a0\u00a0\u00a0 \u00a0207<br \/>\n5.2.2. Desaf\u00edo a la democracia: \u00bfc\u00f3mo enfrentar los resultados del discurso racional de la CIDH al imponer una GNR?\u00a0\u00a0 \u00a0\u00a0\u00a0 \u00a0214<br \/>\n5.3. Legitimaci\u00f3n democr\u00e1tica intra-sistema: org\u00e1nica y funcionamiento de la CIDH\u00a0\u00a0 \u00a0\u00a0\u00a0 \u00a0218<br \/>\n5.3.1. Factores vinculados a la org\u00e1nica de la CIDH\u00a0\u00a0 \u00a0\u00a0\u00a0 \u00a0218<br \/>\n5.3.2. Factores vinculados al funcionamiento de la CIDH\u00a0\u00a0 \u00a0\u00a0\u00a0 \u00a0222<br \/>\n5.3.3. Antes de terminar\u2026(una mirada de sistema)\u00a0\u00a0 \u00a0\u00a0\u00a0 \u00a0235<br \/>\n5.4. Legitimaci\u00f3n democr\u00e1tica estructural (multiniveles y puntos metaconstitucionales)\u00a0\u00a0 \u00a0\u00a0\u00a0 \u00a0236<br \/>\n5.4.1. Problemas multinivel\u00a0\u00a0 \u00a0\u00a0\u00a0 \u00a0237<br \/>\n5.4.2. Multi-legitimaci\u00f3n democr\u00e1tica\u00a0\u00a0 \u00a0\u00a0\u00a0 \u00a0242<br \/>\n6.- Complementos de la legitimaci\u00f3n democr\u00e1tica de las GNR\u00a0\u00a0 \u00a0\u00a0\u00a0 \u00a0253<br \/>\n6.1. La justicia de la decisi\u00f3n\u00a0\u00a0 \u00a0\u00a0\u00a0 \u00a0253<br \/>\n6.2. Legitimidad social\u00a0\u00a0 \u00a0\u00a0\u00a0 \u00a0254<br \/>\n6.3. Otras perspectivas\u00a0\u00a0 \u00a0\u00a0\u00a0 \u00a0255<br \/>\n7.- A modo de conclusi\u00f3n\u00a0\u00a0 \u00a0\u00a0\u00a0 \u00a0261<br \/>\nBibliograf\u00eda\u00a0\u00a0 \u00a0\u00a0\u00a0 \u00a0263<br \/>\nOtros libros\u00a0\u00a0 \u00a0\u00a0\u00a0 \u00a0285<br \/>\nArt\u00edculo en la Web\u00a0\u00a0 \u00a0\u00a0\u00a0 \u00a0285<br \/>\nFallos destacados\u00a0\u00a0 \u00a0\u00a0\u00a0 \u00a0285<\/p>\n","protected":false},"excerpt":{"rendered":"<p>&#8220;El texto que el lector tiene en sus manos no solo constituye un sint\u00e9tico manual sobre protecci\u00f3n multinivel de derechos humanos en el sistema interamericano, centrado en las garant\u00edas de no repetici\u00f3n, sino sobre todo un esfuerzo te\u00f3rico para desmontar la aparente contradicci\u00f3n de legitimidades democr\u00e1ticas que interesadamente se ha querido destacar entre la de la Corte Interamericana y la de las instituciones nacionales. La utilizaci\u00f3n de un esquema cl\u00e1sico de desarrollo discursivo, que parte de categor\u00edas y esquemas conceptuales generales, aterriza en casos concretos y termina volcando todo ese bagaje te\u00f3rico y pr\u00e1ctico en cuestiones m\u00e1s concretas de estudio y discusi\u00f3n, es un reflejo del gran esfuerzo en el que el autor ha incurrido para no dejar ning\u00fan elemento de su discurso sin exponer desde una \u00f3ptica tanto descriptiva como anal\u00edtica y cr\u00edtica. De esta manera permite llevar de la mano a cualquier tipo de lector, tanto el que se introduce por primera vez en estos temas, como el familiarizado o experto. El primero encontrar\u00e1 una informaci\u00f3n extremadamente \u00fatil, por lo sint\u00e9tica y adecuada, para comprender la problem\u00e1tica sobre la que se centra este trabajo en los cuatro primeros cap\u00edtulos. El segundo, en los cap\u00edtulos siguientes, de la postura fundamentada y rigurosa del profesor Marcelo sobre la no poco compleja cuesti\u00f3n de la legitimidad democr\u00e1tica de las garant\u00edas de no repetici\u00f3n de la Corte Interamericana. Uno y otro disfrutar\u00e1n de una pluma cuidada y rigurosa, de un ritmo \u00e1gil que conjuga el tono expositivo y cr\u00edtico, todo ello fundamentado en una apabullante selecci\u00f3n bibliogr\u00e1fica especializada&#8221; (del pr\u00f3logo del profesor Mario Hern\u00e1ndez Ramos). &nbsp; \u00cdNDICE NOTA PRELIMINAR\u00a0\u00a0 \u00a0\u00a0\u00a0 \u00a015 Pr\u00f3logo\u00a0\u00a0 \u00a0\u00a0\u00a0 \u00a017 Introducci\u00f3n\u00a0\u00a0 \u00a0\u00a0\u00a0 \u00a021 1. De la protecci\u00f3n multinivel de los Derechos Humanos en Latinoam\u00e9rica. El rol de la CIDH en un modelo postnacional\u00a0\u00a0 \u00a0\u00a0\u00a0 \u00a027 1.1 Monismo y Dualismo como categor\u00edas iniciales\u00a0\u00a0 \u00a0\u00a0\u00a0 \u00a029 1.2. Del car\u00e1cter multinivel de la protecci\u00f3n de los Derechos Humanos en Latinoam\u00e9rica\u00a0\u00a0 \u00a0\u00a0\u00a0 \u00a037 1.2.1. De la concepci\u00f3n multinivel\u00a0\u00a0 \u00a0\u00a0\u00a0 \u00a037 1.2.2 Aspectos generales sobre el sistema regional de protecci\u00f3n\u00a0\u00a0 \u00a0\u00a0\u00a0 \u00a043 1.2.3 Cuestiones particulares de la protecci\u00f3n multinivel latinoamericana\u00a0\u00a0 \u00a0\u00a0\u00a0 \u00a046 1.3. El Pluralismo Constitucional como primer elemento del constitucionalismo multinivel\u00a0\u00a0 \u00a0\u00a0\u00a0 \u00a051 1.3.1 Una necesaria conceptualizaci\u00f3n\u00a0\u00a0 \u00a0\u00a0\u00a0 \u00a051 1.3.2 La f\u00f3rmula de la heterarqu\u00eda como presupuesto del pluralismo constitucional\u00a0\u00a0 \u00a0\u00a0\u00a0 \u00a056 1.4. El Di\u00e1logo judicial como segundo componente del constitucionalismo multinivel\u00a0\u00a0 \u00a0\u00a0\u00a0 \u00a060 1.5. El Rol de la CIDH en el sistema multinivel latinoamericano\u00a0\u00a0 \u00a0\u00a0\u00a0 \u00a066 2. Conceptos post-soberanos en di\u00e1logo: Soberan\u00eda-Legitimidad y Democracia-Derechos Humanos\u00a0\u00a0 \u00a0\u00a0\u00a0 \u00a075 2.1 De la soberan\u00eda estatal\u00a0\u00a0 \u00a0\u00a0\u00a0 \u00a076 2.2 Consideraciones sobre la legitimidad\u00a0\u00a0 \u00a0\u00a0\u00a0 \u00a083 2.2.1 De la historia al concepto\u00a0\u00a0 \u00a0\u00a0\u00a0 \u00a084 2.2.2 Taxonom\u00eda de la legitimidad\u00a0\u00a0 \u00a0\u00a0\u00a0 \u00a088 2.2.3 De la legitimidad democr\u00e1tica y su relaci\u00f3n con los derechos humanos\u00a0\u00a0 \u00a0\u00a0\u00a0 \u00a094 2.3. Democracia y Derechos Fundamentales. Una relaci\u00f3n inevitable.\u00a0\u00a0 \u00a0\u00a0\u00a0 \u00a0100 2.3.1. Una aproximaci\u00f3n a lo que entendemos por Democracia\u00a0\u00a0 \u00a0\u00a0\u00a0 \u00a0101 2.3.2. D\u00e9ficit democr\u00e1tico de la globalizaci\u00f3n\u00a0\u00a0 \u00a0\u00a0\u00a0 \u00a0105 2.3.3. La democracia indirecta (representativa) como elemento de legitimaci\u00f3n democr\u00e1tica\u00a0\u00a0 \u00a0\u00a0\u00a0 \u00a0110 2.3.4. Democracia y Derechos Humanos\u00a0\u00a0 \u00a0\u00a0\u00a0 \u00a0113 3. De la t\u00f3pica al sistema. Los casos Gelman (Uruguay) y Olmedo Bustos y otros (Chile)\u00a0\u00a0 \u00a0\u00a0\u00a0 \u00a0121 3.1. El caso Gelman\u00a0\u00a0 \u00a0\u00a0\u00a0 \u00a0121 3.2. El caso Olmedo Bustos y otros (La \u00daltima Tentaci\u00f3n de Cristo)\u00a0\u00a0 \u00a0\u00a0\u00a0 \u00a0128 3.3. De las cr\u00edticas al sistema\u00a0\u00a0 \u00a0\u00a0\u00a0 \u00a0132 4.- De las medidas reparatorias y, en particular, de las garant\u00edas de no repetici\u00f3n: un punto de inflexi\u00f3n entre la protecci\u00f3n multinivel y la soberan\u00eda estatal\u00a0\u00a0 \u00a0\u00a0\u00a0 \u00a0143 4.1. De las reparaciones en el SIDH\u00a0\u00a0 \u00a0\u00a0\u00a0 \u00a0143 4.1.1. Cuestiones preliminares\u00a0\u00a0 \u00a0\u00a0\u00a0 \u00a0143 4.1.2. Evoluci\u00f3n de la din\u00e1mica reparatoria y diferencias con el sistema europeo de derechos humanos\u00a0\u00a0 \u00a0\u00a0\u00a0 \u00a0151 4.2. De las medidas reparatorias en particular\u00a0\u00a0 \u00a0\u00a0\u00a0 \u00a0156 4.3 De las garant\u00edas de no repetici\u00f3n\u00a0\u00a0 \u00a0\u00a0\u00a0 \u00a0158 4.3.1 Del contexto en que se dictan\u00a0\u00a0 \u00a0\u00a0\u00a0 \u00a0158 4.3.2. Or\u00edgenes y concepto\u00a0\u00a0 \u00a0\u00a0\u00a0 \u00a0161 4.3.3. Fundamentos y caracter\u00edsticas\u00a0\u00a0 \u00a0\u00a0\u00a0 \u00a0168 4.3.4. Tipos de garant\u00edas de no repetici\u00f3n\u00a0\u00a0 \u00a0\u00a0\u00a0 \u00a0173 5.- De la legitimidad democr\u00e1tica de las garant\u00edas de no repetici\u00f3n. Una propuesta global\u00a0\u00a0 \u00a0\u00a0\u00a0 \u00a0177 5.1. Legitimaci\u00f3n democr\u00e1tica conceptual: desde la noci\u00f3n dom\u00e9stica de Democracia al Sistema Interamericano de Derechos Humanos. Aspectos relacionados\u00a0\u00a0 \u00a0\u00a0\u00a0 \u00a0181 5.1.1 Del contenido esencial de la democracia. Algunas ideas de Ferrajoli\u00a0\u00a0 \u00a0\u00a0\u00a0 \u00a0185 5.1.2 De objeciones y respuestas democr\u00e1ticas\u00a0\u00a0 \u00a0\u00a0\u00a0 \u00a0189 5.1.3. La democracia legitima un poder jurisdiccional internacional de los derechos humanos\u00a0\u00a0 \u00a0\u00a0\u00a0 \u00a0193 5.1.4 Ventajas del control de la democracia realizado por la CIDH a trav\u00e9s de las GNR\u00a0\u00a0 \u00a0\u00a0\u00a0 \u00a0195 5.1.5. De la fidelidad de los jueces de la CIDH\u00a0\u00a0 \u00a0\u00a0\u00a0 \u00a0196 5.1.6. Problemas aparentes y soluciones reales\u00a0\u00a0 \u00a0\u00a0\u00a0 \u00a0198 5.1.7. Cr\u00edticas de Waldron desde la democracia\u00a0\u00a0 \u00a0\u00a0\u00a0 \u00a0199 5.2. Legitimaci\u00f3n democr\u00e1tica discursiva: desde el Sistema Interamericano de Derechos Humanos a los Estados y su democracia\u00a0\u00a0 \u00a0\u00a0\u00a0 \u00a0203 5.2.1 A modo de consolidar la legitimaci\u00f3n democr\u00e1tica discursiva\u00a0\u00a0 \u00a0\u00a0\u00a0 \u00a0207 5.2.2. Desaf\u00edo a la democracia: \u00bfc\u00f3mo enfrentar los resultados del discurso racional de la CIDH al imponer una GNR?\u00a0\u00a0 \u00a0\u00a0\u00a0 \u00a0214 5.3. Legitimaci\u00f3n democr\u00e1tica intra-sistema: org\u00e1nica y funcionamiento de la CIDH\u00a0\u00a0 \u00a0\u00a0\u00a0 \u00a0218 5.3.1. Factores vinculados a la org\u00e1nica de la CIDH\u00a0\u00a0 \u00a0\u00a0\u00a0 \u00a0218 5.3.2. Factores vinculados al funcionamiento de la CIDH\u00a0\u00a0 \u00a0\u00a0\u00a0 \u00a0222 5.3.3. Antes de terminar\u2026(una mirada de sistema)\u00a0\u00a0 \u00a0\u00a0\u00a0 \u00a0235 5.4. Legitimaci\u00f3n democr\u00e1tica estructural (multiniveles y puntos metaconstitucionales)\u00a0\u00a0 \u00a0\u00a0\u00a0 \u00a0236 5.4.1. Problemas multinivel\u00a0\u00a0 \u00a0\u00a0\u00a0 \u00a0237 5.4.2. Multi-legitimaci\u00f3n democr\u00e1tica\u00a0\u00a0 \u00a0\u00a0\u00a0 \u00a0242 6.- Complementos de la legitimaci\u00f3n democr\u00e1tica de las GNR\u00a0\u00a0 \u00a0\u00a0\u00a0 \u00a0253 6.1. La justicia de la decisi\u00f3n\u00a0\u00a0 \u00a0\u00a0\u00a0 \u00a0253 6.2. Legitimidad social\u00a0\u00a0 \u00a0\u00a0\u00a0 \u00a0254 6.3. Otras perspectivas\u00a0\u00a0 \u00a0\u00a0\u00a0 \u00a0255 7.- A modo de conclusi\u00f3n\u00a0\u00a0 \u00a0\u00a0\u00a0 \u00a0261 Bibliograf\u00eda\u00a0\u00a0 \u00a0\u00a0\u00a0 \u00a0263 Otros libros\u00a0\u00a0 \u00a0\u00a0\u00a0 \u00a0285 Art\u00edculo en la Web\u00a0\u00a0 \u00a0\u00a0\u00a0 \u00a0285 Fallos destacados\u00a0\u00a0 \u00a0\u00a0\u00a0 \u00a0285<\/p>\n","protected":false},"featured_media":3819,"comment_status":"open","ping_status":"closed","template":"","meta":{"inline_featured_image":false,"_joinchat":[]},"product_brand":[],"product_cat":[44],"product_tag":[],"class_list":{"0":"post-3789","1":"product","2":"type-product","3":"status-publish","4":"has-post-thumbnail","6":"product_cat-filosofia-del-derecho-y-introduccion","7":"product_shipping_class-a-convenir","9":"first","10":"instock","11":"shipping-taxable","12":"purchasable","13":"product-type-simple"},"_links":{"self":[{"href":"https:\/\/bibliotecajuridicavirtual.cl\/index.php\/wp-json\/wp\/v2\/product\/3789","targetHints":{"allow":["GET"]}}],"collection":[{"href":"https:\/\/bibliotecajuridicavirtual.cl\/index.php\/wp-json\/wp\/v2\/product"}],"about":[{"href":"https:\/\/bibliotecajuridicavirtual.cl\/index.php\/wp-json\/wp\/v2\/types\/product"}],"replies":[{"embeddable":true,"href":"https:\/\/bibliotecajuridicavirtual.cl\/index.php\/wp-json\/wp\/v2\/comments?post=3789"}],"wp:featuredmedia":[{"embeddable":true,"href":"https:\/\/bibliotecajuridicavirtual.cl\/index.php\/wp-json\/wp\/v2\/media\/3819"}],"wp:attachment":[{"href":"https:\/\/bibliotecajuridicavirtual.cl\/index.php\/wp-json\/wp\/v2\/media?parent=3789"}],"wp:term":[{"taxonomy":"product_brand","embeddable":true,"href":"https:\/\/bibliotecajuridicavirtual.cl\/index.php\/wp-json\/wp\/v2\/product_brand?post=3789"},{"taxonomy":"product_cat","embeddable":true,"href":"https:\/\/bibliotecajuridicavirtual.cl\/index.php\/wp-json\/wp\/v2\/product_cat?post=3789"},{"taxonomy":"product_tag","embeddable":true,"href":"https:\/\/bibliotecajuridicavirtual.cl\/index.php\/wp-json\/wp\/v2\/product_tag?post=3789"}],"curies":[{"name":"wp","href":"https:\/\/api.w.org\/{rel}","templated":true}]}}