{"id":3790,"date":"2026-02-28T01:20:29","date_gmt":"2026-02-28T04:20:29","guid":{"rendered":"https:\/\/bibliotecajuridicavirtual.cl\/?post_type=product&#038;p=3790"},"modified":"2026-02-28T01:20:35","modified_gmt":"2026-02-28T04:20:35","slug":"contratos-y-procedimientos-bancarios-ano-2022-160-pag-autor-andres-bustos-diaz-y-fernando-azofeifa-castro","status":"publish","type":"product","link":"https:\/\/bibliotecajuridicavirtual.cl\/index.php\/product\/contratos-y-procedimientos-bancarios-ano-2022-160-pag-autor-andres-bustos-diaz-y-fernando-azofeifa-castro\/","title":{"rendered":"Contratos y procedimientos bancarios. A\u00f1o 2022\/ 160 P\u00e1g. Autor Andr\u00e9s Bustos D\u00edaz y Fernando Azofeifa Castro"},"content":{"rendered":"<div class=\"row row-detalle-libro\">\n<div class=\"col-md-8 col-sm-8\">\n<div id=\"bookmiscSinopsisValoraciones\" class=\"book-misc tabcontainer\">\n<div class=\"tab-content\">\n<div id=\"sinopsis\" class=\"tab-pane fade in active\" role=\"tabpanel\">\n<p>Contratos y procedimientos bancarios<\/p>\n<p><span style=\"font-size: 16px;\">\u00cdNDICE<\/span><\/p>\n<\/div>\n<\/div>\n<\/div>\n<\/div>\n<\/div>\n<div class=\"row\">\n<div class=\"col-md-12\">\n<div id=\"recomendaciones_libro\" class=\"recomendaciones\">\n<div class=\"row row-detalle-libro\">\n<div class=\"col-md-8 col-sm-8\">\n<div id=\"bookmiscSinopsisValoraciones\" class=\"book-misc tabcontainer\">\n<div class=\"tab-content\">\n<div id=\"indice\" class=\"tab-pane fade active in\" role=\"tabpanel\">\n<div id=\"indiceContainer\" class=\"indice-nowrap\">\n<p>Pr\u00f3logo\u00a0\u00a0 \u00a0\u00a0\u00a0 \u00a013<br \/>\nParte i<br \/>\nDERECHO BANCARIO<br \/>\nCap\u00edtulo Primero<br \/>\nNOCION DE DERECHO BANCARIO\u00a0\u00a0 \u00a0\u00a0\u00a0 \u00a017<br \/>\nGeneralidades\u00a0\u00a0 \u00a0\u00a0\u00a0 \u00a017<br \/>\nDerecho p\u00fablico bancario\u00a0\u00a0 \u00a0\u00a0\u00a0 \u00a018<br \/>\nDerecho privado bancario\u00a0\u00a0 \u00a0\u00a0\u00a0 \u00a019<br \/>\nCap\u00edtulo Segundo<br \/>\nEVOLUCI\u00d3N HIST\u00d3RICA\u00a0\u00a0 \u00a0\u00a0\u00a0 \u00a021<br \/>\nCap\u00edtulo Tercero<br \/>\nSISTEMA BANCARIO\u00a0\u00a0 \u00a0\u00a0\u00a0 \u00a025<br \/>\nNoci\u00f3n de sistema bancario\u00a0\u00a0 \u00a0\u00a0\u00a0 \u00a025<br \/>\nEntidades reguladoras\u00a0\u00a0 \u00a0\u00a0\u00a0 \u00a025<br \/>\nBanca Central\u00a0\u00a0 \u00a0\u00a0\u00a0 \u00a025<br \/>\nOrganismos de supervisi\u00f3n y entidades de control\u00a0\u00a0 \u00a0\u00a0\u00a0 \u00a026<br \/>\nLas instituciones de cr\u00e9dito en general\u00a0\u00a0 \u00a0\u00a0\u00a0 \u00a026<br \/>\nSistema bancario chileno\u00a0\u00a0 \u00a0\u00a0\u00a0 \u00a027<br \/>\nEl panorama internacional\u00a0\u00a0 \u00a0\u00a0\u00a0 \u00a027<br \/>\nCap\u00edtulo Cuatro<br \/>\nSISTEMA BANCARIO CHILENO\u00a0\u00a0 \u00a0\u00a0\u00a0 \u00a029<br \/>\nSecci\u00f3n I<br \/>\nEL BANCO CENTRAL DE CHILE<br \/>\n1. Generalidades\u00a0\u00a0 \u00a0\u00a0\u00a0 \u00a029<br \/>\n2. Objetivo del banco central\u00a0\u00a0 \u00a0\u00a0\u00a0 \u00a030<br \/>\n3. Direcci\u00f3n y administraci\u00f3n\u00a0\u00a0 \u00a0\u00a0\u00a0 \u00a030<br \/>\n4. Facultades y operaciones del banco\u00a0\u00a0 \u00a0\u00a0\u00a0 \u00a031<br \/>\n4.1. Ser banquero de los bancos\u00a0\u00a0 \u00a0\u00a0\u00a0 \u00a031<br \/>\n4.2. Emisor de la moneda\u00a0\u00a0 \u00a0\u00a0\u00a0 \u00a031<br \/>\n4.2.1. Las criptomonedas\u00a0\u00a0 \u00a0\u00a0\u00a0 \u00a035<br \/>\n4.3. Dictar normas en materia de regulaci\u00f3n de la cantidad de dinero en circulaci\u00f3n y de cr\u00e9dito.\u00a0\u00a0 \u00a0\u00a0\u00a0 \u00a043<br \/>\n4.4. Atribuciones en materia internacional (art. 38 LOC).\u00a0\u00a0 \u00a0\u00a0\u00a0 \u00a044<br \/>\n4.5. Facultades en materia de cambios internacionales y de comercio exterior (art. 39 LOC).\u00a0\u00a0 \u00a0\u00a0\u00a0 \u00a045<br \/>\n5.- Facultades sancionatorias del banco central\u00a0\u00a0 \u00a0\u00a0\u00a0 \u00a046<br \/>\n6.- Procedimiento de reclamo de los acuerdo del consejo (art. 66 LOC).\u00a0\u00a0 \u00a0\u00a0\u00a0 \u00a046<br \/>\n1.- Notificaci\u00f3n de los acuerdos\u00a0\u00a0 \u00a0\u00a0\u00a0 \u00a046<br \/>\n2.- Reclamos (art. 69 LGB)\u00a0\u00a0 \u00a0\u00a0\u00a0 \u00a046<br \/>\nSecci\u00f3n II<br \/>\nCOMISION PARA EL MERCADO FINANCIERO (EX<br \/>\nSUPERINTENDENCIA DE VALORES Y SEGUROS)<br \/>\n1.- Evoluci\u00f3n hist\u00f3rica del organismo de supervici\u00f3n\u00a0\u00a0 \u00a0\u00a0\u00a0 \u00a047<br \/>\n2.- Comisi\u00f3n para el Mercado Financiero\u00a0\u00a0 \u00a0\u00a0\u00a0 \u00a049<br \/>\nEntidades sujetas a su supervisi\u00f3n (art. 3).\u00a0\u00a0 \u00a0\u00a0\u00a0 \u00a049<br \/>\nAtribuciones generales de la CMF (art. 5\u00ba).\u00a0\u00a0 \u00a0\u00a0\u00a0 \u00a050<br \/>\nOrganizaci\u00f3n de la CMF\u00a0\u00a0 \u00a0\u00a0\u00a0 \u00a050<br \/>\nCap\u00edtulo Quinto<br \/>\nDE LAS EMPRESAS BANCARIAS\u00a0\u00a0 \u00a0\u00a0\u00a0 \u00a051<br \/>\nI.- Concepto\u00a0\u00a0 \u00a0\u00a0\u00a0 \u00a051<br \/>\nII.- Legislaci\u00f3n que rige a las empresas bancarias establecidas en Chile\u00a0\u00a0 \u00a0\u00a0\u00a0 \u00a052<br \/>\nCap\u00edtulo Sexto<br \/>\nCONSTITUCION DE LAS EMPRESAS BANCARIAS\u00a0\u00a0 \u00a0\u00a0\u00a0 \u00a053<br \/>\nI.- Estructura jur\u00eddica\u00a0\u00a0 \u00a0\u00a0\u00a0 \u00a053<br \/>\nII.- Autorizaci\u00f3n del Estado.\u00a0\u00a0 \u00a0\u00a0\u00a0 \u00a053<br \/>\nCap\u00edtulo S\u00e9ptimo<br \/>\nSUCURSALES O AGENCIAS DE BANCOS EXTRANJEROS\u00a0\u00a0 \u00a0\u00a0\u00a0 \u00a057<br \/>\nCap\u00edtulo Octavo<br \/>\nFUNCIONAMIENTO Y ADMINISTRACION DE LOS BANCOS\u00a0\u00a0 \u00a0\u00a0\u00a0 \u00a059<br \/>\nI.- Obligatoridad del realizar el giro\u00a0\u00a0 \u00a0\u00a0\u00a0 \u00a059<br \/>\nII.- Protecci\u00f3n del giro bancario (art.39)\u00a0\u00a0 \u00a0\u00a0\u00a0 \u00a059<br \/>\nII.- Direcci\u00f3n y administraci\u00f3n de los bancos\u00a0\u00a0 \u00a0\u00a0\u00a0 \u00a060<br \/>\n1.- El directorio\u00a0\u00a0 \u00a0\u00a0\u00a0 \u00a060<br \/>\n2.- Sesiones de directorio\u00a0\u00a0 \u00a0\u00a0\u00a0 \u00a060<br \/>\n3.- Inhabilidades e incompatibilidades\u00a0\u00a0 \u00a0\u00a0\u00a0 \u00a061<br \/>\nIII.- Requisitos que deben cumplir los accionistas\u00a0\u00a0 \u00a0\u00a0\u00a0 \u00a061<br \/>\nIV.- Del capital de los bancos.\u00a0\u00a0 \u00a0\u00a0\u00a0 \u00a062<br \/>\n1.- Capital y reservas\u00a0\u00a0 \u00a0\u00a0\u00a0 \u00a062<br \/>\n2.- Aumentos y disminuciones de capital\u00a0\u00a0 \u00a0\u00a0\u00a0 \u00a063<br \/>\n3.-Las acciones\u00a0\u00a0 \u00a0\u00a0\u00a0 \u00a063<br \/>\n4.- Dividendos\u00a0\u00a0 \u00a0\u00a0\u00a0 \u00a064<br \/>\nCap\u00edtulo Noveno<br \/>\nINDICES DE SOLVENCIA Y LIQUIDEZ BANCARIA\u00a0\u00a0 \u00a0\u00a0\u00a0 \u00a065<br \/>\nI.- Concepto\u00a0\u00a0 \u00a0\u00a0\u00a0 \u00a065<br \/>\nII.- Clasificacion de gestion y solvencia (arts. 59 a 62 LGB)\u00a0\u00a0 \u00a0\u00a0\u00a0 \u00a066<br \/>\nIII.- Analisis de los indices de solvencia y liquidez.\u00a0\u00a0 \u00a0\u00a0\u00a0 \u00a066<br \/>\n1.- El encaje bancario\u00a0\u00a0 \u00a0\u00a0\u00a0 \u00a066<br \/>\n2.- La reserva t\u00e9cnica.-\u00a0\u00a0 \u00a0\u00a0\u00a0 \u00a067<br \/>\n3.- Relaci\u00f3n entre activos y patrimonio.-\u00a0\u00a0 \u00a0\u00a0\u00a0 \u00a068<br \/>\n4.- Limitaciones en el otorgamiento de cr\u00e9ditos.- Art. 84\u00a0\u00a0 \u00a0\u00a0\u00a0 \u00a068<br \/>\n1.- Sin garant\u00edas:\u00a0\u00a0 \u00a0\u00a0\u00a0 \u00a068<br \/>\n2.- Con garant\u00edas:\u00a0\u00a0 \u00a0\u00a0\u00a0 \u00a069<br \/>\n5.- Prohibici\u00f3n de otorgar cr\u00e9ditos.\u00a0\u00a0 \u00a0\u00a0\u00a0 \u00a069<br \/>\n6.- Prohibici\u00f3n de adquirir ciertos bienes. (art. 84 N\u00ba 5)\u00a0\u00a0 \u00a0\u00a0\u00a0 \u00a070<br \/>\n7.- Prohibici\u00f3n de garantizar obligaciones de terceros (art. 84 N\u00ba 6).\u00a0\u00a0 \u00a0\u00a0\u00a0 \u00a070<br \/>\nCap\u00edtulo Und\u00e9cimo<br \/>\nMEDIDAS PARA REGULARIZAR LA SITUACION FINANCIERA CRITICA DE LOS BANCOS\u00a0\u00a0 \u00a0\u00a0\u00a0 \u00a071<br \/>\n1.- Capitalizaci\u00f3n Preventiva (art. 118)\u00a0\u00a0 \u00a0\u00a0\u00a0 \u00a071<br \/>\n2.- Solidaridad bancaria\u00a0\u00a0 \u00a0\u00a0\u00a0 \u00a072<br \/>\n3.- Procedimiento de reorganizaci\u00f3n o liquidaci\u00f3n\u00a0\u00a0 \u00a0\u00a0\u00a0 \u00a072<br \/>\n4.- Liquidaci\u00f3n Forzosa. Art. 130\u00a0\u00a0 \u00a0\u00a0\u00a0 \u00a072<br \/>\nCap\u00edtulo Duod\u00e9cimo<br \/>\nCONSERVACION DE DOCUMENTOS Y CADUCIDAD DE LOS DEPOSITOS\u00a0\u00a0 \u00a0\u00a0\u00a0 \u00a073<br \/>\nI.- Conservacion de la documentacion. art. 155\u00a0\u00a0 \u00a0\u00a0\u00a0 \u00a073<br \/>\nII. Caducidad de los depositos. art\u00edculo 156\u00a0\u00a0 \u00a0\u00a0\u00a0 \u00a073<br \/>\nParte II<br \/>\nCap\u00edtulo Primero<br \/>\nOPERACIONES BANCARIAS\u00a0\u00a0 \u00a0\u00a0\u00a0 \u00a077<br \/>\nI.- Concepto\u00a0\u00a0 \u00a0\u00a0\u00a0 \u00a077<br \/>\nII.- Portabildad financiera\u00a0\u00a0 \u00a0\u00a0\u00a0 \u00a077<br \/>\nIII.- Responsabilidad por fraudes bancarios\u00a0\u00a0 \u00a0\u00a0\u00a0 \u00a078<br \/>\nIV.- Garant\u00eda del estado a las captaciones (Art. 144 y 145)\u00a0\u00a0 \u00a0\u00a0\u00a0 \u00a079<br \/>\nCap\u00edtulo Segundo<br \/>\nASPECTOS GENERALES DE LA CONTRACION BANCARIA\u00a0\u00a0 \u00a0\u00a0\u00a0 \u00a081<br \/>\nI.- Caracterizaci\u00f3n jur\u00eddica de los contratos bancarios\u00a0\u00a0 \u00a0\u00a0\u00a0 \u00a081<br \/>\nII.- Fuentes del Dereho contractual bancario\u00a0\u00a0 \u00a0\u00a0\u00a0 \u00a082<br \/>\nIII.- Clasificaci\u00f3n de los contratos bancarios\u00a0\u00a0 \u00a0\u00a0\u00a0 \u00a084<br \/>\nCap\u00edtulo Tercero<br \/>\nLA CUENTA CORRIENTE BANCARIA\u00a0\u00a0 \u00a0\u00a0\u00a0 \u00a087<br \/>\nI.- Introducci\u00f3n\u00a0\u00a0 \u00a0\u00a0\u00a0 \u00a087<br \/>\nII.- Normativa que regula la cuenta corriente bancaria\u00a0\u00a0 \u00a0\u00a0\u00a0 \u00a087<br \/>\nIII.- Definici\u00f3n legal\u00a0\u00a0 \u00a0\u00a0\u00a0 \u00a088<br \/>\nIV.- Caractertist\u00edcas del contrato\u00a0\u00a0 \u00a0\u00a0\u00a0 \u00a088<br \/>\nV.- Obligaciones del banco\u00a0\u00a0 \u00a0\u00a0\u00a0 \u00a090<br \/>\nVI.- Extinci\u00f3n o conclusi\u00f3n del contrato.\u00a0\u00a0 \u00a0\u00a0\u00a0 \u00a092<br \/>\nCap\u00edtulo Cuarto<br \/>\nCONTRATOS BANCARIOS DE PASIVO\u00a0\u00a0 \u00a0\u00a0\u00a0 \u00a093<br \/>\nI.- Introducci\u00f3n. Actividad bancaria, entidades de cr\u00e9dito y operaciones pasivas\u00a0\u00a0 \u00a0\u00a0\u00a0 \u00a093<br \/>\nII.- Los dep\u00f3sitos bancarios en general\u00a0\u00a0 \u00a0\u00a0\u00a0 \u00a093<br \/>\nIII. Los dep\u00f3sitos bancarios de dinero\u00a0\u00a0 \u00a0\u00a0\u00a0 \u00a095<br \/>\nCap\u00edtulo quinto<br \/>\nCONTRATOS BANCARIOS DE ACTIVO\u00a0\u00a0 \u00a0\u00a0\u00a0 \u00a0101<br \/>\nI.- El contrato de pr\u00e9stamo\u00a0\u00a0 \u00a0\u00a0\u00a0 \u00a0101<br \/>\nII El contrato de apertura de cr\u00e9dito\u00a0\u00a0 \u00a0\u00a0\u00a0 \u00a0107<br \/>\nIII. El contrato de descuento\u00a0\u00a0 \u00a0\u00a0\u00a0 \u00a0110<br \/>\nIV.- Pr\u00e9stamo hipotecarios\u00a0\u00a0 \u00a0\u00a0\u00a0 \u00a0113<br \/>\nCap\u00edtulo Sexto<br \/>\nCONTRATOS BANCARIOS DE GESTION\u00a0\u00a0 \u00a0\u00a0\u00a0 \u00a0119<br \/>\nI.- El cr\u00e9dito documentario o carta de cr\u00e9dito\u00a0\u00a0 \u00a0\u00a0\u00a0 \u00a0119<br \/>\nII.- El aval bancario\u00a0\u00a0 \u00a0\u00a0\u00a0 \u00a0126<br \/>\nIII.- Las tarjetas bancarias\u00a0\u00a0 \u00a0\u00a0\u00a0 \u00a0127<br \/>\nIV.- La tarjeta de cr\u00e9dito\u00a0\u00a0 \u00a0\u00a0\u00a0 \u00a0127<br \/>\nV.- Sistema de la tarjeta de cr\u00e9dito\u00a0\u00a0 \u00a0\u00a0\u00a0 \u00a0132<br \/>\nVI.- El servicio bancario de cajas de seguridad\u00a0\u00a0 \u00a0\u00a0\u00a0 \u00a0136<br \/>\nVII.- Underwriting\u00a0\u00a0 \u00a0\u00a0\u00a0 \u00a0140<br \/>\nCap\u00edtulo S\u00e9ptimo<br \/>\nDE LOS DERIVADOS FINANCIEROS\u00a0\u00a0 \u00a0\u00a0\u00a0 \u00a0143<br \/>\nI. Figuras contractuales bancarias de gesti\u00f3n del riesgo financiero\u00a0\u00a0 \u00a0\u00a0\u00a0 \u00a0143<br \/>\nCap\u00edtulo Octavo<br \/>\nSOCIEDADES FILIALES COMPLEMENTARIAS DEL GIRO\u00a0\u00a0 \u00a0\u00a0\u00a0 \u00a0151<\/p>\n<\/div>\n<\/div>\n<\/div>\n<\/div>\n<\/div>\n<\/div>\n<div class=\"row\">\n<div class=\"col-md-12\">\n<div id=\"recomendaciones_libro\" class=\"recomendaciones\"><\/div>\n<\/div>\n<\/div>\n<\/div>\n<\/div>\n<\/div>\n","protected":false},"excerpt":{"rendered":"<p>Contratos y procedimientos bancarios \u00cdNDICE Pr\u00f3logo\u00a0\u00a0 \u00a0\u00a0\u00a0 \u00a013 Parte i DERECHO BANCARIO Cap\u00edtulo Primero NOCION DE DERECHO BANCARIO\u00a0\u00a0 \u00a0\u00a0\u00a0 \u00a017 Generalidades\u00a0\u00a0 \u00a0\u00a0\u00a0 \u00a017 Derecho p\u00fablico bancario\u00a0\u00a0 \u00a0\u00a0\u00a0 \u00a018 Derecho privado bancario\u00a0\u00a0 \u00a0\u00a0\u00a0 \u00a019 Cap\u00edtulo Segundo EVOLUCI\u00d3N HIST\u00d3RICA\u00a0\u00a0 \u00a0\u00a0\u00a0 \u00a021 Cap\u00edtulo Tercero SISTEMA BANCARIO\u00a0\u00a0 \u00a0\u00a0\u00a0 \u00a025 Noci\u00f3n de sistema bancario\u00a0\u00a0 \u00a0\u00a0\u00a0 \u00a025 Entidades reguladoras\u00a0\u00a0 \u00a0\u00a0\u00a0 \u00a025 Banca Central\u00a0\u00a0 \u00a0\u00a0\u00a0 \u00a025 Organismos de supervisi\u00f3n y entidades de control\u00a0\u00a0 \u00a0\u00a0\u00a0 \u00a026 Las instituciones de cr\u00e9dito en general\u00a0\u00a0 \u00a0\u00a0\u00a0 \u00a026 Sistema bancario chileno\u00a0\u00a0 \u00a0\u00a0\u00a0 \u00a027 El panorama internacional\u00a0\u00a0 \u00a0\u00a0\u00a0 \u00a027 Cap\u00edtulo Cuatro SISTEMA BANCARIO CHILENO\u00a0\u00a0 \u00a0\u00a0\u00a0 \u00a029 Secci\u00f3n I EL BANCO CENTRAL DE CHILE 1. Generalidades\u00a0\u00a0 \u00a0\u00a0\u00a0 \u00a029 2. Objetivo del banco central\u00a0\u00a0 \u00a0\u00a0\u00a0 \u00a030 3. Direcci\u00f3n y administraci\u00f3n\u00a0\u00a0 \u00a0\u00a0\u00a0 \u00a030 4. Facultades y operaciones del banco\u00a0\u00a0 \u00a0\u00a0\u00a0 \u00a031 4.1. Ser banquero de los bancos\u00a0\u00a0 \u00a0\u00a0\u00a0 \u00a031 4.2. Emisor de la moneda\u00a0\u00a0 \u00a0\u00a0\u00a0 \u00a031 4.2.1. Las criptomonedas\u00a0\u00a0 \u00a0\u00a0\u00a0 \u00a035 4.3. Dictar normas en materia de regulaci\u00f3n de la cantidad de dinero en circulaci\u00f3n y de cr\u00e9dito.\u00a0\u00a0 \u00a0\u00a0\u00a0 \u00a043 4.4. Atribuciones en materia internacional (art. 38 LOC).\u00a0\u00a0 \u00a0\u00a0\u00a0 \u00a044 4.5. Facultades en materia de cambios internacionales y de comercio exterior (art. 39 LOC).\u00a0\u00a0 \u00a0\u00a0\u00a0 \u00a045 5.- Facultades sancionatorias del banco central\u00a0\u00a0 \u00a0\u00a0\u00a0 \u00a046 6.- Procedimiento de reclamo de los acuerdo del consejo (art. 66 LOC).\u00a0\u00a0 \u00a0\u00a0\u00a0 \u00a046 1.- Notificaci\u00f3n de los acuerdos\u00a0\u00a0 \u00a0\u00a0\u00a0 \u00a046 2.- Reclamos (art. 69 LGB)\u00a0\u00a0 \u00a0\u00a0\u00a0 \u00a046 Secci\u00f3n II COMISION PARA EL MERCADO FINANCIERO (EX SUPERINTENDENCIA DE VALORES Y SEGUROS) 1.- Evoluci\u00f3n hist\u00f3rica del organismo de supervici\u00f3n\u00a0\u00a0 \u00a0\u00a0\u00a0 \u00a047 2.- Comisi\u00f3n para el Mercado Financiero\u00a0\u00a0 \u00a0\u00a0\u00a0 \u00a049 Entidades sujetas a su supervisi\u00f3n (art. 3).\u00a0\u00a0 \u00a0\u00a0\u00a0 \u00a049 Atribuciones generales de la CMF (art. 5\u00ba).\u00a0\u00a0 \u00a0\u00a0\u00a0 \u00a050 Organizaci\u00f3n de la CMF\u00a0\u00a0 \u00a0\u00a0\u00a0 \u00a050 Cap\u00edtulo Quinto DE LAS EMPRESAS BANCARIAS\u00a0\u00a0 \u00a0\u00a0\u00a0 \u00a051 I.- Concepto\u00a0\u00a0 \u00a0\u00a0\u00a0 \u00a051 II.- Legislaci\u00f3n que rige a las empresas bancarias establecidas en Chile\u00a0\u00a0 \u00a0\u00a0\u00a0 \u00a052 Cap\u00edtulo Sexto CONSTITUCION DE LAS EMPRESAS BANCARIAS\u00a0\u00a0 \u00a0\u00a0\u00a0 \u00a053 I.- Estructura jur\u00eddica\u00a0\u00a0 \u00a0\u00a0\u00a0 \u00a053 II.- Autorizaci\u00f3n del Estado.\u00a0\u00a0 \u00a0\u00a0\u00a0 \u00a053 Cap\u00edtulo S\u00e9ptimo SUCURSALES O AGENCIAS DE BANCOS EXTRANJEROS\u00a0\u00a0 \u00a0\u00a0\u00a0 \u00a057 Cap\u00edtulo Octavo FUNCIONAMIENTO Y ADMINISTRACION DE LOS BANCOS\u00a0\u00a0 \u00a0\u00a0\u00a0 \u00a059 I.- Obligatoridad del realizar el giro\u00a0\u00a0 \u00a0\u00a0\u00a0 \u00a059 II.- Protecci\u00f3n del giro bancario (art.39)\u00a0\u00a0 \u00a0\u00a0\u00a0 \u00a059 II.- Direcci\u00f3n y administraci\u00f3n de los bancos\u00a0\u00a0 \u00a0\u00a0\u00a0 \u00a060 1.- El directorio\u00a0\u00a0 \u00a0\u00a0\u00a0 \u00a060 2.- Sesiones de directorio\u00a0\u00a0 \u00a0\u00a0\u00a0 \u00a060 3.- Inhabilidades e incompatibilidades\u00a0\u00a0 \u00a0\u00a0\u00a0 \u00a061 III.- Requisitos que deben cumplir los accionistas\u00a0\u00a0 \u00a0\u00a0\u00a0 \u00a061 IV.- Del capital de los bancos.\u00a0\u00a0 \u00a0\u00a0\u00a0 \u00a062 1.- Capital y reservas\u00a0\u00a0 \u00a0\u00a0\u00a0 \u00a062 2.- Aumentos y disminuciones de capital\u00a0\u00a0 \u00a0\u00a0\u00a0 \u00a063 3.-Las acciones\u00a0\u00a0 \u00a0\u00a0\u00a0 \u00a063 4.- Dividendos\u00a0\u00a0 \u00a0\u00a0\u00a0 \u00a064 Cap\u00edtulo Noveno INDICES DE SOLVENCIA Y LIQUIDEZ BANCARIA\u00a0\u00a0 \u00a0\u00a0\u00a0 \u00a065 I.- Concepto\u00a0\u00a0 \u00a0\u00a0\u00a0 \u00a065 II.- Clasificacion de gestion y solvencia (arts. 59 a 62 LGB)\u00a0\u00a0 \u00a0\u00a0\u00a0 \u00a066 III.- Analisis de los indices de solvencia y liquidez.\u00a0\u00a0 \u00a0\u00a0\u00a0 \u00a066 1.- El encaje bancario\u00a0\u00a0 \u00a0\u00a0\u00a0 \u00a066 2.- La reserva t\u00e9cnica.-\u00a0\u00a0 \u00a0\u00a0\u00a0 \u00a067 3.- Relaci\u00f3n entre activos y patrimonio.-\u00a0\u00a0 \u00a0\u00a0\u00a0 \u00a068 4.- Limitaciones en el otorgamiento de cr\u00e9ditos.- Art. 84\u00a0\u00a0 \u00a0\u00a0\u00a0 \u00a068 1.- Sin garant\u00edas:\u00a0\u00a0 \u00a0\u00a0\u00a0 \u00a068 2.- Con garant\u00edas:\u00a0\u00a0 \u00a0\u00a0\u00a0 \u00a069 5.- Prohibici\u00f3n de otorgar cr\u00e9ditos.\u00a0\u00a0 \u00a0\u00a0\u00a0 \u00a069 6.- Prohibici\u00f3n de adquirir ciertos bienes. (art. 84 N\u00ba 5)\u00a0\u00a0 \u00a0\u00a0\u00a0 \u00a070 7.- Prohibici\u00f3n de garantizar obligaciones de terceros (art. 84 N\u00ba 6).\u00a0\u00a0 \u00a0\u00a0\u00a0 \u00a070 Cap\u00edtulo Und\u00e9cimo MEDIDAS PARA REGULARIZAR LA SITUACION FINANCIERA CRITICA DE LOS BANCOS\u00a0\u00a0 \u00a0\u00a0\u00a0 \u00a071 1.- Capitalizaci\u00f3n Preventiva (art. 118)\u00a0\u00a0 \u00a0\u00a0\u00a0 \u00a071 2.- Solidaridad bancaria\u00a0\u00a0 \u00a0\u00a0\u00a0 \u00a072 3.- Procedimiento de reorganizaci\u00f3n o liquidaci\u00f3n\u00a0\u00a0 \u00a0\u00a0\u00a0 \u00a072 4.- Liquidaci\u00f3n Forzosa. Art. 130\u00a0\u00a0 \u00a0\u00a0\u00a0 \u00a072 Cap\u00edtulo Duod\u00e9cimo CONSERVACION DE DOCUMENTOS Y CADUCIDAD DE LOS DEPOSITOS\u00a0\u00a0 \u00a0\u00a0\u00a0 \u00a073 I.- Conservacion de la documentacion. art. 155\u00a0\u00a0 \u00a0\u00a0\u00a0 \u00a073 II. Caducidad de los depositos. art\u00edculo 156\u00a0\u00a0 \u00a0\u00a0\u00a0 \u00a073 Parte II Cap\u00edtulo Primero OPERACIONES BANCARIAS\u00a0\u00a0 \u00a0\u00a0\u00a0 \u00a077 I.- Concepto\u00a0\u00a0 \u00a0\u00a0\u00a0 \u00a077 II.- Portabildad financiera\u00a0\u00a0 \u00a0\u00a0\u00a0 \u00a077 III.- Responsabilidad por fraudes bancarios\u00a0\u00a0 \u00a0\u00a0\u00a0 \u00a078 IV.- Garant\u00eda del estado a las captaciones (Art. 144 y 145)\u00a0\u00a0 \u00a0\u00a0\u00a0 \u00a079 Cap\u00edtulo Segundo ASPECTOS GENERALES DE LA CONTRACION BANCARIA\u00a0\u00a0 \u00a0\u00a0\u00a0 \u00a081 I.- Caracterizaci\u00f3n jur\u00eddica de los contratos bancarios\u00a0\u00a0 \u00a0\u00a0\u00a0 \u00a081 II.- Fuentes del Dereho contractual bancario\u00a0\u00a0 \u00a0\u00a0\u00a0 \u00a082 III.- Clasificaci\u00f3n de los contratos bancarios\u00a0\u00a0 \u00a0\u00a0\u00a0 \u00a084 Cap\u00edtulo Tercero LA CUENTA CORRIENTE BANCARIA\u00a0\u00a0 \u00a0\u00a0\u00a0 \u00a087 I.- Introducci\u00f3n\u00a0\u00a0 \u00a0\u00a0\u00a0 \u00a087 II.- Normativa que regula la cuenta corriente bancaria\u00a0\u00a0 \u00a0\u00a0\u00a0 \u00a087 III.- Definici\u00f3n legal\u00a0\u00a0 \u00a0\u00a0\u00a0 \u00a088 IV.- Caractertist\u00edcas del contrato\u00a0\u00a0 \u00a0\u00a0\u00a0 \u00a088 V.- Obligaciones del banco\u00a0\u00a0 \u00a0\u00a0\u00a0 \u00a090 VI.- Extinci\u00f3n o conclusi\u00f3n del contrato.\u00a0\u00a0 \u00a0\u00a0\u00a0 \u00a092 Cap\u00edtulo Cuarto CONTRATOS BANCARIOS DE PASIVO\u00a0\u00a0 \u00a0\u00a0\u00a0 \u00a093 I.- Introducci\u00f3n. Actividad bancaria, entidades de cr\u00e9dito y operaciones pasivas\u00a0\u00a0 \u00a0\u00a0\u00a0 \u00a093 II.- Los dep\u00f3sitos bancarios en general\u00a0\u00a0 \u00a0\u00a0\u00a0 \u00a093 III. Los dep\u00f3sitos bancarios de dinero\u00a0\u00a0 \u00a0\u00a0\u00a0 \u00a095 Cap\u00edtulo quinto CONTRATOS BANCARIOS DE ACTIVO\u00a0\u00a0 \u00a0\u00a0\u00a0 \u00a0101 I.- El contrato de pr\u00e9stamo\u00a0\u00a0 \u00a0\u00a0\u00a0 \u00a0101 II El contrato de apertura de cr\u00e9dito\u00a0\u00a0 \u00a0\u00a0\u00a0 \u00a0107 III. El contrato de descuento\u00a0\u00a0 \u00a0\u00a0\u00a0 \u00a0110 IV.- Pr\u00e9stamo hipotecarios\u00a0\u00a0 \u00a0\u00a0\u00a0 \u00a0113 Cap\u00edtulo Sexto CONTRATOS BANCARIOS DE GESTION\u00a0\u00a0 \u00a0\u00a0\u00a0 \u00a0119 I.- El cr\u00e9dito documentario o carta de cr\u00e9dito\u00a0\u00a0 \u00a0\u00a0\u00a0 \u00a0119 II.- El aval bancario\u00a0\u00a0 \u00a0\u00a0\u00a0 \u00a0126 III.- Las tarjetas bancarias\u00a0\u00a0 \u00a0\u00a0\u00a0 \u00a0127 IV.- La tarjeta de cr\u00e9dito\u00a0\u00a0 \u00a0\u00a0\u00a0 \u00a0127 V.- Sistema de la tarjeta de cr\u00e9dito\u00a0\u00a0 \u00a0\u00a0\u00a0 \u00a0132 VI.- El servicio bancario de cajas de seguridad\u00a0\u00a0 \u00a0\u00a0\u00a0 \u00a0136 VII.- Underwriting\u00a0\u00a0 \u00a0\u00a0\u00a0 \u00a0140 Cap\u00edtulo S\u00e9ptimo DE LOS DERIVADOS FINANCIEROS\u00a0\u00a0 \u00a0\u00a0\u00a0 \u00a0143 I. Figuras contractuales bancarias de gesti\u00f3n del riesgo financiero\u00a0\u00a0 \u00a0\u00a0\u00a0 \u00a0143 Cap\u00edtulo Octavo SOCIEDADES FILIALES COMPLEMENTARIAS DEL GIRO\u00a0\u00a0 \u00a0\u00a0\u00a0 \u00a0151<\/p>\n","protected":false},"featured_media":3820,"comment_status":"open","ping_status":"closed","template":"","meta":{"inline_featured_image":false,"_joinchat":[]},"product_brand":[],"product_cat":[45],"product_tag":[],"class_list":{"0":"post-3790","1":"product","2":"type-product","3":"status-publish","4":"has-post-thumbnail","6":"product_cat-administrativo","7":"product_shipping_class-a-convenir","9":"first","10":"instock","11":"shipping-taxable","12":"purchasable","13":"product-type-simple"},"_links":{"self":[{"href":"https:\/\/bibliotecajuridicavirtual.cl\/index.php\/wp-json\/wp\/v2\/product\/3790","targetHints":{"allow":["GET"]}}],"collection":[{"href":"https:\/\/bibliotecajuridicavirtual.cl\/index.php\/wp-json\/wp\/v2\/product"}],"about":[{"href":"https:\/\/bibliotecajuridicavirtual.cl\/index.php\/wp-json\/wp\/v2\/types\/product"}],"replies":[{"embeddable":true,"href":"https:\/\/bibliotecajuridicavirtual.cl\/index.php\/wp-json\/wp\/v2\/comments?post=3790"}],"wp:featuredmedia":[{"embeddable":true,"href":"https:\/\/bibliotecajuridicavirtual.cl\/index.php\/wp-json\/wp\/v2\/media\/3820"}],"wp:attachment":[{"href":"https:\/\/bibliotecajuridicavirtual.cl\/index.php\/wp-json\/wp\/v2\/media?parent=3790"}],"wp:term":[{"taxonomy":"product_brand","embeddable":true,"href":"https:\/\/bibliotecajuridicavirtual.cl\/index.php\/wp-json\/wp\/v2\/product_brand?post=3790"},{"taxonomy":"product_cat","embeddable":true,"href":"https:\/\/bibliotecajuridicavirtual.cl\/index.php\/wp-json\/wp\/v2\/product_cat?post=3790"},{"taxonomy":"product_tag","embeddable":true,"href":"https:\/\/bibliotecajuridicavirtual.cl\/index.php\/wp-json\/wp\/v2\/product_tag?post=3790"}],"curies":[{"name":"wp","href":"https:\/\/api.w.org\/{rel}","templated":true}]}}