{"id":3795,"date":"2026-02-28T01:20:29","date_gmt":"2026-02-28T04:20:29","guid":{"rendered":"https:\/\/bibliotecajuridicavirtual.cl\/?post_type=product&#038;p=3795"},"modified":"2026-02-28T01:20:38","modified_gmt":"2026-02-28T04:20:38","slug":"proceso-penal-chileno-algunos-aspectos-problematicos-medidas-coercitivas-justicia-penal-negociada-y-recursos-procesales-ano-2021-340-pag-autor-guillermo-oliver-calderon","status":"publish","type":"product","link":"https:\/\/bibliotecajuridicavirtual.cl\/index.php\/product\/proceso-penal-chileno-algunos-aspectos-problematicos-medidas-coercitivas-justicia-penal-negociada-y-recursos-procesales-ano-2021-340-pag-autor-guillermo-oliver-calderon\/","title":{"rendered":"Proceso Penal chileno: Algunos aspectos problem\u00e1ticos. Medidas coercitivas, justicia penal negociada y recursos procesales. A\u00f1o 2021\/ 340 P\u00e1g. Autor Guillermo Oliver Calderon"},"content":{"rendered":"<p>En los ya m\u00e1s de veinte a\u00f1os que han transcurrido desde la entrada en vigencia del actual sistema procesal penal chileno, su aplicaci\u00f3n ha dado lugar a distintos problemas interpretativos. En este libro se<br \/>\nanalizan y se proponen soluciones para varios de esos problemas, en particular, en el \u00e1mbito de las medidas coercitivas en el proceso penal (medidas cautelares, control de identidad y diligencias intrusivas),<br \/>\nen el de los mecanismos de justicia penal negociada y en el de los recursos procesales. Adem\u00e1s, se examinan algunos problemas relativos al sobreseimiento y a los testigos de identidad reservada. El resultado es un texto que, apoyado en una copiosa bibliograf\u00eda, que incluye m\u00e1s de trescientos t\u00edtulos nacionales y extranjeros, y<br \/>\nen una nutrida selecci\u00f3n de jurisprudencia de tribunales superiores, analiza, desde una perspectiva dogm\u00e1tica y cr\u00edtica, pero tambi\u00e9n con una orientaci\u00f3n pr\u00e1ctica, diferentes temas de gran relevancia para la comprensi\u00f3n y la aplicaci\u00f3n del proceso penal chileno. De all\u00ed que este libro est\u00e9 destinado a servir no solo como material de apoyo para docentes y estudiantes de derecho, sino tambi\u00e9n como texto de consulta para quienes se desempe\u00f1an como operadores en el sistema jurisdiccional penal, principalmente, jueces, fiscales, querellantes<br \/>\ny defensores.<\/p>\n<p>\u00cdndice<br \/>\nPrefacio\u00a0\u00a0 \u00a0\u00a0\u00a0 \u00a015<br \/>\nPr\u00f3logo\u00a0\u00a0 \u00a0\u00a0\u00a0 \u00a017<br \/>\nPrimera parte<br \/>\nmedidas coercitivas en el proceso penal: medidas cautelares, control de identidad y diligencias intrusivas<br \/>\nCap\u00edtulo I<br \/>\n\u00bfAplicabilidad en el actual sistema procesal penal de las medidas del art\u00edculo 372 ter del C\u00f3digo Penal?<br \/>\nI.\u00a0\u00a0 \u00a0Introducci\u00f3n\u00a0\u00a0 \u00a0\u00a0\u00a0 \u00a025<br \/>\nII.\u00a0\u00a0 \u00a0Naturaleza de las medidas del art\u00edculo 372 ter del CP\u00a0\u00a0 \u00a0\u00a0\u00a0 \u00a026<br \/>\nIII.\u00a0\u00a0 \u00a0Comparaci\u00f3n de las medidas del art\u00edculo 372 ter del CP con las medidas del art\u00edculo 155 del CPP\u00a0\u00a0 \u00a0\u00a0\u00a0 \u00a033<br \/>\nIV.\u00a0\u00a0 \u00a0Inaplicabilidad de las medidas del art\u00edculo 372 ter del CP en el actual sistema procesal penal\u00a0\u00a0 \u00a0\u00a0\u00a0 \u00a034<br \/>\nV.\u00a0\u00a0 \u00a0Conclusiones\u00a0\u00a0 \u00a0\u00a0\u00a0 \u00a045<br \/>\nCap\u00edtulo II<br \/>\nFacultades aut\u00f3nomas de la polic\u00eda en el sistema procesal penal chileno<br \/>\nI.\u00a0\u00a0 \u00a0Introducci\u00f3n\u00a0\u00a0 \u00a0\u00a0\u00a0 \u00a047<br \/>\nII.\u00a0\u00a0 \u00a0Consideraciones generales sobre autonom\u00eda y control de la polic\u00eda en el proceso penal\u00a0\u00a0 \u00a0\u00a0\u00a0 \u00a048<br \/>\nIII.\u00a0\u00a0 \u00a0Actuaciones aut\u00f3nomas de la polic\u00eda en el CPP\u00a0\u00a0 \u00a0\u00a0\u00a0 \u00a051<br \/>\n1.\u00a0\u00a0 \u00a0Prestar auxilio a la v\u00edctima\u00a0\u00a0 \u00a0\u00a0\u00a0 \u00a051<br \/>\n2.\u00a0\u00a0 \u00a0Detener en hip\u00f3tesis de flagrancia\u00a0\u00a0 \u00a0\u00a0\u00a0 \u00a052<br \/>\n3.\u00a0\u00a0 \u00a0Resguardar el sitio del suceso\u00a0\u00a0 \u00a0\u00a0\u00a0 \u00a061<br \/>\n4.\u00a0\u00a0 \u00a0Identificar a testigos y consignar sus declaraciones\u00a0\u00a0 \u00a0\u00a0\u00a0 \u00a064<br \/>\n5.\u00a0\u00a0 \u00a0Recibir denuncias\u00a0\u00a0 \u00a0\u00a0\u00a0 \u00a067<br \/>\n6.\u00a0\u00a0 \u00a0Realizar otras actuaciones\u00a0\u00a0 \u00a0\u00a0\u00a0 \u00a067<br \/>\n7.\u00a0\u00a0 \u00a0Practicar control de identidad\u00a0\u00a0 \u00a0\u00a0\u00a0 \u00a068<br \/>\n8.\u00a0\u00a0 \u00a0Entrar en lugar cerrado y registrarlo\u00a0\u00a0 \u00a0\u00a0\u00a0 \u00a078<br \/>\n9.\u00a0\u00a0 \u00a0Incautar objetos y documentos\u00a0\u00a0 \u00a0\u00a0\u00a0 \u00a081<br \/>\n10.\u00a0\u00a0 \u00a0Interrogar al imputado\u00a0\u00a0 \u00a0\u00a0\u00a0 \u00a084<br \/>\nIV.\u00a0\u00a0 \u00a0Conclusi\u00f3n\u00a0\u00a0 \u00a0\u00a0\u00a0 \u00a085<br \/>\nCap\u00edtulo III<br \/>\nSignificado de la voz \u201cdelito\u201d como supuesto de la detenci\u00f3n por flagrancia y como requisito de la prisi\u00f3n preventiva<br \/>\nI.\u00a0\u00a0 \u00a0Introducci\u00f3n\u00a0\u00a0 \u00a0\u00a0\u00a0 \u00a087<br \/>\nII.\u00a0\u00a0 \u00a0Alcance del vocablo \u201cdelito\u201d para el examen de legalidad de la detenci\u00f3n por flagrancia\u00a0\u00a0 \u00a0\u00a0\u00a0 \u00a090<br \/>\nIII.\u00a0\u00a0 \u00a0Significado de la voz \u201cdelito\u201d para la procedencia de la prisi\u00f3n preventiva\u00a0\u00a0 \u00a0\u00a0\u00a0 \u00a095<br \/>\nIV.\u00a0\u00a0 \u00a0Conclusiones\u00a0\u00a0 \u00a0\u00a0\u00a0 \u00a099<br \/>\nCap\u00edtulo IV<br \/>\nSobre el sentido y alcance del peligro para la seguridad de la sociedad y del peligro de fuga en la regulaci\u00f3n de la prisi\u00f3n preventiva<br \/>\nI.\u00a0\u00a0 \u00a0Introducci\u00f3n\u00a0\u00a0 \u00a0\u00a0\u00a0 \u00a0101<br \/>\nII.\u00a0\u00a0 \u00a0Peligro para la seguridad de la sociedad\u00a0\u00a0 \u00a0\u00a0\u00a0 \u00a0102<br \/>\nIII.\u00a0\u00a0 \u00a0Peligro de fuga\u00a0\u00a0 \u00a0\u00a0\u00a0 \u00a0110<br \/>\nIV.\u00a0\u00a0 \u00a0Conclusiones\u00a0\u00a0 \u00a0\u00a0\u00a0 \u00a0113<br \/>\nCap\u00edtulo V<br \/>\n\u00bfAutorizaci\u00f3n judicial para fotograf\u00edas o filmaciones en lugares p\u00fablicos? A prop\u00f3sito de un fallo acerca del alcance del art\u00edculo 226 del CPP<br \/>\nI.\u00a0\u00a0 \u00a0Introducci\u00f3n\u00a0\u00a0 \u00a0\u00a0\u00a0 \u00a0115<br \/>\nII.\u00a0\u00a0 \u00a0Sentido del art\u00edculo 226 del CPP\u00a0\u00a0 \u00a0\u00a0\u00a0 \u00a0116<br \/>\nIII.\u00a0\u00a0 \u00a0Raz\u00f3n de la existencia del art\u00edculo 226 del CPP\u00a0\u00a0 \u00a0\u00a0\u00a0 \u00a0118<br \/>\nIV.\u00a0\u00a0 \u00a0Efectos del incumplimiento de lo dispuesto en el art\u00edculo 226 del CPP\u00a0\u00a0 \u00a0\u00a0\u00a0 \u00a0119<br \/>\nV.\u00a0\u00a0 \u00a0Excurso: Requisitos para autorizar diligencias de investigaci\u00f3n de car\u00e1cter intrusivo, en general, y fotograf\u00edas o filmaciones, en particular\u00a0\u00a0 \u00a0\u00a0\u00a0 \u00a0121<br \/>\nVI.\u00a0\u00a0 \u00a0Conclusiones\u00a0\u00a0 \u00a0\u00a0\u00a0 \u00a0125<br \/>\nSegunda parte<br \/>\nMecanismos de renuncia al juicio oral: justicia penal negociada<br \/>\nCap\u00edtulo VI<br \/>\nVirtudes y defectos de los mecanismos de justicia penal negociada en Chile<br \/>\nI.\u00a0\u00a0 \u00a0Introducci\u00f3n\u00a0\u00a0 \u00a0\u00a0\u00a0 \u00a0129<br \/>\nII.\u00a0\u00a0 \u00a0Ventajas y desventajas de los sistemas de justicia penal negociada\u00a0\u00a0 \u00a0\u00a0\u00a0 \u00a0133<br \/>\n1.\u00a0\u00a0 \u00a0Ventajas\u00a0\u00a0 \u00a0\u00a0\u00a0 \u00a0133<br \/>\n2.\u00a0\u00a0 \u00a0Desventajas\u00a0\u00a0 \u00a0\u00a0\u00a0 \u00a0135<br \/>\nIII.\u00a0\u00a0 \u00a0Aplicabilidad o inaplicabilidad de los defectos y virtudes de los sistemas de justicia penal negociada en la regulaci\u00f3n chilena\u00a0\u00a0 \u00a0\u00a0\u00a0 \u00a0138<br \/>\n1.\u00a0\u00a0 \u00a0Consideraciones de eficiencia\u00a0\u00a0 \u00a0\u00a0\u00a0 \u00a0138<br \/>\n2.\u00a0\u00a0 \u00a0Incidencia en el juzgamiento en un plazo razonable\u00a0\u00a0 \u00a0\u00a0\u00a0 \u00a0143<br \/>\n3.\u00a0\u00a0 \u00a0Car\u00e1cter potencialmente coactivo\u00a0\u00a0 \u00a0\u00a0\u00a0 \u00a0144<br \/>\n4.\u00a0\u00a0 \u00a0Deficitaria verdad procesal\u00a0\u00a0 \u00a0\u00a0\u00a0 \u00a0149<br \/>\n5.\u00a0\u00a0 \u00a0Merma de la eficacia preventiva de la pena\u00a0\u00a0 \u00a0\u00a0\u00a0 \u00a0153<br \/>\n6.\u00a0\u00a0 \u00a0Igualdad ante la ley\u00a0\u00a0 \u00a0\u00a0\u00a0 \u00a0156<br \/>\nIV.\u00a0\u00a0 \u00a0Conclusiones\u00a0\u00a0 \u00a0\u00a0\u00a0 \u00a0157<br \/>\nCap\u00edtulo VII<br \/>\nAcuerdos en el proceso penal: hacia la morigeraci\u00f3n de su car\u00e1cter coactivo<br \/>\nI.\u00a0\u00a0 \u00a0Introducci\u00f3n\u00a0\u00a0 \u00a0\u00a0\u00a0 \u00a0161<br \/>\nII.\u00a0\u00a0 \u00a0Sobre el concepto de acuerdos en el proceso penal, su origen, sus virtudes y sus defectos\u00a0\u00a0 \u00a0\u00a0\u00a0 \u00a0162<br \/>\nIII.\u00a0\u00a0 \u00a0Algunas medidas para atenuar el car\u00e1cter coactivo de los mecanismos de justicia penal negociada\u00a0\u00a0 \u00a0\u00a0\u00a0 \u00a0167<br \/>\n1.\u00a0\u00a0 \u00a0En relaci\u00f3n con los acuerdos sobre el m\u00e9rito de la pretensi\u00f3n punitiva\u00a0\u00a0 \u00a0\u00a0\u00a0 \u00a0167<br \/>\n2.\u00a0\u00a0 \u00a0Sobre la magnitud del beneficio punitivo\u00a0\u00a0 \u00a0\u00a0\u00a0 \u00a0169<br \/>\n3.\u00a0\u00a0 \u00a0Sobre la incidencia de la finalidad de la etapa intermedia\u00a0\u00a0 \u00a0\u00a0\u00a0 \u00a0173<br \/>\n4.\u00a0\u00a0 \u00a0En cuanto al uso de la prisi\u00f3n preventiva y la realidad carcelaria\u00a0\u00a0 \u00a0\u00a0\u00a0 \u00a0176<br \/>\nCap\u00edtulo VIII<br \/>\nEst\u00e1ndar probatorio en los mecanismos chilenos de justicia penal negociada<br \/>\nI.\u00a0\u00a0 \u00a0Introducci\u00f3n\u00a0\u00a0 \u00a0\u00a0\u00a0 \u00a0179<br \/>\nII.\u00a0\u00a0 \u00a0Est\u00e1ndar de decisi\u00f3n para condenar en el procedimiento abreviado, en el procedimiento simplificado con admisi\u00f3n de responsabilidad y en el procedimiento monitorio\u00a0\u00a0 \u00a0\u00a0\u00a0 \u00a0181<br \/>\nIII.\u00a0\u00a0 \u00a0Conclusiones\u00a0\u00a0 \u00a0\u00a0\u00a0 \u00a0192<br \/>\nCap\u00edtulo IX<br \/>\nAlgunos problemas interpretativos de la regulaci\u00f3n de las llamadas \u201csalidas alternativas\u201d<br \/>\nI.\u00a0\u00a0 \u00a0Introducci\u00f3n\u00a0\u00a0 \u00a0\u00a0\u00a0 \u00a0195<br \/>\nII.\u00a0\u00a0 \u00a0Sobre la naturaleza de la nueva imputaci\u00f3n penal id\u00f3nea para revocar la suspensi\u00f3n condicional del procedimiento\u00a0\u00a0 \u00a0\u00a0\u00a0 \u00a0197<br \/>\nIII.\u00a0\u00a0 \u00a0Sobre la (im)procedencia de revocar la suspensi\u00f3n condicional del procedimiento una vez vencido el plazo de suspensi\u00f3n, por no haberse cumplido las condiciones impuestas\u00a0\u00a0 \u00a0\u00a0\u00a0 \u00a0200<br \/>\nIV.\u00a0\u00a0 \u00a0\u00bfEs una omisi\u00f3n del legislador no exigir la presencia del defensor como requisito de validez de la audiencia de aprobaci\u00f3n de un acuerdo reparatorio?\u00a0\u00a0 \u00a0\u00a0\u00a0 \u00a0201<br \/>\nV.\u00a0\u00a0 \u00a0Sobre la (im)procedencia de revocar un acuerdo reparatorio por incumplimiento de las obligaciones contra\u00eddas\u00a0\u00a0 \u00a0\u00a0\u00a0 \u00a0204<br \/>\nTercera parte<br \/>\nRecursos procesales<br \/>\nCap\u00edtulo X<br \/>\nNecesidad de algunas reformas en el sistema recursivo del proceso penal chileno<br \/>\nI.\u00a0\u00a0 \u00a0Introducci\u00f3n\u00a0\u00a0 \u00a0\u00a0\u00a0 \u00a0211<br \/>\nII.\u00a0\u00a0 \u00a0Problema de la \u201cextensi\u00f3n\u201d de la prohibici\u00f3n de reforma en perjuicio al segundo juicio\u00a0\u00a0 \u00a0\u00a0\u00a0 \u00a0211<br \/>\nIII.\u00a0\u00a0 \u00a0Problema de la improcedencia de recursos contra la sentencia del nuevo juicio\u00a0\u00a0 \u00a0\u00a0\u00a0 \u00a0217<br \/>\nIV.\u00a0\u00a0 \u00a0Problema del abandono del recurso interpuesto en favor del imputado, por incomparecencia del defensor\u00a0\u00a0 \u00a0\u00a0\u00a0 \u00a0222<br \/>\nCap\u00edtulo XI<br \/>\nSobre el recurso que cabe contra la sentencia definitiva en el procedimiento simplificado cuando el imputado admite responsabilidad<br \/>\nI.\u00a0\u00a0 \u00a0Introducci\u00f3n\u00a0\u00a0 \u00a0\u00a0\u00a0 \u00a0233<br \/>\nII.\u00a0\u00a0 \u00a0De la oralidad y, en especial, de la inmediaci\u00f3n\u00a0\u00a0 \u00a0\u00a0\u00a0 \u00a0234<br \/>\nIII.\u00a0\u00a0 \u00a0Del recurso contra la sentencia definitiva en el procedimiento simplificado\u00a0\u00a0 \u00a0\u00a0\u00a0 \u00a0238<br \/>\nCap\u00edtulo XII<br \/>\nLa apelaci\u00f3n verbal del art\u00edculo 149 inciso segundo del CPP<br \/>\nI.\u00a0\u00a0 \u00a0Introducci\u00f3n\u00a0\u00a0 \u00a0\u00a0\u00a0 \u00a0251<br \/>\nII.\u00a0\u00a0 \u00a0Constitucionalidad del precepto\u00a0\u00a0 \u00a0\u00a0\u00a0 \u00a0253<br \/>\nIII.\u00a0\u00a0 \u00a0Problemas interpretativos resueltos por la Ley N\u00b0 20.931\u00a0\u00a0 \u00a0\u00a0\u00a0 \u00a0259<br \/>\n1.\u00a0\u00a0 \u00a0Alcance de la frase \u201c\u2026que tengan pena de crimen\u2026\u201d\u00a0\u00a0 \u00a0\u00a0\u00a0 \u00a0260<br \/>\n2.\u00a0\u00a0 \u00a0Sentido de la voz \u201cdetenido\u201d\u00a0\u00a0 \u00a0\u00a0\u00a0 \u00a0264<br \/>\n3.\u00a0\u00a0 \u00a0Sustituci\u00f3n por otra medida cautelar o reemplazo por cauci\u00f3n\u00a0\u00a0 \u00a0\u00a0\u00a0 \u00a0267<br \/>\nIV.\u00a0\u00a0 \u00a0Problemas interpretativos subsistentes tras la Ley N\u00b0 20.931\u00a0\u00a0 \u00a0\u00a0\u00a0 \u00a0270<br \/>\n1.\u00a0\u00a0 \u00a0Efectos de la apelaci\u00f3n\u00a0\u00a0 \u00a0\u00a0\u00a0 \u00a0270<br \/>\n2.\u00a0\u00a0 \u00a0Procedencia de exigir los requisitos generales de la apelaci\u00f3n\u00a0\u00a0 \u00a0\u00a0\u00a0 \u00a0274<br \/>\n3.\u00a0\u00a0 \u00a0Oportunidad de la apelaci\u00f3n\u00a0\u00a0 \u00a0\u00a0\u00a0 \u00a0275<br \/>\n4.\u00a0\u00a0 \u00a0Aplicaci\u00f3n en el juzgamiento de adolescentes\u00a0\u00a0 \u00a0\u00a0\u00a0 \u00a0277<br \/>\n5.\u00a0\u00a0 \u00a0Apelaci\u00f3n verbal del abogado asistente de fiscal y del querellante\u00a0\u00a0 \u00a0\u00a0\u00a0 \u00a0282<br \/>\n6.\u00a0\u00a0 \u00a0Calificaci\u00f3n jur\u00eddica determinante\u00a0\u00a0 \u00a0\u00a0\u00a0 \u00a0287<br \/>\nV.\u00a0\u00a0 \u00a0Conclusiones\u00a0\u00a0 \u00a0\u00a0\u00a0 \u00a0291<br \/>\nCuarta parte<br \/>\nMiscel\u00e1nea<br \/>\nCap\u00edtulo XIII<br \/>\nListado de causas de sobreseimiento definitivo como orden de prelaci\u00f3n<br \/>\nI.\u00a0\u00a0 \u00a0Introducci\u00f3n\u00a0\u00a0 \u00a0\u00a0\u00a0 \u00a0295<br \/>\nII.\u00a0\u00a0 \u00a0Examen de las causas de sobreseimiento definitivo\u00a0\u00a0 \u00a0\u00a0\u00a0 \u00a0295<br \/>\nIII.\u00a0\u00a0 \u00a0Soluci\u00f3n del problema\u00a0\u00a0 \u00a0\u00a0\u00a0 \u00a0299<br \/>\nCap\u00edtulo XIV<br \/>\nSobre el problema de los testigos de identidad reservada<br \/>\nI.\u00a0\u00a0 \u00a0Introducci\u00f3n\u00a0\u00a0 \u00a0\u00a0\u00a0 \u00a0305<br \/>\nII.\u00a0\u00a0 \u00a0Algunas manifestaciones de reserva de identidad de testigos en el Derecho nacional y extranjero\u00a0\u00a0 \u00a0\u00a0\u00a0 \u00a0306<br \/>\nIII.\u00a0\u00a0 \u00a0La reserva de identidad de testigos en el sistema internacional de protecci\u00f3n de derechos humanos\u00a0\u00a0 \u00a0\u00a0\u00a0 \u00a0309<br \/>\nIV.\u00a0\u00a0 \u00a0Juicio cr\u00edtico\u00a0\u00a0 \u00a0\u00a0\u00a0 \u00a0313<br \/>\nBibliograf\u00eda\u00a0\u00a0 \u00a0\u00a0\u00a0 \u00a0319<\/p>\n","protected":false},"excerpt":{"rendered":"<p>En los ya m\u00e1s de veinte a\u00f1os que han transcurrido desde la entrada en vigencia del actual sistema procesal penal chileno, su aplicaci\u00f3n ha dado lugar a distintos problemas interpretativos. En este libro se analizan y se proponen soluciones para varios de esos problemas, en particular, en el \u00e1mbito de las medidas coercitivas en el proceso penal (medidas cautelares, control de identidad y diligencias intrusivas), en el de los mecanismos de justicia penal negociada y en el de los recursos procesales. Adem\u00e1s, se examinan algunos problemas relativos al sobreseimiento y a los testigos de identidad reservada. El resultado es un texto que, apoyado en una copiosa bibliograf\u00eda, que incluye m\u00e1s de trescientos t\u00edtulos nacionales y extranjeros, y en una nutrida selecci\u00f3n de jurisprudencia de tribunales superiores, analiza, desde una perspectiva dogm\u00e1tica y cr\u00edtica, pero tambi\u00e9n con una orientaci\u00f3n pr\u00e1ctica, diferentes temas de gran relevancia para la comprensi\u00f3n y la aplicaci\u00f3n del proceso penal chileno. De all\u00ed que este libro est\u00e9 destinado a servir no solo como material de apoyo para docentes y estudiantes de derecho, sino tambi\u00e9n como texto de consulta para quienes se desempe\u00f1an como operadores en el sistema jurisdiccional penal, principalmente, jueces, fiscales, querellantes y defensores. \u00cdndice Prefacio\u00a0\u00a0 \u00a0\u00a0\u00a0 \u00a015 Pr\u00f3logo\u00a0\u00a0 \u00a0\u00a0\u00a0 \u00a017 Primera parte medidas coercitivas en el proceso penal: medidas cautelares, control de identidad y diligencias intrusivas Cap\u00edtulo I \u00bfAplicabilidad en el actual sistema procesal penal de las medidas del art\u00edculo 372 ter del C\u00f3digo Penal? I.\u00a0\u00a0 \u00a0Introducci\u00f3n\u00a0\u00a0 \u00a0\u00a0\u00a0 \u00a025 II.\u00a0\u00a0 \u00a0Naturaleza de las medidas del art\u00edculo 372 ter del CP\u00a0\u00a0 \u00a0\u00a0\u00a0 \u00a026 III.\u00a0\u00a0 \u00a0Comparaci\u00f3n de las medidas del art\u00edculo 372 ter del CP con las medidas del art\u00edculo 155 del CPP\u00a0\u00a0 \u00a0\u00a0\u00a0 \u00a033 IV.\u00a0\u00a0 \u00a0Inaplicabilidad de las medidas del art\u00edculo 372 ter del CP en el actual sistema procesal penal\u00a0\u00a0 \u00a0\u00a0\u00a0 \u00a034 V.\u00a0\u00a0 \u00a0Conclusiones\u00a0\u00a0 \u00a0\u00a0\u00a0 \u00a045 Cap\u00edtulo II Facultades aut\u00f3nomas de la polic\u00eda en el sistema procesal penal chileno I.\u00a0\u00a0 \u00a0Introducci\u00f3n\u00a0\u00a0 \u00a0\u00a0\u00a0 \u00a047 II.\u00a0\u00a0 \u00a0Consideraciones generales sobre autonom\u00eda y control de la polic\u00eda en el proceso penal\u00a0\u00a0 \u00a0\u00a0\u00a0 \u00a048 III.\u00a0\u00a0 \u00a0Actuaciones aut\u00f3nomas de la polic\u00eda en el CPP\u00a0\u00a0 \u00a0\u00a0\u00a0 \u00a051 1.\u00a0\u00a0 \u00a0Prestar auxilio a la v\u00edctima\u00a0\u00a0 \u00a0\u00a0\u00a0 \u00a051 2.\u00a0\u00a0 \u00a0Detener en hip\u00f3tesis de flagrancia\u00a0\u00a0 \u00a0\u00a0\u00a0 \u00a052 3.\u00a0\u00a0 \u00a0Resguardar el sitio del suceso\u00a0\u00a0 \u00a0\u00a0\u00a0 \u00a061 4.\u00a0\u00a0 \u00a0Identificar a testigos y consignar sus declaraciones\u00a0\u00a0 \u00a0\u00a0\u00a0 \u00a064 5.\u00a0\u00a0 \u00a0Recibir denuncias\u00a0\u00a0 \u00a0\u00a0\u00a0 \u00a067 6.\u00a0\u00a0 \u00a0Realizar otras actuaciones\u00a0\u00a0 \u00a0\u00a0\u00a0 \u00a067 7.\u00a0\u00a0 \u00a0Practicar control de identidad\u00a0\u00a0 \u00a0\u00a0\u00a0 \u00a068 8.\u00a0\u00a0 \u00a0Entrar en lugar cerrado y registrarlo\u00a0\u00a0 \u00a0\u00a0\u00a0 \u00a078 9.\u00a0\u00a0 \u00a0Incautar objetos y documentos\u00a0\u00a0 \u00a0\u00a0\u00a0 \u00a081 10.\u00a0\u00a0 \u00a0Interrogar al imputado\u00a0\u00a0 \u00a0\u00a0\u00a0 \u00a084 IV.\u00a0\u00a0 \u00a0Conclusi\u00f3n\u00a0\u00a0 \u00a0\u00a0\u00a0 \u00a085 Cap\u00edtulo III Significado de la voz \u201cdelito\u201d como supuesto de la detenci\u00f3n por flagrancia y como requisito de la prisi\u00f3n preventiva I.\u00a0\u00a0 \u00a0Introducci\u00f3n\u00a0\u00a0 \u00a0\u00a0\u00a0 \u00a087 II.\u00a0\u00a0 \u00a0Alcance del vocablo \u201cdelito\u201d para el examen de legalidad de la detenci\u00f3n por flagrancia\u00a0\u00a0 \u00a0\u00a0\u00a0 \u00a090 III.\u00a0\u00a0 \u00a0Significado de la voz \u201cdelito\u201d para la procedencia de la prisi\u00f3n preventiva\u00a0\u00a0 \u00a0\u00a0\u00a0 \u00a095 IV.\u00a0\u00a0 \u00a0Conclusiones\u00a0\u00a0 \u00a0\u00a0\u00a0 \u00a099 Cap\u00edtulo IV Sobre el sentido y alcance del peligro para la seguridad de la sociedad y del peligro de fuga en la regulaci\u00f3n de la prisi\u00f3n preventiva I.\u00a0\u00a0 \u00a0Introducci\u00f3n\u00a0\u00a0 \u00a0\u00a0\u00a0 \u00a0101 II.\u00a0\u00a0 \u00a0Peligro para la seguridad de la sociedad\u00a0\u00a0 \u00a0\u00a0\u00a0 \u00a0102 III.\u00a0\u00a0 \u00a0Peligro de fuga\u00a0\u00a0 \u00a0\u00a0\u00a0 \u00a0110 IV.\u00a0\u00a0 \u00a0Conclusiones\u00a0\u00a0 \u00a0\u00a0\u00a0 \u00a0113 Cap\u00edtulo V \u00bfAutorizaci\u00f3n judicial para fotograf\u00edas o filmaciones en lugares p\u00fablicos? A prop\u00f3sito de un fallo acerca del alcance del art\u00edculo 226 del CPP I.\u00a0\u00a0 \u00a0Introducci\u00f3n\u00a0\u00a0 \u00a0\u00a0\u00a0 \u00a0115 II.\u00a0\u00a0 \u00a0Sentido del art\u00edculo 226 del CPP\u00a0\u00a0 \u00a0\u00a0\u00a0 \u00a0116 III.\u00a0\u00a0 \u00a0Raz\u00f3n de la existencia del art\u00edculo 226 del CPP\u00a0\u00a0 \u00a0\u00a0\u00a0 \u00a0118 IV.\u00a0\u00a0 \u00a0Efectos del incumplimiento de lo dispuesto en el art\u00edculo 226 del CPP\u00a0\u00a0 \u00a0\u00a0\u00a0 \u00a0119 V.\u00a0\u00a0 \u00a0Excurso: Requisitos para autorizar diligencias de investigaci\u00f3n de car\u00e1cter intrusivo, en general, y fotograf\u00edas o filmaciones, en particular\u00a0\u00a0 \u00a0\u00a0\u00a0 \u00a0121 VI.\u00a0\u00a0 \u00a0Conclusiones\u00a0\u00a0 \u00a0\u00a0\u00a0 \u00a0125 Segunda parte Mecanismos de renuncia al juicio oral: justicia penal negociada Cap\u00edtulo VI Virtudes y defectos de los mecanismos de justicia penal negociada en Chile I.\u00a0\u00a0 \u00a0Introducci\u00f3n\u00a0\u00a0 \u00a0\u00a0\u00a0 \u00a0129 II.\u00a0\u00a0 \u00a0Ventajas y desventajas de los sistemas de justicia penal negociada\u00a0\u00a0 \u00a0\u00a0\u00a0 \u00a0133 1.\u00a0\u00a0 \u00a0Ventajas\u00a0\u00a0 \u00a0\u00a0\u00a0 \u00a0133 2.\u00a0\u00a0 \u00a0Desventajas\u00a0\u00a0 \u00a0\u00a0\u00a0 \u00a0135 III.\u00a0\u00a0 \u00a0Aplicabilidad o inaplicabilidad de los defectos y virtudes de los sistemas de justicia penal negociada en la regulaci\u00f3n chilena\u00a0\u00a0 \u00a0\u00a0\u00a0 \u00a0138 1.\u00a0\u00a0 \u00a0Consideraciones de eficiencia\u00a0\u00a0 \u00a0\u00a0\u00a0 \u00a0138 2.\u00a0\u00a0 \u00a0Incidencia en el juzgamiento en un plazo razonable\u00a0\u00a0 \u00a0\u00a0\u00a0 \u00a0143 3.\u00a0\u00a0 \u00a0Car\u00e1cter potencialmente coactivo\u00a0\u00a0 \u00a0\u00a0\u00a0 \u00a0144 4.\u00a0\u00a0 \u00a0Deficitaria verdad procesal\u00a0\u00a0 \u00a0\u00a0\u00a0 \u00a0149 5.\u00a0\u00a0 \u00a0Merma de la eficacia preventiva de la pena\u00a0\u00a0 \u00a0\u00a0\u00a0 \u00a0153 6.\u00a0\u00a0 \u00a0Igualdad ante la ley\u00a0\u00a0 \u00a0\u00a0\u00a0 \u00a0156 IV.\u00a0\u00a0 \u00a0Conclusiones\u00a0\u00a0 \u00a0\u00a0\u00a0 \u00a0157 Cap\u00edtulo VII Acuerdos en el proceso penal: hacia la morigeraci\u00f3n de su car\u00e1cter coactivo I.\u00a0\u00a0 \u00a0Introducci\u00f3n\u00a0\u00a0 \u00a0\u00a0\u00a0 \u00a0161 II.\u00a0\u00a0 \u00a0Sobre el concepto de acuerdos en el proceso penal, su origen, sus virtudes y sus defectos\u00a0\u00a0 \u00a0\u00a0\u00a0 \u00a0162 III.\u00a0\u00a0 \u00a0Algunas medidas para atenuar el car\u00e1cter coactivo de los mecanismos de justicia penal negociada\u00a0\u00a0 \u00a0\u00a0\u00a0 \u00a0167 1.\u00a0\u00a0 \u00a0En relaci\u00f3n con los acuerdos sobre el m\u00e9rito de la pretensi\u00f3n punitiva\u00a0\u00a0 \u00a0\u00a0\u00a0 \u00a0167 2.\u00a0\u00a0 \u00a0Sobre la magnitud del beneficio punitivo\u00a0\u00a0 \u00a0\u00a0\u00a0 \u00a0169 3.\u00a0\u00a0 \u00a0Sobre la incidencia de la finalidad de la etapa intermedia\u00a0\u00a0 \u00a0\u00a0\u00a0 \u00a0173 4.\u00a0\u00a0 \u00a0En cuanto al uso de la prisi\u00f3n preventiva y la realidad carcelaria\u00a0\u00a0 \u00a0\u00a0\u00a0 \u00a0176 Cap\u00edtulo VIII Est\u00e1ndar probatorio en los mecanismos chilenos de justicia penal negociada I.\u00a0\u00a0 \u00a0Introducci\u00f3n\u00a0\u00a0 \u00a0\u00a0\u00a0 \u00a0179 II.\u00a0\u00a0 \u00a0Est\u00e1ndar de decisi\u00f3n para condenar en el procedimiento abreviado, en el procedimiento simplificado con admisi\u00f3n de responsabilidad y en el procedimiento monitorio\u00a0\u00a0 \u00a0\u00a0\u00a0 \u00a0181 III.\u00a0\u00a0 \u00a0Conclusiones\u00a0\u00a0 \u00a0\u00a0\u00a0 \u00a0192 Cap\u00edtulo IX Algunos problemas interpretativos de la regulaci\u00f3n de las llamadas \u201csalidas alternativas\u201d I.\u00a0\u00a0 \u00a0Introducci\u00f3n\u00a0\u00a0 \u00a0\u00a0\u00a0 \u00a0195 II.\u00a0\u00a0 \u00a0Sobre la naturaleza de la nueva imputaci\u00f3n penal id\u00f3nea para revocar la suspensi\u00f3n condicional del procedimiento\u00a0\u00a0 \u00a0\u00a0\u00a0 \u00a0197 III.\u00a0\u00a0 \u00a0Sobre la (im)procedencia de revocar la suspensi\u00f3n condicional del procedimiento una vez vencido el plazo de suspensi\u00f3n, por no haberse cumplido las condiciones impuestas\u00a0\u00a0 \u00a0\u00a0\u00a0 \u00a0200 IV.\u00a0\u00a0 \u00a0\u00bfEs una omisi\u00f3n del legislador no exigir la presencia del defensor como requisito de validez de la audiencia de aprobaci\u00f3n de un acuerdo reparatorio?\u00a0\u00a0 \u00a0\u00a0\u00a0 \u00a0201 V.\u00a0\u00a0 \u00a0Sobre la (im)procedencia de revocar un acuerdo reparatorio por incumplimiento<\/p>\n","protected":false},"featured_media":3825,"comment_status":"open","ping_status":"closed","template":"","meta":{"inline_featured_image":false,"_joinchat":[]},"product_brand":[],"product_cat":[30,34],"product_tag":[],"class_list":{"0":"post-3795","1":"product","2":"type-product","3":"status-publish","4":"has-post-thumbnail","6":"product_cat-penal","7":"product_cat-procesal-penal","8":"product_shipping_class-a-convenir","10":"first","11":"instock","12":"shipping-taxable","13":"purchasable","14":"product-type-simple"},"_links":{"self":[{"href":"https:\/\/bibliotecajuridicavirtual.cl\/index.php\/wp-json\/wp\/v2\/product\/3795","targetHints":{"allow":["GET"]}}],"collection":[{"href":"https:\/\/bibliotecajuridicavirtual.cl\/index.php\/wp-json\/wp\/v2\/product"}],"about":[{"href":"https:\/\/bibliotecajuridicavirtual.cl\/index.php\/wp-json\/wp\/v2\/types\/product"}],"replies":[{"embeddable":true,"href":"https:\/\/bibliotecajuridicavirtual.cl\/index.php\/wp-json\/wp\/v2\/comments?post=3795"}],"wp:featuredmedia":[{"embeddable":true,"href":"https:\/\/bibliotecajuridicavirtual.cl\/index.php\/wp-json\/wp\/v2\/media\/3825"}],"wp:attachment":[{"href":"https:\/\/bibliotecajuridicavirtual.cl\/index.php\/wp-json\/wp\/v2\/media?parent=3795"}],"wp:term":[{"taxonomy":"product_brand","embeddable":true,"href":"https:\/\/bibliotecajuridicavirtual.cl\/index.php\/wp-json\/wp\/v2\/product_brand?post=3795"},{"taxonomy":"product_cat","embeddable":true,"href":"https:\/\/bibliotecajuridicavirtual.cl\/index.php\/wp-json\/wp\/v2\/product_cat?post=3795"},{"taxonomy":"product_tag","embeddable":true,"href":"https:\/\/bibliotecajuridicavirtual.cl\/index.php\/wp-json\/wp\/v2\/product_tag?post=3795"}],"curies":[{"name":"wp","href":"https:\/\/api.w.org\/{rel}","templated":true}]}}