{"id":3797,"date":"2026-02-28T01:20:30","date_gmt":"2026-02-28T04:20:30","guid":{"rendered":"https:\/\/bibliotecajuridicavirtual.cl\/?post_type=product&#038;p=3797"},"modified":"2026-02-28T01:20:40","modified_gmt":"2026-02-28T04:20:40","slug":"empresas-publicas-regimen-juridico-actas-de-las-xiv-jornadas-de-derecho-administrativo-2017-ano-2022-304-pag-autor-sonia-zuvanich-hirmas-y-alejandro-vergara-blanco","status":"publish","type":"product","link":"https:\/\/bibliotecajuridicavirtual.cl\/index.php\/product\/empresas-publicas-regimen-juridico-actas-de-las-xiv-jornadas-de-derecho-administrativo-2017-ano-2022-304-pag-autor-sonia-zuvanich-hirmas-y-alejandro-vergara-blanco\/","title":{"rendered":"Empresas p\u00fablicas: R\u00e9gimen Jur\u00eddico. Actas de las XIV Jornadas de Derecho Administrativo (2017).  A\u00f1o 2022 \/ 304 P\u00e1g. Autor Sonia Zuvanich Hirmas y Alejandro Vergara  Blanco."},"content":{"rendered":"<p>La presente obra re\u00fane trabajos presentados en las XIV Jornadas de Derecho Administrativo realizadas los d\u00edas 9 y 10 de octubre de 2017 en la Universidad de Magallanes, en Punta Arenas, Chile.<br \/>\nFruto de dicho encuentro acad\u00e9mico, profesores de derecho administrativo de diversas universidades del pa\u00eds elaboraron distintos trabajos de investigaci\u00f3n jur\u00eddica, los cuales son reunidos en esta obra.<br \/>\nEl tema central del libro es el r\u00e9gimen jur\u00eddico de las empresas p\u00fablicas; contiene catorce art\u00edculos que abordan la tem\u00e1tica desde distintas perspectivas: fundamentos de las empresas p\u00fablicas; \u00a0gesti\u00f3n, contrataci\u00f3n y control en este tipo de empresas; en fin, los problemas sectoriales que enfrentan.<br \/>\nLos temas investigados y desarrollados en esta obra resultan de especial inter\u00e9s para abogados, investigadores, empresarios, estudiantes de derecho y p\u00fablico en general, ya que permiten reflexionar sobre la realidad que enfrenta la actividad empresarial de la Administraci\u00f3n del Estado y las diferencias o semejanzas que existen respecto de la actividad privada.<\/p>\n<p>\u00cdNDICE<br \/>\nPresentaci\u00f3n\u00a0\u00a0 \u00a0\u00a0\u00a0 \u00a011<br \/>\nSonia Zuvanich Hirmas<br \/>\nParte 1<br \/>\nFUNDAMENTOS DE LA EMPRESA P\u00daBLICA<br \/>\nUna propuesta de justificaci\u00f3n de la autonom\u00eda de los conceptos de servicio p\u00fablico y empresa p\u00fablica\u00a0\u00a0 \u00a0\u00a0\u00a0 \u00a015<br \/>\nCarlos Dorn Garrido<br \/>\nLas concesiones, las asociaciones p\u00fablico-privadas y las empresas del Estado\u00a0\u00a0 \u00a0\u00a0\u00a0 \u00a035<br \/>\nMart\u00edn Loo Guti\u00e9rrez<br \/>\nExtinci\u00f3n de la empresa p\u00fablica\u00a0\u00a0 \u00a0\u00a0\u00a0 \u00a049<br \/>\nJos\u00e9 Miguel Valdivia<br \/>\nEl doble r\u00e9gimen jur\u00eddico de la actividad empresarial de la administraci\u00f3n\u00a0\u00a0 \u00a0\u00a0\u00a0 \u00a061<br \/>\nAlejandro Vergara Blanco<br \/>\nParte 2<br \/>\nEMPRESA P\u00daBLICA, GESTI\u00d3N Y CONTRATACI\u00d3N<br \/>\nEmpresas p\u00fablicas y contrataci\u00f3n administrativa\u00a0\u00a0 \u00a0\u00a0\u00a0 \u00a089<br \/>\nJuan Carlos Flores Rivas<br \/>\nPropuesta de un criterio sustancial para calificar de empresa p\u00fablica a las denominadas empresas privadas del Estado\u00a0\u00a0 \u00a0\u00a0\u00a0 \u00a0107<br \/>\nFabi\u00e1n Huepe Artigas<br \/>\nActividad empresarial del Estado y contrataci\u00f3n p\u00fablica: dificultades en la determinaci\u00f3n de las normas aplicables a prop\u00f3sito de la jurisprudencia de la Contralor\u00eda General de la Rep\u00fablica\u00a0\u00a0 \u00a0\u00a0\u00a0 \u00a0129<br \/>\nJos\u00e9 Luis Lara Arroyo<br \/>\nMat\u00edas Larroulet Philippi<br \/>\nParte 3<br \/>\nEL CONTROL DE LA EMPRESA P\u00daBLICA<br \/>\nLa diversidad org\u00e1nica y de r\u00e9gimen jur\u00eddico de las empresas del Estado y su impacto sobre su control institucional\u00a0\u00a0 \u00a0\u00a0\u00a0 \u00a0153<br \/>\nJuan Carlos Ferrada B\u00f3rquez<br \/>\nEl control de\u00a0m\u00e9rito, empresas estatales\u00a0y la Contralor\u00eda General de la Rep\u00fablica (CODELCO como pretexto)\u00a0\u00a0 \u00a0\u00a0\u00a0 \u00a0173<br \/>\nFelipe Lizama Allende<br \/>\nFrancisco Zambrano Meza<br \/>\nSistema nacional de control dentro de la actividad empresarial del Estado\u00a0\u00a0 \u00a0\u00a0\u00a0 \u00a0193<br \/>\nSandra Ponce De Le\u00f3n Salucci<br \/>\nParte 4<br \/>\nPROBLEMAS SECTORIALES DE EMPRESAS P\u00daBLICAS<br \/>\nEmpresa y Servicio del Estado: Una distinci\u00f3n finalista\u00a0\u00a0 \u00a0\u00a0\u00a0 \u00a0223<br \/>\nJaime Arancibia Mattar<br \/>\nCORMAG, Empresa P\u00fablica en Magallanes. Una alternativa para la Descentralizaci\u00f3n\u00a0\u00a0 \u00a0\u00a0\u00a0 \u00a0241<br \/>\nChristian Garc\u00eda Castillo<br \/>\nAnggie Flies A\u00f1\u00f3n<br \/>\nParticularidades de las empresas de la Industria de la Defensa Nacional\u00a0\u00a0 \u00a0\u00a0\u00a0 \u00a0259<br \/>\nFabi\u00e1n Mella Olivos<br \/>\nNaturaleza y funciones de la empresa portuaria estatal: el problema de la actividad de muellaje\u00a0\u00a0 \u00a0\u00a0\u00a0 \u00a0277<br \/>\nJaime Phillips Letelier<\/p>\n","protected":false},"excerpt":{"rendered":"<p>La presente obra re\u00fane trabajos presentados en las XIV Jornadas de Derecho Administrativo realizadas los d\u00edas 9 y 10 de octubre de 2017 en la Universidad de Magallanes, en Punta Arenas, Chile. Fruto de dicho encuentro acad\u00e9mico, profesores de derecho administrativo de diversas universidades del pa\u00eds elaboraron distintos trabajos de investigaci\u00f3n jur\u00eddica, los cuales son reunidos en esta obra. El tema central del libro es el r\u00e9gimen jur\u00eddico de las empresas p\u00fablicas; contiene catorce art\u00edculos que abordan la tem\u00e1tica desde distintas perspectivas: fundamentos de las empresas p\u00fablicas; \u00a0gesti\u00f3n, contrataci\u00f3n y control en este tipo de empresas; en fin, los problemas sectoriales que enfrentan. Los temas investigados y desarrollados en esta obra resultan de especial inter\u00e9s para abogados, investigadores, empresarios, estudiantes de derecho y p\u00fablico en general, ya que permiten reflexionar sobre la realidad que enfrenta la actividad empresarial de la Administraci\u00f3n del Estado y las diferencias o semejanzas que existen respecto de la actividad privada. \u00cdNDICE Presentaci\u00f3n\u00a0\u00a0 \u00a0\u00a0\u00a0 \u00a011 Sonia Zuvanich Hirmas Parte 1 FUNDAMENTOS DE LA EMPRESA P\u00daBLICA Una propuesta de justificaci\u00f3n de la autonom\u00eda de los conceptos de servicio p\u00fablico y empresa p\u00fablica\u00a0\u00a0 \u00a0\u00a0\u00a0 \u00a015 Carlos Dorn Garrido Las concesiones, las asociaciones p\u00fablico-privadas y las empresas del Estado\u00a0\u00a0 \u00a0\u00a0\u00a0 \u00a035 Mart\u00edn Loo Guti\u00e9rrez Extinci\u00f3n de la empresa p\u00fablica\u00a0\u00a0 \u00a0\u00a0\u00a0 \u00a049 Jos\u00e9 Miguel Valdivia El doble r\u00e9gimen jur\u00eddico de la actividad empresarial de la administraci\u00f3n\u00a0\u00a0 \u00a0\u00a0\u00a0 \u00a061 Alejandro Vergara Blanco Parte 2 EMPRESA P\u00daBLICA, GESTI\u00d3N Y CONTRATACI\u00d3N Empresas p\u00fablicas y contrataci\u00f3n administrativa\u00a0\u00a0 \u00a0\u00a0\u00a0 \u00a089 Juan Carlos Flores Rivas Propuesta de un criterio sustancial para calificar de empresa p\u00fablica a las denominadas empresas privadas del Estado\u00a0\u00a0 \u00a0\u00a0\u00a0 \u00a0107 Fabi\u00e1n Huepe Artigas Actividad empresarial del Estado y contrataci\u00f3n p\u00fablica: dificultades en la determinaci\u00f3n de las normas aplicables a prop\u00f3sito de la jurisprudencia de la Contralor\u00eda General de la Rep\u00fablica\u00a0\u00a0 \u00a0\u00a0\u00a0 \u00a0129 Jos\u00e9 Luis Lara Arroyo Mat\u00edas Larroulet Philippi Parte 3 EL CONTROL DE LA EMPRESA P\u00daBLICA La diversidad org\u00e1nica y de r\u00e9gimen jur\u00eddico de las empresas del Estado y su impacto sobre su control institucional\u00a0\u00a0 \u00a0\u00a0\u00a0 \u00a0153 Juan Carlos Ferrada B\u00f3rquez El control de\u00a0m\u00e9rito, empresas estatales\u00a0y la Contralor\u00eda General de la Rep\u00fablica (CODELCO como pretexto)\u00a0\u00a0 \u00a0\u00a0\u00a0 \u00a0173 Felipe Lizama Allende Francisco Zambrano Meza Sistema nacional de control dentro de la actividad empresarial del Estado\u00a0\u00a0 \u00a0\u00a0\u00a0 \u00a0193 Sandra Ponce De Le\u00f3n Salucci Parte 4 PROBLEMAS SECTORIALES DE EMPRESAS P\u00daBLICAS Empresa y Servicio del Estado: Una distinci\u00f3n finalista\u00a0\u00a0 \u00a0\u00a0\u00a0 \u00a0223 Jaime Arancibia Mattar CORMAG, Empresa P\u00fablica en Magallanes. Una alternativa para la Descentralizaci\u00f3n\u00a0\u00a0 \u00a0\u00a0\u00a0 \u00a0241 Christian Garc\u00eda Castillo Anggie Flies A\u00f1\u00f3n Particularidades de las empresas de la Industria de la Defensa Nacional\u00a0\u00a0 \u00a0\u00a0\u00a0 \u00a0259 Fabi\u00e1n Mella Olivos Naturaleza y funciones de la empresa portuaria estatal: el problema de la actividad de muellaje\u00a0\u00a0 \u00a0\u00a0\u00a0 \u00a0277 Jaime Phillips Letelier<\/p>\n","protected":false},"featured_media":3827,"comment_status":"open","ping_status":"closed","template":"","meta":{"inline_featured_image":false,"_joinchat":[]},"product_brand":[],"product_cat":[45],"product_tag":[],"class_list":{"0":"post-3797","1":"product","2":"type-product","3":"status-publish","4":"has-post-thumbnail","6":"product_cat-administrativo","7":"product_shipping_class-a-convenir","9":"first","10":"instock","11":"shipping-taxable","12":"purchasable","13":"product-type-simple"},"_links":{"self":[{"href":"https:\/\/bibliotecajuridicavirtual.cl\/index.php\/wp-json\/wp\/v2\/product\/3797","targetHints":{"allow":["GET"]}}],"collection":[{"href":"https:\/\/bibliotecajuridicavirtual.cl\/index.php\/wp-json\/wp\/v2\/product"}],"about":[{"href":"https:\/\/bibliotecajuridicavirtual.cl\/index.php\/wp-json\/wp\/v2\/types\/product"}],"replies":[{"embeddable":true,"href":"https:\/\/bibliotecajuridicavirtual.cl\/index.php\/wp-json\/wp\/v2\/comments?post=3797"}],"wp:featuredmedia":[{"embeddable":true,"href":"https:\/\/bibliotecajuridicavirtual.cl\/index.php\/wp-json\/wp\/v2\/media\/3827"}],"wp:attachment":[{"href":"https:\/\/bibliotecajuridicavirtual.cl\/index.php\/wp-json\/wp\/v2\/media?parent=3797"}],"wp:term":[{"taxonomy":"product_brand","embeddable":true,"href":"https:\/\/bibliotecajuridicavirtual.cl\/index.php\/wp-json\/wp\/v2\/product_brand?post=3797"},{"taxonomy":"product_cat","embeddable":true,"href":"https:\/\/bibliotecajuridicavirtual.cl\/index.php\/wp-json\/wp\/v2\/product_cat?post=3797"},{"taxonomy":"product_tag","embeddable":true,"href":"https:\/\/bibliotecajuridicavirtual.cl\/index.php\/wp-json\/wp\/v2\/product_tag?post=3797"}],"curies":[{"name":"wp","href":"https:\/\/api.w.org\/{rel}","templated":true}]}}