{"id":3799,"date":"2026-02-28T01:20:30","date_gmt":"2026-02-28T04:20:30","guid":{"rendered":"https:\/\/bibliotecajuridicavirtual.cl\/?post_type=product&#038;p=3799"},"modified":"2026-02-28T01:20:42","modified_gmt":"2026-02-28T04:20:42","slug":"litigacion-penal-estrategica-en-juicios-orales-rafael-blanco-suarez-mauricio-decap-leonardo-moreno-y-hugo-rojas-edicion-ano-2021-392-pag","status":"publish","type":"product","link":"https:\/\/bibliotecajuridicavirtual.cl\/index.php\/product\/litigacion-penal-estrategica-en-juicios-orales-rafael-blanco-suarez-mauricio-decap-leonardo-moreno-y-hugo-rojas-edicion-ano-2021-392-pag\/","title":{"rendered":"Litigaci\u00f3n Penal Estrat\u00e9gica en Juicios Orales * Rafael Blanco Suarez, Mauricio Decap , Leonardo Moreno y Hugo Rojas edici\u00f3n a\u00f1o 2021* 392 P\u00e1g."},"content":{"rendered":"<p>En Litigaci\u00f3n Penal Estrat\u00e9gica en Juicios Orales se explican y analizan destrezas y metodolog\u00edas avanzadas de litigaci\u00f3n en juicios orales ante tribunales penales, de modo que los jueces resuelvan en derecho a partir de evidencias y argumentos correctamente presentados.<br \/>\nEl texto aborda la fase de juicio oral desde la \u00f3ptica del litigante, revisando estrategias para el discurso de apertura, la examinaci\u00f3n directa y contraexaminaci\u00f3n de testigos y peritos, la formulaci\u00f3n de incidentes y objeciones, la incorporaci\u00f3n de prueba documental y material, y los aspectos centrales del discurso de clausura. Las orientaciones se formulan a partir de la Teor\u00eda del Caso, principal soporte metodol\u00f3gico y estrat\u00e9gico para una litigaci\u00f3n exitosa y representaci\u00f3n adecuada de intereses.<br \/>\nLas reformas procesales que se han llevado a cabo en Am\u00e9rica Latina, y que han establecido el proceso penal acusatorio, exigen a los actores jur\u00eddicos altos est\u00e1ndares de calidad en sus intervenciones, todo lo cual contribuye al fortalecimiento del estado de derecho, la democracia y los derechos humanos en la regi\u00f3n.<\/p>\n<p>&nbsp;<\/p>\n<p>\u00cdNDICE<br \/>\nLos autores\u00a0\u00a0 \u00a0\u00a0\u00a0 \u00a011<br \/>\nPresentaci\u00f3n\u00a0\u00a0 \u00a0\u00a0\u00a0 \u00a013<br \/>\nCap\u00edtulo 1:<br \/>\nTeor\u00eda del caso<br \/>\nI. Introducci\u00f3n\u00a0\u00a0 \u00a0\u00a0\u00a0 \u00a017<br \/>\nII. Concepto\u00a0\u00a0 \u00a0\u00a0\u00a0 \u00a018<br \/>\nIII. Oportunidad\u00a0\u00a0 \u00a0\u00a0\u00a0 \u00a020<br \/>\nIV. Caracter\u00edsticas\u00a0\u00a0 \u00a0\u00a0\u00a0 \u00a023<br \/>\nV. Utilidad e importancia\u00a0\u00a0 \u00a0\u00a0\u00a0 \u00a037<br \/>\nVI. Rol del Litigante\u00a0\u00a0 \u00a0\u00a0\u00a0 \u00a042<br \/>\nVII. Metodolog\u00eda\u00a0\u00a0 \u00a0\u00a0\u00a0 \u00a052<br \/>\n1.\u00a0\u00a0 \u00a0Generaci\u00f3n o elaboraci\u00f3n de un relato de hechos\u00a0\u00a0 \u00a0\u00a0\u00a0 \u00a054<br \/>\n2.\u00a0\u00a0 \u00a0Clasificaci\u00f3n de los hechos\u00a0\u00a0 \u00a0\u00a0\u00a0 \u00a061<br \/>\n3.\u00a0\u00a0 \u00a0Identificaci\u00f3n de la Teor\u00eda Jur\u00eddica a sostener o cuestionar\u00a0\u00a0 \u00a0\u00a0\u00a0 \u00a073<br \/>\n4.\u00a0\u00a0 \u00a0Identificaci\u00f3n de las proposiciones f\u2021cticas del caso\u00a0\u00a0 \u00a0\u00a0\u00a0 \u00a076<br \/>\n5.\u00a0\u00a0 \u00a0B\u0153squeda y selecci\u00f3n de evidencia o medios de convicci\u00f3n para acreditar la teor\u00eda del caso\u00a0\u00a0 \u00a0\u00a0\u00a0 \u00a080<br \/>\n6.\u00a0\u00a0 \u00a0Identificaci\u00f3n de la Teor\u00eda del Caso de la contraparte\u00a0\u00a0 \u00a0\u00a0\u00a0 \u00a091<br \/>\n7.\u00a0\u00a0 \u00a0Identificaci\u00f3n de las debilidades del caso\u00a0\u00a0 \u00a0\u00a0\u00a0 \u00a093<br \/>\n8.\u00a0\u00a0 \u00a0Clasificaci\u00f3n de la Evidencia\u00a0\u00a0 \u00a0\u00a0\u00a0 \u00a099<br \/>\n9.\u00a0\u00a0 \u00a0La forma de presentar el caso\u00a0\u00a0 \u00a0\u00a0\u00a0 \u00a0111<br \/>\nCap\u00edtulo 2:<br \/>\nDiscurso de Apertura<br \/>\nI. Planteamientos iniciales\u00a0\u00a0 \u00a0\u00a0\u00a0 \u00a0129<br \/>\nII. Objetivos estrat\u00e9gicos\u00a0\u00a0 \u00a0\u00a0\u00a0 \u00a0134<br \/>\nIII. Contenido\u00a0\u00a0 \u00a0\u00a0\u00a0 \u00a0138<br \/>\nIV. Estructura\u00a0\u00a0 \u00a0\u00a0\u00a0 \u00a0143<br \/>\nV. Recomendaciones adicionales\u00a0\u00a0 \u00a0\u00a0\u00a0 \u00a0154<br \/>\nVI. Variables estrat\u00e9gicas complejas para los litigantes\u00a0\u00a0 \u00a0\u00a0\u00a0 \u00a0158<br \/>\n1.\u00a0\u00a0 \u00a0Variables estrat\u00e9gicas para la fiscal\u00eda\u00a0\u00a0 \u00a0\u00a0\u00a0 \u00a0158<br \/>\n2.\u00a0\u00a0 \u00a0Variables estrat\u00e9gicas para la defensa\u00a0\u00a0 \u00a0\u00a0\u00a0 \u00a0160<br \/>\nVII. Variables relevantes para los tribunales\u00a0\u00a0 \u00a0\u00a0\u00a0 \u00a0162<br \/>\nVIII. Conclusiones\u00a0\u00a0 \u00a0\u00a0\u00a0 \u00a0165<br \/>\nCap\u00edtulo 3:<br \/>\nExamen Directo de testigos y peritos<br \/>\nI. Introducci\u00f3n\u00a0\u00a0 \u00a0\u00a0\u00a0 \u00a0167<br \/>\nII. Concepto\u00a0\u00a0 \u00a0\u00a0\u00a0 \u00a0169<br \/>\nIII. Utilidad\u00a0\u00a0 \u00a0\u00a0\u00a0 \u00a0170<br \/>\nIV. Objetivos estrat\u00e9gicos\u00a0\u00a0 \u00a0\u00a0\u00a0 \u00a0170<br \/>\nV. Preparaci\u00f3n previa del testigo\u00a0\u00a0 \u00a0\u00a0\u00a0 \u00a0171<br \/>\nVI. Estructura\u00a0\u00a0 \u00a0\u00a0\u00a0 \u00a0183<br \/>\n1.\u00a0\u00a0 \u00a0Parte introductoria y legitimaci\u00f3n del testigo\u00a0\u00a0 \u00a0\u00a0\u00a0 \u00a0183<br \/>\n2.\u00a0\u00a0 \u00a0Presentaci\u00f3n de los hechos del caso\u00a0\u00a0 \u00a0\u00a0\u00a0 \u00a0187<br \/>\n3.\u00a0\u00a0 \u00a0Tipos de preguntas\u00a0\u00a0 \u00a0\u00a0\u00a0 \u00a0192<br \/>\n4.\u00a0\u00a0 \u00a0Ejes problem\u2021ticos del examen directo\u00a0\u00a0 \u00a0\u00a0\u00a0 \u00a0196<br \/>\n5.\u00a0\u00a0 \u00a0Otras t\u00e9cnicas complementarias del examen directo\u00a0\u00a0 \u00a0\u00a0\u00a0 \u00a0200<br \/>\n6.\u00a0\u00a0 \u00a0Incorporaci\u00f3n de prueba material relacionada\u00a0\u00a0 \u00a0\u00a0\u00a0 \u00a0204<br \/>\n7.\u00a0\u00a0 \u00a0Parte final o remate del examen directo\u00a0\u00a0 \u00a0\u00a0\u00a0 \u00a0206<br \/>\n8.\u00a0\u00a0 \u00a0Segundo interrogatorio del testigo\u00a0\u00a0 \u00a0\u00a0\u00a0 \u00a0207<br \/>\nVII. Recomendaciones Finales\u00a0\u00a0 \u00a0\u00a0\u00a0 \u00a0208<br \/>\nVIII. Testigos Complejos\u00a0\u00a0 \u00a0\u00a0\u00a0 \u00a0209<br \/>\n1.\u00a0\u00a0 \u00a0Declaraci\u00f3n del acusado\u00a0\u00a0 \u00a0\u00a0\u00a0 \u00a0209<br \/>\n2.\u00a0\u00a0 \u00a0Declaraci\u00f3n de la v\u00edctima\u00a0\u00a0 \u00a0\u00a0\u00a0 \u00a0214<br \/>\n3.\u00a0\u00a0 \u00a0Declaraci\u00f3n del polic\u00eda\u00a0\u00a0 \u00a0\u00a0\u00a0 \u00a0218<br \/>\nIX. Examen Directo de Peritos\u00a0\u00a0 \u00a0\u00a0\u00a0 \u00a0220<br \/>\n1.\u00a0\u00a0 \u00a0Consideraciones iniciales\u00a0\u00a0 \u00a0\u00a0\u00a0 \u00a0220<br \/>\n2.\u00a0\u00a0 \u00a0Perito, metaperito y testigo experto\u00a0\u00a0 \u00a0\u00a0\u00a0 \u00a0223<br \/>\n3.\u00a0\u00a0 \u00a0Admisibilidad del perito\u00a0\u00a0 \u00a0\u00a0\u00a0 \u00a0224<br \/>\n4.\u00a0\u00a0 \u00a0Estructura del examen directo de peritos\u00a0\u00a0 \u00a0\u00a0\u00a0 \u00a0227<br \/>\n5.\u00a0\u00a0 \u00a0Recomendaciones adicionales\u00a0\u00a0 \u00a0\u00a0\u00a0 \u00a0232<br \/>\n6.\u00a0\u00a0 \u00a0Relaci\u00f3n entre examen directo del perito y discurso de clausura\u00a0\u00a0 \u00a0\u00a0\u00a0 \u00a0233<br \/>\nCap\u00edtulo 4:<br \/>\nContraexamen de testigos y peritos<br \/>\nI. Concepto, importancia y alcance\u00a0\u00a0 \u00a0\u00a0\u00a0 \u00a0237<br \/>\nII. Objetivos\u00a0\u00a0 \u00a0\u00a0\u00a0 \u00a0241<br \/>\nIII. Preparaci\u00f3n\u00a0\u00a0 \u00a0\u00a0\u00a0 \u00a0257<br \/>\nIV. Preguntas a utilizar en el contraexamen\u00a0\u00a0 \u00a0\u00a0\u00a0 \u00a0261<br \/>\nV. Comportamientos esperados de un contrainterrogador\u00a0\u00a0 \u00a0\u00a0\u00a0 \u00a0267<br \/>\nVI. \u00c0Siempre se debe contraexaminar?\u00a0\u00a0 \u00a0\u00a0\u00a0 \u00a0274<br \/>\nVII. Contraexamen del testigo hostil\u00a0\u00a0 \u00a0\u00a0\u00a0 \u00a0276<br \/>\nVIII. Otras consideraciones para un contraexamen efectivo\u00a0\u00a0 \u00a0\u00a0\u00a0 \u00a0278<br \/>\nIX. Impugnaci\u00f3n de testigos\u00a0\u00a0 \u00a0\u00a0\u00a0 \u00a0290<br \/>\nX. Contraexamen de peritos\u00a0\u00a0 \u00a0\u00a0\u00a0 \u00a0300<br \/>\nCap\u00edtulo 5:<br \/>\nObjeciones<br \/>\nI. Definici\u00f3n y fundamento\u00a0\u00a0 \u00a0\u00a0\u00a0 \u00a0311<br \/>\nII. Requisitos\u00a0\u00a0 \u00a0\u00a0\u00a0 \u00a0319<br \/>\nIII. Clasificaci\u00f3n de las preguntas objetables\u00a0\u00a0 \u00a0\u00a0\u00a0 \u00a0323<br \/>\nIV. Resoluci\u00f3n de la objeci\u00f3n\u00a0\u00a0 \u00a0\u00a0\u00a0 \u00a0332<br \/>\nV. Pertinencia de las objeciones (manejo estrat\u00e9gico)\u00a0\u00a0 \u00a0\u00a0\u00a0 \u00a0333<br \/>\nVI. Actuaci\u00f3n de oficio del tribunal\u00a0\u00a0 \u00a0\u00a0\u00a0 \u00a0335<br \/>\nCap\u00edtulo 6:<br \/>\nPrueba documental y prueba material<br \/>\nI. Aclaraciones conceptuales\u00a0\u00a0 \u00a0\u00a0\u00a0 \u00a0337<br \/>\nII. Confiabilidad en los instrumentos p\u0153blicos\u00a0\u00a0 \u00a0\u00a0\u00a0 \u00a0340<br \/>\nIII. Confiabilidad en los objetos\u00a0\u00a0 \u00a0\u00a0\u00a0 \u00a0341<br \/>\nIV. Confiabilidad en los instrumentos privados\u00a0\u00a0 \u00a0\u00a0\u00a0 \u00a0342<br \/>\nV. Reglas comunes para la incorporaci\u00f3n en juicio\u00a0\u00a0 \u00a0\u00a0\u00a0 \u00a0344<br \/>\n1.\u00a0\u00a0 \u00a0Acreditaci\u00f3n\u00a0\u00a0 \u00a0\u00a0\u00a0 \u00a0344<br \/>\n2.\u00a0\u00a0 \u00a0Relevancia de la prueba ofrecida. Selecci\u00f3n del testigo id\u00f3neo\u00a0\u00a0 \u00a0\u00a0\u00a0 \u00a0347<br \/>\n3.\u00a0\u00a0 \u00a0La idoneidad del declarante\u00a0\u00a0 \u00a0\u00a0\u00a0 \u00a0348<br \/>\n4.\u00a0\u00a0 \u00a0Exhibici\u00f3n del objeto o documento y credibilidad externa\u00a0\u00a0 \u00a0\u00a0\u00a0 \u00a0349<br \/>\n5.\u00a0\u00a0 \u00a0Desarrollo de la informaci\u00f3n y credibilidad interna\u00a0\u00a0 \u00a0\u00a0\u00a0 \u00a0350<br \/>\nVI. Cadena de custodia\u00a0\u00a0 \u00a0\u00a0\u00a0 \u00a0350<br \/>\nVII. Fases de la cadena de custodia\u00a0\u00a0 \u00a0\u00a0\u00a0 \u00a0352<br \/>\nVIII. Conclusiones\u00a0\u00a0 \u00a0\u00a0\u00a0 \u00a0354<br \/>\nCap\u00edtulo 7:<br \/>\nDiscurso de Clausura<br \/>\nI. Concepto y objetivos estrat\u00e9gicos\u00a0\u00a0 \u00a0\u00a0\u00a0 \u00a0357<br \/>\nII. Estructura\u00a0\u00a0 \u00a0\u00a0\u00a0 \u00a0358<br \/>\nIII. Finalidades espec\u00edficas\u00a0\u00a0 \u00a0\u00a0\u00a0 \u00a0361<br \/>\n1.\u00a0\u00a0 \u00a0Ordenar y sistematizar\u00a0\u00a0 \u00a0\u00a0\u00a0 \u00a0361<br \/>\n2.\u00a0\u00a0 \u00a0Enfatizar y persuadir\u00a0\u00a0 \u00a0\u00a0\u00a0 \u00a0362<br \/>\n3.\u00a0\u00a0 \u00a0Reforzar la teor\u00eda del caso propia\u00a0\u00a0 \u00a0\u00a0\u00a0 \u00a0363<br \/>\n4.\u00a0\u00a0 \u00a0Atacar la teor\u00eda del caso del contrario\u00a0\u00a0 \u00a0\u00a0\u00a0 \u00a0364<br \/>\n5.\u00a0\u00a0 \u00a0Distinguir entre prueba directa e indirecta\u00a0\u00a0 \u00a0\u00a0\u00a0 \u00a0365<br \/>\n6.\u00a0\u00a0 \u00a0Formular conclusiones\u00a0\u00a0 \u00a0\u00a0\u00a0 \u00a0371<br \/>\nIV. Conclusiones y recomendaciones finales\u00a0\u00a0 \u00a0\u00a0\u00a0 \u00a0372<br \/>\nBibliograf\u00eda\u00a0\u00a0 \u00a0\u00a0\u00a0 \u00a0379<\/p>\n","protected":false},"excerpt":{"rendered":"<p>Buscas un libro Jur\u00eddico.? Lo puedes encontrar en nuestra tienda virtual.<br \/>\nContamos con prestigiosos autores y muchas alternativas en sus diferentes materias al igual que grandes descuentos.! Vis\u00edtanos en <a class=\"zSvKgyodXUoGbhUhxSWpxUXaFuhWtTKexrM \" tabindex=\"0\" href=\"https:\/\/lnkd.in\/eiAG7jdZ\" target=\"_blank\" rel=\"noopener\" data-test-app-aware-link=\"\">https:\/\/lnkd.in\/eiAG7jdZ<\/a><br \/>\nEscr\u00edbenos al +56930565235 \/ <a class=\"zSvKgyodXUoGbhUhxSWpxUXaFuhWtTKexrM \" tabindex=\"0\" href=\"mailto:ventaslegallexglobal@gmail.com\" target=\"_self\" data-test-app-aware-link=\"\">ventaslegallexglobal@gmail.com<\/a><br \/>\nHacemos env\u00edos a todo Chile \u2013 Starken o Correos Chile \/ Te esperamos<\/p>\n","protected":false},"featured_media":3829,"comment_status":"open","ping_status":"closed","template":"","meta":{"inline_featured_image":false,"_joinchat":[]},"product_brand":[],"product_cat":[30],"product_tag":[],"class_list":{"0":"post-3799","1":"product","2":"type-product","3":"status-publish","4":"has-post-thumbnail","6":"product_cat-penal","7":"product_shipping_class-a-convenir","9":"first","10":"instock","11":"shipping-taxable","12":"purchasable","13":"product-type-simple"},"_links":{"self":[{"href":"https:\/\/bibliotecajuridicavirtual.cl\/index.php\/wp-json\/wp\/v2\/product\/3799","targetHints":{"allow":["GET"]}}],"collection":[{"href":"https:\/\/bibliotecajuridicavirtual.cl\/index.php\/wp-json\/wp\/v2\/product"}],"about":[{"href":"https:\/\/bibliotecajuridicavirtual.cl\/index.php\/wp-json\/wp\/v2\/types\/product"}],"replies":[{"embeddable":true,"href":"https:\/\/bibliotecajuridicavirtual.cl\/index.php\/wp-json\/wp\/v2\/comments?post=3799"}],"wp:featuredmedia":[{"embeddable":true,"href":"https:\/\/bibliotecajuridicavirtual.cl\/index.php\/wp-json\/wp\/v2\/media\/3829"}],"wp:attachment":[{"href":"https:\/\/bibliotecajuridicavirtual.cl\/index.php\/wp-json\/wp\/v2\/media?parent=3799"}],"wp:term":[{"taxonomy":"product_brand","embeddable":true,"href":"https:\/\/bibliotecajuridicavirtual.cl\/index.php\/wp-json\/wp\/v2\/product_brand?post=3799"},{"taxonomy":"product_cat","embeddable":true,"href":"https:\/\/bibliotecajuridicavirtual.cl\/index.php\/wp-json\/wp\/v2\/product_cat?post=3799"},{"taxonomy":"product_tag","embeddable":true,"href":"https:\/\/bibliotecajuridicavirtual.cl\/index.php\/wp-json\/wp\/v2\/product_tag?post=3799"}],"curies":[{"name":"wp","href":"https:\/\/api.w.org\/{rel}","templated":true}]}}