{"id":3800,"date":"2026-02-28T01:20:30","date_gmt":"2026-02-28T04:20:30","guid":{"rendered":"https:\/\/bibliotecajuridicavirtual.cl\/?post_type=product&#038;p=3800"},"modified":"2026-02-28T01:20:43","modified_gmt":"2026-02-28T04:20:43","slug":"la-imagen-de-la-mujer-en-la-poesia-amorosa-de-pablo-neruda-ano-2017-265-pag-autor-lupe-bohorques","status":"publish","type":"product","link":"https:\/\/bibliotecajuridicavirtual.cl\/index.php\/product\/la-imagen-de-la-mujer-en-la-poesia-amorosa-de-pablo-neruda-ano-2017-265-pag-autor-lupe-bohorques\/","title":{"rendered":"La imagen de la mujer en la poes\u00eda amorosa de Pablo Neruda. A\u00f1o 2017\/ 265 P\u00e1g. Autor Lupe Bohorques"},"content":{"rendered":"<p>Pablo Neruda ha sido considerado el gran poeta amatorio del siglo XX. Sin embargo, no existe en la actualidad ning\u00fan estudio en profundidad relacionado con la imagen de la mujer en su poes\u00eda amorosa, exceptuando numerosos art\u00edculos y diversos escritos sobre su obra de juventud Veinte poemas de amor y una canci\u00f3n desesperada. El objeto de esta investigaci\u00f3n es conocer el universo femenino creado por Neruda y plantear una lectura global de su poes\u00eda amorosa, demostrando que su imaginario femenino tiene sus ra\u00edces en la experiencia real con las mujeres que am\u00f3. Para ello, esta investigaci\u00f3n se centra en el estudio de la poes\u00eda amorosa de Neruda en el periodo comprendido entre 1923 y 1959 y determina las principales destinatarias de su poemas de amor , adem\u00e1s de revelarnos c\u00f3mo el poeta logra construir un universo propio donde gravita su particular imagen de la mujer , la poes\u00eda y el amor.<\/p>\n<p>&nbsp;<\/p>\n","protected":false},"excerpt":{"rendered":"<p>Pablo Neruda ha sido considerado el gran poeta amatorio del siglo XX. Sin embargo, no existe en la actualidad ning\u00fan estudio en profundidad relacionado con la imagen de la mujer en su poes\u00eda amorosa, exceptuando numerosos art\u00edculos y diversos escritos sobre su obra de juventud Veinte poemas de amor y una canci\u00f3n desesperada. El objeto de esta investigaci\u00f3n es conocer el universo femenino creado por Neruda y plantear una lectura global de su poes\u00eda amorosa, demostrando que su imaginario femenino tiene sus ra\u00edces en la experiencia real con las mujeres que am\u00f3. Para ello, esta investigaci\u00f3n se centra en el estudio de la poes\u00eda amorosa de Neruda en el periodo comprendido entre 1923 y 1959 y determina las principales destinatarias de su poemas de amor , adem\u00e1s de revelarnos c\u00f3mo el poeta logra construir un universo propio donde gravita su particular imagen de la mujer , la poes\u00eda y el amor. &nbsp;<\/p>\n","protected":false},"featured_media":3830,"comment_status":"open","ping_status":"closed","template":"","meta":{"inline_featured_image":false,"_joinchat":[]},"product_brand":[],"product_cat":[27],"product_tag":[],"class_list":{"0":"post-3800","1":"product","2":"type-product","3":"status-publish","4":"has-post-thumbnail","6":"product_cat-civil","7":"product_shipping_class-a-convenir","9":"first","10":"instock","11":"shipping-taxable","12":"purchasable","13":"product-type-simple"},"_links":{"self":[{"href":"https:\/\/bibliotecajuridicavirtual.cl\/index.php\/wp-json\/wp\/v2\/product\/3800","targetHints":{"allow":["GET"]}}],"collection":[{"href":"https:\/\/bibliotecajuridicavirtual.cl\/index.php\/wp-json\/wp\/v2\/product"}],"about":[{"href":"https:\/\/bibliotecajuridicavirtual.cl\/index.php\/wp-json\/wp\/v2\/types\/product"}],"replies":[{"embeddable":true,"href":"https:\/\/bibliotecajuridicavirtual.cl\/index.php\/wp-json\/wp\/v2\/comments?post=3800"}],"wp:featuredmedia":[{"embeddable":true,"href":"https:\/\/bibliotecajuridicavirtual.cl\/index.php\/wp-json\/wp\/v2\/media\/3830"}],"wp:attachment":[{"href":"https:\/\/bibliotecajuridicavirtual.cl\/index.php\/wp-json\/wp\/v2\/media?parent=3800"}],"wp:term":[{"taxonomy":"product_brand","embeddable":true,"href":"https:\/\/bibliotecajuridicavirtual.cl\/index.php\/wp-json\/wp\/v2\/product_brand?post=3800"},{"taxonomy":"product_cat","embeddable":true,"href":"https:\/\/bibliotecajuridicavirtual.cl\/index.php\/wp-json\/wp\/v2\/product_cat?post=3800"},{"taxonomy":"product_tag","embeddable":true,"href":"https:\/\/bibliotecajuridicavirtual.cl\/index.php\/wp-json\/wp\/v2\/product_tag?post=3800"}],"curies":[{"name":"wp","href":"https:\/\/api.w.org\/{rel}","templated":true}]}}