{"id":3804,"date":"2026-02-28T01:20:30","date_gmt":"2026-02-28T04:20:30","guid":{"rendered":"https:\/\/bibliotecajuridicavirtual.cl\/?post_type=product&#038;p=3804"},"modified":"2026-02-28T01:20:46","modified_gmt":"2026-02-28T04:20:46","slug":"derecho-y-situaciones-de-excepcionalidad-ano-2022-192-pag-autor-carlos-cespedes-munoz","status":"publish","type":"product","link":"https:\/\/bibliotecajuridicavirtual.cl\/index.php\/product\/derecho-y-situaciones-de-excepcionalidad-ano-2022-192-pag-autor-carlos-cespedes-munoz\/","title":{"rendered":"Derecho y situaciones de excepcionalidad. A\u00f1o 2022\/ 192 P\u00e1g. Autor Carlos C\u00e9spedes  Mu\u00f1oz"},"content":{"rendered":"<p>El fen\u00f3meno de la pandemia por Covid-19 nos demostr\u00f3 que los distintos ordenamientos no estaban suficientemente preparados para enfrentar r\u00e1pida y adecuadamente la contingencia suscitada por dicha enfermedad. R\u00e1pidamente se comenzaron a dictar diversas normas de emergencia por parte de los distintos Estados para tratar de contrarrestar los efectos adversos de la misma, provocando una evidente colisi\u00f3n con<br \/>\nlas instituciones jur\u00eddicas pensadas para tiempos de normalidad. Incluso, los efectos de la fuerza mayor y del caso fortuito fueron puestos en la palestra por no ser lo suficientemente comprehensivos de los distintos conflictos que se fueron generando. Pues bien, en tal escenario se enmarcan los trabajos que se exponen en este texto, procurando entregar soluciones en el \u00e1mbito civil, administrativo y laboral a los diversos<br \/>\nconflictos que se produjeron en esta particular situaci\u00f3n de excepcionalidad. Con ello, pretendemos entregar algunas coordenadas a los operadores jur\u00eddicos para ayudarles a resolver las principales controversias que se han suscitado.<\/p>\n<p>\u00cdNDICE<br \/>\nPRESENTACI\u00d3N\u00a0\u00a0 \u00a0\u00a0\u00a0 \u00a011<br \/>\nCASO FORTUITO, CONTRATO DE ARRIENDO DE LOCAL COMERCIAL Y SERVICIOS DE EDUCACION SUPERIOR EN SITUACIONES DE CRISIS SANITARIA\u00a0\u00a0 \u00a0\u00a0\u00a0 \u00a013<br \/>\nRodrigo Fuentes Gu\u00ed\u00f1ez<br \/>\nI.- Introducci\u00f3n\u00a0\u00a0 \u00a0\u00a0\u00a0 \u00a013<br \/>\nII.- EL CASO FORTUITO EN LA RESPONSABILIDAD CONTRACTUAL: SUS DOS VISIONES\u00a0\u00a0 \u00a0\u00a0\u00a0 \u00a015<br \/>\nIII.- LA PANDEMIA COVID-19 Y LAS MEDIDAS DE LA AUTORIDAD, \u00bfSUPUESTOS DE CASO FORTUITO?\u00a0\u00a0 \u00a0\u00a0\u00a0 \u00a020<br \/>\nIV.- EFECTOS DE LA CRISISIS SANITARIA EN LOS CONTRATOS DE ARRENDAMIENTO DE INMUEBLES COMERCIALES Y SERVICIOS DE EDUCACION SUPERIOR\u00a0\u00a0 \u00a0\u00a0\u00a0 \u00a024<br \/>\n1.- Contrato de arrendamiento de inmuebles comerciales\u00a0\u00a0 \u00a0\u00a0\u00a0 \u00a024<br \/>\n2.- Contrato de prestaci\u00f3n de servicios educacionales\u00a0\u00a0 \u00a0\u00a0\u00a0 \u00a030<br \/>\nV.- BIBLIOGRAF\u00cdA\u00a0\u00a0 \u00a0\u00a0\u00a0 \u00a033<br \/>\nALGUNAS CONSIDERACIONES EN TORNO A LA IMPOSIBILIDAD Y LA ALTERACI\u00d3N SOBREVENIDA DE LAS CIRCUNSTANCIAS CONTRACTUALES EN TIEMPOS DE COVID-19\u00a0\u00a0 \u00a0\u00a0\u00a0 \u00a037<br \/>\nGonzalo Montory Barriga<br \/>\nI.- INTRODUCCI\u00d3N\u00a0\u00a0 \u00a0\u00a0\u00a0 \u00a037<br \/>\nII.- EL CASO FORTUITO\u00a0\u00a0 \u00a0\u00a0\u00a0 \u00a038<br \/>\n1.- Sus requisitos\u00a0\u00a0 \u00a0\u00a0\u00a0 \u00a038<br \/>\n2.- Sus efectos\u00a0\u00a0 \u00a0\u00a0\u00a0 \u00a043<br \/>\nIII.- LA ALTERACI\u00d3N SOBREVENIDA DE LAS CIRCUNSTANCIAS\u00a0\u00a0 \u00a0\u00a0\u00a0 \u00a050<br \/>\n1.- Requisitos de la alteraci\u00f3n sobrevenida de las circunstancias\u00a0\u00a0 \u00a0\u00a0\u00a0 \u00a051<br \/>\n2.- Inconvenientes en su aplicaci\u00f3n\u00a0\u00a0 \u00a0\u00a0\u00a0 \u00a053<br \/>\n3.- Fundamentos que podr\u00edan autorizar la revisi\u00f3n o la resoluci\u00f3n de un contrato\u00a0\u00a0 \u00a0\u00a0\u00a0 \u00a054<br \/>\nIV.- CONCLUSI\u00d3N\u00a0\u00a0 \u00a0\u00a0\u00a0 \u00a058<br \/>\nV.- BIBLIOGRAF\u00cdA\u00a0\u00a0 \u00a0\u00a0\u00a0 \u00a059<br \/>\nResponsabilidad civil m\u00e9dica. Algunos aspectos problem\u00e1ticos y coronavirus\u00a0\u00a0 \u00a0\u00a0\u00a0 \u00a061<br \/>\nCristian Aedo Barrena<br \/>\nI. Introducci\u00f3n\u00a0\u00a0 \u00a0\u00a0\u00a0 \u00a061<br \/>\nII. R\u00e9gimen de responsabilidad civil m\u00e9dica\u00a0\u00a0 \u00a0\u00a0\u00a0 \u00a063<br \/>\nA) \u00a0La distinci\u00f3n de reg\u00edmenes en el Derecho com\u00fan\u00a0\u00a0 \u00a0\u00a0\u00a0 \u00a063<br \/>\nB) \u00a0Responsabilidad contractual m\u00e9dica\u00a0\u00a0 \u00a0\u00a0\u00a0 \u00a067<br \/>\n1. Obligaciones de medios y el debate sobre la carga de la prueba\u00a0\u00a0 \u00a0\u00a0\u00a0 \u00a068<br \/>\n2. Responsabilidad m\u00e9dica y obligaciones de resultado\u00a0\u00a0 \u00a0\u00a0\u00a0 \u00a070<br \/>\nA) Obligaciones de resultado y fin de protecci\u00f3n del contrato\u00a0\u00a0 \u00a0\u00a0\u00a0 \u00a070<br \/>\nB) Responsabilidad extracontractual m\u00e9dica\u00a0\u00a0 \u00a0\u00a0\u00a0 \u00a083<br \/>\nIII. Culpa m\u00e9dica: lex artis\u00a0\u00a0 \u00a0\u00a0\u00a0 \u00a085<br \/>\nA) Breve aproximaci\u00f3n a la culpa en la responsabilidad civil\u00a0\u00a0 \u00a0\u00a0\u00a0 \u00a085<br \/>\nB) Culpa m\u00e9dica: infracci\u00f3n a la lex artis\u00a0\u00a0 \u00a0\u00a0\u00a0 \u00a087<br \/>\nIV.- Conclusiones\u00a0\u00a0 \u00a0\u00a0\u00a0 \u00a098<br \/>\nV.- Referencias bibliogr\u00e1ficas\u00a0\u00a0 \u00a0\u00a0\u00a0 \u00a098<br \/>\nLa flexibilidad y precarizaci\u00f3n de los trabajadores por plataformas digitales y del teletrabajo\u00a0\u00a0 \u00a0\u00a0\u00a0 \u00a0111<br \/>\nYenny Pinto Sarmiento<br \/>\nI.- Introducci\u00f3n\u00a0\u00a0 \u00a0\u00a0\u00a0 \u00a0111<br \/>\nII.- Conclusiones\u00a0\u00a0 \u00a0\u00a0\u00a0 \u00a0131<br \/>\nIII.- Referencias bibliogr\u00e1ficas\u00a0\u00a0 \u00a0\u00a0\u00a0 \u00a0131<br \/>\nHERRAMIENTAS JUR\u00cdDICO\/P\u00daBLICAS PARA ENFRENTAR SITUACIONES DE EMERGENCIA\u00a0\u00a0 \u00a0\u00a0\u00a0 \u00a0137<br \/>\nValeska Opazo de la Fuente<br \/>\nI.- Introducci\u00f3n\u00a0\u00a0 \u00a0\u00a0\u00a0 \u00a0137<br \/>\nII.- Ley 16.282: disposiciones permanentes para casos de emergencia o cat\u00e1strofe. Enfrentar y prevenir\u00a0\u00a0 \u00a0\u00a0\u00a0 \u00a0139<br \/>\nIII.- Alerta Sanitaria: naturaleza administrativa de la declaraci\u00f3n\u00a0\u00a0 \u00a0\u00a0\u00a0 \u00a0141<br \/>\nIV.- Estados de Excepci\u00f3n Constitucional. Control jurisdiccional de la medida\u00a0\u00a0 \u00a0\u00a0\u00a0 \u00a0145<br \/>\nV.- Regulaci\u00f3n jur\u00eddica general de las situaciones de emergencia: principio de juridicidad y de coordinaci\u00f3n\u00a0\u00a0 \u00a0\u00a0\u00a0 \u00a0151<br \/>\n1.- Principio de juridicidad y los contextos de emergencia\u00a0\u00a0 \u00a0\u00a0\u00a0 \u00a0151<br \/>\n2.- Principio de coordinaci\u00f3n y los contextos de emergencia\u00a0\u00a0 \u00a0\u00a0\u00a0 \u00a0157<br \/>\nVI.- Semejanzas y diferencias concurrentes en las herramientas de excepci\u00f3n\u00a0\u00a0 \u00a0\u00a0\u00a0 \u00a0160<br \/>\n1.- Semejanzas existentes en los mecanismos de excepci\u00f3n\u00a0\u00a0 \u00a0\u00a0\u00a0 \u00a0160<br \/>\n2.- Diferencias existentes en las herramientas de excepci\u00f3n\u00a0\u00a0 \u00a0\u00a0\u00a0 \u00a0162<br \/>\nVII.- Conclusiones\u00a0\u00a0 \u00a0\u00a0\u00a0 \u00a0164<br \/>\nVIII.- Bibliograf\u00eda\u00a0\u00a0 \u00a0\u00a0\u00a0 \u00a0165<br \/>\nNOTAS SOBRE LA RESPONSABILIDAD DEL ESTADO Y, EN ESPECIAL, POR SUS ACTOS L\u00cdCITOS.\u00a0\u00a0 \u00a0\u00a0\u00a0 \u00a0169<br \/>\nCarlos C\u00e9spedes Mu\u00f1oz<br \/>\nI.- Antecedentes, supuestos y extensi\u00f3n\u00a0\u00a0 \u00a0\u00a0\u00a0 \u00a0169<br \/>\nII.- La hip\u00f3tesis de responsabilidad del Estado por falta de servicio\u00a0\u00a0 \u00a0\u00a0\u00a0 \u00a0171<br \/>\nIII.- La hip\u00f3tesis de responsabilidad del Estado (MOP) por desigual imposici\u00f3n de las cargas p\u00fablicas\u00a0\u00a0 \u00a0\u00a0\u00a0 \u00a0173<br \/>\nIV.- La indemnizaci\u00f3n expropiatoria: \u00bfsupuesto de responsabilidad civil?\u00a0\u00a0 \u00a0\u00a0\u00a0 \u00a0174<br \/>\nV.- Un supuesto particular en estado de excepci\u00f3n constitucional: las requisiciones y limitaciones al ejercicio del derecho de propiedad\u00a0\u00a0 \u00a0\u00a0\u00a0 \u00a0179<br \/>\nVI.- Las indemnizaciones anteriores constituyen supuestos de indemnizaciones por sacrificio\u00a0\u00a0 \u00a0\u00a0\u00a0 \u00a0181<br \/>\nVII.- Las indemnizaciones por intervenciones leg\u00edtimas del Estado en la propiedad de los particulares no constituyen supuestos de responsabilidad civil\u00a0\u00a0 \u00a0\u00a0\u00a0 \u00a0184<br \/>\nVIII.- Bibliograf\u00eda\u00a0\u00a0 \u00a0\u00a0\u00a0 \u00a0186<\/p>\n","protected":false},"excerpt":{"rendered":"<p>El fen\u00f3meno de la pandemia por Covid-19 nos demostr\u00f3 que los distintos ordenamientos no estaban suficientemente preparados para enfrentar r\u00e1pida y adecuadamente la contingencia suscitada por dicha enfermedad. R\u00e1pidamente se comenzaron a dictar diversas normas de emergencia por parte de los distintos Estados para tratar de contrarrestar los efectos adversos de la misma, provocando una evidente colisi\u00f3n con las instituciones jur\u00eddicas pensadas para tiempos de normalidad. Incluso, los efectos de la fuerza mayor y del caso fortuito fueron puestos en la palestra por no ser lo suficientemente comprehensivos de los distintos conflictos que se fueron generando. Pues bien, en tal escenario se enmarcan los trabajos que se exponen en este texto, procurando entregar soluciones en el \u00e1mbito civil, administrativo y laboral a los diversos conflictos que se produjeron en esta particular situaci\u00f3n de excepcionalidad. Con ello, pretendemos entregar algunas coordenadas a los operadores jur\u00eddicos para ayudarles a resolver las principales controversias que se han suscitado. \u00cdNDICE PRESENTACI\u00d3N\u00a0\u00a0 \u00a0\u00a0\u00a0 \u00a011 CASO FORTUITO, CONTRATO DE ARRIENDO DE LOCAL COMERCIAL Y SERVICIOS DE EDUCACION SUPERIOR EN SITUACIONES DE CRISIS SANITARIA\u00a0\u00a0 \u00a0\u00a0\u00a0 \u00a013 Rodrigo Fuentes Gu\u00ed\u00f1ez I.- Introducci\u00f3n\u00a0\u00a0 \u00a0\u00a0\u00a0 \u00a013 II.- EL CASO FORTUITO EN LA RESPONSABILIDAD CONTRACTUAL: SUS DOS VISIONES\u00a0\u00a0 \u00a0\u00a0\u00a0 \u00a015 III.- LA PANDEMIA COVID-19 Y LAS MEDIDAS DE LA AUTORIDAD, \u00bfSUPUESTOS DE CASO FORTUITO?\u00a0\u00a0 \u00a0\u00a0\u00a0 \u00a020 IV.- EFECTOS DE LA CRISISIS SANITARIA EN LOS CONTRATOS DE ARRENDAMIENTO DE INMUEBLES COMERCIALES Y SERVICIOS DE EDUCACION SUPERIOR\u00a0\u00a0 \u00a0\u00a0\u00a0 \u00a024 1.- Contrato de arrendamiento de inmuebles comerciales\u00a0\u00a0 \u00a0\u00a0\u00a0 \u00a024 2.- Contrato de prestaci\u00f3n de servicios educacionales\u00a0\u00a0 \u00a0\u00a0\u00a0 \u00a030 V.- BIBLIOGRAF\u00cdA\u00a0\u00a0 \u00a0\u00a0\u00a0 \u00a033 ALGUNAS CONSIDERACIONES EN TORNO A LA IMPOSIBILIDAD Y LA ALTERACI\u00d3N SOBREVENIDA DE LAS CIRCUNSTANCIAS CONTRACTUALES EN TIEMPOS DE COVID-19\u00a0\u00a0 \u00a0\u00a0\u00a0 \u00a037 Gonzalo Montory Barriga I.- INTRODUCCI\u00d3N\u00a0\u00a0 \u00a0\u00a0\u00a0 \u00a037 II.- EL CASO FORTUITO\u00a0\u00a0 \u00a0\u00a0\u00a0 \u00a038 1.- Sus requisitos\u00a0\u00a0 \u00a0\u00a0\u00a0 \u00a038 2.- Sus efectos\u00a0\u00a0 \u00a0\u00a0\u00a0 \u00a043 III.- LA ALTERACI\u00d3N SOBREVENIDA DE LAS CIRCUNSTANCIAS\u00a0\u00a0 \u00a0\u00a0\u00a0 \u00a050 1.- Requisitos de la alteraci\u00f3n sobrevenida de las circunstancias\u00a0\u00a0 \u00a0\u00a0\u00a0 \u00a051 2.- Inconvenientes en su aplicaci\u00f3n\u00a0\u00a0 \u00a0\u00a0\u00a0 \u00a053 3.- Fundamentos que podr\u00edan autorizar la revisi\u00f3n o la resoluci\u00f3n de un contrato\u00a0\u00a0 \u00a0\u00a0\u00a0 \u00a054 IV.- CONCLUSI\u00d3N\u00a0\u00a0 \u00a0\u00a0\u00a0 \u00a058 V.- BIBLIOGRAF\u00cdA\u00a0\u00a0 \u00a0\u00a0\u00a0 \u00a059 Responsabilidad civil m\u00e9dica. Algunos aspectos problem\u00e1ticos y coronavirus\u00a0\u00a0 \u00a0\u00a0\u00a0 \u00a061 Cristian Aedo Barrena I. Introducci\u00f3n\u00a0\u00a0 \u00a0\u00a0\u00a0 \u00a061 II. R\u00e9gimen de responsabilidad civil m\u00e9dica\u00a0\u00a0 \u00a0\u00a0\u00a0 \u00a063 A) \u00a0La distinci\u00f3n de reg\u00edmenes en el Derecho com\u00fan\u00a0\u00a0 \u00a0\u00a0\u00a0 \u00a063 B) \u00a0Responsabilidad contractual m\u00e9dica\u00a0\u00a0 \u00a0\u00a0\u00a0 \u00a067 1. Obligaciones de medios y el debate sobre la carga de la prueba\u00a0\u00a0 \u00a0\u00a0\u00a0 \u00a068 2. Responsabilidad m\u00e9dica y obligaciones de resultado\u00a0\u00a0 \u00a0\u00a0\u00a0 \u00a070 A) Obligaciones de resultado y fin de protecci\u00f3n del contrato\u00a0\u00a0 \u00a0\u00a0\u00a0 \u00a070 B) Responsabilidad extracontractual m\u00e9dica\u00a0\u00a0 \u00a0\u00a0\u00a0 \u00a083 III. Culpa m\u00e9dica: lex artis\u00a0\u00a0 \u00a0\u00a0\u00a0 \u00a085 A) Breve aproximaci\u00f3n a la culpa en la responsabilidad civil\u00a0\u00a0 \u00a0\u00a0\u00a0 \u00a085 B) Culpa m\u00e9dica: infracci\u00f3n a la lex artis\u00a0\u00a0 \u00a0\u00a0\u00a0 \u00a087 IV.- Conclusiones\u00a0\u00a0 \u00a0\u00a0\u00a0 \u00a098 V.- Referencias bibliogr\u00e1ficas\u00a0\u00a0 \u00a0\u00a0\u00a0 \u00a098 La flexibilidad y precarizaci\u00f3n de los trabajadores por plataformas digitales y del teletrabajo\u00a0\u00a0 \u00a0\u00a0\u00a0 \u00a0111 Yenny Pinto Sarmiento I.- Introducci\u00f3n\u00a0\u00a0 \u00a0\u00a0\u00a0 \u00a0111 II.- Conclusiones\u00a0\u00a0 \u00a0\u00a0\u00a0 \u00a0131 III.- Referencias bibliogr\u00e1ficas\u00a0\u00a0 \u00a0\u00a0\u00a0 \u00a0131 HERRAMIENTAS JUR\u00cdDICO\/P\u00daBLICAS PARA ENFRENTAR SITUACIONES DE EMERGENCIA\u00a0\u00a0 \u00a0\u00a0\u00a0 \u00a0137 Valeska Opazo de la Fuente I.- Introducci\u00f3n\u00a0\u00a0 \u00a0\u00a0\u00a0 \u00a0137 II.- Ley 16.282: disposiciones permanentes para casos de emergencia o cat\u00e1strofe. Enfrentar y prevenir\u00a0\u00a0 \u00a0\u00a0\u00a0 \u00a0139 III.- Alerta Sanitaria: naturaleza administrativa de la declaraci\u00f3n\u00a0\u00a0 \u00a0\u00a0\u00a0 \u00a0141 IV.- Estados de Excepci\u00f3n Constitucional. Control jurisdiccional de la medida\u00a0\u00a0 \u00a0\u00a0\u00a0 \u00a0145 V.- Regulaci\u00f3n jur\u00eddica general de las situaciones de emergencia: principio de juridicidad y de coordinaci\u00f3n\u00a0\u00a0 \u00a0\u00a0\u00a0 \u00a0151 1.- Principio de juridicidad y los contextos de emergencia\u00a0\u00a0 \u00a0\u00a0\u00a0 \u00a0151 2.- Principio de coordinaci\u00f3n y los contextos de emergencia\u00a0\u00a0 \u00a0\u00a0\u00a0 \u00a0157 VI.- Semejanzas y diferencias concurrentes en las herramientas de excepci\u00f3n\u00a0\u00a0 \u00a0\u00a0\u00a0 \u00a0160 1.- Semejanzas existentes en los mecanismos de excepci\u00f3n\u00a0\u00a0 \u00a0\u00a0\u00a0 \u00a0160 2.- Diferencias existentes en las herramientas de excepci\u00f3n\u00a0\u00a0 \u00a0\u00a0\u00a0 \u00a0162 VII.- Conclusiones\u00a0\u00a0 \u00a0\u00a0\u00a0 \u00a0164 VIII.- Bibliograf\u00eda\u00a0\u00a0 \u00a0\u00a0\u00a0 \u00a0165 NOTAS SOBRE LA RESPONSABILIDAD DEL ESTADO Y, EN ESPECIAL, POR SUS ACTOS L\u00cdCITOS.\u00a0\u00a0 \u00a0\u00a0\u00a0 \u00a0169 Carlos C\u00e9spedes Mu\u00f1oz I.- Antecedentes, supuestos y extensi\u00f3n\u00a0\u00a0 \u00a0\u00a0\u00a0 \u00a0169 II.- La hip\u00f3tesis de responsabilidad del Estado por falta de servicio\u00a0\u00a0 \u00a0\u00a0\u00a0 \u00a0171 III.- La hip\u00f3tesis de responsabilidad del Estado (MOP) por desigual imposici\u00f3n de las cargas p\u00fablicas\u00a0\u00a0 \u00a0\u00a0\u00a0 \u00a0173 IV.- La indemnizaci\u00f3n expropiatoria: \u00bfsupuesto de responsabilidad civil?\u00a0\u00a0 \u00a0\u00a0\u00a0 \u00a0174 V.- Un supuesto particular en estado de excepci\u00f3n constitucional: las requisiciones y limitaciones al ejercicio del derecho de propiedad\u00a0\u00a0 \u00a0\u00a0\u00a0 \u00a0179 VI.- Las indemnizaciones anteriores constituyen supuestos de indemnizaciones por sacrificio\u00a0\u00a0 \u00a0\u00a0\u00a0 \u00a0181 VII.- Las indemnizaciones por intervenciones leg\u00edtimas del Estado en la propiedad de los particulares no constituyen supuestos de responsabilidad civil\u00a0\u00a0 \u00a0\u00a0\u00a0 \u00a0184 VIII.- Bibliograf\u00eda\u00a0\u00a0 \u00a0\u00a0\u00a0 \u00a0186<\/p>\n","protected":false},"featured_media":3834,"comment_status":"open","ping_status":"closed","template":"","meta":{"inline_featured_image":false,"_joinchat":[]},"product_brand":[],"product_cat":[27],"product_tag":[],"class_list":{"0":"post-3804","1":"product","2":"type-product","3":"status-publish","4":"has-post-thumbnail","6":"product_cat-civil","7":"product_shipping_class-a-convenir","9":"first","10":"instock","11":"shipping-taxable","12":"purchasable","13":"product-type-simple"},"_links":{"self":[{"href":"https:\/\/bibliotecajuridicavirtual.cl\/index.php\/wp-json\/wp\/v2\/product\/3804","targetHints":{"allow":["GET"]}}],"collection":[{"href":"https:\/\/bibliotecajuridicavirtual.cl\/index.php\/wp-json\/wp\/v2\/product"}],"about":[{"href":"https:\/\/bibliotecajuridicavirtual.cl\/index.php\/wp-json\/wp\/v2\/types\/product"}],"replies":[{"embeddable":true,"href":"https:\/\/bibliotecajuridicavirtual.cl\/index.php\/wp-json\/wp\/v2\/comments?post=3804"}],"wp:featuredmedia":[{"embeddable":true,"href":"https:\/\/bibliotecajuridicavirtual.cl\/index.php\/wp-json\/wp\/v2\/media\/3834"}],"wp:attachment":[{"href":"https:\/\/bibliotecajuridicavirtual.cl\/index.php\/wp-json\/wp\/v2\/media?parent=3804"}],"wp:term":[{"taxonomy":"product_brand","embeddable":true,"href":"https:\/\/bibliotecajuridicavirtual.cl\/index.php\/wp-json\/wp\/v2\/product_brand?post=3804"},{"taxonomy":"product_cat","embeddable":true,"href":"https:\/\/bibliotecajuridicavirtual.cl\/index.php\/wp-json\/wp\/v2\/product_cat?post=3804"},{"taxonomy":"product_tag","embeddable":true,"href":"https:\/\/bibliotecajuridicavirtual.cl\/index.php\/wp-json\/wp\/v2\/product_tag?post=3804"}],"curies":[{"name":"wp","href":"https:\/\/api.w.org\/{rel}","templated":true}]}}