{"id":3807,"date":"2026-02-28T01:20:30","date_gmt":"2026-02-28T04:20:30","guid":{"rendered":"https:\/\/bibliotecajuridicavirtual.cl\/?post_type=product&#038;p=3807"},"modified":"2026-02-28T01:20:48","modified_gmt":"2026-02-28T04:20:48","slug":"libertad-economica-libre-competencia-y-derecho-del-consumidor-un-panorama-critico-una-vision-integral-ano-2017-358-pag-autor-julio-alvear-tellez","status":"publish","type":"product","link":"https:\/\/bibliotecajuridicavirtual.cl\/index.php\/product\/libertad-economica-libre-competencia-y-derecho-del-consumidor-un-panorama-critico-una-vision-integral-ano-2017-358-pag-autor-julio-alvear-tellez\/","title":{"rendered":"Libertad Econ\u00f3mica, Libre Competencia y Derecho del Consumidor un Panorama Cr\u00edtico. Una Visi\u00f3n Integral. A\u00f1o 2017 \/ 358 P\u00e1g. Autor Julio Alvear T\u00e9llez"},"content":{"rendered":"<p>Libro en papel s\u00f3lo disponible en IBD (impresi\u00f3n bajo demanda). El libro bajo demanda se imprime de forma autom\u00e1tica y de manera exclusiva para cada cliente. No admite devoluci\u00f3n.<\/p>\n<p>La libertad econ\u00f3mica &#8211; particularmente la libertad de empresa &#8211; es un derecho fundamental que exige un ajuste entre el inter\u00e9s individual y el bien com\u00fan. La presente obra constituye un esfuerzo por fundamentar y desarrollar cient\u00edficamente esta tesis, de cara a las controversias que se han planteado en Chile y en el mundo a prop\u00f3sito de los denominados &#8220;abusos&#8221; de la gran empresa. Desde el \u00e1ngulo jur\u00eddico y econ\u00f3mico ese ajuste es posible solo a trav\u00e9s de una visi\u00f3n integral de la libertad de empresa. Esta debe concurrir con la libertad econ\u00f3mica de terceros (particularmente de los peque\u00f1os y medianos empresarios) en el marco de una competencia real, leal y suficiente. Pero tambi\u00e9n con los derechos del consumidor, de los trabajadores y, en general, con los derechos sociales. Cuando hay &#8220;conflicto&#8221;, es porque uno de los derechos se est\u00e1 ejerciendo de un modo ileg\u00edtimo, y no se est\u00e1n respetando los criterios de justicia a trav\u00e9s de los cuales se alcanza la concurrencia. En este libro se delimita el problema y se proponen soluciones revisando por completo la doctrina y la jurisprudencia chilena en sus diversas sedes. En una s\u00edntesis inigualable, las conclusiones jur\u00eddicas se enriquecen con la suplementaria perspectiva de la historia, la filosof\u00eda econ\u00f3mica y la reflexi\u00f3n pol\u00edtica.<\/p>\n<p>&nbsp;<\/p>\n","protected":false},"excerpt":{"rendered":"<p>Libro en papel s\u00f3lo disponible en IBD (impresi\u00f3n bajo demanda). El libro bajo demanda se imprime de forma autom\u00e1tica y de manera exclusiva para cada cliente. No admite devoluci\u00f3n. La libertad econ\u00f3mica &#8211; particularmente la libertad de empresa &#8211; es un derecho fundamental que exige un ajuste entre el inter\u00e9s individual y el bien com\u00fan. La presente obra constituye un esfuerzo por fundamentar y desarrollar cient\u00edficamente esta tesis, de cara a las controversias que se han planteado en Chile y en el mundo a prop\u00f3sito de los denominados &#8220;abusos&#8221; de la gran empresa. Desde el \u00e1ngulo jur\u00eddico y econ\u00f3mico ese ajuste es posible solo a trav\u00e9s de una visi\u00f3n integral de la libertad de empresa. Esta debe concurrir con la libertad econ\u00f3mica de terceros (particularmente de los peque\u00f1os y medianos empresarios) en el marco de una competencia real, leal y suficiente. Pero tambi\u00e9n con los derechos del consumidor, de los trabajadores y, en general, con los derechos sociales. Cuando hay &#8220;conflicto&#8221;, es porque uno de los derechos se est\u00e1 ejerciendo de un modo ileg\u00edtimo, y no se est\u00e1n respetando los criterios de justicia a trav\u00e9s de los cuales se alcanza la concurrencia. En este libro se delimita el problema y se proponen soluciones revisando por completo la doctrina y la jurisprudencia chilena en sus diversas sedes. En una s\u00edntesis inigualable, las conclusiones jur\u00eddicas se enriquecen con la suplementaria perspectiva de la historia, la filosof\u00eda econ\u00f3mica y la reflexi\u00f3n pol\u00edtica. &nbsp;<\/p>\n","protected":false},"featured_media":3837,"comment_status":"open","ping_status":"closed","template":"","meta":{"inline_featured_image":false,"_joinchat":[]},"product_brand":[],"product_cat":[27],"product_tag":[],"class_list":{"0":"post-3807","1":"product","2":"type-product","3":"status-publish","4":"has-post-thumbnail","6":"product_cat-civil","7":"product_shipping_class-a-convenir","9":"first","10":"instock","11":"shipping-taxable","12":"purchasable","13":"product-type-simple"},"_links":{"self":[{"href":"https:\/\/bibliotecajuridicavirtual.cl\/index.php\/wp-json\/wp\/v2\/product\/3807","targetHints":{"allow":["GET"]}}],"collection":[{"href":"https:\/\/bibliotecajuridicavirtual.cl\/index.php\/wp-json\/wp\/v2\/product"}],"about":[{"href":"https:\/\/bibliotecajuridicavirtual.cl\/index.php\/wp-json\/wp\/v2\/types\/product"}],"replies":[{"embeddable":true,"href":"https:\/\/bibliotecajuridicavirtual.cl\/index.php\/wp-json\/wp\/v2\/comments?post=3807"}],"wp:featuredmedia":[{"embeddable":true,"href":"https:\/\/bibliotecajuridicavirtual.cl\/index.php\/wp-json\/wp\/v2\/media\/3837"}],"wp:attachment":[{"href":"https:\/\/bibliotecajuridicavirtual.cl\/index.php\/wp-json\/wp\/v2\/media?parent=3807"}],"wp:term":[{"taxonomy":"product_brand","embeddable":true,"href":"https:\/\/bibliotecajuridicavirtual.cl\/index.php\/wp-json\/wp\/v2\/product_brand?post=3807"},{"taxonomy":"product_cat","embeddable":true,"href":"https:\/\/bibliotecajuridicavirtual.cl\/index.php\/wp-json\/wp\/v2\/product_cat?post=3807"},{"taxonomy":"product_tag","embeddable":true,"href":"https:\/\/bibliotecajuridicavirtual.cl\/index.php\/wp-json\/wp\/v2\/product_tag?post=3807"}],"curies":[{"name":"wp","href":"https:\/\/api.w.org\/{rel}","templated":true}]}}