{"id":3809,"date":"2026-02-28T01:20:30","date_gmt":"2026-02-28T04:20:30","guid":{"rendered":"https:\/\/bibliotecajuridicavirtual.cl\/?post_type=product&#038;p=3809"},"modified":"2026-02-28T01:20:49","modified_gmt":"2026-02-28T04:20:49","slug":"solidaridad-obligacional-diez-estudios-sobre-sus-aspectos-civiles-y-procesales-ano-2019-286-pag-autor-hernan-corral-talciani-y-alejandro-romero-seguel","status":"publish","type":"product","link":"https:\/\/bibliotecajuridicavirtual.cl\/index.php\/product\/solidaridad-obligacional-diez-estudios-sobre-sus-aspectos-civiles-y-procesales-ano-2019-286-pag-autor-hernan-corral-talciani-y-alejandro-romero-seguel\/","title":{"rendered":"Solidaridad Obligacional. Diez estudios sobre sus aspectos civiles y procesales. A\u00f1o 2019\/ 286 P\u00e1g. Autor  Hern\u00e1n Corral Talciani y Alejandro Romero Seguel"},"content":{"rendered":"<p>La solidaridad obligacional ha ganado una fuerte incidencia en la pr\u00e1ctica jur\u00eddica, ya sea como garant\u00eda contractual o como\u00a0 modalidad de responsabilidad civil extracontractual, y por ello\u00a0 son frecuentes los litigios en los que se discuten algunas de sus\u00a0 peculiaridades tanto en el plano civil como en el procesal. Por<br \/>\nello en este libro se han reunido diez estudios que han elaborado dos prestigiosos profesores de Derecho Civil (Hern\u00e1n Corral)\u00a0 y Derecho Procesal (Alejandro Romero).<br \/>\nProblemas civiles como el contenido de la obligaci\u00f3n solidaria\u00a0 y su incidencia en lo referido a las relaciones entre el acreedor\u00a0 y los deudores, y entre los deudores solidarios entre s\u00ed, la aplicaci\u00f3n\u00a0 de la solidaridad como garant\u00eda (fianza solidaria) y la diferencia\u00a0 entre obligaciones solidarias y concurrentes, son examinados<br \/>\nen conjunto con las dificultades procesales como el ius variandi del acreedor, la duplicidad de juicio y la litis pendencia, el litis consorcio pasivo, la cosa juzgada y el efecto prejudicial de las sentencias. Todos estos problemas son abordados sobre la base de la concepci\u00f3n\u00a0 moderna de la solidaridad pasiva, que rechaza la explicaci\u00f3n\u00a0 tradicional del mandato t\u00e1cito, y concibe esta obligaci\u00f3n\u00a0 como una relaci\u00f3n jur\u00eddica unitaria pero compleja por estar\u00a0 compuesta por una pluralidad de v\u00ednculos que se proyectan al contenido del derecho de defensa que es exigencia del debido proceso. No se eluden las consideraciones hist\u00f3ricas que surge de las<br \/>\nobligaciones solidarias, para someterlas a una revisi\u00f3n que permita conciliarlas con la garant\u00eda del debido proceso. El an\u00e1lisis de la jurisprudencia ocupa un lugar relevante en estas investigaciones, atendido que es all\u00ed donde han surgido los problemas que examinan los autores. Cada uno de estos estudios propone soluciones en un c\u00famulo de asuntos que surgen en los juicios en los que se discute una obligaci\u00f3n solidaria de fuente contractual\u00a0 o de responsabilidad civil extracontractual.<\/p>\n","protected":false},"excerpt":{"rendered":"<p>La solidaridad obligacional ha ganado una fuerte incidencia en la pr\u00e1ctica jur\u00eddica, ya sea como garant\u00eda contractual o como\u00a0 modalidad de responsabilidad civil extracontractual, y por ello\u00a0 son frecuentes los litigios en los que se discuten algunas de sus\u00a0 peculiaridades tanto en el plano civil como en el procesal. Por ello en este libro se han reunido diez estudios que han elaborado dos prestigiosos profesores de Derecho Civil (Hern\u00e1n Corral)\u00a0 y Derecho Procesal (Alejandro Romero). Problemas civiles como el contenido de la obligaci\u00f3n solidaria\u00a0 y su incidencia en lo referido a las relaciones entre el acreedor\u00a0 y los deudores, y entre los deudores solidarios entre s\u00ed, la aplicaci\u00f3n\u00a0 de la solidaridad como garant\u00eda (fianza solidaria) y la diferencia\u00a0 entre obligaciones solidarias y concurrentes, son examinados en conjunto con las dificultades procesales como el ius variandi del acreedor, la duplicidad de juicio y la litis pendencia, el litis consorcio pasivo, la cosa juzgada y el efecto prejudicial de las sentencias. Todos estos problemas son abordados sobre la base de la concepci\u00f3n\u00a0 moderna de la solidaridad pasiva, que rechaza la explicaci\u00f3n\u00a0 tradicional del mandato t\u00e1cito, y concibe esta obligaci\u00f3n\u00a0 como una relaci\u00f3n jur\u00eddica unitaria pero compleja por estar\u00a0 compuesta por una pluralidad de v\u00ednculos que se proyectan al contenido del derecho de defensa que es exigencia del debido proceso. No se eluden las consideraciones hist\u00f3ricas que surge de las obligaciones solidarias, para someterlas a una revisi\u00f3n que permita conciliarlas con la garant\u00eda del debido proceso. El an\u00e1lisis de la jurisprudencia ocupa un lugar relevante en estas investigaciones, atendido que es all\u00ed donde han surgido los problemas que examinan los autores. Cada uno de estos estudios propone soluciones en un c\u00famulo de asuntos que surgen en los juicios en los que se discute una obligaci\u00f3n solidaria de fuente contractual\u00a0 o de responsabilidad civil extracontractual.<\/p>\n","protected":false},"featured_media":3839,"comment_status":"open","ping_status":"closed","template":"","meta":{"inline_featured_image":false,"_joinchat":[]},"product_brand":[],"product_cat":[27],"product_tag":[],"class_list":{"0":"post-3809","1":"product","2":"type-product","3":"status-publish","4":"has-post-thumbnail","6":"product_cat-civil","7":"product_shipping_class-a-convenir","9":"first","10":"instock","11":"shipping-taxable","12":"purchasable","13":"product-type-simple"},"_links":{"self":[{"href":"https:\/\/bibliotecajuridicavirtual.cl\/index.php\/wp-json\/wp\/v2\/product\/3809","targetHints":{"allow":["GET"]}}],"collection":[{"href":"https:\/\/bibliotecajuridicavirtual.cl\/index.php\/wp-json\/wp\/v2\/product"}],"about":[{"href":"https:\/\/bibliotecajuridicavirtual.cl\/index.php\/wp-json\/wp\/v2\/types\/product"}],"replies":[{"embeddable":true,"href":"https:\/\/bibliotecajuridicavirtual.cl\/index.php\/wp-json\/wp\/v2\/comments?post=3809"}],"wp:featuredmedia":[{"embeddable":true,"href":"https:\/\/bibliotecajuridicavirtual.cl\/index.php\/wp-json\/wp\/v2\/media\/3839"}],"wp:attachment":[{"href":"https:\/\/bibliotecajuridicavirtual.cl\/index.php\/wp-json\/wp\/v2\/media?parent=3809"}],"wp:term":[{"taxonomy":"product_brand","embeddable":true,"href":"https:\/\/bibliotecajuridicavirtual.cl\/index.php\/wp-json\/wp\/v2\/product_brand?post=3809"},{"taxonomy":"product_cat","embeddable":true,"href":"https:\/\/bibliotecajuridicavirtual.cl\/index.php\/wp-json\/wp\/v2\/product_cat?post=3809"},{"taxonomy":"product_tag","embeddable":true,"href":"https:\/\/bibliotecajuridicavirtual.cl\/index.php\/wp-json\/wp\/v2\/product_tag?post=3809"}],"curies":[{"name":"wp","href":"https:\/\/api.w.org\/{rel}","templated":true}]}}