{"id":3842,"date":"2026-02-28T01:20:56","date_gmt":"2026-02-28T04:20:56","guid":{"rendered":"https:\/\/bibliotecajuridicavirtual.cl\/?post_type=product&#038;p=3842"},"modified":"2026-02-28T01:21:02","modified_gmt":"2026-02-28T04:21:02","slug":"los-delitos-de-corrupcion-perspectiva-publica-y-privada-ano-2021-446-pag-autor-raul-carnevali-rodriguez-y-osvaldo-artaza-valera","status":"publish","type":"product","link":"https:\/\/bibliotecajuridicavirtual.cl\/index.php\/product\/los-delitos-de-corrupcion-perspectiva-publica-y-privada-ano-2021-446-pag-autor-raul-carnevali-rodriguez-y-osvaldo-artaza-valera\/","title":{"rendered":"Los delitos de corrupci\u00f3n. Perspectiva p\u00fablica y privada. A\u00f1o 2021\/ 446 P\u00e1g. Autor Ra\u00fal Carnevali  Rodr\u00edguez y Osvaldo  Artaza Valera"},"content":{"rendered":"<p>Los diversos art\u00edculos contenidos en este libro se dirigen a examinar cu\u00e1les son los intereses involucrados y que pueden ser merecedores de protecci\u00f3n penal, atendiendo la pluriofensividad que presenta la corrupci\u00f3n. Por tal motivo, los trabajos se enfocan a estudiarla corrupci\u00f3n de forma integral, es decir, no solo desde una perspectiva p\u00fablica sino tambi\u00e9n privada, precisando qu\u00e9 se entiende por corrupci\u00f3n, entregando criterios de interpretaci\u00f3n de diversas figuras delictivas y de qu\u00e9 forma las personas jur\u00eddicas debenadoptar medidas para su prevenci\u00f3n. Asimismo, la atenci\u00f3n se dirige a determinar c\u00f3mo las actividades empresariales pueden generar condiciones para la corrupci\u00f3n. Es por ello que la investigaci\u00f3n tambi\u00e9n tiene un enfoque criminol\u00f3gico, a trav\u00e9s de una muestra no representativa de empresas privadas del Gran Santiago, pertenecientes a la Confederaci\u00f3n de la Producci\u00f3n y el Comercio (CPC) a fin de precisar cu\u00e1l es la percepci\u00f3n que los empresarios tienen de la corrupci\u00f3n.<\/p>\n<p>\u00cdndice<br \/>\nIntroducci\u00f3n 13<br \/>\nPrimera parte 21<br \/>\nLa utilidad del concepto de corrupci\u00f3n de cara a la delimitaci\u00f3n de la conducta t\u00edpica en el delito de cohecho<br \/>\nOsvaldo Artaza V. 23<br \/>\n1. Presentaci\u00f3n del problema: Dificultades para la delimitaci\u00f3n del concepto de corrupci\u00f3n 23<br \/>\n2. La corrupci\u00f3n como categor\u00eda delictiva en sentido amplio 30<br \/>\n3. Concepto restringido de corrupci\u00f3n como forma de agresi\u00f3n espec\u00edfica 38<br \/>\n4. Primera aproximaci\u00f3n a la utilidad del concepto de corrupci\u00f3n para la delimitaci\u00f3n de la conducta t\u00edpica en el delito de cohecho 43<br \/>\nConclusi\u00f3n 80<br \/>\nBibliograf\u00eda citada 81<br \/>\nLa naturaleza pluriofensiva y transnacional del fen\u00f3meno de la corrupci\u00f3n. Desaf\u00edos para el Derecho Penal* 89<br \/>\nRa\u00fal Carnevali R &#8211; Osvaldo Artaza V. 89<br \/>\n1. Introducci\u00f3n. Una descripci\u00f3n tradicional de los efectos asociados a la corrupci\u00f3n 89<br \/>\n2. Corrupci\u00f3n y afectaci\u00f3n de inter\u00e9s econ\u00f3micos 96<br \/>\n3. La corrupci\u00f3n en el \u00e1mbito de las transacciones comerciales internacionales como manifestaci\u00f3n de esta preocupaci\u00f3n. Especial referencia a la pr\u00e1ctica estadounidense 110<br \/>\nConclusi\u00f3n 140<br \/>\nBibliograf\u00eda citada 141<br \/>\nOtras referencias 154<br \/>\nSegunda parte 157<br \/>\nEl deber de gesti\u00f3n del riesgo de corrupci\u00f3n en la empresa emanado de la Ley 20.393: especial referencia a las exigencias de identificaci\u00f3n y evaluaci\u00f3n de riesgos<br \/>\nOsvaldo Artaza V. &#8211; Sebasti\u00e1n Galleguillos A. 159<br \/>\nIntroducci\u00f3n 159<br \/>\n1. L\u00edmites asociados a la actuaci\u00f3n en beneficio de la persona jur\u00eddica: especial referencia a la exigencia del v\u00ednculo corporativo en el \u00e1mbito angloamericano 168<br \/>\n2. El cumplimiento de los deberes de direcci\u00f3n y supervisi\u00f3n: exigibilidad en la gesti\u00f3n del riesgo penal por parte de la persona jur\u00eddica 177<br \/>\n3.Factores de riesgo crimin\u00f3genos asociados a la corrupci\u00f3n propios de la actividad empresarial 193<br \/>\nConclusiones 211<br \/>\n11<br \/>\nBibliograf\u00eda citada 214<br \/>\nOtras referencias citadas 222<br \/>\nLa corrupci\u00f3n en el mundo de los negocios. Una aproximaci\u00f3n criminol\u00f3gica te\u00f3rica y emp\u00edrica para el caso chileno<br \/>\nSebasti\u00e1n Salinero E. &#8211; Rodrigo Alarc\u00f3n S. &#8211; Sebasti\u00e1n Galleguillos A. 225<br \/>\n1. Presentaci\u00f3n y objetivos del trabajo 225<br \/>\n2. Explicaciones acerca de la corrupci\u00f3n desde la criminolog\u00eda 229<br \/>\n3. La corrupci\u00f3n: Problemas de investigaci\u00f3n y estudios emp\u00edricos al respecto. 245<br \/>\n4. El estudio emp\u00edrico: Objetivos y metodolog\u00eda. 254<br \/>\n5. Resultados obtenidos 258<br \/>\n6. Discusi\u00f3n de resultados 271<br \/>\nConclusiones 279<br \/>\nBibliograf\u00eda citada 280<br \/>\nOtras fuentes: 288<br \/>\nTercera parte 289<br \/>\nEl delito de corrupci\u00f3n entre particulares. Problemas fundamentales relativos a la conducta prohibida y detecci\u00f3n de eventuales problemas concursales<br \/>\nOsvaldo Artaza V. 291<br \/>\nIntroducci\u00f3n. El modelo de incriminaci\u00f3n del delito de corrupci\u00f3n entre particulares en Chile 291<br \/>\n1. Conducta t\u00edpica \u00bfSe trata realmente de la prohibici\u00f3n de actos de corrupci\u00f3n? 297<br \/>\n1.2. Consecuencias en sede de interpretaci\u00f3n de la norma de comportamiento. Supuestos discutidos 299<br \/>\n2. Problemas concursales con el delito de cohecho y el delito de administraci\u00f3n desleal 310<br \/>\n2.2. Corrupci\u00f3n entre particulares y administraci\u00f3n desleal 319<br \/>\nBibliograf\u00eda citada 327<br \/>\nDelitos cometidos en torno al desarrollo de los procesos electorales: consideraciones sobre sus fundamentos y sistematizaci\u00f3n Francisco Maldonado F. 333<br \/>\n1. Introducci\u00f3n 333<br \/>\n2. Los delitos electorales en el derecho penal chileno 349<br \/>\n3. Caracterizaci\u00f3n hist\u00f3rica o \u201ctradicional\u201d de los delitos electorales 360<br \/>\n4. Bien jur\u00eddico protegido por los delitos electorales 379<br \/>\n5. Toma de postura: El derecho a sufragio (en sentido amplio) como bien jur\u00eddico protegido en los delitos electorales. Precisiones, implicancias, l\u00edmites y consecuencias 389<br \/>\n6. Implicancias dogm\u00e1ticas y propuesta pol\u00edtico criminal 396<br \/>\n8. Delitos electorales y corrupci\u00f3n 424<br \/>\nBibliograf\u00eda citada 432<\/p>\n","protected":false},"excerpt":{"rendered":"<p>Los diversos art\u00edculos contenidos en este libro se dirigen a examinar cu\u00e1les son los intereses involucrados y que pueden ser merecedores de protecci\u00f3n penal, atendiendo la pluriofensividad que presenta la corrupci\u00f3n. Por tal motivo, los trabajos se enfocan a estudiarla corrupci\u00f3n de forma integral, es decir, no solo desde una perspectiva p\u00fablica sino tambi\u00e9n privada, precisando qu\u00e9 se entiende por corrupci\u00f3n, entregando criterios de interpretaci\u00f3n de diversas figuras delictivas y de qu\u00e9 forma las personas jur\u00eddicas debenadoptar medidas para su prevenci\u00f3n. Asimismo, la atenci\u00f3n se dirige a determinar c\u00f3mo las actividades empresariales pueden generar condiciones para la corrupci\u00f3n. Es por ello que la investigaci\u00f3n tambi\u00e9n tiene un enfoque criminol\u00f3gico, a trav\u00e9s de una muestra no representativa de empresas privadas del Gran Santiago, pertenecientes a la Confederaci\u00f3n de la Producci\u00f3n y el Comercio (CPC) a fin de precisar cu\u00e1l es la percepci\u00f3n que los empresarios tienen de la corrupci\u00f3n. \u00cdndice Introducci\u00f3n 13 Primera parte 21 La utilidad del concepto de corrupci\u00f3n de cara a la delimitaci\u00f3n de la conducta t\u00edpica en el delito de cohecho Osvaldo Artaza V. 23 1. Presentaci\u00f3n del problema: Dificultades para la delimitaci\u00f3n del concepto de corrupci\u00f3n 23 2. La corrupci\u00f3n como categor\u00eda delictiva en sentido amplio 30 3. Concepto restringido de corrupci\u00f3n como forma de agresi\u00f3n espec\u00edfica 38 4. Primera aproximaci\u00f3n a la utilidad del concepto de corrupci\u00f3n para la delimitaci\u00f3n de la conducta t\u00edpica en el delito de cohecho 43 Conclusi\u00f3n 80 Bibliograf\u00eda citada 81 La naturaleza pluriofensiva y transnacional del fen\u00f3meno de la corrupci\u00f3n. Desaf\u00edos para el Derecho Penal* 89 Ra\u00fal Carnevali R &#8211; Osvaldo Artaza V. 89 1. Introducci\u00f3n. Una descripci\u00f3n tradicional de los efectos asociados a la corrupci\u00f3n 89 2. Corrupci\u00f3n y afectaci\u00f3n de inter\u00e9s econ\u00f3micos 96 3. La corrupci\u00f3n en el \u00e1mbito de las transacciones comerciales internacionales como manifestaci\u00f3n de esta preocupaci\u00f3n. Especial referencia a la pr\u00e1ctica estadounidense 110 Conclusi\u00f3n 140 Bibliograf\u00eda citada 141 Otras referencias 154 Segunda parte 157 El deber de gesti\u00f3n del riesgo de corrupci\u00f3n en la empresa emanado de la Ley 20.393: especial referencia a las exigencias de identificaci\u00f3n y evaluaci\u00f3n de riesgos Osvaldo Artaza V. &#8211; Sebasti\u00e1n Galleguillos A. 159 Introducci\u00f3n 159 1. L\u00edmites asociados a la actuaci\u00f3n en beneficio de la persona jur\u00eddica: especial referencia a la exigencia del v\u00ednculo corporativo en el \u00e1mbito angloamericano 168 2. El cumplimiento de los deberes de direcci\u00f3n y supervisi\u00f3n: exigibilidad en la gesti\u00f3n del riesgo penal por parte de la persona jur\u00eddica 177 3.Factores de riesgo crimin\u00f3genos asociados a la corrupci\u00f3n propios de la actividad empresarial 193 Conclusiones 211 11 Bibliograf\u00eda citada 214 Otras referencias citadas 222 La corrupci\u00f3n en el mundo de los negocios. Una aproximaci\u00f3n criminol\u00f3gica te\u00f3rica y emp\u00edrica para el caso chileno Sebasti\u00e1n Salinero E. &#8211; Rodrigo Alarc\u00f3n S. &#8211; Sebasti\u00e1n Galleguillos A. 225 1. Presentaci\u00f3n y objetivos del trabajo 225 2. Explicaciones acerca de la corrupci\u00f3n desde la criminolog\u00eda 229 3. La corrupci\u00f3n: Problemas de investigaci\u00f3n y estudios emp\u00edricos al respecto. 245 4. El estudio emp\u00edrico: Objetivos y metodolog\u00eda. 254 5. Resultados obtenidos 258 6. Discusi\u00f3n de resultados 271 Conclusiones 279 Bibliograf\u00eda citada 280 Otras fuentes: 288 Tercera parte 289 El delito de corrupci\u00f3n entre particulares. Problemas fundamentales relativos a la conducta prohibida y detecci\u00f3n de eventuales problemas concursales Osvaldo Artaza V. 291 Introducci\u00f3n. El modelo de incriminaci\u00f3n del delito de corrupci\u00f3n entre particulares en Chile 291 1. Conducta t\u00edpica \u00bfSe trata realmente de la prohibici\u00f3n de actos de corrupci\u00f3n? 297 1.2. Consecuencias en sede de interpretaci\u00f3n de la norma de comportamiento. Supuestos discutidos 299 2. Problemas concursales con el delito de cohecho y el delito de administraci\u00f3n desleal 310 2.2. Corrupci\u00f3n entre particulares y administraci\u00f3n desleal 319 Bibliograf\u00eda citada 327 Delitos cometidos en torno al desarrollo de los procesos electorales: consideraciones sobre sus fundamentos y sistematizaci\u00f3n Francisco Maldonado F. 333 1. Introducci\u00f3n 333 2. Los delitos electorales en el derecho penal chileno 349 3. Caracterizaci\u00f3n hist\u00f3rica o \u201ctradicional\u201d de los delitos electorales 360 4. Bien jur\u00eddico protegido por los delitos electorales 379 5. Toma de postura: El derecho a sufragio (en sentido amplio) como bien jur\u00eddico protegido en los delitos electorales. Precisiones, implicancias, l\u00edmites y consecuencias 389 6. Implicancias dogm\u00e1ticas y propuesta pol\u00edtico criminal 396 8. Delitos electorales y corrupci\u00f3n 424 Bibliograf\u00eda citada 432<\/p>\n","protected":false},"featured_media":3872,"comment_status":"open","ping_status":"closed","template":"","meta":{"inline_featured_image":false,"_joinchat":[]},"product_brand":[],"product_cat":[30],"product_tag":[],"class_list":{"0":"post-3842","1":"product","2":"type-product","3":"status-publish","4":"has-post-thumbnail","6":"product_cat-penal","7":"product_shipping_class-a-convenir","9":"first","10":"instock","11":"shipping-taxable","12":"purchasable","13":"product-type-simple"},"_links":{"self":[{"href":"https:\/\/bibliotecajuridicavirtual.cl\/index.php\/wp-json\/wp\/v2\/product\/3842","targetHints":{"allow":["GET"]}}],"collection":[{"href":"https:\/\/bibliotecajuridicavirtual.cl\/index.php\/wp-json\/wp\/v2\/product"}],"about":[{"href":"https:\/\/bibliotecajuridicavirtual.cl\/index.php\/wp-json\/wp\/v2\/types\/product"}],"replies":[{"embeddable":true,"href":"https:\/\/bibliotecajuridicavirtual.cl\/index.php\/wp-json\/wp\/v2\/comments?post=3842"}],"wp:featuredmedia":[{"embeddable":true,"href":"https:\/\/bibliotecajuridicavirtual.cl\/index.php\/wp-json\/wp\/v2\/media\/3872"}],"wp:attachment":[{"href":"https:\/\/bibliotecajuridicavirtual.cl\/index.php\/wp-json\/wp\/v2\/media?parent=3842"}],"wp:term":[{"taxonomy":"product_brand","embeddable":true,"href":"https:\/\/bibliotecajuridicavirtual.cl\/index.php\/wp-json\/wp\/v2\/product_brand?post=3842"},{"taxonomy":"product_cat","embeddable":true,"href":"https:\/\/bibliotecajuridicavirtual.cl\/index.php\/wp-json\/wp\/v2\/product_cat?post=3842"},{"taxonomy":"product_tag","embeddable":true,"href":"https:\/\/bibliotecajuridicavirtual.cl\/index.php\/wp-json\/wp\/v2\/product_tag?post=3842"}],"curies":[{"name":"wp","href":"https:\/\/api.w.org\/{rel}","templated":true}]}}