{"id":3845,"date":"2026-02-28T01:20:56","date_gmt":"2026-02-28T04:20:56","guid":{"rendered":"https:\/\/bibliotecajuridicavirtual.cl\/?post_type=product&#038;p=3845"},"modified":"2026-02-28T01:21:04","modified_gmt":"2026-02-28T04:21:04","slug":"el-origen-de-los-delitos-ano-2015-382-pag-autor-santiago-redondo-illescas","status":"publish","type":"product","link":"https:\/\/bibliotecajuridicavirtual.cl\/index.php\/product\/el-origen-de-los-delitos-ano-2015-382-pag-autor-santiago-redondo-illescas\/","title":{"rendered":"El Origen de los Delitos. A\u00f1o 2015 \/ 382 P\u00e1g. Autor Santiago Redondo Illescas"},"content":{"rendered":"<p>Santiago Redondo IIlescas es profesor de Criminolog\u00eda de la Universidad de Barcelona y autor, junto con Vicente Garrido (Universidad de Valencia), del prestigioso manual Principios de Criminolog\u00eda, tambi\u00e9n publicado en esta editorial. El tema central de El origen de los delitos es la especificaci\u00f3n de los influjos que propician la criminalidad: a) &#8220;riesgos propios&#8221; de quienes act\u00faan de modo antisocial; b) carencias en el &#8220;apoyo prosocial&#8221; que los anteriores recibieron o reciben, y c) exposici\u00f3n de los individuos a posibles oportunidades delictivas. A partir de ello se propone un modelo unificado de la delincuencia denominado Modelo del Triple Riesgo Delictivo (TRD). El libro se organiza en seis cap\u00edtulos: 1) Convivencia y delito; 2) Losindividuos; 3) Lassociedades;4) Losambientes;5) Confluencia de riesgos, y 6) Implicaciones para la explicaci\u00f3n y prevenci\u00f3n de la delincuencia. Puede servir como texto introductorio al estudio de la criminalidad y, tambi\u00e9n, como gu\u00eda de investigaci\u00f3n para cursos de postgrado, masters o doctorados en los que se trate el an\u00e1lisis cient\u00edfico del delito. Aside from being one of the first Spanish-based criminological theories, we expect that Santiago Redondo\u00b4s Triple Offending Risk Model will become well known to criminologists throughout the world and that it will stimulate a great deal of empirical research. ( &#8230; ) This theory deserves to be compared with the famous DLC theories of Moffitt and Laub and Sampson. ( &#8230; ) We recommend Santiago Redondo\u00b4s book to all criminologists as a very important contribution to theory and knowledge about criminal careers, risk factors and the origins of crime (David Farrington and Alex R. Piquero, Forward to &#8220;El Origen de los Delitos\u00b4). Al contrario de lo que ocurre con la mayor\u00eda de los modelos te\u00f3ricos criminol\u00f3gicos cl\u00e1sicos, asimilables a fotograf\u00edas parciales y est\u00e1ticas del complejo fen\u00f3meno del delito, la propuesta de Santiago Redondo se asemeja m\u00e1s a un paradigma l\u00edquido y din\u00e1mico, en tanto que adaptable a la permanente evoluci\u00f3n a la que est\u00e1 expuesta la interacci\u00f3n entre el individuo y su contexto. (&#8230;) Desde este punto de vista, cabe decir que lo mejor del modelo TRD est\u00e1 por llegar ( &#8230; ) Someterlo a cr\u00edtica y falsear las hip\u00f3tesis que lo sostienen constituye uno de los retos m\u00e1s interesantes de nuestra disciplina (C\u00e9sar San Juan, Ep\u00edlogo).<\/p>\n<p>&nbsp;<\/p>\n","protected":false},"excerpt":{"rendered":"<p>Santiago Redondo IIlescas es profesor de Criminolog\u00eda de la Universidad de Barcelona y autor, junto con Vicente Garrido (Universidad de Valencia), del prestigioso manual Principios de Criminolog\u00eda, tambi\u00e9n publicado en esta editorial. El tema central de El origen de los delitos es la especificaci\u00f3n de los influjos que propician la criminalidad: a) &#8220;riesgos propios&#8221; de quienes act\u00faan de modo antisocial; b) carencias en el &#8220;apoyo prosocial&#8221; que los anteriores recibieron o reciben, y c) exposici\u00f3n de los individuos a posibles oportunidades delictivas. A partir de ello se propone un modelo unificado de la delincuencia denominado Modelo del Triple Riesgo Delictivo (TRD). El libro se organiza en seis cap\u00edtulos: 1) Convivencia y delito; 2) Losindividuos; 3) Lassociedades;4) Losambientes;5) Confluencia de riesgos, y 6) Implicaciones para la explicaci\u00f3n y prevenci\u00f3n de la delincuencia. Puede servir como texto introductorio al estudio de la criminalidad y, tambi\u00e9n, como gu\u00eda de investigaci\u00f3n para cursos de postgrado, masters o doctorados en los que se trate el an\u00e1lisis cient\u00edfico del delito. Aside from being one of the first Spanish-based criminological theories, we expect that Santiago Redondo\u00b4s Triple Offending Risk Model will become well known to criminologists throughout the world and that it will stimulate a great deal of empirical research. ( &#8230; ) This theory deserves to be compared with the famous DLC theories of Moffitt and Laub and Sampson. ( &#8230; ) We recommend Santiago Redondo\u00b4s book to all criminologists as a very important contribution to theory and knowledge about criminal careers, risk factors and the origins of crime (David Farrington and Alex R. Piquero, Forward to &#8220;El Origen de los Delitos\u00b4). Al contrario de lo que ocurre con la mayor\u00eda de los modelos te\u00f3ricos criminol\u00f3gicos cl\u00e1sicos, asimilables a fotograf\u00edas parciales y est\u00e1ticas del complejo fen\u00f3meno del delito, la propuesta de Santiago Redondo se asemeja m\u00e1s a un paradigma l\u00edquido y din\u00e1mico, en tanto que adaptable a la permanente evoluci\u00f3n a la que est\u00e1 expuesta la interacci\u00f3n entre el individuo y su contexto. (&#8230;) Desde este punto de vista, cabe decir que lo mejor del modelo TRD est\u00e1 por llegar ( &#8230; ) Someterlo a cr\u00edtica y falsear las hip\u00f3tesis que lo sostienen constituye uno de los retos m\u00e1s interesantes de nuestra disciplina (C\u00e9sar San Juan, Ep\u00edlogo). &nbsp;<\/p>\n","protected":false},"featured_media":3875,"comment_status":"open","ping_status":"closed","template":"","meta":{"inline_featured_image":false,"_joinchat":[]},"product_brand":[],"product_cat":[44],"product_tag":[],"class_list":{"0":"post-3845","1":"product","2":"type-product","3":"status-publish","4":"has-post-thumbnail","6":"product_cat-filosofia-del-derecho-y-introduccion","7":"product_shipping_class-a-convenir","9":"first","10":"instock","11":"shipping-taxable","12":"purchasable","13":"product-type-simple"},"_links":{"self":[{"href":"https:\/\/bibliotecajuridicavirtual.cl\/index.php\/wp-json\/wp\/v2\/product\/3845","targetHints":{"allow":["GET"]}}],"collection":[{"href":"https:\/\/bibliotecajuridicavirtual.cl\/index.php\/wp-json\/wp\/v2\/product"}],"about":[{"href":"https:\/\/bibliotecajuridicavirtual.cl\/index.php\/wp-json\/wp\/v2\/types\/product"}],"replies":[{"embeddable":true,"href":"https:\/\/bibliotecajuridicavirtual.cl\/index.php\/wp-json\/wp\/v2\/comments?post=3845"}],"wp:featuredmedia":[{"embeddable":true,"href":"https:\/\/bibliotecajuridicavirtual.cl\/index.php\/wp-json\/wp\/v2\/media\/3875"}],"wp:attachment":[{"href":"https:\/\/bibliotecajuridicavirtual.cl\/index.php\/wp-json\/wp\/v2\/media?parent=3845"}],"wp:term":[{"taxonomy":"product_brand","embeddable":true,"href":"https:\/\/bibliotecajuridicavirtual.cl\/index.php\/wp-json\/wp\/v2\/product_brand?post=3845"},{"taxonomy":"product_cat","embeddable":true,"href":"https:\/\/bibliotecajuridicavirtual.cl\/index.php\/wp-json\/wp\/v2\/product_cat?post=3845"},{"taxonomy":"product_tag","embeddable":true,"href":"https:\/\/bibliotecajuridicavirtual.cl\/index.php\/wp-json\/wp\/v2\/product_tag?post=3845"}],"curies":[{"name":"wp","href":"https:\/\/api.w.org\/{rel}","templated":true}]}}