{"id":3846,"date":"2026-02-28T01:20:56","date_gmt":"2026-02-28T04:20:56","guid":{"rendered":"https:\/\/bibliotecajuridicavirtual.cl\/?post_type=product&#038;p=3846"},"modified":"2026-02-28T01:21:05","modified_gmt":"2026-02-28T04:21:05","slug":"relaciones-entre-la-union-europea-y-america-latina-escenarios-futuros-en-un-mundo-de-cambios-ano-2022-216-pag-autor-paulina-astroza-suarez-y-beatriz-larrain-martinez","status":"publish","type":"product","link":"https:\/\/bibliotecajuridicavirtual.cl\/index.php\/product\/relaciones-entre-la-union-europea-y-america-latina-escenarios-futuros-en-un-mundo-de-cambios-ano-2022-216-pag-autor-paulina-astroza-suarez-y-beatriz-larrain-martinez\/","title":{"rendered":"Relaciones entre la uni\u00f3n europea y am\u00e9rica latina: escenarios futuros en un mundo de cambios. A\u00f1o 2022 \/ 216 P\u00e1g. Autor Paulina Astroza Suarez y Beatriz Larrain Mart\u00ednez"},"content":{"rendered":"<p>El libro trata de diversos aspectos de la relaci\u00f3n entre Latinoam\u00e9rica y Europa. Incluye t\u00f3picos tales como cambio clim\u00e1tico, derecho a la educaci\u00f3n, migraci\u00f3n, cooperaci\u00f3n al desarrollo, la llamada &#8220;techplomacia&#8221;, la relaci\u00f3n entre regionalismo e integraci\u00f3n europea, el contexto de las relaciones entre la uni\u00f3n Europea y Latinoam\u00e9rica, la relaci\u00f3n USA-China y sus posibles consecuencias para Latinoam\u00e9rica y la UE, la judicializaci\u00f3n de las relaciones sociales, la regulaciones de los pl\u00e1sticos de un solo uso, entre otros. Los cap\u00edtulos incluidos son todos escritos por expertos en el \u00e1rea y contiene una mirada actual y relevante de los temas desarrollados. La interdisciplina, a su vez, asegura que todo aquel que busca alg\u00fan aporte relevante podr\u00e1 encontrarlo en este volumen.<\/p>\n<p>\u00cdndice<br \/>\nPr\u00f3logo<br \/>\nEUROPA, AM\u00c9RICA LATINA Y EL CARIBE. UNA ASOCIACION VIGENTE EN ESCENARIOS DE COMPLEJIDAD\u00a0\u00a0 \u00a011<br \/>\nADRI\u00c1N BONILLA<br \/>\nINTRODUCCI\u00d3N\u00a0\u00a0 \u00a015<br \/>\nLe\u00f3n de la Torre<br \/>\nEL CONTEXTO SIST\u00c9MICO DE LAS RELACIONES UNI\u00d3N EUROPEA-AM\u00c9RICA LATINA Y EL CARIBE: CONVERTIR LOS DESAF\u00cdOS EN OPORTUNIDADES<br \/>\nGian Luca Gardini<br \/>\n1. Introducci\u00f3n\u00a0\u00a0 \u00a0\u00a0\u00a0 \u00a017<br \/>\n2. La crisis causada por la pandemia del COVID-19\u00a0\u00a0 \u00a0\u00a0\u00a0 \u00a018<br \/>\n3. La globalizaci\u00f3n en transici\u00f3n\u00a0\u00a0 \u00a0\u00a0\u00a0 \u00a021<br \/>\n4. \u00bfEl declive del multilateralismo?\u00a0\u00a0 \u00a0\u00a0\u00a0 \u00a023<br \/>\n5. El crecimiento de China y de otras potencias\u00a0\u00a0 \u00a0\u00a0\u00a0 \u00a025<br \/>\n6. Conclusi\u00f3n\u00a0\u00a0 \u00a0\u00a0\u00a0 \u00a027<br \/>\n7. Referencias\u00a0\u00a0 \u00a0\u00a0\u00a0 \u00a029<br \/>\nLA POL\u00cdTICA DE COOPERACI\u00d3N AL DESARROLLO DE LA UNI\u00d3N EUROPEA EN AM\u00c9RICA LATINA ANTE LA CRISIS GLOBAL: SINERGIAS Y CONTRADICCIONES<br \/>\nBernab\u00e9 Malacalza<br \/>\n1. Introducci\u00f3n\u00a0\u00a0 \u00a0\u00a0\u00a0 \u00a033<br \/>\n2. La brecha normativa: \u00bfdesarrollo secuencial o idiosincr\u00e1tico?\u00a0\u00a0 \u00a0\u00a0\u00a0 \u00a034<br \/>\n3. La brecha emp\u00edrica: \u00bfcooperaci\u00f3n reactiva o transformadora?\u00a0\u00a0 \u00a0\u00a0\u00a0 \u00a037<br \/>\n4. \u00bfUn futuro com\u00fan en la cooperaci\u00f3n al desarrollo?\u00a0\u00a0 \u00a0\u00a0\u00a0 \u00a040<br \/>\n5. Referencias\u00a0\u00a0 \u00a0\u00a0\u00a0 \u00a043<br \/>\nEL MODELO DE COHESI\u00d3N SOCIAL DE LA UE: APRENDIZAJES LOGRADOS Y PENDIENTES EN CHILE<br \/>\nBeatriz Hern\u00e1ndez<br \/>\n1. El programa EUROsociAL y el aprendizaje de pol\u00edticas europeas\u00a0\u00a0 \u00a0\u00a0\u00a0 \u00a046<br \/>\n2. Apendiendo y replicando acciones de Cohesi\u00f3n Social en Chile\u00a0\u00a0 \u00a0\u00a0\u00a0 \u00a049<br \/>\n3. Conclusiones\u00a0\u00a0 \u00a0\u00a0\u00a0 \u00a054<br \/>\n4. Referencias\u00a0\u00a0 \u00a0\u00a0\u00a0 \u00a056<\/p>\n<p>EL PROCESO DE INTEGRACI\u00d3N EUROPEO Y SU RELACI\u00d3N CON EL<br \/>\nREGIONALISMO SURAMERICANO: ESCENARIO ACTUAL Y PERSPECTIVA EN EL REGIONALISMO POS COVID<br \/>\nMichel Levi<br \/>\n1. El regionalismo suramericano y la influencia de la integraci\u00f3n europea.\u00a0\u00a0 \u00a0\u00a0\u00a0 \u00a060<br \/>\n2. El referente europeo en el regionalismo suramericano frente a las categor\u00edas regionalismo e integraci\u00f3n regional\u00a0\u00a0 \u00a0\u00a0\u00a0 \u00a064<br \/>\n3. La integraci\u00f3n europea: modelo, poder normativo y mecanismo de difusi\u00f3n\u00a0\u00a0 \u00a0\u00a0\u00a0 \u00a066<br \/>\n4. La relaci\u00f3n de las categor\u00edas integraci\u00f3n europea, regionalismo suramericano en el regionalismo pos covid\u00a0\u00a0 \u00a0\u00a0\u00a0 \u00a069<br \/>\n5. Conclusi\u00f3n\u00a0\u00a0 \u00a0\u00a0\u00a0 \u00a071<br \/>\n6. Referencias\u00a0\u00a0 \u00a0\u00a0\u00a0 \u00a073<br \/>\nTECHPLOMACY<br \/>\nEL INTERREGIONALISMO DE LA UNI\u00d3N EUROPEA-AM\u00c9RICA LATINA Y EL CARIBE EN LA ERA DIGITAL: UN INTERREGIONALISMO 4.0 PARA<br \/>\nUNA GOBERNANZA 4.0<br \/>\nMario Torres Jarr\u00edn<br \/>\n1. Introducci\u00f3n\u00a0\u00a0 \u00a0\u00a0\u00a0 \u00a075<br \/>\n2. El interregionalismo UE-LAC\u00a0\u00a0 \u00a0\u00a0\u00a0 \u00a077<br \/>\n3. Techplomacy: La Diplomacia de la Era Digital\u00a0\u00a0 \u00a0\u00a0\u00a0 \u00a082<br \/>\n4. UE-ALC y la Cuarta Revoluci\u00f3n Industrial\u00a0\u00a0 \u00a0\u00a0\u00a0 \u00a092<br \/>\n5. Conclusiones: Re-pensando el interregionalismo UE-LAC. Un interregionalismo 4.0 para una Gobernanza Globlal 4.0\u00a0\u00a0 \u00a0\u00a0\u00a0 \u00a093<br \/>\n6. Referencias\u00a0\u00a0 \u00a0\u00a0\u00a0 \u00a095<br \/>\n\u00bfEL ENFRENTAMIENTO DE CHINA Y ESTADOS UNIDOS MOTIVAR\u00c1 MAYOR ACERCAMIENTO ENTRE LA UNI\u00d3N EUROPEA Y AM\u00c9RICA LATINA?<br \/>\nPaulina Astroza Su\u00e1rez<br \/>\nJavier Sep\u00falveda Estrada<br \/>\n1. Mundo en cambio\u00a0\u00a0 \u00a0\u00a0\u00a0 \u00a0101<br \/>\n2. Dilema complicado a resolver\u00a0\u00a0 \u00a0\u00a0\u00a0 \u00a0103<br \/>\n3. Autonom\u00eda Estrat\u00e9gica\u00a0\u00a0 \u00a0\u00a0\u00a0 \u00a0107<br \/>\n4. \u00bfY qu\u00e9 rol juega Am\u00e9rica Latina en este contexto?\u00a0\u00a0 \u00a0\u00a0\u00a0 \u00a0112<br \/>\n5. Conclusiones\u00a0\u00a0 \u00a0\u00a0\u00a0 \u00a0114<br \/>\n6. Referencias\u00a0\u00a0 \u00a0\u00a0\u00a0 \u00a0115<\/p>\n<p>HACIA UNA ECONOM\u00cdA CIRCULAR: \u00bfQU\u00c9 PODEMOS APRENDER DE<br \/>\nLA REGULACI\u00d3N DEL USO DE PL\u00c1STICOS DE UN SOLO USO EN LA<br \/>\nUNI\u00d3N EUROPEA?<br \/>\nMarcela Jaime<br \/>\nC\u00e9sar Salazar<br \/>\n1. Regulaci\u00f3n del uso de pl\u00e1sticos de un solo uso: una mirada desde la econom\u00eda ambiental\u00a0\u00a0 \u00a0\u00a0\u00a0 \u00a0119<br \/>\n2. Instrumentos econ\u00f3micos para la regulaci\u00f3n del uso de pl\u00e1sticos de un solo uso\u00a0\u00a0 \u00a0\u00a0\u00a0 \u00a0120<br \/>\n3. Iniciativas voluntarias de algunos estados miembro previo a la creaci\u00f3n de la directiva de los pl\u00e1sticos de un solo uso de la uni\u00f3n europea\u00a0\u00a0 \u00a0\u00a0\u00a0 \u00a0123<br \/>\n4. la directiva de los pl\u00e1sticos de un solo uso de la ue: principales lineamientos\u00a0\u00a0 \u00a0\u00a0\u00a0 \u00a0127<br \/>\n5. Promoviendo la econom\u00eda circular en am\u00e9rica latina: la prohibici\u00f3n del uso de bolsas pl\u00e1sticas de un solo uso en chile\u00a0\u00a0 \u00a0\u00a0\u00a0 \u00a0128<br \/>\n6. Conclusiones\u00a0\u00a0 \u00a0\u00a0\u00a0 \u00a0130<br \/>\n7. Agradecimientos\u00a0\u00a0 \u00a0\u00a0\u00a0 \u00a0131<br \/>\n8. Referencias\u00a0\u00a0 \u00a0\u00a0\u00a0 \u00a0132<br \/>\nESTRATEGIAS TERRITORIALES PARA LA ADAPTACI\u00d3N AL CAMBIO CLIM\u00c1TICO EN ZONAS COSTERAS: HELSINGBORG, SUECIA E IQUIQUE, CHILE<br \/>\nJeanne W. Simon<br \/>\nMauricio J. Rondanelli-Reyes<br \/>\n1. Introducci\u00f3n\u00a0\u00a0 \u00a0\u00a0\u00a0 \u00a0135<br \/>\n2. Gesti\u00f3n Adaptativa y Servicios Ecosist\u00e9micos\u00a0\u00a0 \u00a0\u00a0\u00a0 \u00a0136<br \/>\n3. Enfoque de la Uni\u00f3n Europea para Adaptaci\u00f3n al Cambio Clim\u00e1tico\u00a0\u00a0 \u00a0\u00a0\u00a0 \u00a0138<br \/>\n4. Enfoque Sueco para Adaptaci\u00f3n al Cambio Clim\u00e1tico\u00a0\u00a0 \u00a0\u00a0\u00a0 \u00a0140<br \/>\n5. Gesti\u00f3n Municipal para la Adaptaci\u00f3n al Cambio Clim\u00e1tico en Helsingborg, Provincia de Escania, Suecia\u00a0\u00a0 \u00a0\u00a0\u00a0 \u00a0141<br \/>\n6. Gesti\u00f3n Municipal para la Adaptaci\u00f3n al Cambio Clim\u00e1tico en la ciudad de Iquique, Regi\u00f3n de Tarapac\u00e1, Chile\u00a0\u00a0 \u00a0\u00a0\u00a0 \u00a0145<br \/>\n7. Desaf\u00edos ecol\u00f3gicos y de gobernanza\u00a0\u00a0 \u00a0\u00a0\u00a0 \u00a0149<br \/>\n8. Agradecimientos\u00a0\u00a0 \u00a0\u00a0\u00a0 \u00a0150<br \/>\n9. Referencias\u00a0\u00a0 \u00a0\u00a0\u00a0 \u00a0150<br \/>\nEL DERECHO A LA EDUCACI\u00d3N EN LA JURISPRUDENCIA DEL TRIBUNAL EUROPEO DE DERECHOS HUMANOS Y DE LA CORTE INTERAMERICANA DE DERECHO HUMANOS: EST\u00c1NDARES Y ELEMENTOS CONCEPTUALES<br \/>\nAlfonso Henr\u00edquez R.<br \/>\n1. El Derecho a la educaci\u00f3n en el caso del Convenio Europeo de Derechos Humanos (CEDH) y en la Convenci\u00f3n Interamericana de Derechos Humanos (CIDH)\u00a0\u00a0 \u00a0\u00a0\u00a0 \u00a0153<br \/>\n2. Est\u00e1ndares jurisprudenciales\u00a0\u00a0 \u00a0\u00a0\u00a0 \u00a0155<br \/>\n2.1. Tribunal Europeo de Derechos Humanos\u00a0\u00a0 \u00a0\u00a0\u00a0 \u00a0155<br \/>\n2.2. Corte Interamericana de Derechos Humanos\u00a0\u00a0 \u00a0\u00a0\u00a0 \u00a0158<br \/>\n3. Conclusiones\u00a0\u00a0 \u00a0\u00a0\u00a0 \u00a0163<br \/>\n4. Referencias\u00a0\u00a0 \u00a0\u00a0\u00a0 \u00a0165<br \/>\nLA JUDICIALIZACI\u00d3N Y LA PANDEMIA EN EUROPA Y LATINOAMERICA: EL RECURSO JUDICIAL COMO HERRAMIENTA DE OPOSICI\u00d3N POL\u00cdTICA EN CHILE Y ESPA\u00d1A<br \/>\nBeatriz Larrain Martinez<br \/>\n1. Introducci\u00f3n\u00a0\u00a0 \u00a0\u00a0\u00a0 \u00a0167<br \/>\n1. Primera Parte: Nociones b\u00e1sicas\u00a0\u00a0 \u00a0\u00a0\u00a0 \u00a0167<br \/>\n2. Segunda parte: El caso de Chile y Espa\u00f1a: judicializaci\u00f3n de la pandemia como herramienta pol\u00edtica de oposici\u00f3n.\u00a0\u00a0 \u00a0\u00a0\u00a0 \u00a0170<br \/>\n2.1. El caso de Chile\u00a0\u00a0 \u00a0\u00a0\u00a0 \u00a0170<br \/>\n2.2. El caso de Espa\u00f1a\u00a0\u00a0 \u00a0\u00a0\u00a0 \u00a0174<br \/>\n3. Discusi\u00f3n\u00a0\u00a0 \u00a0\u00a0\u00a0 \u00a0178<br \/>\n4. Conclusiones\u00a0\u00a0 \u00a0\u00a0\u00a0 \u00a0179<br \/>\n5. Referencias\u00a0\u00a0 \u00a0\u00a0\u00a0 \u00a0180<br \/>\nTHE CONTRIBUTION OF THE EUROPEAN UNION AND LATIN AMERICA IN GLOBAL MIGRATION GOVERNANCE: THE IMPLEMENTATION OF THE GLOBAL COMPACT FOR SAFE, ORDERLY AND REGULAR MIGRATION<br \/>\nMill\u00e1n Requena Casanova<br \/>\n1. Migrations in a globalized world: towards migratory governance\u00a0\u00a0 \u00a0\u00a0\u00a0 \u00a0181<br \/>\n1.1. Origin of the UN Global Compact on Migration: the\u00a0New York Declaration for Refugees and Migrants\u00a0\u00a0 \u00a0\u00a0\u00a0 \u00a0181<br \/>\n1.2. The Global Compact for Safe, Orderly and Regular Migration\u00a0\u00a0 \u00a0\u00a0\u00a0 \u00a0185<br \/>\n2. The EU\u2019s contribution to the negotiation and implementation of the GCM\u00a0\u00a0 \u00a0\u00a0\u00a0 \u00a0190<br \/>\n2.1. Member States positions during the negotiation process of the GCM: from Unity\u2026to Fragmentation\u00a0\u00a0 \u00a0\u00a0\u00a0 \u00a0190<br \/>\n2.2. Convergence and divergence between the Global Compact for Migration and the New Pact on Migration and Asylum \u00a0\u00a0 \u00a0\u00a0\u00a0 \u00a0192<br \/>\n3. Latin America and the Caribbean\u00b4s contribution on the implementation of the Global Compact\u00a0\u00a0 \u00a0\u00a0\u00a0 \u00a0197<br \/>\n3.1. LAC mechanisms on migration cooperation: regional consultation processes on migration\u00a0\u00a0 \u00a0\u00a0\u00a0 \u00a0197<br \/>\n3.2. Regional migration management in times of COVID-19: reaffirming the centrality of migrants\u00b4 rights in accordance with the Global Compact\u00a0\u00a0 \u00a0\u00a0\u00a0 \u00a0202<br \/>\n3.3. Dialogue on migration as a central issue for EU\/LAC bi-regional cooperation\u00a0\u00a0 \u00a0\u00a0\u00a0 \u00a0206<br \/>\n4 Conclusions\u00a0\u00a0 \u00a0\u00a0\u00a0 \u00a0209<br \/>\n5. Bibliography\u00a0\u00a0 \u00a0\u00a0\u00a0 \u00a0210<\/p>\n","protected":false},"excerpt":{"rendered":"<p>El libro trata de diversos aspectos de la relaci\u00f3n entre Latinoam\u00e9rica y Europa. Incluye t\u00f3picos tales como cambio clim\u00e1tico, derecho a la educaci\u00f3n, migraci\u00f3n, cooperaci\u00f3n al desarrollo, la llamada &#8220;techplomacia&#8221;, la relaci\u00f3n entre regionalismo e integraci\u00f3n europea, el contexto de las relaciones entre la uni\u00f3n Europea y Latinoam\u00e9rica, la relaci\u00f3n USA-China y sus posibles consecuencias para Latinoam\u00e9rica y la UE, la judicializaci\u00f3n de las relaciones sociales, la regulaciones de los pl\u00e1sticos de un solo uso, entre otros. Los cap\u00edtulos incluidos son todos escritos por expertos en el \u00e1rea y contiene una mirada actual y relevante de los temas desarrollados. La interdisciplina, a su vez, asegura que todo aquel que busca alg\u00fan aporte relevante podr\u00e1 encontrarlo en este volumen. \u00cdndice Pr\u00f3logo EUROPA, AM\u00c9RICA LATINA Y EL CARIBE. UNA ASOCIACION VIGENTE EN ESCENARIOS DE COMPLEJIDAD\u00a0\u00a0 \u00a011 ADRI\u00c1N BONILLA INTRODUCCI\u00d3N\u00a0\u00a0 \u00a015 Le\u00f3n de la Torre EL CONTEXTO SIST\u00c9MICO DE LAS RELACIONES UNI\u00d3N EUROPEA-AM\u00c9RICA LATINA Y EL CARIBE: CONVERTIR LOS DESAF\u00cdOS EN OPORTUNIDADES Gian Luca Gardini 1. Introducci\u00f3n\u00a0\u00a0 \u00a0\u00a0\u00a0 \u00a017 2. La crisis causada por la pandemia del COVID-19\u00a0\u00a0 \u00a0\u00a0\u00a0 \u00a018 3. La globalizaci\u00f3n en transici\u00f3n\u00a0\u00a0 \u00a0\u00a0\u00a0 \u00a021 4. \u00bfEl declive del multilateralismo?\u00a0\u00a0 \u00a0\u00a0\u00a0 \u00a023 5. El crecimiento de China y de otras potencias\u00a0\u00a0 \u00a0\u00a0\u00a0 \u00a025 6. Conclusi\u00f3n\u00a0\u00a0 \u00a0\u00a0\u00a0 \u00a027 7. Referencias\u00a0\u00a0 \u00a0\u00a0\u00a0 \u00a029 LA POL\u00cdTICA DE COOPERACI\u00d3N AL DESARROLLO DE LA UNI\u00d3N EUROPEA EN AM\u00c9RICA LATINA ANTE LA CRISIS GLOBAL: SINERGIAS Y CONTRADICCIONES Bernab\u00e9 Malacalza 1. Introducci\u00f3n\u00a0\u00a0 \u00a0\u00a0\u00a0 \u00a033 2. La brecha normativa: \u00bfdesarrollo secuencial o idiosincr\u00e1tico?\u00a0\u00a0 \u00a0\u00a0\u00a0 \u00a034 3. La brecha emp\u00edrica: \u00bfcooperaci\u00f3n reactiva o transformadora?\u00a0\u00a0 \u00a0\u00a0\u00a0 \u00a037 4. \u00bfUn futuro com\u00fan en la cooperaci\u00f3n al desarrollo?\u00a0\u00a0 \u00a0\u00a0\u00a0 \u00a040 5. Referencias\u00a0\u00a0 \u00a0\u00a0\u00a0 \u00a043 EL MODELO DE COHESI\u00d3N SOCIAL DE LA UE: APRENDIZAJES LOGRADOS Y PENDIENTES EN CHILE Beatriz Hern\u00e1ndez 1. El programa EUROsociAL y el aprendizaje de pol\u00edticas europeas\u00a0\u00a0 \u00a0\u00a0\u00a0 \u00a046 2. Apendiendo y replicando acciones de Cohesi\u00f3n Social en Chile\u00a0\u00a0 \u00a0\u00a0\u00a0 \u00a049 3. Conclusiones\u00a0\u00a0 \u00a0\u00a0\u00a0 \u00a054 4. Referencias\u00a0\u00a0 \u00a0\u00a0\u00a0 \u00a056 EL PROCESO DE INTEGRACI\u00d3N EUROPEO Y SU RELACI\u00d3N CON EL REGIONALISMO SURAMERICANO: ESCENARIO ACTUAL Y PERSPECTIVA EN EL REGIONALISMO POS COVID Michel Levi 1. El regionalismo suramericano y la influencia de la integraci\u00f3n europea.\u00a0\u00a0 \u00a0\u00a0\u00a0 \u00a060 2. El referente europeo en el regionalismo suramericano frente a las categor\u00edas regionalismo e integraci\u00f3n regional\u00a0\u00a0 \u00a0\u00a0\u00a0 \u00a064 3. La integraci\u00f3n europea: modelo, poder normativo y mecanismo de difusi\u00f3n\u00a0\u00a0 \u00a0\u00a0\u00a0 \u00a066 4. La relaci\u00f3n de las categor\u00edas integraci\u00f3n europea, regionalismo suramericano en el regionalismo pos covid\u00a0\u00a0 \u00a0\u00a0\u00a0 \u00a069 5. Conclusi\u00f3n\u00a0\u00a0 \u00a0\u00a0\u00a0 \u00a071 6. Referencias\u00a0\u00a0 \u00a0\u00a0\u00a0 \u00a073 TECHPLOMACY EL INTERREGIONALISMO DE LA UNI\u00d3N EUROPEA-AM\u00c9RICA LATINA Y EL CARIBE EN LA ERA DIGITAL: UN INTERREGIONALISMO 4.0 PARA UNA GOBERNANZA 4.0 Mario Torres Jarr\u00edn 1. Introducci\u00f3n\u00a0\u00a0 \u00a0\u00a0\u00a0 \u00a075 2. El interregionalismo UE-LAC\u00a0\u00a0 \u00a0\u00a0\u00a0 \u00a077 3. Techplomacy: La Diplomacia de la Era Digital\u00a0\u00a0 \u00a0\u00a0\u00a0 \u00a082 4. UE-ALC y la Cuarta Revoluci\u00f3n Industrial\u00a0\u00a0 \u00a0\u00a0\u00a0 \u00a092 5. Conclusiones: Re-pensando el interregionalismo UE-LAC. Un interregionalismo 4.0 para una Gobernanza Globlal 4.0\u00a0\u00a0 \u00a0\u00a0\u00a0 \u00a093 6. Referencias\u00a0\u00a0 \u00a0\u00a0\u00a0 \u00a095 \u00bfEL ENFRENTAMIENTO DE CHINA Y ESTADOS UNIDOS MOTIVAR\u00c1 MAYOR ACERCAMIENTO ENTRE LA UNI\u00d3N EUROPEA Y AM\u00c9RICA LATINA? Paulina Astroza Su\u00e1rez Javier Sep\u00falveda Estrada 1. Mundo en cambio\u00a0\u00a0 \u00a0\u00a0\u00a0 \u00a0101 2. Dilema complicado a resolver\u00a0\u00a0 \u00a0\u00a0\u00a0 \u00a0103 3. Autonom\u00eda Estrat\u00e9gica\u00a0\u00a0 \u00a0\u00a0\u00a0 \u00a0107 4. \u00bfY qu\u00e9 rol juega Am\u00e9rica Latina en este contexto?\u00a0\u00a0 \u00a0\u00a0\u00a0 \u00a0112 5. Conclusiones\u00a0\u00a0 \u00a0\u00a0\u00a0 \u00a0114 6. Referencias\u00a0\u00a0 \u00a0\u00a0\u00a0 \u00a0115 HACIA UNA ECONOM\u00cdA CIRCULAR: \u00bfQU\u00c9 PODEMOS APRENDER DE LA REGULACI\u00d3N DEL USO DE PL\u00c1STICOS DE UN SOLO USO EN LA UNI\u00d3N EUROPEA? Marcela Jaime C\u00e9sar Salazar 1. Regulaci\u00f3n del uso de pl\u00e1sticos de un solo uso: una mirada desde la econom\u00eda ambiental\u00a0\u00a0 \u00a0\u00a0\u00a0 \u00a0119 2. Instrumentos econ\u00f3micos para la regulaci\u00f3n del uso de pl\u00e1sticos de un solo uso\u00a0\u00a0 \u00a0\u00a0\u00a0 \u00a0120 3. Iniciativas voluntarias de algunos estados miembro previo a la creaci\u00f3n de la directiva de los pl\u00e1sticos de un solo uso de la uni\u00f3n europea\u00a0\u00a0 \u00a0\u00a0\u00a0 \u00a0123 4. la directiva de los pl\u00e1sticos de un solo uso de la ue: principales lineamientos\u00a0\u00a0 \u00a0\u00a0\u00a0 \u00a0127 5. Promoviendo la econom\u00eda circular en am\u00e9rica latina: la prohibici\u00f3n del uso de bolsas pl\u00e1sticas de un solo uso en chile\u00a0\u00a0 \u00a0\u00a0\u00a0 \u00a0128 6. Conclusiones\u00a0\u00a0 \u00a0\u00a0\u00a0 \u00a0130 7. Agradecimientos\u00a0\u00a0 \u00a0\u00a0\u00a0 \u00a0131 8. Referencias\u00a0\u00a0 \u00a0\u00a0\u00a0 \u00a0132 ESTRATEGIAS TERRITORIALES PARA LA ADAPTACI\u00d3N AL CAMBIO CLIM\u00c1TICO EN ZONAS COSTERAS: HELSINGBORG, SUECIA E IQUIQUE, CHILE Jeanne W. Simon Mauricio J. Rondanelli-Reyes 1. Introducci\u00f3n\u00a0\u00a0 \u00a0\u00a0\u00a0 \u00a0135 2. Gesti\u00f3n Adaptativa y Servicios Ecosist\u00e9micos\u00a0\u00a0 \u00a0\u00a0\u00a0 \u00a0136 3. Enfoque de la Uni\u00f3n Europea para Adaptaci\u00f3n al Cambio Clim\u00e1tico\u00a0\u00a0 \u00a0\u00a0\u00a0 \u00a0138 4. Enfoque Sueco para Adaptaci\u00f3n al Cambio Clim\u00e1tico\u00a0\u00a0 \u00a0\u00a0\u00a0 \u00a0140 5. Gesti\u00f3n Municipal para la Adaptaci\u00f3n al Cambio Clim\u00e1tico en Helsingborg, Provincia de Escania, Suecia\u00a0\u00a0 \u00a0\u00a0\u00a0 \u00a0141 6. Gesti\u00f3n Municipal para la Adaptaci\u00f3n al Cambio Clim\u00e1tico en la ciudad de Iquique, Regi\u00f3n de Tarapac\u00e1, Chile\u00a0\u00a0 \u00a0\u00a0\u00a0 \u00a0145 7. Desaf\u00edos ecol\u00f3gicos y de gobernanza\u00a0\u00a0 \u00a0\u00a0\u00a0 \u00a0149 8. Agradecimientos\u00a0\u00a0 \u00a0\u00a0\u00a0 \u00a0150 9. Referencias\u00a0\u00a0 \u00a0\u00a0\u00a0 \u00a0150 EL DERECHO A LA EDUCACI\u00d3N EN LA JURISPRUDENCIA DEL TRIBUNAL EUROPEO DE DERECHOS HUMANOS Y DE LA CORTE INTERAMERICANA DE DERECHO HUMANOS: EST\u00c1NDARES Y ELEMENTOS CONCEPTUALES Alfonso Henr\u00edquez R. 1. El Derecho a la educaci\u00f3n en el caso del Convenio Europeo de Derechos Humanos (CEDH) y en la Convenci\u00f3n Interamericana de Derechos Humanos (CIDH)\u00a0\u00a0 \u00a0\u00a0\u00a0 \u00a0153 2. Est\u00e1ndares jurisprudenciales\u00a0\u00a0 \u00a0\u00a0\u00a0 \u00a0155 2.1. Tribunal Europeo de Derechos Humanos\u00a0\u00a0 \u00a0\u00a0\u00a0 \u00a0155 2.2. Corte Interamericana de Derechos Humanos\u00a0\u00a0 \u00a0\u00a0\u00a0 \u00a0158 3. Conclusiones\u00a0\u00a0 \u00a0\u00a0\u00a0 \u00a0163 4. Referencias\u00a0\u00a0 \u00a0\u00a0\u00a0 \u00a0165 LA JUDICIALIZACI\u00d3N Y LA PANDEMIA EN EUROPA Y LATINOAMERICA: EL RECURSO JUDICIAL COMO HERRAMIENTA DE OPOSICI\u00d3N POL\u00cdTICA EN CHILE Y ESPA\u00d1A Beatriz Larrain Martinez 1. Introducci\u00f3n\u00a0\u00a0 \u00a0\u00a0\u00a0 \u00a0167 1. Primera Parte: Nociones b\u00e1sicas\u00a0\u00a0 \u00a0\u00a0\u00a0 \u00a0167 2. Segunda parte: El caso de Chile y Espa\u00f1a: judicializaci\u00f3n de la pandemia como herramienta pol\u00edtica de oposici\u00f3n.\u00a0\u00a0 \u00a0\u00a0\u00a0 \u00a0170 2.1. El caso de Chile\u00a0\u00a0 \u00a0\u00a0\u00a0 \u00a0170 2.2. El caso de Espa\u00f1a\u00a0\u00a0 \u00a0\u00a0\u00a0 \u00a0174 3. Discusi\u00f3n\u00a0\u00a0 \u00a0\u00a0\u00a0 \u00a0178 4. Conclusiones\u00a0\u00a0 \u00a0\u00a0\u00a0 \u00a0179 5. Referencias\u00a0\u00a0 \u00a0\u00a0\u00a0 \u00a0180 THE CONTRIBUTION OF THE EUROPEAN UNION AND LATIN AMERICA IN GLOBAL MIGRATION GOVERNANCE: THE IMPLEMENTATION OF THE GLOBAL COMPACT FOR SAFE, ORDERLY AND REGULAR MIGRATION Mill\u00e1n Requena Casanova 1. Migrations in a globalized world: towards migratory governance\u00a0\u00a0 \u00a0\u00a0\u00a0<\/p>\n","protected":false},"featured_media":3876,"comment_status":"open","ping_status":"closed","template":"","meta":{"inline_featured_image":false,"_joinchat":[]},"product_brand":[],"product_cat":[43],"product_tag":[],"class_list":{"0":"post-3846","1":"product","2":"type-product","3":"status-publish","4":"has-post-thumbnail","6":"product_cat-derecho-internacional","7":"product_shipping_class-a-convenir","9":"first","10":"instock","11":"shipping-taxable","12":"purchasable","13":"product-type-simple"},"_links":{"self":[{"href":"https:\/\/bibliotecajuridicavirtual.cl\/index.php\/wp-json\/wp\/v2\/product\/3846","targetHints":{"allow":["GET"]}}],"collection":[{"href":"https:\/\/bibliotecajuridicavirtual.cl\/index.php\/wp-json\/wp\/v2\/product"}],"about":[{"href":"https:\/\/bibliotecajuridicavirtual.cl\/index.php\/wp-json\/wp\/v2\/types\/product"}],"replies":[{"embeddable":true,"href":"https:\/\/bibliotecajuridicavirtual.cl\/index.php\/wp-json\/wp\/v2\/comments?post=3846"}],"wp:featuredmedia":[{"embeddable":true,"href":"https:\/\/bibliotecajuridicavirtual.cl\/index.php\/wp-json\/wp\/v2\/media\/3876"}],"wp:attachment":[{"href":"https:\/\/bibliotecajuridicavirtual.cl\/index.php\/wp-json\/wp\/v2\/media?parent=3846"}],"wp:term":[{"taxonomy":"product_brand","embeddable":true,"href":"https:\/\/bibliotecajuridicavirtual.cl\/index.php\/wp-json\/wp\/v2\/product_brand?post=3846"},{"taxonomy":"product_cat","embeddable":true,"href":"https:\/\/bibliotecajuridicavirtual.cl\/index.php\/wp-json\/wp\/v2\/product_cat?post=3846"},{"taxonomy":"product_tag","embeddable":true,"href":"https:\/\/bibliotecajuridicavirtual.cl\/index.php\/wp-json\/wp\/v2\/product_tag?post=3846"}],"curies":[{"name":"wp","href":"https:\/\/api.w.org\/{rel}","templated":true}]}}