{"id":3848,"date":"2026-02-28T01:20:56","date_gmt":"2026-02-28T04:20:56","guid":{"rendered":"https:\/\/bibliotecajuridicavirtual.cl\/?post_type=product&#038;p=3848"},"modified":"2026-02-28T01:21:07","modified_gmt":"2026-02-28T04:21:07","slug":"temas-basicos-de-derecho-publico-primera-parte-ano-2022-136-pag-enrique-diaz-bravo-y-david-almagro-castro","status":"publish","type":"product","link":"https:\/\/bibliotecajuridicavirtual.cl\/index.php\/product\/temas-basicos-de-derecho-publico-primera-parte-ano-2022-136-pag-enrique-diaz-bravo-y-david-almagro-castro\/","title":{"rendered":"Temas b\u00e1sicos de Derecho P\u00fablico. Primera parte. A\u00f1o 2022\/ 136 P\u00e1g. Enrique Diaz Bravo y David Almagro Castro"},"content":{"rendered":"<p>Libros de texto para todas las especialidades de Derecho, Criminolog\u00eda, Econom\u00eda y Sociolog\u00eda.<br \/>\nUna colecci\u00f3n cl\u00e1sica en la literatura universitaria espa\u00f1ola.<\/p>\n<p>\u00cdNDICE<br \/>\nRESE\u00d1A DE AUTORES\u00a0\u00a0 \u00a011<br \/>\nINTRODUCCI\u00d3N\u00a0\u00a0 \u00a013<br \/>\nCap\u00edtulo I<br \/>\nLA CONSTITUCI\u00d3N: DE DOCUMENTO POL\u00cdTICO A NORMA JUR\u00cdDICA SUPREMA\u00a0\u00a0 \u00a017<br \/>\nI. LOS ANTECEDENTES HIST\u00d3RICOS DE LA CONSTITUCI\u00d3N MODERNA\u00a0\u00a0 \u00a017<br \/>\nII. EL CONSTITUCIONALISMO MODERNO EN ESTADOS UNIDOS Y EUROPA: DOS SOLUCIONES DIFERENCIADAS\u00a0\u00a0 \u00a019<br \/>\nII.1. Las ra\u00edces del constitucionalismo estadounidense: la Constituci\u00f3n como norma jur\u00eddica\u00a0\u00a0 \u00a020<br \/>\nII.2. Las ra\u00edces del constitucionalismo continental: la Constituci\u00f3n como documento pol\u00edtico\u00a0\u00a0 \u00a022<br \/>\nII.3. El constitucionalismo en Am\u00e9rica Latina en el siglo XIX: el desfase entre el ser y deber ser de la norma constitucional\u00a0\u00a0 \u00a023<br \/>\nIII. EL CONSTITUCIONALISMO DE ENTREGUERRAS Y EL NEOCONSTITUCIONALISMO: LA CONSOLIDACI\u00d3N DE LA CONSTITUCI\u00d3N COMO EJE DEL ORDENAMIENTO\u00a0\u00a0 \u00a026<br \/>\nIII.1. Neoconstitucionalismo europeo: rasgos elementales\u00a0\u00a0 \u00a027<br \/>\nIII.2. Neoconstitucionalismo latinoamericano: similitudes y diferencias\u00a0\u00a0 \u00a029<br \/>\nIV. LA CONSTITUCI\u00d3N COMO NORMA JUR\u00cdDICA SUPREMA: RASGOS ESENCIALES\u00a0\u00a0 \u00a031<br \/>\nIV.1. El contenido de la Constituci\u00f3n: el por qu\u00e9 y para qu\u00e9 de la norma constitucional\u00a0\u00a0 \u00a031<br \/>\nIV.2. La fuerza normativa de la Constituci\u00f3n: la Constituci\u00f3n formal y material\u00a0\u00a0 \u00a032<br \/>\nBibliograf\u00eda consultada\u00a0\u00a0 \u00a034<br \/>\nCap\u00edtulo II<br \/>\nLOS DERECHOS FUNDAMENTALES EN LA HISTORIA CONSTITUCIONAL MODERNA Y CONTEMPOR\u00c1NEA\u00a0\u00a0 \u00a037<br \/>\nI. LA FORMACI\u00d3N HIST\u00d3RICA DE LOS DERECHOS FUNDAMENTALES: NOTAS ESENCIALES\u00a0\u00a0 \u00a037<br \/>\nII.LOS DERECHOS FUNDAMENTALES EN EL ESTADO DEMOCR\u00c1TICO DE DERECHO: TEOR\u00cdA GENERAL\u00a0\u00a0 \u00a043<br \/>\nII.1. La dignidad humana como eje axiol\u00f3gico del sistema de derechos fundamentales\u00a0\u00a0 \u00a043<br \/>\nII.2. Los derechos fundamentales: concepto y caracter\u00edsticas generales\u00a0\u00a0 \u00a045<br \/>\nII.3. La clasificaci\u00f3n de los derechos fundamentales: una cuesti\u00f3n circular\u00a0\u00a0 \u00a046<br \/>\nII.4. La titularidad de los derechos fundamentales: aspectos esenciales\u00a0\u00a0 \u00a051<br \/>\nII.5. Titularidades diferenciadas de derechos fundamentales: las personas jur\u00eddicas, los menores e incapaces\u00a0\u00a0 \u00a053<br \/>\nII.6. Los destinatarios de los derechos fundamentales: la eficacia vertical y horizontal\u00a0\u00a0 \u00a055<br \/>\nIII. EL DESARROLLO Y REGULACI\u00d3N DE DERECHOS FUNDAMENTALES: LA RESERVA DE LEY, LOS L\u00cdMITES Y EL PRINCIPIO DE PROPORCIONALIDAD\u00a0\u00a0 \u00a059<br \/>\nIII.1. La reserva de ley como habilitaci\u00f3n espec\u00edfica en la regulaci\u00f3n de los derechos fundamentales\u00a0\u00a0 \u00a060<br \/>\nIII.2. Los l\u00edmites a los derechos fundamentales: l\u00edmites internos, externos y el contenido esencial\u00a0\u00a0 \u00a062<br \/>\nIII.3. El principio de proporcionalidad\u00a0\u00a0 \u00a065<br \/>\nIII.4. Las garant\u00edas jurisdiccionales de los derechos fundamentales: aspectos generales\u00a0\u00a0 \u00a067<br \/>\nBibliograf\u00eda consultada\u00a0\u00a0 \u00a070<br \/>\nCap\u00edtulo III<br \/>\nLA SEPARACI\u00d3N DE PODERES EN EL ESTADO CONSTITUCIONAL\u00a0\u00a0 \u00a073<br \/>\nI. ORIGEN, EVOLUCI\u00d3N Y CONSOLIDACI\u00d3N\u00a0\u00a0 \u00a073<br \/>\nI.1. El origen de la teor\u00eda de la separaci\u00f3n de poderes: la contribuci\u00f3n de John Locke\u00a0\u00a0 \u00a074<br \/>\nII. LA EVOLUCI\u00d3N DOCTRINAL DE LA SEPARACI\u00d3N DE PODERES: LA OBRA DE MONTESQUIEU\u00a0\u00a0 \u00a078<br \/>\nIII. LA SEPARACI\u00d3N DE PODERES EN LA CONSTITUCI\u00d3N FEDERAL DE LOS ESTADOS UNIDOS\u00a0\u00a0 \u00a081<br \/>\nIV. LA SEPARACI\u00d3N DE PODERES EN EL ESTADO DEMOCR\u00c1TICO: CARACTER\u00cdSTICAS GENERALES\u00a0\u00a0 \u00a084<br \/>\nBibliograf\u00eda consultada\u00a0\u00a0 \u00a089<br \/>\nCap\u00edtulo IV<br \/>\nLA JUSTICIA CONSTITUCIONAL COMO GARANT\u00cdA B\u00c1SICA DEL ESTADO DEMOCR\u00c1TICO DE DERECHO\u00a0\u00a0 \u00a091<br \/>\nI. NOTAS INTRODUCTORIAS\u00a0\u00a0 \u00a091<br \/>\nII. LOS MODELOS CL\u00c1SICOS DE JUSTICIA CONSTITUCIONAL: RASGOS ESENCIALES\u00a0\u00a0 \u00a092<br \/>\nIII. LA LEGITIMIDAD DEL TRIBUNAL CONSTITUCIONAL COMO \u00d3RGANO DE CONTROL DE LA CONSTITUCIONALIDAD DE LA LEY: UN PROBLEMA CIRCULAR\u00a0\u00a0 \u00a094<br \/>\nIV. LOS VALORES CONSTITUCIONALES Y LA FUNCI\u00d3N INTEGRADORA DE LA JUSTICIA CONSTITUCIONAL\u00a0\u00a0 \u00a097<br \/>\nV. UNA CR\u00cdTICA RECURRENTE: LA \u00bfINNEGABLE? POLITIZACI\u00d3N DE LA JUSTICIA CONSTITUCIONAL\u00a0\u00a0 \u00a098<br \/>\nVI. LA JUSTICIA CONSTITUCIONAL EN EL SIGLO XXI: SITUACI\u00d3N ACTUAL Y DESAF\u00cdOS PENDIENTES\u00a0\u00a0 \u00a0100<br \/>\nBibliograf\u00eda consultada\u00a0\u00a0 \u00a0102<br \/>\nCap\u00edtulo V<br \/>\nLA JUSTICIA CONSTITUCIONAL EN DETALLE\u00a0\u00a0 \u00a0105<br \/>\nI. EL CONTROL DE CONSTITUCIONALIDAD DE LA LEY COMO FUNCI\u00d3N ESENCIAL DE LA JUSTICIA CONSTITUCIONAL: NOTAS INTRODUCTORIAS\u00a0\u00a0 \u00a0105<br \/>\nII. LOS MODELOS CL\u00c1SICOS DEL CONTROL DE CONSTITUCIONALIDAD DE LAS LEYES: ANTECEDENTES Y CARACTER\u00cdSTICAS\u00a0\u00a0 \u00a0106<br \/>\nII.1. Origen y consolidaci\u00f3n del control de constitucionalidad de la ley en el modelo difuso estadounidense\u00a0\u00a0 \u00a0106<br \/>\nII.2. El control de control de constitucionalidad de la ley en Europa. Etapas y desarrollo\u00a0\u00a0 \u00a0109<br \/>\nIII. LOS MODELOS CL\u00c1SICOS DE CONTROL: LA CONFORMACI\u00d3N HIST\u00d3RICA\u00a0\u00a0 \u00a0111<br \/>\nIII.1. La integraci\u00f3n paulatina de los modelos cl\u00e1sicos\u00a0\u00a0 \u00a0112<br \/>\nIII.2. La cuesti\u00f3n de inconstitucionalidad como elemento de hibridaci\u00f3n de los modelos\u00a0\u00a0 \u00a0114<br \/>\nIII.3. Las diferencias persistentes entre los modelos estadounidense y europeo\u00a0\u00a0 \u00a0115<br \/>\nBibliograf\u00eda consultada\u00a0\u00a0 \u00a0117<br \/>\nCapitulo VI<br \/>\nLA REFORMA CONSTITUCIONAL COMO GARANT\u00cdA DE LA SUPREMAC\u00cdA CONSTITUCIONAL\u00a0\u00a0 \u00a0121<br \/>\nI. EL PODER CONSTITUYENTE COMO FUNDAMENTO DEL ORDEN CONSTITUCIONAL: NATURALEZA, TITULARIDAD Y \u00bfL\u00cdMITES? DERIVADOS DEL DERECHO INTERNACIONAL\u00a0\u00a0 \u00a0121<br \/>\nII. EL PODER DE REFORMA CONSTITUCIONAL: CONCEPTO Y TIPOLOG\u00cdAS\u00a0\u00a0 \u00a0126<br \/>\nIII. LOS L\u00cdMITES AL PODER DE REFORMA CONSTITUCIONAL: UNA CUESTI\u00d3N ESPINOSA\u00a0\u00a0 \u00a0130<br \/>\nBibliograf\u00eda consultada\u00a0\u00a0 \u00a0132<\/p>\n","protected":false},"excerpt":{"rendered":"<p>Libros de texto para todas las especialidades de Derecho, Criminolog\u00eda, Econom\u00eda y Sociolog\u00eda. Una colecci\u00f3n cl\u00e1sica en la literatura universitaria espa\u00f1ola. \u00cdNDICE RESE\u00d1A DE AUTORES\u00a0\u00a0 \u00a011 INTRODUCCI\u00d3N\u00a0\u00a0 \u00a013 Cap\u00edtulo I LA CONSTITUCI\u00d3N: DE DOCUMENTO POL\u00cdTICO A NORMA JUR\u00cdDICA SUPREMA\u00a0\u00a0 \u00a017 I. LOS ANTECEDENTES HIST\u00d3RICOS DE LA CONSTITUCI\u00d3N MODERNA\u00a0\u00a0 \u00a017 II. EL CONSTITUCIONALISMO MODERNO EN ESTADOS UNIDOS Y EUROPA: DOS SOLUCIONES DIFERENCIADAS\u00a0\u00a0 \u00a019 II.1. Las ra\u00edces del constitucionalismo estadounidense: la Constituci\u00f3n como norma jur\u00eddica\u00a0\u00a0 \u00a020 II.2. Las ra\u00edces del constitucionalismo continental: la Constituci\u00f3n como documento pol\u00edtico\u00a0\u00a0 \u00a022 II.3. El constitucionalismo en Am\u00e9rica Latina en el siglo XIX: el desfase entre el ser y deber ser de la norma constitucional\u00a0\u00a0 \u00a023 III. EL CONSTITUCIONALISMO DE ENTREGUERRAS Y EL NEOCONSTITUCIONALISMO: LA CONSOLIDACI\u00d3N DE LA CONSTITUCI\u00d3N COMO EJE DEL ORDENAMIENTO\u00a0\u00a0 \u00a026 III.1. Neoconstitucionalismo europeo: rasgos elementales\u00a0\u00a0 \u00a027 III.2. Neoconstitucionalismo latinoamericano: similitudes y diferencias\u00a0\u00a0 \u00a029 IV. LA CONSTITUCI\u00d3N COMO NORMA JUR\u00cdDICA SUPREMA: RASGOS ESENCIALES\u00a0\u00a0 \u00a031 IV.1. El contenido de la Constituci\u00f3n: el por qu\u00e9 y para qu\u00e9 de la norma constitucional\u00a0\u00a0 \u00a031 IV.2. La fuerza normativa de la Constituci\u00f3n: la Constituci\u00f3n formal y material\u00a0\u00a0 \u00a032 Bibliograf\u00eda consultada\u00a0\u00a0 \u00a034 Cap\u00edtulo II LOS DERECHOS FUNDAMENTALES EN LA HISTORIA CONSTITUCIONAL MODERNA Y CONTEMPOR\u00c1NEA\u00a0\u00a0 \u00a037 I. LA FORMACI\u00d3N HIST\u00d3RICA DE LOS DERECHOS FUNDAMENTALES: NOTAS ESENCIALES\u00a0\u00a0 \u00a037 II.LOS DERECHOS FUNDAMENTALES EN EL ESTADO DEMOCR\u00c1TICO DE DERECHO: TEOR\u00cdA GENERAL\u00a0\u00a0 \u00a043 II.1. La dignidad humana como eje axiol\u00f3gico del sistema de derechos fundamentales\u00a0\u00a0 \u00a043 II.2. Los derechos fundamentales: concepto y caracter\u00edsticas generales\u00a0\u00a0 \u00a045 II.3. La clasificaci\u00f3n de los derechos fundamentales: una cuesti\u00f3n circular\u00a0\u00a0 \u00a046 II.4. La titularidad de los derechos fundamentales: aspectos esenciales\u00a0\u00a0 \u00a051 II.5. Titularidades diferenciadas de derechos fundamentales: las personas jur\u00eddicas, los menores e incapaces\u00a0\u00a0 \u00a053 II.6. Los destinatarios de los derechos fundamentales: la eficacia vertical y horizontal\u00a0\u00a0 \u00a055 III. EL DESARROLLO Y REGULACI\u00d3N DE DERECHOS FUNDAMENTALES: LA RESERVA DE LEY, LOS L\u00cdMITES Y EL PRINCIPIO DE PROPORCIONALIDAD\u00a0\u00a0 \u00a059 III.1. La reserva de ley como habilitaci\u00f3n espec\u00edfica en la regulaci\u00f3n de los derechos fundamentales\u00a0\u00a0 \u00a060 III.2. Los l\u00edmites a los derechos fundamentales: l\u00edmites internos, externos y el contenido esencial\u00a0\u00a0 \u00a062 III.3. El principio de proporcionalidad\u00a0\u00a0 \u00a065 III.4. Las garant\u00edas jurisdiccionales de los derechos fundamentales: aspectos generales\u00a0\u00a0 \u00a067 Bibliograf\u00eda consultada\u00a0\u00a0 \u00a070 Cap\u00edtulo III LA SEPARACI\u00d3N DE PODERES EN EL ESTADO CONSTITUCIONAL\u00a0\u00a0 \u00a073 I. ORIGEN, EVOLUCI\u00d3N Y CONSOLIDACI\u00d3N\u00a0\u00a0 \u00a073 I.1. El origen de la teor\u00eda de la separaci\u00f3n de poderes: la contribuci\u00f3n de John Locke\u00a0\u00a0 \u00a074 II. LA EVOLUCI\u00d3N DOCTRINAL DE LA SEPARACI\u00d3N DE PODERES: LA OBRA DE MONTESQUIEU\u00a0\u00a0 \u00a078 III. LA SEPARACI\u00d3N DE PODERES EN LA CONSTITUCI\u00d3N FEDERAL DE LOS ESTADOS UNIDOS\u00a0\u00a0 \u00a081 IV. LA SEPARACI\u00d3N DE PODERES EN EL ESTADO DEMOCR\u00c1TICO: CARACTER\u00cdSTICAS GENERALES\u00a0\u00a0 \u00a084 Bibliograf\u00eda consultada\u00a0\u00a0 \u00a089 Cap\u00edtulo IV LA JUSTICIA CONSTITUCIONAL COMO GARANT\u00cdA B\u00c1SICA DEL ESTADO DEMOCR\u00c1TICO DE DERECHO\u00a0\u00a0 \u00a091 I. NOTAS INTRODUCTORIAS\u00a0\u00a0 \u00a091 II. LOS MODELOS CL\u00c1SICOS DE JUSTICIA CONSTITUCIONAL: RASGOS ESENCIALES\u00a0\u00a0 \u00a092 III. LA LEGITIMIDAD DEL TRIBUNAL CONSTITUCIONAL COMO \u00d3RGANO DE CONTROL DE LA CONSTITUCIONALIDAD DE LA LEY: UN PROBLEMA CIRCULAR\u00a0\u00a0 \u00a094 IV. LOS VALORES CONSTITUCIONALES Y LA FUNCI\u00d3N INTEGRADORA DE LA JUSTICIA CONSTITUCIONAL\u00a0\u00a0 \u00a097 V. UNA CR\u00cdTICA RECURRENTE: LA \u00bfINNEGABLE? POLITIZACI\u00d3N DE LA JUSTICIA CONSTITUCIONAL\u00a0\u00a0 \u00a098 VI. LA JUSTICIA CONSTITUCIONAL EN EL SIGLO XXI: SITUACI\u00d3N ACTUAL Y DESAF\u00cdOS PENDIENTES\u00a0\u00a0 \u00a0100 Bibliograf\u00eda consultada\u00a0\u00a0 \u00a0102 Cap\u00edtulo V LA JUSTICIA CONSTITUCIONAL EN DETALLE\u00a0\u00a0 \u00a0105 I. EL CONTROL DE CONSTITUCIONALIDAD DE LA LEY COMO FUNCI\u00d3N ESENCIAL DE LA JUSTICIA CONSTITUCIONAL: NOTAS INTRODUCTORIAS\u00a0\u00a0 \u00a0105 II. LOS MODELOS CL\u00c1SICOS DEL CONTROL DE CONSTITUCIONALIDAD DE LAS LEYES: ANTECEDENTES Y CARACTER\u00cdSTICAS\u00a0\u00a0 \u00a0106 II.1. Origen y consolidaci\u00f3n del control de constitucionalidad de la ley en el modelo difuso estadounidense\u00a0\u00a0 \u00a0106 II.2. El control de control de constitucionalidad de la ley en Europa. Etapas y desarrollo\u00a0\u00a0 \u00a0109 III. LOS MODELOS CL\u00c1SICOS DE CONTROL: LA CONFORMACI\u00d3N HIST\u00d3RICA\u00a0\u00a0 \u00a0111 III.1. La integraci\u00f3n paulatina de los modelos cl\u00e1sicos\u00a0\u00a0 \u00a0112 III.2. La cuesti\u00f3n de inconstitucionalidad como elemento de hibridaci\u00f3n de los modelos\u00a0\u00a0 \u00a0114 III.3. Las diferencias persistentes entre los modelos estadounidense y europeo\u00a0\u00a0 \u00a0115 Bibliograf\u00eda consultada\u00a0\u00a0 \u00a0117 Capitulo VI LA REFORMA CONSTITUCIONAL COMO GARANT\u00cdA DE LA SUPREMAC\u00cdA CONSTITUCIONAL\u00a0\u00a0 \u00a0121 I. EL PODER CONSTITUYENTE COMO FUNDAMENTO DEL ORDEN CONSTITUCIONAL: NATURALEZA, TITULARIDAD Y \u00bfL\u00cdMITES? DERIVADOS DEL DERECHO INTERNACIONAL\u00a0\u00a0 \u00a0121 II. EL PODER DE REFORMA CONSTITUCIONAL: CONCEPTO Y TIPOLOG\u00cdAS\u00a0\u00a0 \u00a0126 III. LOS L\u00cdMITES AL PODER DE REFORMA CONSTITUCIONAL: UNA CUESTI\u00d3N ESPINOSA\u00a0\u00a0 \u00a0130 Bibliograf\u00eda consultada\u00a0\u00a0 \u00a0132<\/p>\n","protected":false},"featured_media":3878,"comment_status":"open","ping_status":"closed","template":"","meta":{"inline_featured_image":false,"_joinchat":[]},"product_brand":[],"product_cat":[45],"product_tag":[],"class_list":{"0":"post-3848","1":"product","2":"type-product","3":"status-publish","4":"has-post-thumbnail","6":"product_cat-administrativo","7":"product_shipping_class-a-convenir","9":"first","10":"instock","11":"shipping-taxable","12":"purchasable","13":"product-type-simple"},"_links":{"self":[{"href":"https:\/\/bibliotecajuridicavirtual.cl\/index.php\/wp-json\/wp\/v2\/product\/3848","targetHints":{"allow":["GET"]}}],"collection":[{"href":"https:\/\/bibliotecajuridicavirtual.cl\/index.php\/wp-json\/wp\/v2\/product"}],"about":[{"href":"https:\/\/bibliotecajuridicavirtual.cl\/index.php\/wp-json\/wp\/v2\/types\/product"}],"replies":[{"embeddable":true,"href":"https:\/\/bibliotecajuridicavirtual.cl\/index.php\/wp-json\/wp\/v2\/comments?post=3848"}],"wp:featuredmedia":[{"embeddable":true,"href":"https:\/\/bibliotecajuridicavirtual.cl\/index.php\/wp-json\/wp\/v2\/media\/3878"}],"wp:attachment":[{"href":"https:\/\/bibliotecajuridicavirtual.cl\/index.php\/wp-json\/wp\/v2\/media?parent=3848"}],"wp:term":[{"taxonomy":"product_brand","embeddable":true,"href":"https:\/\/bibliotecajuridicavirtual.cl\/index.php\/wp-json\/wp\/v2\/product_brand?post=3848"},{"taxonomy":"product_cat","embeddable":true,"href":"https:\/\/bibliotecajuridicavirtual.cl\/index.php\/wp-json\/wp\/v2\/product_cat?post=3848"},{"taxonomy":"product_tag","embeddable":true,"href":"https:\/\/bibliotecajuridicavirtual.cl\/index.php\/wp-json\/wp\/v2\/product_tag?post=3848"}],"curies":[{"name":"wp","href":"https:\/\/api.w.org\/{rel}","templated":true}]}}