{"id":3849,"date":"2026-02-28T01:20:56","date_gmt":"2026-02-28T04:20:56","guid":{"rendered":"https:\/\/bibliotecajuridicavirtual.cl\/?post_type=product&#038;p=3849"},"modified":"2026-02-28T01:21:08","modified_gmt":"2026-02-28T04:21:08","slug":"derechos-humanos-y-justicia-transicional-en-chile-ano-2022-268-pag-autor-hugo-rojas-y-miriam-shaftoe","status":"publish","type":"product","link":"https:\/\/bibliotecajuridicavirtual.cl\/index.php\/product\/derechos-humanos-y-justicia-transicional-en-chile-ano-2022-268-pag-autor-hugo-rojas-y-miriam-shaftoe\/","title":{"rendered":"Derechos Humanos y Justicia Transicional en Chile. A\u00f1o 2022\/ 268 P\u00e1g. Autor Hugo Rojas y Miriam Shaftoe"},"content":{"rendered":"<p>El an\u00e1lisis de Hugo Rojas y Miriam Shaftoe sobre los abusos a los derechos humanos durante la dictadura de Pinochet y las pol\u00edticas de justicia transicional que se han aplicado en Chile en los \u00faltimos treinta a\u00f1os, arroja luces sobre los \u00e9xitos y fracasos de tales pol\u00edticas y sus implicancias para la sociedad actual. Al conectar la evoluci\u00f3n de los derechos humanos con el poder de los m\u00faltiples actores pol\u00edticos, los autores son capaces de ofrecer un an\u00e1lisis profundo y detallado tanto de las pol\u00edticas como de las fuerzas que las sustentan. Este libro es esencial para entender no s\u00f3lo las violaciones a los derechos humanos de la dictadura y las pol\u00edticas que le siguieron, sino tambi\u00e9n las dificultades para lograr cambios pol\u00edticos sustanciales y exitosos en una sociedad todav\u00eda dividida.<\/p>\n<p>Silvia Borzutzky Profesora de Ciencia Pol\u00edtica, \u00a0Universidad Carnegie Mellon.<\/p>\n<p>Este libro ofrece una s\u00edntesis de los principales logros y retos pendientes durante los treinta a\u00f1os de justicia transicional en Chile tras la dictadura de Augusto Pinochet. La experiencia chilena ha sido de especial inter\u00e9s para investigadores, estudiantes y activistas de derechos humanos que participan en procesos de justicia transicional en todo el mundo. El primer cap\u00edtulo explica los fundamentos te\u00f3ricos de los derechos humanos y la justicia transicional. El segundo cap\u00edtulo proporciona los antecedentes sociopol\u00edticos necesarios para situar las violaciones a los derechos humanos en la historia reciente de Chile y que han definido el curso del proceso de justicia transicional. Los siguientes cap\u00edtulos ofrecen una visi\u00f3n panor\u00e1mica de cada uno de los elementos de la justicia transicional en Chile: verdad, reparaci\u00f3n, memoria, justicia y garant\u00edas de no repetici\u00f3n.<\/p>\n<p>&nbsp;<\/p>\n<p>\u00cdndice<br \/>\nAGRADECIMIENTOS\u00a0\u00a0 \u00a0\u00a0\u00a0 \u00a09<br \/>\nABREVIATURAS\u00a0\u00a0 \u00a0\u00a0\u00a0 \u00a013<br \/>\nPREFACIO\u00a0\u00a0 \u00a0\u00a0\u00a0 \u00a015<br \/>\n1.\u00a0\u00a0 \u00a0DERECHOS HUMANOS Y JUSTICIA TRANSICIONAL\u00a0\u00a0 \u00a0\u00a0\u00a0 \u00a019<br \/>\nA.\u00a0\u00a0 \u00a0FUNDAMENTOS DE LOS DERECHOS HUMANOS\u00a0\u00a0 \u00a0\u00a0\u00a0 \u00a020<br \/>\n1.\u00a0\u00a0 \u00a0Or\u00edgenes de los derechos humanos\u00a0\u00a0 \u00a0\u00a0\u00a0 \u00a022<br \/>\n2.\u00a0\u00a0 \u00a0Fundamentos te\u00f3ricos de los derechos humanos\u00a0\u00a0 \u00a0\u00a0\u00a0 \u00a025<br \/>\n3.\u00a0\u00a0 \u00a0Sistema internacional de protecci\u00f3n de los derechos humanos\u00a0\u00a0 \u00a0\u00a0\u00a0 \u00a027<br \/>\nB.\u00a0\u00a0 \u00a0ELEMENTOS DE LA JUSTICIA TRANSICIONAL\u00a0\u00a0 \u00a0\u00a0\u00a0 \u00a031<br \/>\n1.\u00a0\u00a0 \u00a0Verdad\u00a0\u00a0 \u00a0\u00a0\u00a0 \u00a038<br \/>\n2.\u00a0\u00a0 \u00a0Reparaci\u00f3n\u00a0\u00a0 \u00a0\u00a0\u00a0 \u00a041<br \/>\n3.\u00a0\u00a0 \u00a0Memoria\u00a0\u00a0 \u00a0\u00a0\u00a0 \u00a043<br \/>\n4.\u00a0\u00a0 \u00a0Justicia\u00a0\u00a0 \u00a0\u00a0\u00a0 \u00a044<br \/>\n5.\u00a0\u00a0 \u00a0Garant\u00edas de no repetici\u00f3n\u00a0\u00a0 \u00a0\u00a0\u00a0 \u00a047<br \/>\n2.\u00a0\u00a0 \u00a0ANTECEDENTES HIST\u00d3RICOS\u00a0\u00a0 \u00a0\u00a0\u00a0 \u00a053<br \/>\nA.\u00a0\u00a0 \u00a0CARACTER\u00cdSTICAS DE LA SOCIEDAD CHILENA ANTES DEL GOLPE\u00a0\u00a0 \u00a0\u00a0\u00a0 \u00a055<br \/>\nB.\u00a0\u00a0 \u00a0REVOLUCI\u00d3N EN LIBERTAD\u00a0\u00a0 \u00a0\u00a0\u00a0 \u00a059<br \/>\nC.\u00a0\u00a0 \u00a0UNIDAD POPULAR\u00a0\u00a0 \u00a0\u00a0\u00a0 \u00a063<br \/>\nD.\u00a0\u00a0 \u00a0DICTADURA\u00a0\u00a0 \u00a0\u00a0\u00a0 \u00a067<br \/>\nE.\u00a0\u00a0 \u00a0TRANSICI\u00d3N A LA DEMOCRACIA\u00a0\u00a0 \u00a0\u00a0\u00a0 \u00a079<br \/>\n3.\u00a0\u00a0 \u00a0B\u00daSQUEDA DE LA VERDAD\u00a0\u00a0 \u00a0\u00a0\u00a0 \u00a097<br \/>\nA.\u00a0\u00a0 \u00a0OCULTANDO LA VERDAD\u00a0\u00a0 \u00a0\u00a0\u00a0 \u00a099<br \/>\nB.\u00a0\u00a0 \u00a0COMISIONES DE VERDAD Y RECONCILIACI\u00d3N\u00a0\u00a0 \u00a0\u00a0\u00a0 \u00a0102<br \/>\nC.\u00a0\u00a0 \u00a0INFORME RETTIG\u00a0\u00a0 \u00a0\u00a0\u00a0 \u00a0105<br \/>\nD.\u00a0\u00a0 \u00a0MESA DE DI\u00c1LOGO\u00a0\u00a0 \u00a0\u00a0\u00a0 \u00a0113<br \/>\nE.\u00a0\u00a0 \u00a0COMISI\u00d3N NACIONAL SOBRE PRISI\u00d3N POL\u00cdTICA Y TORTURA\u00a0\u00a0 \u00a0\u00a0\u00a0 \u00a0114<br \/>\nF.\u00a0\u00a0 \u00a0TESTIMONIOS DE SOBREVIVIENTES DE TORTURA\u00a0\u00a0 \u00a0\u00a0\u00a0 \u00a0122<br \/>\nG.\u00a0\u00a0 \u00a0CONCLUSI\u00d3N\u00a0\u00a0 \u00a0\u00a0\u00a0 \u00a0126<br \/>\n4.\u00a0\u00a0 \u00a0REPARACI\u00d3N DE LAS V\u00cdCTIMAS\u00a0\u00a0 \u00a0\u00a0\u00a0 \u00a0129<br \/>\nA.\u00a0\u00a0 \u00a0PILARES DEL MODELO DE REPARACI\u00d3N INTEGRAL\u00a0\u00a0 \u00a0\u00a0\u00a0 \u00a0133<br \/>\n1.\u00a0\u00a0 \u00a0Corporaci\u00f3n Nacional de Reparaci\u00f3n y Reconciliaci\u00f3n\u00a0\u00a0 \u00a0\u00a0\u00a0 \u00a0137<br \/>\n2.\u00a0\u00a0 \u00a0Programa de Reparaci\u00f3n y Atenci\u00f3n Integral de Salud\u00a0\u00a0 \u00a0\u00a0\u00a0 \u00a0138<br \/>\n3.\u00a0\u00a0 \u00a0Oficina Nacional de Retorno\u00a0\u00a0 \u00a0\u00a0\u00a0 \u00a0140<br \/>\n4.\u00a0\u00a0 \u00a0Programa de Reconocimiento al Exonerado Pol\u00edtico\u00a0\u00a0 \u00a0\u00a0\u00a0 \u00a0141<br \/>\n5.\u00a0\u00a0 \u00a0Reparaciones para comunidades rurales\u00a0\u00a0 \u00a0\u00a0\u00a0 \u00a0142<br \/>\n6.\u00a0\u00a0 \u00a0Reparaci\u00f3n de V\u00edctimas de Prisi\u00f3n Pol\u00edtica y Tortura\u00a0\u00a0 \u00a0\u00a0\u00a0 \u00a0145<br \/>\nB.\u00a0\u00a0 \u00a0EVALUACI\u00d3N DE LAS POL\u00cdTICAS DE REPARACI\u00d3N\u00a0\u00a0 \u00a0\u00a0\u00a0 \u00a0148<br \/>\n5.\u00a0\u00a0 \u00a0MEMORIA Y CONMEMORACI\u00d3N\u00a0\u00a0 \u00a0\u00a0\u00a0 \u00a0155<br \/>\nA.\u00a0\u00a0 \u00a0MEMORIA COLECTIVA Y M\u00daLTIPLES NARRATIVAS EN CONFLICTO\u00a0\u00a0 \u00a0\u00a0\u00a0 \u00a0158<br \/>\nB.\u00a0\u00a0 \u00a0SITIOS DE MEMORIA\u00a0\u00a0 \u00a0\u00a0\u00a0 \u00a0164<br \/>\n1.\u00a0\u00a0 \u00a0Parque por la Paz Villa Grimaldi\u00a0\u00a0 \u00a0\u00a0\u00a0 \u00a0167<br \/>\n2.\u00a0\u00a0 \u00a0Museo de la Memoria y los Derechos Humanos\u00a0\u00a0 \u00a0\u00a0\u00a0 \u00a0170<br \/>\n3.\u00a0\u00a0 \u00a0Venda Sexy\u00a0\u00a0 \u00a0\u00a0\u00a0 \u00a0172<br \/>\nC.\u00a0\u00a0 \u00a0CONTRAMEMORIA\u00a0\u00a0 \u00a0\u00a0\u00a0 \u00a0174<br \/>\nD.\u00a0\u00a0 \u00a0MEMORIA, CULTURA POPULAR Y MEDIOS DE COMUNICACI\u00d3N\u00a0\u00a0 \u00a0\u00a0\u00a0 \u00a0177<br \/>\nE.\u00a0\u00a0 \u00a0PEDAGOG\u00cdA DE LA MEMORIA\u00a0\u00a0 \u00a0\u00a0\u00a0 \u00a0180<br \/>\nF.\u00a0\u00a0 \u00a0CONCLUSI\u00d3N\u00a0\u00a0 \u00a0\u00a0\u00a0 \u00a0184<br \/>\n6.\u00a0\u00a0 \u00a0INVESTIGACIONES Y SENTENCIAS JUDICIALES\u00a0\u00a0 \u00a0\u00a0\u00a0 \u00a0187<br \/>\nA.\u00a0\u00a0 \u00a0JUSTICIA EN DICTADURA\u00a0\u00a0 \u00a0\u00a0\u00a0 \u00a0190<br \/>\nB.\u00a0\u00a0 \u00a0JUSTICIA EN LOS PRIMEROS A\u00d1OS DE LA TRANSICI\u00d3N\u00a0\u00a0 \u00a0\u00a0\u00a0 \u00a0193<br \/>\nC.\u00a0\u00a0 \u00a0PINOCHET EN LONDRES\u00a0\u00a0 \u00a0\u00a0\u00a0 \u00a0197<br \/>\nD.\u00a0\u00a0 \u00a0JURISPRUDENCIA EN CASOS DE DERECHOS HUMANOS\u00a0\u00a0 \u00a0\u00a0\u00a0 \u00a0203<br \/>\nE.\u00a0\u00a0 \u00a0LECCIONES DE LA B\u00daSQUEDA DE JUSTICIA\u00a0\u00a0 \u00a0\u00a0\u00a0 \u00a0207<br \/>\n7.\u00a0\u00a0 \u00a0GARANT\u00cdAS DE NO REPETICI\u00d3N\u00a0\u00a0 \u00a0\u00a0\u00a0 \u00a0211<br \/>\nA.\u00a0\u00a0 \u00a0FORTALECIMIENTO DE LAS INSTITUCIONES P\u00daBLICAS\u00a0\u00a0 \u00a0\u00a0\u00a0 \u00a0213<br \/>\nB.\u00a0\u00a0 \u00a0REFORMA DEL MODELO ECON\u00d3MICO Y DEL ESTADO SUBSIDIARIO\u00a0\u00a0 \u00a0\u00a0\u00a0 \u00a0220<br \/>\nC.\u00a0\u00a0 \u00a0DESARTICULACI\u00d3N DE GRUPOS ARMADOS\u00a0\u00a0 \u00a0\u00a0\u00a0 \u00a0224<br \/>\nD.\u00a0\u00a0 \u00a0REINTEGRACI\u00d3N Y REINSERCI\u00d3N\u00a0\u00a0 \u00a0\u00a0\u00a0 \u00a0227<br \/>\nE.\u00a0\u00a0 \u00a0HACIA UNA CULTURA DE LOS DERECHOS HUMANOS\u00a0\u00a0 \u00a0\u00a0\u00a0 \u00a0230<br \/>\nCOMENTARIOS FINALES\u00a0\u00a0 \u00a0\u00a0\u00a0 \u00a0235<br \/>\nBIBLIOGRAF\u00cdA\u00a0\u00a0 \u00a0\u00a0\u00a0 \u00a0245<\/p>\n","protected":false},"excerpt":{"rendered":"<p>El an\u00e1lisis de Hugo Rojas y Miriam Shaftoe sobre los abusos a los derechos humanos durante la dictadura de Pinochet y las pol\u00edticas de justicia transicional que se han aplicado en Chile en los \u00faltimos treinta a\u00f1os, arroja luces sobre los \u00e9xitos y fracasos de tales pol\u00edticas y sus implicancias para la sociedad actual. Al conectar la evoluci\u00f3n de los derechos humanos con el poder de los m\u00faltiples actores pol\u00edticos, los autores son capaces de ofrecer un an\u00e1lisis profundo y detallado tanto de las pol\u00edticas como de las fuerzas que las sustentan. Este libro es esencial para entender no s\u00f3lo las violaciones a los derechos humanos de la dictadura y las pol\u00edticas que le siguieron, sino tambi\u00e9n las dificultades para lograr cambios pol\u00edticos sustanciales y exitosos en una sociedad todav\u00eda dividida. Silvia Borzutzky Profesora de Ciencia Pol\u00edtica, \u00a0Universidad Carnegie Mellon. Este libro ofrece una s\u00edntesis de los principales logros y retos pendientes durante los treinta a\u00f1os de justicia transicional en Chile tras la dictadura de Augusto Pinochet. La experiencia chilena ha sido de especial inter\u00e9s para investigadores, estudiantes y activistas de derechos humanos que participan en procesos de justicia transicional en todo el mundo. El primer cap\u00edtulo explica los fundamentos te\u00f3ricos de los derechos humanos y la justicia transicional. El segundo cap\u00edtulo proporciona los antecedentes sociopol\u00edticos necesarios para situar las violaciones a los derechos humanos en la historia reciente de Chile y que han definido el curso del proceso de justicia transicional. Los siguientes cap\u00edtulos ofrecen una visi\u00f3n panor\u00e1mica de cada uno de los elementos de la justicia transicional en Chile: verdad, reparaci\u00f3n, memoria, justicia y garant\u00edas de no repetici\u00f3n. &nbsp; \u00cdndice AGRADECIMIENTOS\u00a0\u00a0 \u00a0\u00a0\u00a0 \u00a09 ABREVIATURAS\u00a0\u00a0 \u00a0\u00a0\u00a0 \u00a013 PREFACIO\u00a0\u00a0 \u00a0\u00a0\u00a0 \u00a015 1.\u00a0\u00a0 \u00a0DERECHOS HUMANOS Y JUSTICIA TRANSICIONAL\u00a0\u00a0 \u00a0\u00a0\u00a0 \u00a019 A.\u00a0\u00a0 \u00a0FUNDAMENTOS DE LOS DERECHOS HUMANOS\u00a0\u00a0 \u00a0\u00a0\u00a0 \u00a020 1.\u00a0\u00a0 \u00a0Or\u00edgenes de los derechos humanos\u00a0\u00a0 \u00a0\u00a0\u00a0 \u00a022 2.\u00a0\u00a0 \u00a0Fundamentos te\u00f3ricos de los derechos humanos\u00a0\u00a0 \u00a0\u00a0\u00a0 \u00a025 3.\u00a0\u00a0 \u00a0Sistema internacional de protecci\u00f3n de los derechos humanos\u00a0\u00a0 \u00a0\u00a0\u00a0 \u00a027 B.\u00a0\u00a0 \u00a0ELEMENTOS DE LA JUSTICIA TRANSICIONAL\u00a0\u00a0 \u00a0\u00a0\u00a0 \u00a031 1.\u00a0\u00a0 \u00a0Verdad\u00a0\u00a0 \u00a0\u00a0\u00a0 \u00a038 2.\u00a0\u00a0 \u00a0Reparaci\u00f3n\u00a0\u00a0 \u00a0\u00a0\u00a0 \u00a041 3.\u00a0\u00a0 \u00a0Memoria\u00a0\u00a0 \u00a0\u00a0\u00a0 \u00a043 4.\u00a0\u00a0 \u00a0Justicia\u00a0\u00a0 \u00a0\u00a0\u00a0 \u00a044 5.\u00a0\u00a0 \u00a0Garant\u00edas de no repetici\u00f3n\u00a0\u00a0 \u00a0\u00a0\u00a0 \u00a047 2.\u00a0\u00a0 \u00a0ANTECEDENTES HIST\u00d3RICOS\u00a0\u00a0 \u00a0\u00a0\u00a0 \u00a053 A.\u00a0\u00a0 \u00a0CARACTER\u00cdSTICAS DE LA SOCIEDAD CHILENA ANTES DEL GOLPE\u00a0\u00a0 \u00a0\u00a0\u00a0 \u00a055 B.\u00a0\u00a0 \u00a0REVOLUCI\u00d3N EN LIBERTAD\u00a0\u00a0 \u00a0\u00a0\u00a0 \u00a059 C.\u00a0\u00a0 \u00a0UNIDAD POPULAR\u00a0\u00a0 \u00a0\u00a0\u00a0 \u00a063 D.\u00a0\u00a0 \u00a0DICTADURA\u00a0\u00a0 \u00a0\u00a0\u00a0 \u00a067 E.\u00a0\u00a0 \u00a0TRANSICI\u00d3N A LA DEMOCRACIA\u00a0\u00a0 \u00a0\u00a0\u00a0 \u00a079 3.\u00a0\u00a0 \u00a0B\u00daSQUEDA DE LA VERDAD\u00a0\u00a0 \u00a0\u00a0\u00a0 \u00a097 A.\u00a0\u00a0 \u00a0OCULTANDO LA VERDAD\u00a0\u00a0 \u00a0\u00a0\u00a0 \u00a099 B.\u00a0\u00a0 \u00a0COMISIONES DE VERDAD Y RECONCILIACI\u00d3N\u00a0\u00a0 \u00a0\u00a0\u00a0 \u00a0102 C.\u00a0\u00a0 \u00a0INFORME RETTIG\u00a0\u00a0 \u00a0\u00a0\u00a0 \u00a0105 D.\u00a0\u00a0 \u00a0MESA DE DI\u00c1LOGO\u00a0\u00a0 \u00a0\u00a0\u00a0 \u00a0113 E.\u00a0\u00a0 \u00a0COMISI\u00d3N NACIONAL SOBRE PRISI\u00d3N POL\u00cdTICA Y TORTURA\u00a0\u00a0 \u00a0\u00a0\u00a0 \u00a0114 F.\u00a0\u00a0 \u00a0TESTIMONIOS DE SOBREVIVIENTES DE TORTURA\u00a0\u00a0 \u00a0\u00a0\u00a0 \u00a0122 G.\u00a0\u00a0 \u00a0CONCLUSI\u00d3N\u00a0\u00a0 \u00a0\u00a0\u00a0 \u00a0126 4.\u00a0\u00a0 \u00a0REPARACI\u00d3N DE LAS V\u00cdCTIMAS\u00a0\u00a0 \u00a0\u00a0\u00a0 \u00a0129 A.\u00a0\u00a0 \u00a0PILARES DEL MODELO DE REPARACI\u00d3N INTEGRAL\u00a0\u00a0 \u00a0\u00a0\u00a0 \u00a0133 1.\u00a0\u00a0 \u00a0Corporaci\u00f3n Nacional de Reparaci\u00f3n y Reconciliaci\u00f3n\u00a0\u00a0 \u00a0\u00a0\u00a0 \u00a0137 2.\u00a0\u00a0 \u00a0Programa de Reparaci\u00f3n y Atenci\u00f3n Integral de Salud\u00a0\u00a0 \u00a0\u00a0\u00a0 \u00a0138 3.\u00a0\u00a0 \u00a0Oficina Nacional de Retorno\u00a0\u00a0 \u00a0\u00a0\u00a0 \u00a0140 4.\u00a0\u00a0 \u00a0Programa de Reconocimiento al Exonerado Pol\u00edtico\u00a0\u00a0 \u00a0\u00a0\u00a0 \u00a0141 5.\u00a0\u00a0 \u00a0Reparaciones para comunidades rurales\u00a0\u00a0 \u00a0\u00a0\u00a0 \u00a0142 6.\u00a0\u00a0 \u00a0Reparaci\u00f3n de V\u00edctimas de Prisi\u00f3n Pol\u00edtica y Tortura\u00a0\u00a0 \u00a0\u00a0\u00a0 \u00a0145 B.\u00a0\u00a0 \u00a0EVALUACI\u00d3N DE LAS POL\u00cdTICAS DE REPARACI\u00d3N\u00a0\u00a0 \u00a0\u00a0\u00a0 \u00a0148 5.\u00a0\u00a0 \u00a0MEMORIA Y CONMEMORACI\u00d3N\u00a0\u00a0 \u00a0\u00a0\u00a0 \u00a0155 A.\u00a0\u00a0 \u00a0MEMORIA COLECTIVA Y M\u00daLTIPLES NARRATIVAS EN CONFLICTO\u00a0\u00a0 \u00a0\u00a0\u00a0 \u00a0158 B.\u00a0\u00a0 \u00a0SITIOS DE MEMORIA\u00a0\u00a0 \u00a0\u00a0\u00a0 \u00a0164 1.\u00a0\u00a0 \u00a0Parque por la Paz Villa Grimaldi\u00a0\u00a0 \u00a0\u00a0\u00a0 \u00a0167 2.\u00a0\u00a0 \u00a0Museo de la Memoria y los Derechos Humanos\u00a0\u00a0 \u00a0\u00a0\u00a0 \u00a0170 3.\u00a0\u00a0 \u00a0Venda Sexy\u00a0\u00a0 \u00a0\u00a0\u00a0 \u00a0172 C.\u00a0\u00a0 \u00a0CONTRAMEMORIA\u00a0\u00a0 \u00a0\u00a0\u00a0 \u00a0174 D.\u00a0\u00a0 \u00a0MEMORIA, CULTURA POPULAR Y MEDIOS DE COMUNICACI\u00d3N\u00a0\u00a0 \u00a0\u00a0\u00a0 \u00a0177 E.\u00a0\u00a0 \u00a0PEDAGOG\u00cdA DE LA MEMORIA\u00a0\u00a0 \u00a0\u00a0\u00a0 \u00a0180 F.\u00a0\u00a0 \u00a0CONCLUSI\u00d3N\u00a0\u00a0 \u00a0\u00a0\u00a0 \u00a0184 6.\u00a0\u00a0 \u00a0INVESTIGACIONES Y SENTENCIAS JUDICIALES\u00a0\u00a0 \u00a0\u00a0\u00a0 \u00a0187 A.\u00a0\u00a0 \u00a0JUSTICIA EN DICTADURA\u00a0\u00a0 \u00a0\u00a0\u00a0 \u00a0190 B.\u00a0\u00a0 \u00a0JUSTICIA EN LOS PRIMEROS A\u00d1OS DE LA TRANSICI\u00d3N\u00a0\u00a0 \u00a0\u00a0\u00a0 \u00a0193 C.\u00a0\u00a0 \u00a0PINOCHET EN LONDRES\u00a0\u00a0 \u00a0\u00a0\u00a0 \u00a0197 D.\u00a0\u00a0 \u00a0JURISPRUDENCIA EN CASOS DE DERECHOS HUMANOS\u00a0\u00a0 \u00a0\u00a0\u00a0 \u00a0203 E.\u00a0\u00a0 \u00a0LECCIONES DE LA B\u00daSQUEDA DE JUSTICIA\u00a0\u00a0 \u00a0\u00a0\u00a0 \u00a0207 7.\u00a0\u00a0 \u00a0GARANT\u00cdAS DE NO REPETICI\u00d3N\u00a0\u00a0 \u00a0\u00a0\u00a0 \u00a0211 A.\u00a0\u00a0 \u00a0FORTALECIMIENTO DE LAS INSTITUCIONES P\u00daBLICAS\u00a0\u00a0 \u00a0\u00a0\u00a0 \u00a0213 B.\u00a0\u00a0 \u00a0REFORMA DEL MODELO ECON\u00d3MICO Y DEL ESTADO SUBSIDIARIO\u00a0\u00a0 \u00a0\u00a0\u00a0 \u00a0220 C.\u00a0\u00a0 \u00a0DESARTICULACI\u00d3N DE GRUPOS ARMADOS\u00a0\u00a0 \u00a0\u00a0\u00a0 \u00a0224 D.\u00a0\u00a0 \u00a0REINTEGRACI\u00d3N Y REINSERCI\u00d3N\u00a0\u00a0 \u00a0\u00a0\u00a0 \u00a0227 E.\u00a0\u00a0 \u00a0HACIA UNA CULTURA DE LOS DERECHOS HUMANOS\u00a0\u00a0 \u00a0\u00a0\u00a0 \u00a0230 COMENTARIOS FINALES\u00a0\u00a0 \u00a0\u00a0\u00a0 \u00a0235 BIBLIOGRAF\u00cdA\u00a0\u00a0 \u00a0\u00a0\u00a0 \u00a0245<\/p>\n","protected":false},"featured_media":3879,"comment_status":"open","ping_status":"closed","template":"","meta":{"inline_featured_image":false,"_joinchat":[]},"product_brand":[],"product_cat":[44],"product_tag":[],"class_list":{"0":"post-3849","1":"product","2":"type-product","3":"status-publish","4":"has-post-thumbnail","6":"product_cat-filosofia-del-derecho-y-introduccion","7":"product_shipping_class-a-convenir","9":"first","10":"instock","11":"shipping-taxable","12":"purchasable","13":"product-type-simple"},"_links":{"self":[{"href":"https:\/\/bibliotecajuridicavirtual.cl\/index.php\/wp-json\/wp\/v2\/product\/3849","targetHints":{"allow":["GET"]}}],"collection":[{"href":"https:\/\/bibliotecajuridicavirtual.cl\/index.php\/wp-json\/wp\/v2\/product"}],"about":[{"href":"https:\/\/bibliotecajuridicavirtual.cl\/index.php\/wp-json\/wp\/v2\/types\/product"}],"replies":[{"embeddable":true,"href":"https:\/\/bibliotecajuridicavirtual.cl\/index.php\/wp-json\/wp\/v2\/comments?post=3849"}],"wp:featuredmedia":[{"embeddable":true,"href":"https:\/\/bibliotecajuridicavirtual.cl\/index.php\/wp-json\/wp\/v2\/media\/3879"}],"wp:attachment":[{"href":"https:\/\/bibliotecajuridicavirtual.cl\/index.php\/wp-json\/wp\/v2\/media?parent=3849"}],"wp:term":[{"taxonomy":"product_brand","embeddable":true,"href":"https:\/\/bibliotecajuridicavirtual.cl\/index.php\/wp-json\/wp\/v2\/product_brand?post=3849"},{"taxonomy":"product_cat","embeddable":true,"href":"https:\/\/bibliotecajuridicavirtual.cl\/index.php\/wp-json\/wp\/v2\/product_cat?post=3849"},{"taxonomy":"product_tag","embeddable":true,"href":"https:\/\/bibliotecajuridicavirtual.cl\/index.php\/wp-json\/wp\/v2\/product_tag?post=3849"}],"curies":[{"name":"wp","href":"https:\/\/api.w.org\/{rel}","templated":true}]}}