{"id":3852,"date":"2026-02-28T01:20:56","date_gmt":"2026-02-28T04:20:56","guid":{"rendered":"https:\/\/bibliotecajuridicavirtual.cl\/?post_type=product&#038;p=3852"},"modified":"2026-02-28T01:21:10","modified_gmt":"2026-02-28T04:21:10","slug":"formularios-de-derecho-civil-2a-edicion-actualizada-ano-2022-106-pag-autor-alicia-castillo-saldias-y-martina-araneda-rios","status":"publish","type":"product","link":"https:\/\/bibliotecajuridicavirtual.cl\/index.php\/product\/formularios-de-derecho-civil-2a-edicion-actualizada-ano-2022-106-pag-autor-alicia-castillo-saldias-y-martina-araneda-rios\/","title":{"rendered":"Formularios de Derecho Civil 2\u00aa Edici\u00f3n actualizada. A\u00f1o 2022\/ 106 P\u00e1g. Autor Alicia Castillo Sald\u00edas y Martina Araneda R\u00edos"},"content":{"rendered":"<p>Con el fin de integrar los contenidos tratados en el tomo I de manera m\u00e1s completa y actualizada, elaboramos este nuevo volumen, abarcando materias no contempladas anteriormente, incluyendo las m\u00e1s recientes reformas legales que han tenido lugar principalmente en el \u00e1rea de familia.<br \/>\nEs as\u00ed, como a lo largo de este Tomo II de Formularios de Derecho Civil, se encuentran tratadas materias de Derecho de Familia y Derecho sucesorio. A prop\u00f3sito de la primera mencionada, se desarrollan materias vinculadas con filiaci\u00f3n y cambio de nombre, incluyendo formularios para gestiones judiciales y extrajudiciales, como demandas, solicitudes y formatos de escrituras p\u00fablicas, como tambi\u00e9n se contemplan formularios referidos \u00a0a materias de alimentos devengados y adeudados, medidas de protecci\u00f3n, divorcio, reg\u00edmenes patrimoniales del matrimonio, separaci\u00f3n de c\u00f3nyuges, cese de convivencia y desafectaci\u00f3n de bienes familiares, \u00a0abarcando todas las actualizaciones legales en las diversas tem\u00e1ticas tratadas.<br \/>\nRespecto de Derecho Sucesorio, se abordan las acciones de petici\u00f3n de herencia y de reforma de testamento, junto con formularios de ambos tipos de testamentos solemne y de posesi\u00f3n efectiva judicial. Finalmente se presenta un breve compendio de los principales formatos de pr\u00e1ctica forense de uso com\u00fan en el ejercicio de la profesi\u00f3n.<\/p>\n<p>\u00cdndice<br \/>\nI.\u00a0\u00a0 \u00a0DERECHO DE FAMILIA\u00a0\u00a0 \u00a0\u00a0\u00a0 \u00a013<br \/>\n1.\u00a0\u00a0 \u00a0FILIACI\u00d3N\u00a0\u00a0 \u00a0\u00a0\u00a0 \u00a013<br \/>\n2.\u00a0\u00a0 \u00a0ACCIONES DE FILIACI\u00d3N\u00a0\u00a0 \u00a0\u00a0\u00a0 \u00a014<br \/>\n2.1.\u00a0\u00a0 \u00a0Acci\u00f3n de reclamaci\u00f3n de paternidad\u00a0\u00a0 \u00a0\u00a0\u00a0 \u00a016<br \/>\nF01.\u00a0\u00a0 \u00a0FORMULARIO DE DEMANDA DE RECLAMACI\u00d3N DE FILIACI\u00d3N NO MATRIMONIAL\u00a0\u00a0 \u00a0\u00a0\u00a0 \u00a017<br \/>\nF02.\u00a0\u00a0 \u00a0FORMULARIO DE DEMANDA DE RECLAMACI\u00d3N DE FILIACI\u00d3N MATRIMONIAL\u00a0\u00a0 \u00a0\u00a0\u00a0 \u00a019<br \/>\n2.2.\u00a0\u00a0 \u00a0Acci\u00f3n de impugnaci\u00f3n de paternidad\u00a0\u00a0 \u00a0\u00a0\u00a0 \u00a020<br \/>\nF03.\u00a0\u00a0 \u00a0FORMULARIO DE DEMANDA DE IMPUGNACI\u00d3N Y RECLAMACI\u00d3N DE FILIACI\u00d3N\u00a0\u00a0 \u00a0\u00a0\u00a0 \u00a021<br \/>\n2.3.\u00a0\u00a0 \u00a0Acci\u00f3n de impugnaci\u00f3n de maternidad\u00a0\u00a0 \u00a0\u00a0\u00a0 \u00a023<br \/>\nF04.\u00a0\u00a0 \u00a0FORMULARIO DE DEMANDA DE IMPUGNACI\u00d3N DE MATERNIDAD\u00a0\u00a0 \u00a0\u00a0\u00a0 \u00a023<br \/>\n2.4.\u00a0\u00a0 \u00a0Acci\u00f3n de nulidad de reconocimiento de un hijo por vicio del consentimiento\u00a0\u00a0 \u00a0\u00a0\u00a0 \u00a025<br \/>\nF05.\u00a0\u00a0 \u00a0FORMULARIO DE NULIDAD DE RECONOCIMIENTO DE PATERNIDAD\u00a0\u00a0 \u00a0\u00a0\u00a0 \u00a025<br \/>\n3.\u00a0\u00a0 \u00a0RECONOCIMIENTO DE UN HIJO O HIJA\u00a0\u00a0 \u00a0\u00a0\u00a0 \u00a027<br \/>\nF06.\u00a0\u00a0 \u00a0FORMULARIO DE ESCRITURA P\u00daBLICA DE RECONOCIMIENTO DE UN HIJO O HIJA\u00a0\u00a0 \u00a0\u00a0\u00a0 \u00a027<br \/>\n4.\u00a0\u00a0 \u00a0EFECTOS DE LA FILIACI\u00d3N\u00a0\u00a0 \u00a0\u00a0\u00a0 \u00a028<br \/>\n4.1.\u00a0\u00a0 \u00a0Ejercicio de la Patria Potestad\u00a0\u00a0 \u00a0\u00a0\u00a0 \u00a028<br \/>\nF07.\u00a0\u00a0 \u00a0FORMULARIO DE ACUERDO DE PATRIA POTESTAD EXCLUSIVA\/PADRES DIVORCIADOS\u00a0\u00a0 \u00a0\u00a0\u00a0 \u00a029<br \/>\nF08.\u00a0\u00a0 \u00a0FORMULARIO DE ACUERDO DE PATRIA POTESTAD EXCLUSIVA\/ PADRES NO CASADOS QUE CONVIVEN\u00a0\u00a0 \u00a0\u00a0\u00a0 \u00a030<br \/>\n4.2.\u00a0\u00a0 \u00a0Suspensi\u00f3n de la Patria Potestad\u00a0\u00a0 \u00a0\u00a0\u00a0 \u00a030<br \/>\nF09.\u00a0\u00a0 \u00a0FORMULARIO DE DEMANDA DE SUSPENSI\u00d3N DE PATRIA POTESTAD\u00a0\u00a0 \u00a0\u00a0\u00a0 \u00a031<br \/>\n4.3.\u00a0\u00a0 \u00a0Emancipaci\u00f3n\u00a0\u00a0 \u00a0\u00a0\u00a0 \u00a033<br \/>\nF10.\u00a0\u00a0 \u00a0FORMULARIO DE DEMANDA DE EMANCIPACI\u00d3N JUDICIAL\u00a0\u00a0 \u00a0\u00a0\u00a0 \u00a034<br \/>\n5.\u00a0\u00a0 \u00a0RECTIFICACI\u00d3N DE PARTIDA DE NACIMIENTO\u00a0\u00a0 \u00a0\u00a0\u00a0 \u00a036<br \/>\n5.1.\u00a0\u00a0 \u00a0Ley N\u00b0 21.120 que reconoce y da protecci\u00f3n al derecho de identidad de g\u00e9nero\u00a0\u00a0 \u00a0\u00a0\u00a0 \u00a036<br \/>\nF11.\u00a0\u00a0 \u00a0FORMULARIO DE SOLICITUD DE CAMBIO DE NOMBRE\u00a0\u00a0 \u00a0\u00a0\u00a0 \u00a038<br \/>\n5.2.\u00a0\u00a0 \u00a0Nueva Ley N\u00b0 21.334 sobre determinaci\u00f3n del orden de los apellidos\u00a0\u00a0 \u00a0\u00a0\u00a0 \u00a039<br \/>\n6.\u00a0\u00a0 \u00a0DERECHO DE ALIMENTOS\u00a0\u00a0 \u00a0\u00a0\u00a0 \u00a041<br \/>\nF12.\u00a0\u00a0 \u00a0FORMULARIO DE DEMANDA DE SOLICITUD DE APREMIOS\u00a0\u00a0 \u00a0\u00a0\u00a0 \u00a041<br \/>\nF13.\u00a0\u00a0 \u00a0FORMULARIO DE CAMBIO DE MODALIDAD DE PAGO\u00a0\u00a0 \u00a0\u00a0\u00a0 \u00a042<br \/>\nF14.\u00a0\u00a0 \u00a0FORMULARIO DE SOLICITUD DE LIQUIDACI\u00d3N\u00a0\u00a0 \u00a0\u00a0\u00a0 \u00a043<br \/>\n7.\u00a0\u00a0 \u00a0NUEVA LEY N\u00b0 21.389 DE LA CREACI\u00d3N DEL REGISTRO DE DEUDORES\u00a0\u00a0 \u00a0\u00a0\u00a0 \u00a043<br \/>\n7.1.\u00a0\u00a0 \u00a0Solicitud de conversi\u00f3n de pensi\u00f3n de alimentos a UTM\u00a0\u00a0 \u00a0\u00a0\u00a0 \u00a044<br \/>\nF15.\u00a0\u00a0 \u00a0FORMULARIO DE CONVERSI\u00d3N DE PENSI\u00d3N DE ALIMENTOS A UTM\u00a0\u00a0 \u00a0\u00a0\u00a0 \u00a044<br \/>\n7.2.\u00a0\u00a0 \u00a0Orden de b\u00fasqueda e inscripci\u00f3n en el registro de pr\u00f3fugos\u00a0\u00a0 \u00a0\u00a0\u00a0 \u00a045<br \/>\nF16.\u00a0\u00a0 \u00a0FORMULARIO DE SOLICITUD DE INSCRIPCI\u00d3N EN EL REGISTRO DE PR\u00d3FUGOS\u00a0\u00a0 \u00a0\u00a0\u00a0 \u00a045<br \/>\n7.3.\u00a0\u00a0 \u00a0Solicitud del alimentario de condonaci\u00f3n de la pensi\u00f3n de alimentos\u00a0\u00a0 \u00a0\u00a0\u00a0 \u00a046<br \/>\nF17.\u00a0\u00a0 \u00a0FORMULARIO DE CONDONACI\u00d3N DE ALIMENTOS DEVENGADOS\u00a0\u00a0 \u00a0\u00a0\u00a0 \u00a047<br \/>\n7.4.\u00a0\u00a0 \u00a0Acuerdo de pago de conversi\u00f3n de deuda a UTM\u00a0\u00a0 \u00a0\u00a0\u00a0 \u00a047<br \/>\nF18.\u00a0\u00a0 \u00a0FORMULARIO DE ACUERDO DE PAGO DE CONVERSI\u00d3N DE DEUDA A UTM\u00a0\u00a0 \u00a0\u00a0\u00a0 \u00a048<br \/>\n7.5.\u00a0\u00a0 \u00a0Propuesta de pago en cuotas de alimentos devengados con retenci\u00f3n judicial del empleador\u00a0\u00a0 \u00a0\u00a0\u00a0 \u00a048<br \/>\nF19.\u00a0\u00a0 \u00a0FORMULARIO DE PROPUESTA DE PAGO EN CUOTAS DE ALIMENTOS DEVENGADOS CON RETENCI\u00d3N DEL EMPLEADOR\u00a0\u00a0 \u00a0\u00a0\u00a0 \u00a049<br \/>\n7.6.\u00a0\u00a0 \u00a0Solicita cautelar de retenci\u00f3n de fondos bancarios\u00a0\u00a0 \u00a0\u00a0\u00a0 \u00a050<br \/>\nF20.\u00a0\u00a0 \u00a0FORMULARIO DE SOLICITUD DE RETENCI\u00d3N DE FONDOS BANCARIOS\u00a0\u00a0 \u00a0\u00a0\u00a0 \u00a050<br \/>\n8.\u00a0\u00a0 \u00a0MEDIDAS DE PROTECCI\u00d3N\u00a0\u00a0 \u00a0\u00a0\u00a0 \u00a051<br \/>\nF21.\u00a0\u00a0 \u00a0FORMULARIO DE REQUERIMIENTO DE MEDIDA DE PROTECCI\u00d3N\u00a0\u00a0 \u00a0\u00a0\u00a0 \u00a052<br \/>\n9.\u00a0\u00a0 \u00a0MATRIMONIO\u00a0\u00a0 \u00a0\u00a0\u00a0 \u00a053<br \/>\n9.1.\u00a0\u00a0 \u00a0Nueva Ley de matrimonio civil\u00a0\u00a0 \u00a0\u00a0\u00a0 \u00a053<br \/>\n10.\u00a0\u00a0 \u00a0NUEVA LEY N\u00b0 21.394 QUE INTRODUCE DIVERSAS REFORMAS AL SISTEMA DE JUSTICIA\u00a0\u00a0 \u00a0\u00a0\u00a0 \u00a054<br \/>\nF22.\u00a0\u00a0 \u00a0FORMULARIO DE SOLICITUD DE DIVORCIO DE COMUN ACUERDO. NUEVA LEY\u00a0\u00a0 \u00a0\u00a0\u00a0 \u00a054<br \/>\n11.\u00a0\u00a0 \u00a0REG\u00cdMENES MATRIMONIALES\u00a0\u00a0 \u00a0\u00a0\u00a0 \u00a056<br \/>\n11.1.\u00a0\u00a0 \u00a0Sociedad Conyugal\u00a0\u00a0 \u00a0\u00a0\u00a0 \u00a056<br \/>\n11.2.\u00a0\u00a0 \u00a0Separaci\u00f3n de Bienes\u00a0\u00a0 \u00a0\u00a0\u00a0 \u00a057<br \/>\n11.3.\u00a0\u00a0 \u00a0Participaci\u00f3n en los Gananciales\u00a0\u00a0 \u00a0\u00a0\u00a0 \u00a057<br \/>\n11.4.\u00a0\u00a0 \u00a0Mutaciones posibles con respecto a los reg\u00edmenes matrimoniales\u00a0\u00a0 \u00a0\u00a0\u00a0 \u00a057<br \/>\nF23.\u00a0\u00a0 \u00a0FORMULARIO DE SUSTITUCI\u00d3N DE REGIMEN MATRIMONIAL\u00a0\u00a0 \u00a0\u00a0\u00a0 \u00a058<br \/>\nF24.\u00a0\u00a0 \u00a0FORMULARIO DE SUSTITUCI\u00d3N DE REGIMEN LIQUIDACI\u00d3N Y ADJUDICACI\u00d3N DE BIENES DE LA SOCIEDAD CONYUGAL\u00a0\u00a0 \u00a0\u00a0\u00a0 \u00a059<br \/>\nF25.\u00a0\u00a0 \u00a0FORMULARIO DE LIQUIDACI\u00d3N DE LA SOCIEDAD CONYUGAL Y PARTICI\u00d3N DE BIENES HEREDITARIOS (FIGURA SC. DE CONYUGE SOBREVIVIENTE Y HEREDEROS DEL CONYUGE FALLECIDO)\u00a0\u00a0 \u00a0\u00a0\u00a0 \u00a061<br \/>\n11.4.\u00a0\u00a0 \u00a0Renuncia de los Gananciales\u00a0\u00a0 \u00a0\u00a0\u00a0 \u00a064<br \/>\nF26.\u00a0\u00a0 \u00a0FORMULARIO DE ESCRITURA DE RENUNCIA A LOS GANANCIALES\u00a0\u00a0 \u00a0\u00a0\u00a0 \u00a065<br \/>\n11.5.\u00a0\u00a0 \u00a0Separaci\u00f3n de los c\u00f3nyuges\u00a0\u00a0 \u00a0\u00a0\u00a0 \u00a065<br \/>\nF27.\u00a0\u00a0 \u00a0FORMULARIO DE ACUERDO REGULATORIO DE LAS PARTES\u00a0\u00a0 \u00a0\u00a0\u00a0 \u00a066<br \/>\n12.\u00a0\u00a0 \u00a0ACTA UNILATERAL POR CESE DE LA CONVIVENCIA\u00a0\u00a0 \u00a0\u00a0\u00a0 \u00a067<br \/>\n12.1.\u00a0\u00a0 \u00a0Escritura P\u00fablica de Cese de la Convivencia\u00a0\u00a0 \u00a0\u00a0\u00a0 \u00a068<br \/>\n13.\u00a0\u00a0 \u00a0SEPARACI\u00d3N JUDICIAL DE LOS C\u00d3NYUGES\u00a0\u00a0 \u00a0\u00a0\u00a0 \u00a068<br \/>\nF28.\u00a0\u00a0 \u00a0FORMULARIO DE DEMANDA UNILATERAL DE SEPARACI\u00d3N JUDICIAL POR CESE DE CONVIVENCIA\u00a0\u00a0 \u00a0\u00a0\u00a0 \u00a068<br \/>\nF29.\u00a0\u00a0 \u00a0FORMULARIO DE DEMANDA UNILATERAL DE SEPARACI\u00d3N JUDICIAL, DEMANDADO POR EL CONYUGE QUE NO HAYA DADO LUGAR A LA CAUSAL\u00a0\u00a0 \u00a0\u00a0\u00a0 \u00a070<br \/>\n14.\u00a0\u00a0 \u00a0BIENES FAMILIARES\u00a0\u00a0 \u00a0\u00a0\u00a0 \u00a072<br \/>\n14.1.\u00a0\u00a0 \u00a0Desafectaci\u00f3n de bien familiar\u00a0\u00a0 \u00a0\u00a0\u00a0 \u00a072<br \/>\nF30.\u00a0\u00a0 \u00a0FORMULARIO DE DESAFECTACI\u00d3N DE BIEN FAMILIAR\u00a0\u00a0 \u00a0\u00a0\u00a0 \u00a072<br \/>\nII.\u00a0\u00a0 \u00a0DERECHO SUCESORIO\u00a0\u00a0 \u00a0\u00a0\u00a0 \u00a075<br \/>\n1.\u00a0\u00a0 \u00a0EL DERECHO REAL DE HERENCIA\u00a0\u00a0 \u00a0\u00a0\u00a0 \u00a075<br \/>\n1.1.\u00a0\u00a0 \u00a0Acci\u00f3n de Petici\u00f3n de Herencia\u00a0\u00a0 \u00a0\u00a0\u00a0 \u00a076<br \/>\nF31.\u00a0\u00a0 \u00a0FORMULARIO DE DEMANDA POR ACCI\u00d3N DE PETICI\u00d3N DE HERENCIA\u00a0\u00a0 \u00a0\u00a0\u00a0 \u00a078<br \/>\n1.2.\u00a0\u00a0 \u00a0Acci\u00f3n de Reforma de Testamento\u00a0\u00a0 \u00a0\u00a0\u00a0 \u00a080<br \/>\nF32.\u00a0\u00a0 \u00a0FORMULARIO DE DEMANDA POR ACCI\u00d3N DE REFORMA DE TESTAMENTO\u00a0\u00a0 \u00a0\u00a0\u00a0 \u00a081<br \/>\n2.\u00a0\u00a0 \u00a0LA PARTICI\u00d3N DE BIENES\u00a0\u00a0 \u00a0\u00a0\u00a0 \u00a083<br \/>\n2.1.\u00a0\u00a0 \u00a0Acci\u00f3n de Partici\u00f3n\u00a0\u00a0 \u00a0\u00a0\u00a0 \u00a084<br \/>\nF33.\u00a0\u00a0 \u00a0FORMULARIO PARA SOLICITUD DE DESIGNACI\u00d3N DE JUEZ PARTIDOR\u00a0\u00a0 \u00a0\u00a0\u00a0 \u00a085<br \/>\n3.\u00a0\u00a0 \u00a0LA SUCESI\u00d3N TESTADA\u00a0\u00a0 \u00a0\u00a0\u00a0 \u00a087<br \/>\n3.1.\u00a0\u00a0 \u00a0El Testamento\u00a0\u00a0 \u00a0\u00a0\u00a0 \u00a087<br \/>\n3.2.\u00a0\u00a0 \u00a0Clasificaci\u00f3n del Testamento\u00a0\u00a0 \u00a0\u00a0\u00a0 \u00a088<br \/>\nF34.\u00a0\u00a0 \u00a0FORMULARIO DE TESTAMENTO ABIERTO\u00a0\u00a0 \u00a0\u00a0\u00a0 \u00a088<br \/>\nF35.\u00a0\u00a0 \u00a0FORMULARIO DE TESTAMENTO CERRADO\u00a0\u00a0 \u00a0\u00a0\u00a0 \u00a090<br \/>\nF36.\u00a0\u00a0 \u00a0FORMULARIO DE SOLICITUD DE APERTURA DE TESTAMENTO CERRADO\u00a0\u00a0 \u00a0\u00a0\u00a0 \u00a091<br \/>\n4.\u00a0\u00a0 \u00a0POSESI\u00d3N EFECTIVA\u00a0\u00a0 \u00a0\u00a0\u00a0 \u00a092<br \/>\n5.\u00a0\u00a0 \u00a0POSESI\u00d3N EFECTIVA JUDICIAL\u00a0\u00a0 \u00a0\u00a0\u00a0 \u00a093<br \/>\nF37.\u00a0\u00a0 \u00a0FORMULARIO DE SOLICITUD DE POSESION EFECTIVA TESTADA\u00a0\u00a0 \u00a0\u00a0\u00a0 \u00a094<br \/>\nIII.\u00a0\u00a0 \u00a0OTROS ESCRITOS\u00a0\u00a0 \u00a0\u00a0\u00a0 \u00a097<br \/>\nF38.\u00a0\u00a0 \u00a0FORMULARIO DE SE\u00d1ALA NUEVO DOMICILIO\u00a0\u00a0 \u00a0\u00a0\u00a0 \u00a097<br \/>\nF39.\u00a0\u00a0 \u00a0FORMULARIO DE SOLICITA NUEVO D\u00cdA Y HORA\u00a0\u00a0 \u00a0\u00a0\u00a0 \u00a097<br \/>\nF40.\u00a0\u00a0 \u00a0FORMULARIO CERTIFICA EJECUTORIA\u00a0\u00a0 \u00a0\u00a0\u00a0 \u00a098<br \/>\nF41.\u00a0\u00a0 \u00a0FORMULARIO CUMPLE LO ORDENADO\u00a0\u00a0 \u00a0\u00a0\u00a0 \u00a099<br \/>\nF42.\u00a0\u00a0 \u00a0FORMULARIO DE ACOMPA\u00d1A DOCUMENTOS\u00a0\u00a0 \u00a0\u00a0\u00a0 \u00a099<br \/>\nF43.\u00a0\u00a0 \u00a0FORMULARIO DE SOLICITA OFICIOS\u00a0\u00a0 \u00a0\u00a0\u00a0 \u00a0100<br \/>\nF44.\u00a0\u00a0 \u00a0FORMULARIO DE ALEGA ENTORPECIMIENTO\u00a0\u00a0 \u00a0\u00a0\u00a0 \u00a0101<br \/>\nF45.\u00a0\u00a0 \u00a0FORMULARIO DE ACOMPA\u00d1A ABSOLUCI\u00d3N DE POSICIONES\u00a0\u00a0 \u00a0\u00a0\u00a0 \u00a0102<br \/>\nF46.\u00a0\u00a0 \u00a0FORMULARIO DE REPOSICION CON APELACI\u00d3N SUBSIDIARIA\u00a0\u00a0 \u00a0\u00a0\u00a0 \u00a0102<br \/>\nF47.\u00a0\u00a0 \u00a0FORMULARIO DE ACLARACI\u00d3N RECTIFICACI\u00d3N Y ENMIENDA\u00a0\u00a0 \u00a0\u00a0\u00a0 \u00a0103<\/p>\n","protected":false},"excerpt":{"rendered":"<p>Con el fin de integrar los contenidos tratados en el tomo I de manera m\u00e1s completa y actualizada, elaboramos este nuevo volumen, abarcando materias no contempladas anteriormente, incluyendo las m\u00e1s recientes reformas legales que han tenido lugar principalmente en el \u00e1rea de familia. Es as\u00ed, como a lo largo de este Tomo II de Formularios de Derecho Civil, se encuentran tratadas materias de Derecho de Familia y Derecho sucesorio. A prop\u00f3sito de la primera mencionada, se desarrollan materias vinculadas con filiaci\u00f3n y cambio de nombre, incluyendo formularios para gestiones judiciales y extrajudiciales, como demandas, solicitudes y formatos de escrituras p\u00fablicas, como tambi\u00e9n se contemplan formularios referidos \u00a0a materias de alimentos devengados y adeudados, medidas de protecci\u00f3n, divorcio, reg\u00edmenes patrimoniales del matrimonio, separaci\u00f3n de c\u00f3nyuges, cese de convivencia y desafectaci\u00f3n de bienes familiares, \u00a0abarcando todas las actualizaciones legales en las diversas tem\u00e1ticas tratadas. Respecto de Derecho Sucesorio, se abordan las acciones de petici\u00f3n de herencia y de reforma de testamento, junto con formularios de ambos tipos de testamentos solemne y de posesi\u00f3n efectiva judicial. Finalmente se presenta un breve compendio de los principales formatos de pr\u00e1ctica forense de uso com\u00fan en el ejercicio de la profesi\u00f3n. \u00cdndice I.\u00a0\u00a0 \u00a0DERECHO DE FAMILIA\u00a0\u00a0 \u00a0\u00a0\u00a0 \u00a013 1.\u00a0\u00a0 \u00a0FILIACI\u00d3N\u00a0\u00a0 \u00a0\u00a0\u00a0 \u00a013 2.\u00a0\u00a0 \u00a0ACCIONES DE FILIACI\u00d3N\u00a0\u00a0 \u00a0\u00a0\u00a0 \u00a014 2.1.\u00a0\u00a0 \u00a0Acci\u00f3n de reclamaci\u00f3n de paternidad\u00a0\u00a0 \u00a0\u00a0\u00a0 \u00a016 F01.\u00a0\u00a0 \u00a0FORMULARIO DE DEMANDA DE RECLAMACI\u00d3N DE FILIACI\u00d3N NO MATRIMONIAL\u00a0\u00a0 \u00a0\u00a0\u00a0 \u00a017 F02.\u00a0\u00a0 \u00a0FORMULARIO DE DEMANDA DE RECLAMACI\u00d3N DE FILIACI\u00d3N MATRIMONIAL\u00a0\u00a0 \u00a0\u00a0\u00a0 \u00a019 2.2.\u00a0\u00a0 \u00a0Acci\u00f3n de impugnaci\u00f3n de paternidad\u00a0\u00a0 \u00a0\u00a0\u00a0 \u00a020 F03.\u00a0\u00a0 \u00a0FORMULARIO DE DEMANDA DE IMPUGNACI\u00d3N Y RECLAMACI\u00d3N DE FILIACI\u00d3N\u00a0\u00a0 \u00a0\u00a0\u00a0 \u00a021 2.3.\u00a0\u00a0 \u00a0Acci\u00f3n de impugnaci\u00f3n de maternidad\u00a0\u00a0 \u00a0\u00a0\u00a0 \u00a023 F04.\u00a0\u00a0 \u00a0FORMULARIO DE DEMANDA DE IMPUGNACI\u00d3N DE MATERNIDAD\u00a0\u00a0 \u00a0\u00a0\u00a0 \u00a023 2.4.\u00a0\u00a0 \u00a0Acci\u00f3n de nulidad de reconocimiento de un hijo por vicio del consentimiento\u00a0\u00a0 \u00a0\u00a0\u00a0 \u00a025 F05.\u00a0\u00a0 \u00a0FORMULARIO DE NULIDAD DE RECONOCIMIENTO DE PATERNIDAD\u00a0\u00a0 \u00a0\u00a0\u00a0 \u00a025 3.\u00a0\u00a0 \u00a0RECONOCIMIENTO DE UN HIJO O HIJA\u00a0\u00a0 \u00a0\u00a0\u00a0 \u00a027 F06.\u00a0\u00a0 \u00a0FORMULARIO DE ESCRITURA P\u00daBLICA DE RECONOCIMIENTO DE UN HIJO O HIJA\u00a0\u00a0 \u00a0\u00a0\u00a0 \u00a027 4.\u00a0\u00a0 \u00a0EFECTOS DE LA FILIACI\u00d3N\u00a0\u00a0 \u00a0\u00a0\u00a0 \u00a028 4.1.\u00a0\u00a0 \u00a0Ejercicio de la Patria Potestad\u00a0\u00a0 \u00a0\u00a0\u00a0 \u00a028 F07.\u00a0\u00a0 \u00a0FORMULARIO DE ACUERDO DE PATRIA POTESTAD EXCLUSIVA\/PADRES DIVORCIADOS\u00a0\u00a0 \u00a0\u00a0\u00a0 \u00a029 F08.\u00a0\u00a0 \u00a0FORMULARIO DE ACUERDO DE PATRIA POTESTAD EXCLUSIVA\/ PADRES NO CASADOS QUE CONVIVEN\u00a0\u00a0 \u00a0\u00a0\u00a0 \u00a030 4.2.\u00a0\u00a0 \u00a0Suspensi\u00f3n de la Patria Potestad\u00a0\u00a0 \u00a0\u00a0\u00a0 \u00a030 F09.\u00a0\u00a0 \u00a0FORMULARIO DE DEMANDA DE SUSPENSI\u00d3N DE PATRIA POTESTAD\u00a0\u00a0 \u00a0\u00a0\u00a0 \u00a031 4.3.\u00a0\u00a0 \u00a0Emancipaci\u00f3n\u00a0\u00a0 \u00a0\u00a0\u00a0 \u00a033 F10.\u00a0\u00a0 \u00a0FORMULARIO DE DEMANDA DE EMANCIPACI\u00d3N JUDICIAL\u00a0\u00a0 \u00a0\u00a0\u00a0 \u00a034 5.\u00a0\u00a0 \u00a0RECTIFICACI\u00d3N DE PARTIDA DE NACIMIENTO\u00a0\u00a0 \u00a0\u00a0\u00a0 \u00a036 5.1.\u00a0\u00a0 \u00a0Ley N\u00b0 21.120 que reconoce y da protecci\u00f3n al derecho de identidad de g\u00e9nero\u00a0\u00a0 \u00a0\u00a0\u00a0 \u00a036 F11.\u00a0\u00a0 \u00a0FORMULARIO DE SOLICITUD DE CAMBIO DE NOMBRE\u00a0\u00a0 \u00a0\u00a0\u00a0 \u00a038 5.2.\u00a0\u00a0 \u00a0Nueva Ley N\u00b0 21.334 sobre determinaci\u00f3n del orden de los apellidos\u00a0\u00a0 \u00a0\u00a0\u00a0 \u00a039 6.\u00a0\u00a0 \u00a0DERECHO DE ALIMENTOS\u00a0\u00a0 \u00a0\u00a0\u00a0 \u00a041 F12.\u00a0\u00a0 \u00a0FORMULARIO DE DEMANDA DE SOLICITUD DE APREMIOS\u00a0\u00a0 \u00a0\u00a0\u00a0 \u00a041 F13.\u00a0\u00a0 \u00a0FORMULARIO DE CAMBIO DE MODALIDAD DE PAGO\u00a0\u00a0 \u00a0\u00a0\u00a0 \u00a042 F14.\u00a0\u00a0 \u00a0FORMULARIO DE SOLICITUD DE LIQUIDACI\u00d3N\u00a0\u00a0 \u00a0\u00a0\u00a0 \u00a043 7.\u00a0\u00a0 \u00a0NUEVA LEY N\u00b0 21.389 DE LA CREACI\u00d3N DEL REGISTRO DE DEUDORES\u00a0\u00a0 \u00a0\u00a0\u00a0 \u00a043 7.1.\u00a0\u00a0 \u00a0Solicitud de conversi\u00f3n de pensi\u00f3n de alimentos a UTM\u00a0\u00a0 \u00a0\u00a0\u00a0 \u00a044 F15.\u00a0\u00a0 \u00a0FORMULARIO DE CONVERSI\u00d3N DE PENSI\u00d3N DE ALIMENTOS A UTM\u00a0\u00a0 \u00a0\u00a0\u00a0 \u00a044 7.2.\u00a0\u00a0 \u00a0Orden de b\u00fasqueda e inscripci\u00f3n en el registro de pr\u00f3fugos\u00a0\u00a0 \u00a0\u00a0\u00a0 \u00a045 F16.\u00a0\u00a0 \u00a0FORMULARIO DE SOLICITUD DE INSCRIPCI\u00d3N EN EL REGISTRO DE PR\u00d3FUGOS\u00a0\u00a0 \u00a0\u00a0\u00a0 \u00a045 7.3.\u00a0\u00a0 \u00a0Solicitud del alimentario de condonaci\u00f3n de la pensi\u00f3n de alimentos\u00a0\u00a0 \u00a0\u00a0\u00a0 \u00a046 F17.\u00a0\u00a0 \u00a0FORMULARIO DE CONDONACI\u00d3N DE ALIMENTOS DEVENGADOS\u00a0\u00a0 \u00a0\u00a0\u00a0 \u00a047 7.4.\u00a0\u00a0 \u00a0Acuerdo de pago de conversi\u00f3n de deuda a UTM\u00a0\u00a0 \u00a0\u00a0\u00a0 \u00a047 F18.\u00a0\u00a0 \u00a0FORMULARIO DE ACUERDO DE PAGO DE CONVERSI\u00d3N DE DEUDA A UTM\u00a0\u00a0 \u00a0\u00a0\u00a0 \u00a048 7.5.\u00a0\u00a0 \u00a0Propuesta de pago en cuotas de alimentos devengados con retenci\u00f3n judicial del empleador\u00a0\u00a0 \u00a0\u00a0\u00a0 \u00a048 F19.\u00a0\u00a0 \u00a0FORMULARIO DE PROPUESTA DE PAGO EN CUOTAS DE ALIMENTOS DEVENGADOS CON RETENCI\u00d3N DEL EMPLEADOR\u00a0\u00a0 \u00a0\u00a0\u00a0 \u00a049 7.6.\u00a0\u00a0 \u00a0Solicita cautelar de retenci\u00f3n de fondos bancarios\u00a0\u00a0 \u00a0\u00a0\u00a0 \u00a050 F20.\u00a0\u00a0 \u00a0FORMULARIO DE SOLICITUD DE RETENCI\u00d3N DE FONDOS BANCARIOS\u00a0\u00a0 \u00a0\u00a0\u00a0 \u00a050 8.\u00a0\u00a0 \u00a0MEDIDAS DE PROTECCI\u00d3N\u00a0\u00a0 \u00a0\u00a0\u00a0 \u00a051 F21.\u00a0\u00a0 \u00a0FORMULARIO DE REQUERIMIENTO DE MEDIDA DE PROTECCI\u00d3N\u00a0\u00a0 \u00a0\u00a0\u00a0 \u00a052 9.\u00a0\u00a0 \u00a0MATRIMONIO\u00a0\u00a0 \u00a0\u00a0\u00a0 \u00a053 9.1.\u00a0\u00a0 \u00a0Nueva Ley de matrimonio civil\u00a0\u00a0 \u00a0\u00a0\u00a0 \u00a053 10.\u00a0\u00a0 \u00a0NUEVA LEY N\u00b0 21.394 QUE INTRODUCE DIVERSAS REFORMAS AL SISTEMA DE JUSTICIA\u00a0\u00a0 \u00a0\u00a0\u00a0 \u00a054 F22.\u00a0\u00a0 \u00a0FORMULARIO DE SOLICITUD DE DIVORCIO DE COMUN ACUERDO. NUEVA LEY\u00a0\u00a0 \u00a0\u00a0\u00a0 \u00a054 11.\u00a0\u00a0 \u00a0REG\u00cdMENES MATRIMONIALES\u00a0\u00a0 \u00a0\u00a0\u00a0 \u00a056 11.1.\u00a0\u00a0 \u00a0Sociedad Conyugal\u00a0\u00a0 \u00a0\u00a0\u00a0 \u00a056 11.2.\u00a0\u00a0 \u00a0Separaci\u00f3n de Bienes\u00a0\u00a0 \u00a0\u00a0\u00a0 \u00a057 11.3.\u00a0\u00a0 \u00a0Participaci\u00f3n en los Gananciales\u00a0\u00a0 \u00a0\u00a0\u00a0 \u00a057 11.4.\u00a0\u00a0 \u00a0Mutaciones posibles con respecto a los reg\u00edmenes matrimoniales\u00a0\u00a0 \u00a0\u00a0\u00a0 \u00a057 F23.\u00a0\u00a0 \u00a0FORMULARIO DE SUSTITUCI\u00d3N DE REGIMEN MATRIMONIAL\u00a0\u00a0 \u00a0\u00a0\u00a0 \u00a058 F24.\u00a0\u00a0 \u00a0FORMULARIO DE SUSTITUCI\u00d3N DE REGIMEN LIQUIDACI\u00d3N Y ADJUDICACI\u00d3N DE BIENES DE LA SOCIEDAD CONYUGAL\u00a0\u00a0 \u00a0\u00a0\u00a0 \u00a059 F25.\u00a0\u00a0 \u00a0FORMULARIO DE LIQUIDACI\u00d3N DE LA SOCIEDAD CONYUGAL Y PARTICI\u00d3N DE BIENES HEREDITARIOS (FIGURA SC. DE CONYUGE SOBREVIVIENTE Y HEREDEROS DEL CONYUGE FALLECIDO)\u00a0\u00a0 \u00a0\u00a0\u00a0 \u00a061 11.4.\u00a0\u00a0 \u00a0Renuncia de los Gananciales\u00a0\u00a0 \u00a0\u00a0\u00a0 \u00a064 F26.\u00a0\u00a0 \u00a0FORMULARIO DE ESCRITURA DE RENUNCIA A LOS GANANCIALES\u00a0\u00a0 \u00a0\u00a0\u00a0 \u00a065 11.5.\u00a0\u00a0 \u00a0Separaci\u00f3n de los c\u00f3nyuges\u00a0\u00a0 \u00a0\u00a0\u00a0 \u00a065 F27.\u00a0\u00a0 \u00a0FORMULARIO DE ACUERDO REGULATORIO DE LAS PARTES\u00a0\u00a0 \u00a0\u00a0\u00a0 \u00a066 12.\u00a0\u00a0 \u00a0ACTA UNILATERAL POR CESE DE LA CONVIVENCIA\u00a0\u00a0 \u00a0\u00a0\u00a0 \u00a067 12.1.\u00a0\u00a0 \u00a0Escritura P\u00fablica de Cese de la Convivencia\u00a0\u00a0 \u00a0\u00a0\u00a0 \u00a068 13.\u00a0\u00a0 \u00a0SEPARACI\u00d3N JUDICIAL DE LOS C\u00d3NYUGES\u00a0\u00a0 \u00a0\u00a0\u00a0 \u00a068 F28.\u00a0\u00a0 \u00a0FORMULARIO DE DEMANDA UNILATERAL DE SEPARACI\u00d3N JUDICIAL POR CESE DE CONVIVENCIA\u00a0\u00a0 \u00a0\u00a0\u00a0 \u00a068 F29.\u00a0\u00a0 \u00a0FORMULARIO DE DEMANDA UNILATERAL DE SEPARACI\u00d3N JUDICIAL, DEMANDADO POR EL CONYUGE QUE NO HAYA DADO LUGAR A LA CAUSAL\u00a0\u00a0 \u00a0\u00a0\u00a0 \u00a070 14.\u00a0\u00a0 \u00a0BIENES FAMILIARES\u00a0\u00a0 \u00a0\u00a0\u00a0 \u00a072 14.1.\u00a0\u00a0 \u00a0Desafectaci\u00f3n de bien familiar\u00a0\u00a0 \u00a0\u00a0\u00a0 \u00a072 F30.\u00a0\u00a0 \u00a0FORMULARIO DE DESAFECTACI\u00d3N DE BIEN FAMILIAR\u00a0\u00a0 \u00a0\u00a0\u00a0 \u00a072 II.\u00a0\u00a0 \u00a0DERECHO SUCESORIO\u00a0\u00a0 \u00a0\u00a0\u00a0 \u00a075 1.\u00a0\u00a0 \u00a0EL DERECHO REAL DE HERENCIA\u00a0\u00a0 \u00a0\u00a0\u00a0 \u00a075 1.1.\u00a0\u00a0 \u00a0Acci\u00f3n de Petici\u00f3n de Herencia\u00a0\u00a0 \u00a0\u00a0\u00a0 \u00a076 F31.\u00a0\u00a0 \u00a0FORMULARIO DE DEMANDA POR ACCI\u00d3N DE PETICI\u00d3N DE HERENCIA\u00a0\u00a0 \u00a0\u00a0\u00a0 \u00a078 1.2.\u00a0\u00a0 \u00a0Acci\u00f3n de Reforma de Testamento\u00a0\u00a0 \u00a0\u00a0\u00a0 \u00a080 F32.\u00a0\u00a0 \u00a0FORMULARIO DE DEMANDA POR ACCI\u00d3N DE REFORMA DE TESTAMENTO\u00a0\u00a0 \u00a0\u00a0\u00a0 \u00a081 2.\u00a0\u00a0 \u00a0LA PARTICI\u00d3N DE BIENES\u00a0\u00a0 \u00a0\u00a0\u00a0 \u00a083 2.1.\u00a0\u00a0 \u00a0Acci\u00f3n de Partici\u00f3n\u00a0\u00a0 \u00a0\u00a0\u00a0 \u00a084 F33.\u00a0\u00a0 \u00a0FORMULARIO PARA SOLICITUD DE DESIGNACI\u00d3N DE JUEZ PARTIDOR\u00a0\u00a0 \u00a0\u00a0\u00a0 \u00a085 3.\u00a0\u00a0 \u00a0LA SUCESI\u00d3N TESTADA\u00a0\u00a0 \u00a0\u00a0\u00a0 \u00a087 3.1.\u00a0\u00a0 \u00a0El Testamento\u00a0\u00a0 \u00a0\u00a0\u00a0<\/p>\n","protected":false},"featured_media":3882,"comment_status":"open","ping_status":"closed","template":"","meta":{"inline_featured_image":false,"_joinchat":[]},"product_brand":[],"product_cat":[27],"product_tag":[],"class_list":{"0":"post-3852","1":"product","2":"type-product","3":"status-publish","4":"has-post-thumbnail","6":"product_cat-civil","7":"product_shipping_class-a-convenir","9":"first","10":"instock","11":"shipping-taxable","12":"purchasable","13":"product-type-simple"},"_links":{"self":[{"href":"https:\/\/bibliotecajuridicavirtual.cl\/index.php\/wp-json\/wp\/v2\/product\/3852","targetHints":{"allow":["GET"]}}],"collection":[{"href":"https:\/\/bibliotecajuridicavirtual.cl\/index.php\/wp-json\/wp\/v2\/product"}],"about":[{"href":"https:\/\/bibliotecajuridicavirtual.cl\/index.php\/wp-json\/wp\/v2\/types\/product"}],"replies":[{"embeddable":true,"href":"https:\/\/bibliotecajuridicavirtual.cl\/index.php\/wp-json\/wp\/v2\/comments?post=3852"}],"wp:featuredmedia":[{"embeddable":true,"href":"https:\/\/bibliotecajuridicavirtual.cl\/index.php\/wp-json\/wp\/v2\/media\/3882"}],"wp:attachment":[{"href":"https:\/\/bibliotecajuridicavirtual.cl\/index.php\/wp-json\/wp\/v2\/media?parent=3852"}],"wp:term":[{"taxonomy":"product_brand","embeddable":true,"href":"https:\/\/bibliotecajuridicavirtual.cl\/index.php\/wp-json\/wp\/v2\/product_brand?post=3852"},{"taxonomy":"product_cat","embeddable":true,"href":"https:\/\/bibliotecajuridicavirtual.cl\/index.php\/wp-json\/wp\/v2\/product_cat?post=3852"},{"taxonomy":"product_tag","embeddable":true,"href":"https:\/\/bibliotecajuridicavirtual.cl\/index.php\/wp-json\/wp\/v2\/product_tag?post=3852"}],"curies":[{"name":"wp","href":"https:\/\/api.w.org\/{rel}","templated":true}]}}