{"id":3853,"date":"2026-02-28T01:20:56","date_gmt":"2026-02-28T04:20:56","guid":{"rendered":"https:\/\/bibliotecajuridicavirtual.cl\/?post_type=product&#038;p=3853"},"modified":"2026-02-28T01:21:11","modified_gmt":"2026-02-28T04:21:11","slug":"derecho-sucesorio-9na-edicion-ii-tomos-ano-julio-2022-850-pag-autor-manuel-somarriva-undurraga","status":"publish","type":"product","link":"https:\/\/bibliotecajuridicavirtual.cl\/index.php\/product\/derecho-sucesorio-9na-edicion-ii-tomos-ano-julio-2022-850-pag-autor-manuel-somarriva-undurraga\/","title":{"rendered":"Derecho  Sucesorio 9na Edici\u00f3n &#8211; II Tomos. A\u00f1o Julio 2022 \/ 850 P\u00e1g. Autor Manuel Somarriva Undurraga"},"content":{"rendered":"<p style=\"font-weight: 400;\">Descripci\u00f3n<\/p>\n<p style=\"font-weight: 400;\">Cumplidos 68 a\u00f1os desde la primera edici\u00f3n, esta obra es una de las m\u00e1s importantes, cl\u00e1sicas y originales que se han escrito sobre el Libro III del C\u00f3digo Civil. En esta nueva edici\u00f3n, se ha buscado mantener la exposici\u00f3n que los profesores Somarriva y Abeliuk realizaron de las distintas materias e instituciones del Derecho Sucesorio, las que se presentan completamente actualizadas con la legislaci\u00f3n vigente y la jurisprudencia reciente m\u00e1s destacada.<\/p>\n<p style=\"font-weight: 400;\">El proceso de modernizaci\u00f3n que ha sido objeto el Derecho de Familia durante la \u00faltima d\u00e9cada del siglo XX y las dos d\u00e9cadas del siglo XXI han tenido una evidente repercusi\u00f3n en el Derecho Sucesorio, y estas incidencias han sido recogidas tanto en esta edici\u00f3n como en las anteriores. De esta manera, se incorporaron todos los aspectos sucesorios que contempla la Ley N\u00b0 20.830 del a\u00f1o 2015, que regula el Acuerdo de Uni\u00f3n Civil y que reconoci\u00f3 al conviviente civil sobreviviente como legitimario, beneficiario de la cuarta de mejoras y del derecho de adjudicaci\u00f3n preferente que el art\u00edculo 1337 N\u00b010 del C\u00f3digo Civil confiere al c\u00f3nyuge sobreviviente.<\/p>\n<p style=\"font-weight: 400;\">Asimismo, se modificaron todos aquellos art\u00edculos que tuvieron cambios de redacci\u00f3n como consecuencia de la entregada en vigencia de la Ley N\u00b0 21.400 del a\u00f1o 2021, que permiti\u00f3 el matrimonio entre personas del mismo sexo.<\/p>\n<p style=\"font-weight: 400;\">Esta novena edici\u00f3n se encuentra completamente al d\u00eda, incluyendo todas las modificaciones legislativas que ha experimentado el Derecho Sucesorio.<\/p>\n<p style=\"font-weight: 400;\">La excelente sistematizaci\u00f3n y an\u00e1lisis exhaustivo de las complejas materias contenidas en el Libro III del C\u00f3digo Civil, se desarrollan y estudian a la luz de la jurisprudencia y de las corrientes doctrinarias m\u00e1s importantes, convirti\u00e9ndola en una obra cl\u00e1sica de consulta obligada para abogados, profesores, jueces y estudiantes.<b><\/b><\/p>\n<p>TOMO I<\/p>\n<p style=\"font-weight: 400;\"><b>PRIMERA PARTE<\/b><br \/>\n<b>DEFINICIONES Y REGLAS GENERALES<\/b><\/p>\n<ol>\n<li style=\"font-weight: 400;\">Enunciaci\u00f3n<\/li>\n<\/ol>\n<p style=\"font-weight: 400;\"><b>CAP\u00cdTULO I<\/b><br \/>\n<b>GENERALIDADES<\/b><\/p>\n<ol start=\"2\">\n<li style=\"font-weight: 400;\">Justificaci\u00f3n de la sucesi\u00f3n por causa de muerte<br \/>\n3. Intereses que convergen en una sucesi\u00f3n<br \/>\n4. El problema de la libertad de testar<br \/>\n5. La libertad de testar en las legislaciones y en nuestro C\u00f3digo<br \/>\n6. Formas de suceder a una persona<br \/>\n7. Los pactos sobre sucesi\u00f3n futura<\/li>\n<\/ol>\n<p style=\"font-weight: 400;\"><b>CAP\u00cdTULO II<\/b><br \/>\n<b>DE LA SUCESI\u00d3N POR CAUSA DE MUERTE<\/b><\/p>\n<ol start=\"8\">\n<li style=\"font-weight: 400;\">Acepciones de la expresi\u00f3n \u201csucesi\u00f3n por causa de muerte\u201d<\/li>\n<\/ol>\n<p style=\"font-weight: 400;\"><b>SECCI\u00d3N PRIMERA<\/b><br \/>\n<b>LA SUCESI\u00d3N POR CAUSA DE MUERTE COMO MODO DE ADQUIRIR EL DOMINIO<\/b><\/p>\n<ol start=\"9\">\n<li style=\"font-weight: 400;\">Concepto y explicaci\u00f3n<br \/>\n10. Caracter\u00edsticas de la sucesi\u00f3n por causa de muerte como modo de adquirir<br \/>\n11. 1o. La sucesi\u00f3n por causa de muerte es un modo derivativo<br \/>\n12. 2o. Es un modo de adquirir por causa de muerte<br \/>\n13. 3o. La sucesi\u00f3n por causa de muerte es un modo de adquirir a t\u00edtulo gratuito<br \/>\n14. 4o. La sucesi\u00f3n por causa de muerte puede ser a t\u00edtulo universal o a t\u00edtulo singular 15. Heredero y legatario; herencia y legado. Conceptos<\/li>\n<\/ol>\n<p style=\"font-weight: 400;\"><b>SECCI\u00d3N SEGUNDA<\/b><br \/>\n<b>LOS ASIGNATARIOS<\/b><\/p>\n<ol start=\"16\">\n<li style=\"font-weight: 400;\">Los asignatarios a t\u00edtulo universal o herederos<br \/>\n17. Clasificaci\u00f3n de los herederos<br \/>\n18. Asignatarios a t\u00edtulo singular o legatarios<br \/>\n19. Explicaci\u00f3n hist\u00f3rica de las expresiones con que comienzan los art\u00edculos 1097 y 1104<br \/>\n20. Clasificaci\u00f3n de los legatarios<\/li>\n<\/ol>\n<p style=\"font-weight: 400;\"><b>SECCI\u00d3N TERCERA<\/b><br \/>\n<b>DE LA APERTURA DE LA SUCESI\u00d3N<\/b><\/p>\n<ol start=\"21\">\n<li style=\"font-weight: 400;\">Concepto<br \/>\n22. Momento en que se produce la apertura de la sucesi\u00f3n<br \/>\n22 bis. Prueba de la muerte<br \/>\n23. Importancia que tiene determinar el momento preciso del fallecimiento del causante<br \/>\n24. Situaci\u00f3n de los comurientes<br \/>\n25. Lugar en que se abre la sucesi\u00f3n<br \/>\n26. Ley que rige la sucesi\u00f3n. Regla general y excepciones<b>SECCI\u00d3N CUARTA<\/b><br \/>\n<b>DE LA DELACI\u00d3N DE LAS ASIGNACIONES<\/b><\/li>\n<li style=\"font-weight: 400;\">Concepto<br \/>\n28. Momento en que se defiere la asignaci\u00f3n. Regla general<br \/>\n29. Delaci\u00f3n de la asignaci\u00f3n condicional<\/li>\n<\/ol>\n<p style=\"font-weight: 400;\"><b>SECCI\u00d3N QUINTA<\/b><br \/>\n<b>EL DERECHO DE TRANSMISI\u00d3N<\/b><\/p>\n<ol start=\"30\">\n<li style=\"font-weight: 400;\">Concepto<br \/>\n31. Campo de aplicaci\u00f3n del derecho de transmisi\u00f3n. Reglas generales<br \/>\n32. Personas que intervienen en el derecho de transmisi\u00f3n<br \/>\n33. Requisitos que deben concurrir en el transmitente o transmisor<br \/>\n34. Requisitos que deben concurrir en el transmitido<br \/>\n35. Las sucesiones indirectas<\/li>\n<\/ol>\n<p style=\"font-weight: 400;\"><b>SECCI\u00d3N SEXTA<\/b><br \/>\n<b>IMPUESTO DE HERENCIAS Y DONACIONES<\/b><\/p>\n<ol start=\"36\">\n<li style=\"font-weight: 400;\">Nociones generales<br \/>\n37. Determinaci\u00f3n del impuesto de herencia. Referencia<br \/>\n38. Pago del impuesto de herencia. Referencia<\/li>\n<\/ol>\n<p style=\"font-weight: 400;\"><b>CAP\u00cdTULO III<\/b><br \/>\n<b>EL DERECHO REAL DE HERENCIA<\/b><\/p>\n<ol start=\"39\">\n<li style=\"font-weight: 400;\">Concepto<br \/>\n40. Caracter\u00edsticas del derecho de herencia. Enunciaci\u00f3n<br \/>\n41. 1o. El derecho de herencia es un derecho real<br \/>\n42. 2o. La herencia constituye una universalidad jur\u00eddica<br \/>\n43. 3o. El derecho de herencia tiene una vida ef\u00edmera<br \/>\n44. Modos de adquirir el derecho real de herencia. Enunciaci\u00f3n<\/li>\n<\/ol>\n<p style=\"font-weight: 400;\"><b>SECCI\u00d3N PRIMERA<\/b><br \/>\n<b>LA SUCESI\u00d3N POR CAUSA DE MUERTE<\/b><\/p>\n<ol start=\"45\">\n<li style=\"font-weight: 400;\">Por sucesi\u00f3n por causa de muerte el heredero adquiere ipso jure el derecho real de herencia<\/li>\n<\/ol>\n<p style=\"font-weight: 400;\">P\u00e1rrafo 1\u00ba<br \/>\nLa posesi\u00f3n de la herencia<\/p>\n<ol start=\"46\">\n<li style=\"font-weight: 400;\">La posesi\u00f3n de la herencia. Sus clases<br \/>\n47. La posesi\u00f3n legal de la herencia<br \/>\n48. Posesi\u00f3n real o material<\/li>\n<\/ol>\n<p style=\"font-weight: 400;\">P\u00e1rrafo 2\u00ba<br \/>\nLa posesi\u00f3n efectiva. Generalidades<\/p>\n<ol start=\"49\">\n<li style=\"font-weight: 400;\">Concepto<br \/>\n50. La posesi\u00f3n efectiva no confiere la calidad de heredero<br \/>\n51. Importancia de la posesi\u00f3n efectiva<br \/>\n52. Las dos clases de posesi\u00f3n efectiva. Enunciaci\u00f3n<\/li>\n<\/ol>\n<p style=\"font-weight: 400;\">P\u00e1rrafo 3\u00ba<br \/>\nPosesiones efectivas otorgadas por la justicia<\/p>\n<p style=\"font-weight: 400;\">52 bis. Tramitaci\u00f3n de la posesi\u00f3n efectiva judicial. Puntos que abarca<br \/>\n53. 1o. Solicitud de posesi\u00f3n efectiva<br \/>\n54. 2o. Qui\u00e9nes la solicitan<br \/>\n55. 3o. Inventario y valorizaci\u00f3n de los bienes<br \/>\n56. 4o. El auto de posesi\u00f3n efectiva y tr\u00e1mites posteriores a su concesi\u00f3n. Publicaci\u00f3n del auto<br \/>\n57. 5o. Inscripci\u00f3n de la posesi\u00f3n efectiva<br \/>\n58. 6o. Oposici\u00f3n a la posesi\u00f3n efectiva<br \/>\n59. 7o. Revocaci\u00f3n de la posesi\u00f3n efectiva<\/p>\n<p style=\"font-weight: 400;\">P\u00e1rrafo 4\u00ba<br \/>\nPosesiones efectivas ante el Registro Civil<\/p>\n<ol start=\"60\">\n<li style=\"font-weight: 400;\">Enunciaci\u00f3n<br \/>\n60 bis. Tramitaci\u00f3n ante el Registro Civil<\/li>\n<\/ol>\n<p style=\"font-weight: 400;\">P\u00e1rrafo 5\u00ba<br \/>\nDeterminaci\u00f3n y pago del impuesto de herencia<\/p>\n<ol start=\"61\">\n<li style=\"font-weight: 400;\">Determinaci\u00f3n del impuesto de herencia<br \/>\n62. 1o. Valorizaci\u00f3n de los bienes<br \/>\n63. 2o. Pago provisional del impuesto de herencia<br \/>\n64. 3o. Pago del impuesto de herencia<\/li>\n<\/ol>\n<p style=\"font-weight: 400;\">P\u00e1rrafo 6\u00ba<br \/>\nRequisitos para que los asignatarios puedan disponer de los bienes asignados<\/p>\n<ol start=\"65\">\n<li style=\"font-weight: 400;\">Enunciaci\u00f3n<br \/>\n66. 1o. Los asignatarios no pueden disponer de los bienes hereditarios sin pagar o asegurar el pago del impuesto de herencia<br \/>\n67. 2o. Los herederos no pueden disponer de los inmuebles hereditarios sin efectuar previamente las inscripciones que ordena el art\u00edculo 688. Alcance del precepto<br \/>\n68. Inscripciones que deben efectuar los herederos para quedar en situaci\u00f3n de enajenar los inmuebles hereditarios<br \/>\n69. Estas inscripciones tienen por objeto conservar la historia de la propiedad ra\u00edz, y no constituyen tradici\u00f3n<br \/>\n70. Sanci\u00f3n por la omisi\u00f3n de las inscripciones hereditarias<br \/>\n71. A) La nulidad absoluta como sanci\u00f3n del 688<br \/>\n72. La sanci\u00f3n del 688 no puede ser la nulidad absoluta. Razones<br \/>\n73. B) La sanci\u00f3n del 688 ser\u00eda la nulidad de la tradici\u00f3n, siendo v\u00e1lido el contrato<br \/>\n74. C) La sanci\u00f3n del 688 est\u00e1 indicada en el art\u00edculo 696, o sea, el adquirente queda como mero tenedor<br \/>\n75. Cr\u00edticas a la doctrina de que la sanci\u00f3n del 688 la contempla el 696<br \/>\n76. La nulidad relativa como sanci\u00f3n del 688. Inconvenientes de ella<br \/>\n77. La sanci\u00f3n ser\u00eda que el adquirente quedar\u00eda como poseedor<\/li>\n<\/ol>\n<p style=\"font-weight: 400;\"><b>SECCI\u00d3N SEGUNDA<\/b><br \/>\n<b>ADQUISICI\u00d3N DEL DERECHO DE HERENCIA POR TRADICI\u00d3N<\/b><\/p>\n<ol start=\"78\">\n<li style=\"font-weight: 400;\">Tradici\u00f3n o cesi\u00f3n de los derechos hereditarios. Generalidades<br \/>\n79. En la tradici\u00f3n de derechos hereditarios no se ceden bienes determinados<br \/>\n80. Forma de efectuar la tradici\u00f3n de los derechos hereditarios<br \/>\n81. En la cesi\u00f3n de derechos hereditarios no es menester cumplir con las formalidades habilitantes<br \/>\n81 bis. Cesi\u00f3n de derechos hereditarios de la mujer casada bajo el r\u00e9gimen de sociedad conyugal<br \/>\n82. Efectos de la cesi\u00f3n de derechos: el cesionario pasa a ocupar el lugar jur\u00eddico que ten\u00eda el cedente<br \/>\n83. El cesionario responde de las deudas de la herencia<br \/>\n84. Indemnizaciones que pueden deberse cedente y cesionario<br \/>\n85. Responsabilidad del heredero<br \/>\n86. Cesi\u00f3n de la pretensi\u00f3n a una herencia<br \/>\n87. Aplicaci\u00f3n de las reglas anteriores a la cesi\u00f3n de los legados<\/li>\n<\/ol>\n<p style=\"font-weight: 400;\"><b>SECCI\u00d3N TERCERA<\/b><br \/>\n<b>ADQUISICI\u00d3N DEL DERECHO DE HERENCIA POR PRESCRIPCI\u00d3N<\/b><\/p>\n<ol start=\"88\">\n<li style=\"font-weight: 400;\">La prescripci\u00f3n como modo de adquirir el derecho real de herencia<br \/>\n89. Plazo para adquirir la herencia por prescripci\u00f3n<br \/>\n90. La prescripci\u00f3n de cinco a\u00f1os es ordinaria. Razones e importancia<\/li>\n<\/ol>\n<p style=\"font-weight: 400;\"><b>CAP\u00cdTULO IV<\/b><br \/>\n<b>LOS ACERVOS<\/b><\/p>\n<ol start=\"91\">\n<li style=\"font-weight: 400;\">Concepto y clasificaci\u00f3n<br \/>\n92. El acervo com\u00fan o bruto<br \/>\n93. El acervo il\u00edquido y las bajas generales de la herencia<br \/>\n94. 1o. Los gastos de sucesi\u00f3n y de partici\u00f3n de bienes<br \/>\n95. 2o. Las deudas hereditarias<br \/>\n96. 3o. Los impuestos fiscales que gravan toda la masa hereditaria<br \/>\n97. 4o. Las asignaciones alimenticias forzosas<br \/>\n98. 5o. Derogaci\u00f3n de la porci\u00f3n conyugal<br \/>\n99. 6o. Los gastos de entierro y \u00faltima enfermedad del causante<br \/>\n100. Las bajas generales de la herencia y los reg\u00edmenes matrimoniales<br \/>\n101. Acervo l\u00edquido o partible<br \/>\n102. Los acervos imaginarios<\/li>\n<\/ol>\n<p style=\"font-weight: 400;\"><b>CAP\u00cdTULO V<\/b><br \/>\n<b>INCAPACIDADES E INDIGNIDADES PARA SUCEDER<\/b><\/p>\n<ol start=\"103\">\n<li style=\"font-weight: 400;\">Requisitos para suceder por causa de muerte<\/li>\n<\/ol>\n<p style=\"font-weight: 400;\"><b>SECCI\u00d3N PRIMERA<\/b><br \/>\n<b>CAPACIDAD PARA SUCEDER POR CAUSA DE MUERTE<\/b><\/p>\n<ol start=\"104\">\n<li style=\"font-weight: 400;\">Por regla general, todas las personas son capaces para suceder. Excepciones<br \/>\n105. 1o. Para suceder es necesario existir al momento de abrirse la sucesi\u00f3n. Excepciones<br \/>\n106. 2o. Son incapaces para suceder los establecimientos, gremios y cofrad\u00edas que carecen de personalidad jur\u00eddica<br \/>\n107. Asignaciones que tienen por objeto la creaci\u00f3n de una fundaci\u00f3n<br \/>\n108. Capacidad de las personas jur\u00eddicas extranjeras para suceder en Chile<br \/>\n109. 3o. Incapacidad de las personas condenadas por el crimen de da\u00f1ado ayuntamiento<br \/>\n110. 4o. Incapacidad del eclesi\u00e1stico confesor<br \/>\n111. 5o. Incapacidad del notario, testigos del testamento y sus familiares y dependientes<br \/>\n112. Confesi\u00f3n de deuda en el testamento a favor del notario y testigos<br \/>\n113. Las incapacidades son de orden p\u00fablico. Consecuencias<br \/>\n114. El incapaz puede adquirir la asignaci\u00f3n por prescripci\u00f3n de diez a\u00f1os<\/li>\n<\/ol>\n<p style=\"font-weight: 400;\"><b>SECCI\u00d3N SEGUNDA<\/b><br \/>\n<b>LAS INDIGNIDADES PARA SUCEDER<\/b><\/p>\n<ol start=\"115\">\n<li style=\"font-weight: 400;\">Concepto y car\u00e1cter excepcional<br \/>\n116. Las indignidades del art\u00edculo 968<br \/>\n117. 6o. No denunciar a la justicia el homicidio cometido en el difunto<br \/>\n118. 7o. No solicitar nombramiento de guardador al causante<br \/>\n119. 8o. Excusa ileg\u00edtima del guardador o albacea<br \/>\n120. 9o. Es indigno el que se comprometa a hacer pasar bienes del causante a un incapaz para suceder<br \/>\n121. 10. Albacea removido por dolo<br \/>\n122. 11. Partidor que prevarica<br \/>\n123. Situaciones que se asemejan a las indignidades<br \/>\n124. Caracter\u00edsticas de las indignidades<br \/>\n125. Paralelo entre las incapacidades e indignidades<\/li>\n<\/ol>\n<p style=\"font-weight: 400;\"><b>SECCI\u00d3N TERCERA<\/b><br \/>\n<b>DISPOSICIONES COMUNES A LAS INCAPACIDADES E INDIGNIDADES<\/b><\/p>\n<ol start=\"126\">\n<li style=\"font-weight: 400;\">Las incapacidades e indignidades no privan del derecho de alimentos. Excepci\u00f3n<br \/>\n127. Los deudores hereditarios no pueden oponer como excepci\u00f3n su incapacidad o indignidad. Alcance del art\u00edculo 978<\/li>\n<\/ol>\n<p style=\"font-weight: 400;\"><b>SEGUNDA PARTE<\/b><br \/>\n<b>LA SUCESI\u00d3N INTESTADA<\/b><\/p>\n<ol start=\"128\">\n<li style=\"font-weight: 400;\">Enunciaci\u00f3n<br \/>\n129. Evoluci\u00f3n hist\u00f3rica<br \/>\n130. Concepto y aplicaci\u00f3n<br \/>\n131. En la sucesi\u00f3n intestada no se atiende al origen de los bienes, sexo ni primogenitura<\/li>\n<\/ol>\n<p style=\"font-weight: 400;\"><b>CAP\u00cdTULO I<\/b><br \/>\n<b>EL DERECHO DE REPRESENTACI\u00d3N<\/b><\/p>\n<ol start=\"132\">\n<li style=\"font-weight: 400;\">Sucesi\u00f3n por derecho personal y por derecho de representaci\u00f3n<br \/>\n133. Concepto del derecho de representaci\u00f3n<br \/>\n134. Personas que intervienen en la representaci\u00f3n. Enunciaci\u00f3n<br \/>\n135. Requisitos para que opere el derecho de representaci\u00f3n. Enunciaci\u00f3n<br \/>\n136. 1o. La representaci\u00f3n solo opera en la sucesi\u00f3n intestada. Razones y excepciones<br \/>\n137. 2o. La representaci\u00f3n solo tiene aplicaci\u00f3n respecto de la descendencia del causante, pero no opera en la l\u00ednea ascendente de parientes<br \/>\n138. 3o. \u00d3rdenes de sucesi\u00f3n en que opera la representaci\u00f3n<br \/>\n139. La representaci\u00f3n en la l\u00ednea descendente es indefinida<br \/>\n140. 4o. Debe faltar el representado<br \/>\n141. El derecho del representante emana directamente de la ley y no del representado. Consecuencias de este principio<br \/>\n142. Efectos de la representaci\u00f3n<br \/>\n143. Aplicaci\u00f3n de la representaci\u00f3n al impuesto de herencias<br \/>\n144. El efecto retroactivo de las leyes y el derecho de representaci\u00f3n<br \/>\n145. Paralelo entre los derechos de representaci\u00f3n y transmisi\u00f3n<\/li>\n<\/ol>\n<p style=\"font-weight: 400;\"><b>CAP\u00cdTULO II<\/b><br \/>\n<b>LOS HEREDEROS ABINTESTATO Y SUS DERECHOS EN LA SUCESI\u00d3N<\/b><\/p>\n<ol start=\"146\">\n<li style=\"font-weight: 400;\">Qui\u00e9nes son herederos abintestato<br \/>\n147. Los \u00f3rdenes de sucesi\u00f3n. Concepto y clasificaci\u00f3n<br \/>\n148. Enunciaci\u00f3n de los \u00f3rdenes de sucesi\u00f3n<\/li>\n<\/ol>\n<p style=\"font-weight: 400;\"><b>SECCI\u00d3N PRIMERA<\/b><br \/>\n<b>PRIMER ORDEN: DE LOS DESCENDIENTES<\/b><\/p>\n<ol start=\"149\">\n<li style=\"font-weight: 400;\">Personas que lo componen<\/li>\n<\/ol>\n<p style=\"font-weight: 400;\">P\u00e1rrafo 1\u00ba<br \/>\nLos descendientes<\/p>\n<ol start=\"150\">\n<li style=\"font-weight: 400;\">Enunciaci\u00f3n<br \/>\n151. 1o. Hijos de filiaci\u00f3n matrimonial<br \/>\n152. 2o. Hijos cuyos padres contraen matrimonio<br \/>\n153. 3o. Hijos de filiaci\u00f3n legalmente determinada<br \/>\n154. 4o. Situaci\u00f3n de los hijos cuya filiaci\u00f3n qued\u00f3 determinada antes de la vigencia de la Ley de Filiaci\u00f3n<br \/>\n155. 5o. Representantes del hijo<br \/>\n156. 6o. Situaci\u00f3n de los hijos cuya filiaci\u00f3n no est\u00e1 determinada<\/li>\n<\/ol>\n<p style=\"font-weight: 400;\">P\u00e1rrafo 2\u00ba<br \/>\nEl adoptado<\/p>\n<ol start=\"157\">\n<li style=\"font-weight: 400;\">Pauta<br \/>\n158. 1o. Evoluci\u00f3n de la adopci\u00f3n en la legislaci\u00f3n chilena<br \/>\n159. 2o. Situaci\u00f3n con la Ley de Adopci\u00f3n vigente<br \/>\n160. 3o. Pacto para acogerse a los derechos de la nueva ley. Referencia<\/li>\n<\/ol>\n<p style=\"font-weight: 400;\">P\u00e1rrafo 3\u00ba<br \/>\nEl c\u00f3nyuge sobreviviente. Aplicaci\u00f3n de su regulaci\u00f3n al conviviente civil<\/p>\n<ol start=\"161\">\n<li style=\"font-weight: 400;\">Enunciaci\u00f3n<br \/>\n162. 1o. Evoluci\u00f3n hist\u00f3rica<br \/>\n163. 2o. El c\u00f3nyuge recibe una o dos leg\u00edtimas<br \/>\n164. 3o. Al c\u00f3nyuge sobreviviente corresponde siempre un cuarto de la herencia intestada<br \/>\n165. 4o. Situaci\u00f3n de los c\u00f3nyuges separados judicialmente. Enunciaci\u00f3n<br \/>\n166. Situaci\u00f3n del c\u00f3nyuge separado judicialmente<br \/>\n167. 5o. Situaci\u00f3n del matrimonio nulo<br \/>\n168. 6o. Situaci\u00f3n del c\u00f3nyuge divorciado con disoluci\u00f3n del v\u00ednculo<br \/>\n168. bis. Aplicaci\u00f3n de las normas del c\u00f3nyuge sobreviviente a los convivientes civiles .<\/li>\n<\/ol>\n<p style=\"font-weight: 400;\"><b>SECCI\u00d3N SEGUNDA<\/b><br \/>\n<b>SEGUNDO ORDEN: DE LOS ASCENDIENTES Y EL C\u00d3NYUGE SOBREVIVIENTE<\/b><\/p>\n<ol start=\"169\">\n<li style=\"font-weight: 400;\">Enunciaci\u00f3n<br \/>\n170. 1o. Concurrencia de los ascendientes y del c\u00f3nyuge sobreviviente<br \/>\n171. 2o. Caso en que solo concurre el c\u00f3nyuge o conviviente civil sobreviviente<br \/>\n172. 3o. Caso en que solo concurren ascendientes<br \/>\n173. 4o. Situaci\u00f3n de los padres cuya filiaci\u00f3n se determin\u00f3 judicialmente<br \/>\n174. 5o. El adoptante<br \/>\n175. 5o A. El adoptante como heredero abintestato del adoptado<br \/>\n176. 5o B. Pacto entre adoptante y adoptado<\/li>\n<\/ol>\n<p style=\"font-weight: 400;\"><b>SECCI\u00d3N TERCERA<\/b><br \/>\n<b>TERCER ORDEN: DE LOS HERMANOS<\/b><\/p>\n<ol start=\"177\">\n<li style=\"font-weight: 400;\">Aplicaci\u00f3n de este orden<br \/>\n178. Situaci\u00f3n de los hermanos de doble o simple conjunci\u00f3n<\/li>\n<\/ol>\n<p style=\"font-weight: 400;\"><b>SECCI\u00d3N CUARTA<\/b><br \/>\n<b>CUARTO ORDEN: DE LOS COLATERALES<\/b><\/p>\n<ol start=\"179\">\n<li style=\"font-weight: 400;\">Cu\u00e1ndo se pasa a este orden<br \/>\n180. Reglas conforme a las cuales suceden los colaterales<br \/>\n181. Los colaterales por afinidad no son herederos abintestato<\/li>\n<\/ol>\n<p style=\"font-weight: 400;\"><b>SECCI\u00d3N QUINTA<\/b><br \/>\n<b>QUINTO ORDEN: EL FISCO<\/b><\/p>\n<ol start=\"182\">\n<li style=\"font-weight: 400;\">El Fisco como heredero abintestato<\/li>\n<\/ol>\n<p style=\"font-weight: 400;\"><b>SECCI\u00d3N SEXTA<\/b><br \/>\n<b>LOS EXTRANJEROS Y LA SUCESI\u00d3N INTESTADA<\/b><\/p>\n<ol start=\"183\">\n<li style=\"font-weight: 400;\">Los extranjeros tienen los mismos derechos que los chilenos en las sucesiones abintestato abiertas en Chile<br \/>\n184. Derechos de los chilenos en las sucesiones abiertas en el extranjero. Generalidades<br \/>\n185. El art. 998 es una excepci\u00f3n al art. 955. Alcances<br \/>\n186. Situaciones que pueden presentarse en la sucesi\u00f3n de un extranjero<br \/>\n187. Caso en que la ley extranjera reconozca mayores derechos a los herederos chilenos que la nuestra<br \/>\n188. Situaci\u00f3n en las sucesiones testamentarias<\/li>\n<\/ol>\n<p style=\"font-weight: 400;\"><b>CAP\u00cdTULO III<\/b><br \/>\n<b>SUCESI\u00d3N PARTE TESTADA Y PARTE INTESTADA<\/b><\/p>\n<ol start=\"189\">\n<li style=\"font-weight: 400;\">Enunciaci\u00f3n<br \/>\n189 bis. Principio general<br \/>\n190. 1o. C\u00f3mo se divide la herencia<br \/>\n190 bis. 2o. Situaci\u00f3n cuando concurren, como herederos, legitimarios con quienes no lo son<br \/>\n191. 3o. Situaci\u00f3n de los que suceden a la vez por testamento y abintestato<br \/>\n192. 4o. Primero se enteran las leg\u00edtimas y mejoras<br \/>\n192 bis. Tramitaci\u00f3n de la posesi\u00f3n efectiva en las sucesiones mixtas<\/li>\n<\/ol>\n<p style=\"font-weight: 400;\"><b>TERCERA PARTE<br \/>\nEL TESTAMENTO<\/b><\/p>\n<p style=\"font-weight: 400;\"><b>CAP\u00cdTULO I<\/b><br \/>\n<b>CONCEPTO DE TESTAMENTO<\/b><\/p>\n<p>193. Concepto<br \/>\n194. El testamento es un acto jur\u00eddico unilateral<br \/>\n195. El testamento es un acto m\u00e1s o menos solemne<br \/>\n196. El testamento es un acto personal\u00edsimo<br \/>\n197. El testamento tiene por objeto fundamental, pero no \u00fanico, disponer de los bienes<br \/>\n198. El testamento produce sus plenos efectos fallecido el causante, pero puede producir otros efectos en vida de este<br \/>\n199. El testamento es esencialmente revocable<br \/>\n199 bis. Registro de testamentos<\/p>\n<p style=\"font-weight: 400;\"><b>CAP\u00cdTULO II<\/b><br \/>\n<b>REQUISITOS DEL TESTAMENTO<\/b><\/p>\n<ol start=\"200\">\n<li style=\"font-weight: 400;\">Clasificaci\u00f3n<\/li>\n<\/ol>\n<p style=\"font-weight: 400;\"><b>SECCI\u00d3N PRIMERA<\/b><br \/>\n<b>CAPACIDAD PARA TESTAR<\/b><\/p>\n<ol start=\"201\">\n<li style=\"font-weight: 400;\">Por regla general, todas las personas son capaces para testar. Excepciones<br \/>\n202. 1o. Incapacidad del imp\u00faber<br \/>\n203. 2o. Incapacidad de los que estuvieren actualmente privados de raz\u00f3n<br \/>\n204. 3o. Incapacidad del demente<br \/>\n205. 4o. Incapacidad de los que no pueden manifestar claramente su voluntad<br \/>\n206. La capacidad debe existir al momento de otorgarse testamento<\/li>\n<\/ol>\n<p style=\"font-weight: 400;\"><b>SECCI\u00d3N SEGUNDA<\/b><br \/>\n<b>LA VOLUNTAD EXENTA DE VICIOS<\/b><\/p>\n","protected":false},"excerpt":{"rendered":"<p>Buscas un libro Jur\u00eddico.? Lo puedes encontrar en nuestra tienda virtual.<br \/>\nContamos con prestigiosos autores y muchas alternativas en sus diferentes materias al igual que grandes descuentos.! Vis\u00edtanos en <a class=\"JlbfryXVlwcZyHjDVfFuROUTMUwEJHTEvmlSIQ \" href=\"https:\/\/lnkd.in\/eiAG7jdZ\" target=\"_blank\" rel=\"noopener\" data-test-app-aware-link=\"\">https:\/\/lnkd.in\/eiAG7jdZ<\/a><br \/>\nEscr\u00edbenos al +56930565235 \/ <a class=\"JlbfryXVlwcZyHjDVfFuROUTMUwEJHTEvmlSIQ \" href=\"mailto:ventaslegallexglobal@gmail.com\" target=\"_self\" rel=\"noopener\" data-test-app-aware-link=\"\">ventaslegallexglobal@gmail.com<\/a><br \/>\nHacemos env\u00edos a todo Chile &#8211; Starken o Correos Chile \/ Te esperamos<\/p>\n","protected":false},"featured_media":3883,"comment_status":"open","ping_status":"closed","template":"","meta":{"inline_featured_image":false,"_joinchat":[]},"product_brand":[],"product_cat":[27,40],"product_tag":[],"class_list":{"0":"post-3853","1":"product","2":"type-product","3":"status-publish","4":"has-post-thumbnail","6":"product_cat-civil","7":"product_cat-ediciones-juridica-de-santiago","8":"product_shipping_class-a-convenir","10":"first","11":"instock","12":"shipping-taxable","13":"purchasable","14":"product-type-simple"},"_links":{"self":[{"href":"https:\/\/bibliotecajuridicavirtual.cl\/index.php\/wp-json\/wp\/v2\/product\/3853","targetHints":{"allow":["GET"]}}],"collection":[{"href":"https:\/\/bibliotecajuridicavirtual.cl\/index.php\/wp-json\/wp\/v2\/product"}],"about":[{"href":"https:\/\/bibliotecajuridicavirtual.cl\/index.php\/wp-json\/wp\/v2\/types\/product"}],"replies":[{"embeddable":true,"href":"https:\/\/bibliotecajuridicavirtual.cl\/index.php\/wp-json\/wp\/v2\/comments?post=3853"}],"wp:featuredmedia":[{"embeddable":true,"href":"https:\/\/bibliotecajuridicavirtual.cl\/index.php\/wp-json\/wp\/v2\/media\/3883"}],"wp:attachment":[{"href":"https:\/\/bibliotecajuridicavirtual.cl\/index.php\/wp-json\/wp\/v2\/media?parent=3853"}],"wp:term":[{"taxonomy":"product_brand","embeddable":true,"href":"https:\/\/bibliotecajuridicavirtual.cl\/index.php\/wp-json\/wp\/v2\/product_brand?post=3853"},{"taxonomy":"product_cat","embeddable":true,"href":"https:\/\/bibliotecajuridicavirtual.cl\/index.php\/wp-json\/wp\/v2\/product_cat?post=3853"},{"taxonomy":"product_tag","embeddable":true,"href":"https:\/\/bibliotecajuridicavirtual.cl\/index.php\/wp-json\/wp\/v2\/product_tag?post=3853"}],"curies":[{"name":"wp","href":"https:\/\/api.w.org\/{rel}","templated":true}]}}