{"id":3854,"date":"2026-02-28T01:20:56","date_gmt":"2026-02-28T04:20:56","guid":{"rendered":"https:\/\/bibliotecajuridicavirtual.cl\/?post_type=product&#038;p=3854"},"modified":"2026-02-28T01:21:12","modified_gmt":"2026-02-28T04:21:12","slug":"costos-para-la-toma-de-decisiones-una-mirada-desde-la-adolescencia-a-la-pequena-y-mediana-empresa-ano-2022-200-pag-autor-sandra-alvear-vega","status":"publish","type":"product","link":"https:\/\/bibliotecajuridicavirtual.cl\/index.php\/product\/costos-para-la-toma-de-decisiones-una-mirada-desde-la-adolescencia-a-la-pequena-y-mediana-empresa-ano-2022-200-pag-autor-sandra-alvear-vega\/","title":{"rendered":"Costos para la toma de decisiones. Una mirada desde la adolescencia a la peque\u00f1a y mediana empresa. A\u00f1o 2022\/ 200 P\u00e1g. Autor Sandra Alvear Vega"},"content":{"rendered":"<p>Este libro busca contribuir al aprendizaje y ense\u00f1anza de los fundamentos de Costos y Gesti\u00f3n. Espec\u00edficamente desarrollar las capacidades de comprender los procesos productivos, determinar costos de producci\u00f3n con fines financieros y de gesti\u00f3n y utilizar esta informaci\u00f3n al tomar decisiones.<br \/>\nLa metodolog\u00eda se basa en la comprensi\u00f3n y an\u00e1lisis de diferentes procesos productivos insertos en un contexto y expuestos en quince casos de estudio agrupados por actividad econ\u00f3mica: manufactura, agricultura y fruticultura, servicios de alimentaci\u00f3n, servicios de transporte, servicios de salud, entre otros.<br \/>\nPara cada caso se da una propuesta de soluci\u00f3n, aplicando las nociones te\u00f3ricas respectivas. Los conceptos y t\u00e9cnicas se desarrollan en profundidad a medida que se avanza en la propuesta de soluci\u00f3n, de forma que el lector genere su aprendizaje te\u00f3rico acompa\u00f1ado de la pr\u00e1ctica o del hacer.<br \/>\nEl nivel de complejidad de los procesos productivos de los casos se incrementa gradualmente. El \u00faltimo caso permite determinar costos ambientales.<\/p>\n","protected":false},"excerpt":{"rendered":"<p>Este libro busca contribuir al aprendizaje y ense\u00f1anza de los fundamentos de Costos y Gesti\u00f3n. Espec\u00edficamente desarrollar las capacidades de comprender los procesos productivos, determinar costos de producci\u00f3n con fines financieros y de gesti\u00f3n y utilizar esta informaci\u00f3n al tomar decisiones. La metodolog\u00eda se basa en la comprensi\u00f3n y an\u00e1lisis de diferentes procesos productivos insertos en un contexto y expuestos en quince casos de estudio agrupados por actividad econ\u00f3mica: manufactura, agricultura y fruticultura, servicios de alimentaci\u00f3n, servicios de transporte, servicios de salud, entre otros. Para cada caso se da una propuesta de soluci\u00f3n, aplicando las nociones te\u00f3ricas respectivas. Los conceptos y t\u00e9cnicas se desarrollan en profundidad a medida que se avanza en la propuesta de soluci\u00f3n, de forma que el lector genere su aprendizaje te\u00f3rico acompa\u00f1ado de la pr\u00e1ctica o del hacer. El nivel de complejidad de los procesos productivos de los casos se incrementa gradualmente. El \u00faltimo caso permite determinar costos ambientales.<\/p>\n","protected":false},"featured_media":3884,"comment_status":"open","ping_status":"closed","template":"","meta":{"inline_featured_image":false,"_joinchat":[]},"product_brand":[],"product_cat":[27,42],"product_tag":[],"class_list":{"0":"post-3854","1":"product","2":"type-product","3":"status-publish","4":"has-post-thumbnail","6":"product_cat-civil","7":"product_cat-thomson-reuters","8":"product_shipping_class-a-convenir","10":"first","11":"instock","12":"shipping-taxable","13":"purchasable","14":"product-type-simple"},"_links":{"self":[{"href":"https:\/\/bibliotecajuridicavirtual.cl\/index.php\/wp-json\/wp\/v2\/product\/3854","targetHints":{"allow":["GET"]}}],"collection":[{"href":"https:\/\/bibliotecajuridicavirtual.cl\/index.php\/wp-json\/wp\/v2\/product"}],"about":[{"href":"https:\/\/bibliotecajuridicavirtual.cl\/index.php\/wp-json\/wp\/v2\/types\/product"}],"replies":[{"embeddable":true,"href":"https:\/\/bibliotecajuridicavirtual.cl\/index.php\/wp-json\/wp\/v2\/comments?post=3854"}],"wp:featuredmedia":[{"embeddable":true,"href":"https:\/\/bibliotecajuridicavirtual.cl\/index.php\/wp-json\/wp\/v2\/media\/3884"}],"wp:attachment":[{"href":"https:\/\/bibliotecajuridicavirtual.cl\/index.php\/wp-json\/wp\/v2\/media?parent=3854"}],"wp:term":[{"taxonomy":"product_brand","embeddable":true,"href":"https:\/\/bibliotecajuridicavirtual.cl\/index.php\/wp-json\/wp\/v2\/product_brand?post=3854"},{"taxonomy":"product_cat","embeddable":true,"href":"https:\/\/bibliotecajuridicavirtual.cl\/index.php\/wp-json\/wp\/v2\/product_cat?post=3854"},{"taxonomy":"product_tag","embeddable":true,"href":"https:\/\/bibliotecajuridicavirtual.cl\/index.php\/wp-json\/wp\/v2\/product_tag?post=3854"}],"curies":[{"name":"wp","href":"https:\/\/api.w.org\/{rel}","templated":true}]}}