{"id":3855,"date":"2026-02-28T01:20:56","date_gmt":"2026-02-28T04:20:56","guid":{"rendered":"https:\/\/bibliotecajuridicavirtual.cl\/?post_type=product&#038;p=3855"},"modified":"2026-02-28T01:21:12","modified_gmt":"2026-02-28T04:21:12","slug":"derecho-del-trabajo-decima-edicion-derecho-individual-colectivo-y-jurisdiccion-laboral-ano-2023-849-pag-autor-eric-andres-chavez-chavez","status":"publish","type":"product","link":"https:\/\/bibliotecajuridicavirtual.cl\/index.php\/product\/derecho-del-trabajo-decima-edicion-derecho-individual-colectivo-y-jurisdiccion-laboral-ano-2023-849-pag-autor-eric-andres-chavez-chavez\/","title":{"rendered":"Derecho del Trabajo Decima Edicion- Derecho Individual, colectivo y Jurisdicci\u00f3n Laboral. A\u00f1o 2023\/ 849 P\u00e1g. Autor Eric Andr\u00e9s Ch\u00e1vez Ch\u00e1vez"},"content":{"rendered":"<p style=\"font-weight: 400;\"><strong>Descripci\u00f3n<\/strong><\/p>\n<p style=\"font-weight: 400;\">\u00a0\u201cDerecho del Trabajo\u201d, es un texto que contiene toda la materia laboral actualizada a la fecha, constando entre sus partes la Evoluci\u00f3n del Trabajo, Contrato de Individual del Trabajo, Protecci\u00f3n a los Trabajadores, Organizaciones Sindicales, Negociaci\u00f3n Colectiva y finalmente la Judicatura Laboral.<\/p>\n<p style=\"font-weight: 400;\">\u00a0La obra pretende dar un acercamiento al Derecho Laboral, con sus \u00faltimas actualizaciones de leyes dictadas al efecto por nuestro Poder Legislativo, en cuanto a las adecuaciones a esta normativa, hasta antes del cierre de la edici\u00f3n. As\u00ed, siendo extensas estas modificaciones mencionamos que se encuentran incorporadas en especial las Leyes 21.441, 21.476 y 21.498.<\/p>\n<p style=\"font-weight: 400;\">\u00a0Por ello Ediciones Jur\u00eddicas Tofulex, cree que se ser\u00e1 de gran utilidad este texto en su 10\u00aa Edici\u00f3n, 2023 del abogado Eric Andr\u00e9s Ch\u00e1vez Ch\u00e1vez, a los diferentes profesionales de \u00e1rea, siempre di\u00e1fano, did\u00e1ctico y preciso.<\/p>\n","protected":false},"excerpt":{"rendered":"<p>Buscas un libro Jur\u00eddico.? Lo puedes encontrar en nuestra tienda virtual.<br \/>\nContamos con prestigiosos autores y muchas alternativas en sus diferentes materias al igual que grandes descuentos.! Vis\u00edtanos en <a class=\"tykvYtnSECpeoMKlqvoreUufywOfzdchUlzs \" href=\"https:\/\/lnkd.in\/eiAG7jdZ\" target=\"_blank\" rel=\"noopener\" data-test-app-aware-link=\"\">https:\/\/lnkd.in\/eiAG7jdZ<\/a><br \/>\nEscr\u00edbenos al +56930565235 \/ <a class=\"tykvYtnSECpeoMKlqvoreUufywOfzdchUlzs \" href=\"mailto:ventaslegallexglobal@gmail.com\" target=\"_self\" data-test-app-aware-link=\"\">ventaslegallexglobal@gmail.com<\/a><br \/>\nHacemos env\u00edos a todo Chile \u2013 Starken o Correos Chile \/ Te esperamos<\/p>\n","protected":false},"featured_media":3885,"comment_status":"open","ping_status":"closed","template":"","meta":{"inline_featured_image":false,"_joinchat":[]},"product_brand":[],"product_cat":[59,41],"product_tag":[],"class_list":{"0":"post-3855","1":"product","2":"type-product","3":"status-publish","4":"has-post-thumbnail","6":"product_cat-editorial-tofulex-ediciones-juridicas","7":"product_cat-laboral","8":"product_shipping_class-a-convenir","10":"first","11":"instock","12":"shipping-taxable","13":"purchasable","14":"product-type-simple"},"_links":{"self":[{"href":"https:\/\/bibliotecajuridicavirtual.cl\/index.php\/wp-json\/wp\/v2\/product\/3855","targetHints":{"allow":["GET"]}}],"collection":[{"href":"https:\/\/bibliotecajuridicavirtual.cl\/index.php\/wp-json\/wp\/v2\/product"}],"about":[{"href":"https:\/\/bibliotecajuridicavirtual.cl\/index.php\/wp-json\/wp\/v2\/types\/product"}],"replies":[{"embeddable":true,"href":"https:\/\/bibliotecajuridicavirtual.cl\/index.php\/wp-json\/wp\/v2\/comments?post=3855"}],"wp:featuredmedia":[{"embeddable":true,"href":"https:\/\/bibliotecajuridicavirtual.cl\/index.php\/wp-json\/wp\/v2\/media\/3885"}],"wp:attachment":[{"href":"https:\/\/bibliotecajuridicavirtual.cl\/index.php\/wp-json\/wp\/v2\/media?parent=3855"}],"wp:term":[{"taxonomy":"product_brand","embeddable":true,"href":"https:\/\/bibliotecajuridicavirtual.cl\/index.php\/wp-json\/wp\/v2\/product_brand?post=3855"},{"taxonomy":"product_cat","embeddable":true,"href":"https:\/\/bibliotecajuridicavirtual.cl\/index.php\/wp-json\/wp\/v2\/product_cat?post=3855"},{"taxonomy":"product_tag","embeddable":true,"href":"https:\/\/bibliotecajuridicavirtual.cl\/index.php\/wp-json\/wp\/v2\/product_tag?post=3855"}],"curies":[{"name":"wp","href":"https:\/\/api.w.org\/{rel}","templated":true}]}}