{"id":3857,"date":"2026-02-28T01:20:56","date_gmt":"2026-02-28T04:20:56","guid":{"rendered":"https:\/\/bibliotecajuridicavirtual.cl\/?post_type=product&#038;p=3857"},"modified":"2026-02-28T01:21:14","modified_gmt":"2026-02-28T04:21:14","slug":"estrategica-y-practica-profesional-procedimientos-policia-local-practica-forense-ano-2022-128-pag-autor-thomson-reuters","status":"publish","type":"product","link":"https:\/\/bibliotecajuridicavirtual.cl\/index.php\/product\/estrategica-y-practica-profesional-procedimientos-policia-local-practica-forense-ano-2022-128-pag-autor-thomson-reuters\/","title":{"rendered":"Estrategica y pr\u00e1ctica Profesional Procedimientos Polic\u00eda Local ( Pr\u00e1ctica Forense). A\u00f1o 2022\/128 P\u00e1g. Autor Thomson Reuters"},"content":{"rendered":"<p>Esta obra forma parte de la colecci\u00f3n Estrategia y Pr\u00e1ctica Profesional editada por THOMSON REUTERS, con el objeto de entregar a los operadores legales una herramienta indispensable para el ejercicio profesional, la cual provee de criterios de aplicaci\u00f3n y soluci\u00f3n en cada materia tratada.<\/p>\n<p>Se tratan las siguientes tem\u00e1ticas:<\/p>\n<ul>\n<li>Consumidor<\/li>\n<li>Copropiedad<\/li>\n<li>Urbanismo<\/li>\n<li>Tenencia responsable de animales<\/li>\n<\/ul>\n<p>La obra \u201cEstrategia y Pr\u00e1ctica Profesional Procedimiento Polic\u00eda Local\u201d constituye un esfuerzo de b\u00fasqueda y sistematizaci\u00f3n de los principales modelos de escritos utilizados en los procesos judiciales tramitados ante los Tribunales de Polic\u00eda Local, organizados de manera pr\u00e1ctica y \u00fatil.<\/p>\n<p>Esta edici\u00f3n ha sido elaborada por el abogado Francisco Coderech Arenas, quien ha plasmado su experiencia profesional en los formularios contenidos en esta obra.<\/p>\n<p>Esperamos que este trabajo sea de gran utilidad para quienes deseen profundizar en esta rama del Derecho y, por supuesto, para los abogados que ya la ejercen.<\/p>\n<p>Equipo Editorial Thomson Reuters<\/p>\n<p>&nbsp;<\/p>\n<p>\u00cdNDICE<\/p>\n<section id=\"indice\">\n<div id=\"container\">\n<p class=\"IG_1\">Presentaci\u00f3n<\/p>\n<p class=\"IG_1\"><span class=\"TextoV\">1. Aclaraci\u00f3n, rectificaci\u00f3n y enmienda<\/span><\/p>\n<p class=\"IG_1\"><span class=\"TextoV\">2. Abandono del procedimiento<\/span><\/p>\n<p class=\"IG_1\"><span class=\"TextoV\">3. Alzamiento de embargo<\/span><\/p>\n<p class=\"IG_1\"><span class=\"TextoV\">4. Acompa\u00f1a documentos<\/span><\/p>\n<p class=\"IG_1\"><span class=\"TextoV\">5. Acompa\u00f1a exhorto<\/span><\/p>\n<p class=\"IG_1\"><span class=\"TextoV\">6. Alzamiento orden de arresto<\/span><\/p>\n<p class=\"IG_1\"><span class=\"TextoV\">7. Audiencia indagatoria<\/span><\/p>\n<p class=\"IG_1\"><span class=\"TextoV\">8. Citaci\u00f3n a asamblea<\/span><\/p>\n<p class=\"IG_1\"><span class=\"TextoV\">9. Consignaci\u00f3n<\/span><\/p>\n<p class=\"IG_1\"><span class=\"TextoV\">10. Conflictos copropietarios<\/span><\/p>\n<p class=\"IG_1\"><span class=\"TextoV\">11. Contesta ley fraude electr\u00f3nico<\/span><\/p>\n<p class=\"IG_1\"><span class=\"TextoV\">12. Contesta querella<\/span><\/p>\n<p class=\"IG_1\"><span class=\"TextoV\">13. Contesta requerimiento (guardia de seguridad)<\/span><\/p>\n<p class=\"IG_1\"><span class=\"TextoV\">14. Contesta requerimiento \/ denuncia Ley de Urbanismo y Construc<\/span><span class=\"TextoV\">ci\u00f3n<\/span><\/p>\n<p class=\"IG_1\"><span class=\"TextoV\">15. Copia autorizada<\/span><\/p>\n<p class=\"IG_1\"><span class=\"TextoV\">16. Cumple lo ordenado<\/span><\/p>\n<p class=\"IG_1\"><span class=\"TextoV\">17. Cumplimiento incidental<\/span><\/p>\n<p class=\"IG_1\"><span class=\"TextoV\">18. Curso progresivo<\/span><\/p>\n<p class=\"IG_1\"><span class=\"TextoV\">19. Da cuenta de pago<\/span><\/p>\n<p class=\"IG_1\"><span class=\"TextoV\">20. Delega poder<\/span><\/p>\n<p class=\"IG_1\"><span class=\"TextoV\">21. Demanda civil de indemnizaci\u00f3n de perjuicios<\/span><\/p>\n<p class=\"IG_1\"><span class=\"TextoV\">22. Demanda fraude electr\u00f3nico<\/span><\/p>\n<p class=\"IG_1\"><span class=\"TextoV\">23. Denuncia empalme irregular<\/span><\/p>\n<p class=\"IG_1\"><span class=\"TextoV\">24. Denuncia fumar espacios prohibidos<\/span><\/p>\n<p class=\"IG_1\"><span class=\"TextoV\">25. Denuncia ley de urbanismo y construcci\u00f3n<\/span><\/p>\n<p class=\"IG_1\"><span class=\"TextoV\">26. Denuncia ley de tabaco<\/span><\/p>\n<p class=\"IG_1\"><span class=\"TextoV\">27. Denuncia ruidos molestos<\/span><\/p>\n<p class=\"IG_1\"><span class=\"TextoV\">28. Denuncia tenencia responsable de animales<\/span><\/p>\n<p class=\"IG_1\"><span class=\"TextoV\">29. Denuncia por tenencia responsable de animales (estancias temporales)<\/span><\/p>\n<p class=\"IG_1\"><span class=\"TextoV\">30. Denuncia tenencia responsable de animales (venta y crianza) 1<\/span><\/p>\n<p class=\"IG_1\"><span class=\"TextoV\">31. Denuncia tenencia responsable de animales (venta y crianza) 2<\/span><\/p>\n<p class=\"IG_1\"><span class=\"TextoV\">32. Denuncia tenencia responsable de animales (venta y crianza) 3<\/span><\/p>\n<p class=\"IG_1\"><span class=\"TextoV\">33. Desarchivo<\/span><\/p>\n<p class=\"IG_1\"><span class=\"TextoV\">34. Designaci\u00f3n de Martillero P\u00fablico<\/span><\/p>\n<p class=\"IG_1\"><span class=\"TextoV\">35. Desistimiento mutuo acuerdo<\/span><\/p>\n<p class=\"IG_1\"><span class=\"TextoV\">36. Desistimiento<\/span><\/p>\n<p class=\"IG_1\"><span class=\"TextoV\">37. Desistimiento (traslado)<\/span><\/p>\n<p class=\"IG_1\"><span class=\"TextoV\">38. Ejecutoria<\/span><\/p>\n<p class=\"IG_1\"><span class=\"TextoV\">39. Embargo<\/span><\/p>\n<p class=\"IG_1\"><span class=\"TextoV\">40. Embargo (ampliaci\u00f3n)<\/span><\/p>\n<p class=\"IG_1\"><span class=\"TextoV\">41. Entorpecimiento (correo)<\/span><\/p>\n<p class=\"IG_1\"><span class=\"TextoV\">42. Entorpecimiento<\/span><\/p>\n<p class=\"IG_1\"><span class=\"TextoV\">43. Evacua traslado excepciones<\/span><\/p>\n<p class=\"IG_1\"><span class=\"TextoV\">44. Excepciones dilatorias (gen\u00e9rico)<\/span><\/p>\n<p class=\"IG_1\"><span class=\"TextoV\">45. Excepci\u00f3n dilatoria de falta de legitimidad pasiva.<\/span><\/p>\n<p class=\"IG_1\"><span class=\"TextoV\">46. Exhorto<\/span><\/p>\n<p class=\"IG_1\"><span class=\"TextoV\">47. Lista de testigos<\/span><\/p>\n<p class=\"IG_1\"><span class=\"TextoV\">48. Modifica demanda \/ querella<\/span><\/p>\n<p class=\"IG_1\"><span class=\"TextoV\">49. Nuevo d\u00eda y hora<\/span><\/p>\n<p class=\"IG_1\"><span class=\"TextoV\">50. Nulidad (gen\u00e9rico)<\/span><\/p>\n<p class=\"IG_1\"><span class=\"TextoV\">51. Nulidad de lo obrado<\/span><\/p>\n<p class=\"IG_1\"><span class=\"TextoV\">52. Nulidad de Reglamento de Copropiedad<\/span><\/p>\n<p class=\"IG_1\"><span class=\"TextoV\">53. Oficio<\/span><\/p>\n<p class=\"IG_1\"><span class=\"TextoV\">54. Objeci\u00f3n de costas<\/span><\/p>\n<p class=\"IG_1\"><span class=\"TextoV\">55. Objeci\u00f3n de liquidaci\u00f3n<\/span><\/p>\n<p class=\"IG_1\"><span class=\"TextoV\">56. Observaciones a la prueba<\/span><\/p>\n<p class=\"IG_1\"><span class=\"TextoV\">57. Patrocinio y poder<\/span><\/p>\n<p class=\"IG_1\"><span class=\"TextoV\">58. Precautoria prohibici\u00f3n<\/span><\/p>\n<p class=\"IG_1\"><span class=\"TextoV\">59. Precautoria retenci\u00f3n de bienes<\/span><\/p>\n<p class=\"IG_1\"><span class=\"TextoV\">60. Precautorio secuestro<\/span><\/p>\n<p class=\"IG_1\"><span class=\"TextoV\">61. Prejudicial retenci\u00f3n de bienes<\/span><\/p>\n<p class=\"IG_1\"><span class=\"TextoV\">62. Prejudicial probatoria 1<\/span><\/p>\n<p class=\"IG_1\"><span class=\"TextoV\">63. Prejudicial probatoria 2<\/span><\/p>\n<p class=\"IG_1\"><span class=\"TextoV\">64. Prejudicial probatoria 3<\/span><\/p>\n<p class=\"IG_1\"><span class=\"TextoV\">65. Prejudicial probatoria 4<\/span><\/p>\n<p class=\"IG_1\"><span class=\"TextoV\">66. Prejudicial probatoria 5<\/span><\/p>\n<p class=\"IG_1\"><span class=\"TextoV\">67. Querella infracciona Ley del Consumidor<\/span><\/p>\n<p class=\"IG_1\"><span class=\"TextoV\">68. Querella infraccional (tr\u00e1nsito)<\/span><\/p>\n<p class=\"IG_1\"><span class=\"TextoV\">69. Querella infraccional con indemnizaci\u00f3n de perjuicios<\/span><\/p>\n<p class=\"IG_1\"><span class=\"TextoV\">70. Rebaja de multa<\/span><\/p>\n<p class=\"IG_1\"><span class=\"TextoV\">71. Recurso de apelaci\u00f3n<\/span><\/p>\n<p class=\"IG_1\"><span class=\"TextoV\">72. Regulaci\u00f3n de costas<\/span><\/p>\n<p class=\"IG_1\"><span class=\"TextoV\">73. Reitera solicitud<\/span><\/p>\n<p class=\"IG_1\"><span class=\"TextoV\">74. Rendici\u00f3n de cuenta oficio<\/span><\/p>\n<p class=\"IG_1\"><span class=\"TextoV\">75. Renuncia patrocinio<\/span><\/p>\n<p class=\"IG_1\"><span class=\"TextoV\">76. Reposici\u00f3n<\/span><\/p>\n<p class=\"IG_1\"><span class=\"TextoV\">77. Reposici\u00f3n con apelaci\u00f3n en subsidio<\/span><\/p>\n<p class=\"IG_1\"><span class=\"TextoV\">78. Retiro de especies<\/span><\/p>\n<p class=\"IG_1\"><span class=\"TextoV\">79. Revoca patrocinio<\/span><\/p>\n<p class=\"IG_1\"><span class=\"TextoV\">80. Se cite a ir sentencia<\/span><\/p>\n<p class=\"IG_1\"><span class=\"TextoV\">81. Se hace parte<\/span><\/p>\n<p class=\"IG_1\"><span class=\"TextoV\">82. Se\u00f1ala nuevo domicilio<\/span><\/p>\n<p class=\"IG_1\"><span class=\"TextoV\">83. Se tenga a la vista<\/span><\/p>\n<p class=\"IG_1\"><span class=\"TextoV\">84. Se tenga presente<\/span><\/p>\n<p class=\"IG_1\"><span class=\"TextoV\">85. Suspensi\u00f3n de audiencia<\/span><\/p>\n<\/div>\n<\/section>\n","protected":false},"excerpt":{"rendered":"<p>Esta obra forma parte de la colecci\u00f3n Estrategia y Pr\u00e1ctica Profesional editada por THOMSON REUTERS, con el objeto de entregar a los operadores legales una herramienta indispensable para el ejercicio profesional, la cual provee de criterios de aplicaci\u00f3n y soluci\u00f3n en cada materia tratada. Se tratan las siguientes tem\u00e1ticas: Consumidor Copropiedad Urbanismo Tenencia responsable de animales La obra \u201cEstrategia y Pr\u00e1ctica Profesional Procedimiento Polic\u00eda Local\u201d constituye un esfuerzo de b\u00fasqueda y sistematizaci\u00f3n de los principales modelos de escritos utilizados en los procesos judiciales tramitados ante los Tribunales de Polic\u00eda Local, organizados de manera pr\u00e1ctica y \u00fatil. Esta edici\u00f3n ha sido elaborada por el abogado Francisco Coderech Arenas, quien ha plasmado su experiencia profesional en los formularios contenidos en esta obra. Esperamos que este trabajo sea de gran utilidad para quienes deseen profundizar en esta rama del Derecho y, por supuesto, para los abogados que ya la ejercen. Equipo Editorial Thomson Reuters &nbsp; \u00cdNDICE Presentaci\u00f3n 1. Aclaraci\u00f3n, rectificaci\u00f3n y enmienda 2. Abandono del procedimiento 3. Alzamiento de embargo 4. Acompa\u00f1a documentos 5. Acompa\u00f1a exhorto 6. Alzamiento orden de arresto 7. Audiencia indagatoria 8. Citaci\u00f3n a asamblea 9. Consignaci\u00f3n 10. Conflictos copropietarios 11. Contesta ley fraude electr\u00f3nico 12. Contesta querella 13. Contesta requerimiento (guardia de seguridad) 14. Contesta requerimiento \/ denuncia Ley de Urbanismo y Construcci\u00f3n 15. Copia autorizada 16. Cumple lo ordenado 17. Cumplimiento incidental 18. Curso progresivo 19. Da cuenta de pago 20. Delega poder 21. Demanda civil de indemnizaci\u00f3n de perjuicios 22. Demanda fraude electr\u00f3nico 23. Denuncia empalme irregular 24. Denuncia fumar espacios prohibidos 25. Denuncia ley de urbanismo y construcci\u00f3n 26. Denuncia ley de tabaco 27. Denuncia ruidos molestos 28. Denuncia tenencia responsable de animales 29. Denuncia por tenencia responsable de animales (estancias temporales) 30. Denuncia tenencia responsable de animales (venta y crianza) 1 31. Denuncia tenencia responsable de animales (venta y crianza) 2 32. Denuncia tenencia responsable de animales (venta y crianza) 3 33. Desarchivo 34. Designaci\u00f3n de Martillero P\u00fablico 35. Desistimiento mutuo acuerdo 36. Desistimiento 37. Desistimiento (traslado) 38. Ejecutoria 39. Embargo 40. Embargo (ampliaci\u00f3n) 41. Entorpecimiento (correo) 42. Entorpecimiento 43. Evacua traslado excepciones 44. Excepciones dilatorias (gen\u00e9rico) 45. Excepci\u00f3n dilatoria de falta de legitimidad pasiva. 46. Exhorto 47. Lista de testigos 48. Modifica demanda \/ querella 49. Nuevo d\u00eda y hora 50. Nulidad (gen\u00e9rico) 51. Nulidad de lo obrado 52. Nulidad de Reglamento de Copropiedad 53. Oficio 54. Objeci\u00f3n de costas 55. Objeci\u00f3n de liquidaci\u00f3n 56. Observaciones a la prueba 57. Patrocinio y poder 58. Precautoria prohibici\u00f3n 59. Precautoria retenci\u00f3n de bienes 60. Precautorio secuestro 61. Prejudicial retenci\u00f3n de bienes 62. Prejudicial probatoria 1 63. Prejudicial probatoria 2 64. Prejudicial probatoria 3 65. Prejudicial probatoria 4 66. Prejudicial probatoria 5 67. Querella infracciona Ley del Consumidor 68. Querella infraccional (tr\u00e1nsito) 69. Querella infraccional con indemnizaci\u00f3n de perjuicios 70. Rebaja de multa 71. Recurso de apelaci\u00f3n 72. Regulaci\u00f3n de costas 73. Reitera solicitud 74. Rendici\u00f3n de cuenta oficio 75. Renuncia patrocinio 76. Reposici\u00f3n 77. Reposici\u00f3n con apelaci\u00f3n en subsidio 78. Retiro de especies 79. Revoca patrocinio 80. Se cite a ir sentencia 81. Se hace parte 82. Se\u00f1ala nuevo domicilio 83. Se tenga a la vista 84. Se tenga presente 85. Suspensi\u00f3n de audiencia<\/p>\n","protected":false},"featured_media":3887,"comment_status":"open","ping_status":"closed","template":"","meta":{"inline_featured_image":false,"_joinchat":[]},"product_brand":[],"product_cat":[49,42],"product_tag":[],"class_list":{"0":"post-3857","1":"product","2":"type-product","3":"status-publish","4":"has-post-thumbnail","6":"product_cat-juzgado-de-policia-local","7":"product_cat-thomson-reuters","8":"product_shipping_class-a-convenir","10":"first","11":"instock","12":"shipping-taxable","13":"purchasable","14":"product-type-simple"},"_links":{"self":[{"href":"https:\/\/bibliotecajuridicavirtual.cl\/index.php\/wp-json\/wp\/v2\/product\/3857","targetHints":{"allow":["GET"]}}],"collection":[{"href":"https:\/\/bibliotecajuridicavirtual.cl\/index.php\/wp-json\/wp\/v2\/product"}],"about":[{"href":"https:\/\/bibliotecajuridicavirtual.cl\/index.php\/wp-json\/wp\/v2\/types\/product"}],"replies":[{"embeddable":true,"href":"https:\/\/bibliotecajuridicavirtual.cl\/index.php\/wp-json\/wp\/v2\/comments?post=3857"}],"wp:featuredmedia":[{"embeddable":true,"href":"https:\/\/bibliotecajuridicavirtual.cl\/index.php\/wp-json\/wp\/v2\/media\/3887"}],"wp:attachment":[{"href":"https:\/\/bibliotecajuridicavirtual.cl\/index.php\/wp-json\/wp\/v2\/media?parent=3857"}],"wp:term":[{"taxonomy":"product_brand","embeddable":true,"href":"https:\/\/bibliotecajuridicavirtual.cl\/index.php\/wp-json\/wp\/v2\/product_brand?post=3857"},{"taxonomy":"product_cat","embeddable":true,"href":"https:\/\/bibliotecajuridicavirtual.cl\/index.php\/wp-json\/wp\/v2\/product_cat?post=3857"},{"taxonomy":"product_tag","embeddable":true,"href":"https:\/\/bibliotecajuridicavirtual.cl\/index.php\/wp-json\/wp\/v2\/product_tag?post=3857"}],"curies":[{"name":"wp","href":"https:\/\/api.w.org\/{rel}","templated":true}]}}