{"id":3862,"date":"2026-02-28T01:20:56","date_gmt":"2026-02-28T04:20:56","guid":{"rendered":"https:\/\/bibliotecajuridicavirtual.cl\/?post_type=product&#038;p=3862"},"modified":"2026-02-28T01:21:24","modified_gmt":"2026-02-28T04:21:24","slug":"tratado-de-derecho-civil-fuentes-de-las-obligaciones-parte-general-tomo-i-ano-2019-396-pag-autor-antonio-vodanovic-haklicka","status":"publish","type":"product","link":"https:\/\/bibliotecajuridicavirtual.cl\/index.php\/product\/tratado-de-derecho-civil-fuentes-de-las-obligaciones-parte-general-tomo-i-ano-2019-396-pag-autor-antonio-vodanovic-haklicka\/","title":{"rendered":"Tratado de Derecho Civil- Fuentes de las obligaciones  &#8211; Parte General &#8211; TOMO I. A\u00f1o 2019 \/ 396 P\u00e1g. Autor Antonio Vodanovic  Haklicka"},"content":{"rendered":"<p>I. CLASIFICACI\u00d3N DE LAS FUENTES DE LAS OBLIGACIONES<\/p>\n<p>II. DE LOS ACTOS JUR\u00cdDICOS<br \/>\n1. Noci\u00f3n del Acto Jur\u00eddico<br \/>\n2. Clasificaci\u00f3n<\/p>\n<p><strong>CAP\u00cdTULO I<br \/>\nNOCIONES GENERALES SOBRE LOS CONTRATOS<\/strong><\/p>\n<p>CONCEPTO<br \/>\nEL CONSENTIMIENTO<br \/>\nCL\u00c1USULAS DE LOS CONTRATOS<br \/>\nLA AUTONOM\u00cdA DE LA VOLUNTAD<br \/>\nCATEGOR\u00cdAS CONTRACTUALES QUE LIMITAN O REGULAN EL PRINCIPIO DE LIBERTAD CONTRACTUAL<br \/>\nLA CONTRATACI\u00d3N DIRIGIDA<br \/>\nCLASIFICACI\u00d3N DE LOS CONTRATOS<br \/>\n1. Contratos Unilaterales y Bilaterales<br \/>\n2. Contratos Gratuitos y Onerosos<br \/>\n3. Contratos Conmutativos y Aleatorios<br \/>\n4. Contratos Principales y Accesorios<br \/>\n5. Contratos Reales, Solemnes y Consensuales<br \/>\n6. Contratos Nominados e Innominados<br \/>\n7. Contratos de Libre Discusi\u00f3n y de Adhesi\u00f3n<br \/>\n8. Contratos Individuales y Colectivos<br \/>\n9. Contratos de Ejecuci\u00f3n Instant\u00e1nea y de Ejecuci\u00f3n Sucesiva<\/p>\n<p><strong>CAP\u00cdTULO II<br \/>\nELEMENTOS CONSTITUTIVOS DEL CONTRATO<\/strong><\/p>\n<p>I. COSAS ESENCIALES, DE LA NATURALEZA Y ACCIDENTES<br \/>\nII. CONSENTIMIENTO<br \/>\nFormaci\u00f3n del Consentimiento<br \/>\na. la oferta<br \/>\nb. la aceptaci\u00f3n<br \/>\nMomento y Lugar en que se entiende Perfeccionado el Contrato<br \/>\nEl Autocontrato<br \/>\nVicios del Consentimiento<br \/>\nEl Error<br \/>\na. error de derecho<br \/>\nb. error de hecho<br \/>\n1. Error obst\u00e1culo (esencial)<br \/>\n2. Error Substancial<br \/>\n3. Error Accidental<br \/>\nerror com\u00fan<br \/>\nLa Fuerza<br \/>\nEl Dolo<br \/>\na. dolo principal<br \/>\nb. dolo incidental, incidente o accidental<br \/>\nPresunci\u00f3n, Prueba y Condonaci\u00f3n del Dolo<br \/>\nEl Dolo en los Actos Naturales<br \/>\nLa Lesi\u00f3n<br \/>\nIII. CAPACIDAD<\/p>\n<p>CLASES DE INCAPACIDAD DE EJERCICIOS<br \/>\nI. INCAPACIDAD ABSOLUTA<br \/>\n1. Los Dementes<br \/>\n2. Los Imp\u00faberes<br \/>\n3. El Sordo o Sordomudo que no puede Darse a Entender Claramente<br \/>\nII. INCAPACIDAD RELATIVA<br \/>\n1. El Menor Adulto<br \/>\n2. El Disipador<br \/>\nIII. LAS INCAPACIDADES ESPECIALES O PARTICULARES<br \/>\n1. Prohibici\u00f3n Absoluta de Ejecutar un Determinado Acto<br \/>\n2. Exigencia de Ciertas Formalidades Habilitantes<br \/>\ndiversas sanciones de la incapacidad particular<br \/>\nMOMENTO EN QUE DEBE COCURRIR LA CAPACIDAD Y PRUEBA DE LA MISMA<br \/>\nCASO EN QUE CONCURRE EN UN INDIVIDUO M\u00c1S DE UNA INCAPACIDAD<br \/>\nCOMO DEBE ACTUAR EL INCAPAZ EN LA VIDA JUR\u00cdDICA<br \/>\nValor de las Cl\u00e1usulas Referentes a la Capacidad<br \/>\nIV. OBJETO<br \/>\nI. CONDICIONES QUE DEBE LLENAR EL OBJETO CUANDO RECAE SOBRE UNA OBLIGACION DE DAR<br \/>\nCasos Especiales de Objeto Il\u00edcito que Completa el C\u00f3digo Civil<br \/>\nCasos de Jurisprudencia Respecto de esta Disposici\u00f3n<br \/>\nII. CONDICIONES QUE DEBE LLENAR EL OBJETO CUANDO LA OBLIGACI\u00d3N ES DE HACER O NO HACER<br \/>\nV. CAUSA<br \/>\nObligaciones Abstractas o Cuya Causa no Est\u00e1 Indicada<br \/>\nVI. SOLEMNIDADES<\/p>\n<p><strong>CAP\u00cdTULO III<br \/>\nEFECTOS E INTERPRETACI\u00d3N DE LOS CONTRATOS<br \/>\n<\/strong><br \/>\nI EFECTOS ENTRE LAS PARTES<br \/>\nII. EFECTOS RESPECTO A TERCEROS<br \/>\nLA ESTIPULACI\u00d3N POR OTRO (A FAVOR DE, O PARA OTRO)<br \/>\nRequisitos de la Estipulaci\u00f3n por Otro<br \/>\nNaturaleza Jur\u00eddica<br \/>\nEfectos de la Estipulaci\u00f3n por Otro<br \/>\nPROMESA DEL HECHO AJENO<br \/>\nIII. TEOR\u00cdA DE LA INOPONIBILIDAD<br \/>\ni. Las Inopotunidades de Forma<br \/>\nii. Las Inoportunidades de Fondo<br \/>\nINOPONIBILIDADES RESULTANTES DE LA NULIDAD DE UN ACTO<br \/>\nREGLAS GENERALES DE LA INOPONIBILIDAD<br \/>\nEFECTOS<br \/>\nV. INTERPRETACI\u00d3N DE LOS CONTRATOS<\/p>\n<p><strong>CAP\u00cdTULO IV<br \/>\nDISOLUCI\u00d3N DE LOS CONTRATOS<br \/>\n<\/strong>I. POR VOLUNTAD DE LAS PARTES<br \/>\nII. CAUSAS LEGALES DE SISOLUCI\u00d3N DE LOS CONTRATOS<\/p>\n<p><strong>CAP\u00cdTULO V<br \/>\nNULIDAD Y RESCISI\u00d3N<br \/>\n<\/strong>I. CONCEPTO<br \/>\nII. LA INEXISTENCIA JUR\u00cdDICA<br \/>\nLA NULIDAD<br \/>\nGeneralidades<br \/>\ni. La Nulidad Absoluta<br \/>\nii. La Nulidad Relativa<br \/>\nEfectos de la Nulidad<br \/>\n\u00c1MBITO DE LAS REGLAS DEL C\u00d3DIGO CIVIL<br \/>\nNulidades de Derecho P\u00fablico, Nulidades Procesales y Nulidades de las Cl\u00e1usulas Abusivas en los Contratos de Adhesi\u00f3n<br \/>\nLA SUMULACI\u00d3N<br \/>\nRESUMEN SOBRE LAS FORMAS COMO CESAN LOS EFECTOS DE LOS CONTRATOS<br \/>\nLA DECLARACI\u00d3N DE LA AUTONOM\u00cdA DE LA VOLUNTAD<\/p>\n<p>AP\u00c9NDICE<\/p>\n<p>ANEXO 1<br \/>\nLas Mujeres Casados no Divorciadas Perpetuamente ni Separadas Totalmente de Bienes<br \/>\nLos Religiosos<br \/>\nLas Personas Jur\u00eddicas<\/p>\n<p>ANEXO 2<br \/>\nLa Incapacidad Particular de los Ind\u00edgenas<\/p>\n","protected":false},"excerpt":{"rendered":"<p>Buscas un libro Jur\u00eddico.? Lo puedes encontrar en nuestra tienda virtual.<br \/>\nContamos con prestigiosos autores y muchas alternativas en sus diferentes materias al igual que grandes descuentos.! Vis\u00edtanos en <a class=\"tykvYtnSECpeoMKlqvoreUufywOfzdchUlzs \" href=\"https:\/\/lnkd.in\/eiAG7jdZ\" target=\"_blank\" rel=\"noopener\" data-test-app-aware-link=\"\">https:\/\/lnkd.in\/eiAG7jdZ<\/a><br \/>\nEscr\u00edbenos al +56930565235 \/ <a class=\"tykvYtnSECpeoMKlqvoreUufywOfzdchUlzs \" href=\"mailto:ventaslegallexglobal@gmail.com\" target=\"_self\" data-test-app-aware-link=\"\">ventaslegallexglobal@gmail.com<\/a><br \/>\nHacemos env\u00edos a todo Chile \u2013 Starken o Correos Chile \/ Te esperamos<\/p>\n","protected":false},"featured_media":3915,"comment_status":"open","ping_status":"closed","template":"","meta":{"inline_featured_image":false,"_joinchat":[]},"product_brand":[],"product_cat":[27,40],"product_tag":[],"class_list":{"0":"post-3862","1":"product","2":"type-product","3":"status-publish","4":"has-post-thumbnail","6":"product_cat-civil","7":"product_cat-ediciones-juridica-de-santiago","8":"product_shipping_class-a-convenir","10":"first","11":"instock","12":"shipping-taxable","13":"purchasable","14":"product-type-simple"},"_links":{"self":[{"href":"https:\/\/bibliotecajuridicavirtual.cl\/index.php\/wp-json\/wp\/v2\/product\/3862","targetHints":{"allow":["GET"]}}],"collection":[{"href":"https:\/\/bibliotecajuridicavirtual.cl\/index.php\/wp-json\/wp\/v2\/product"}],"about":[{"href":"https:\/\/bibliotecajuridicavirtual.cl\/index.php\/wp-json\/wp\/v2\/types\/product"}],"replies":[{"embeddable":true,"href":"https:\/\/bibliotecajuridicavirtual.cl\/index.php\/wp-json\/wp\/v2\/comments?post=3862"}],"wp:featuredmedia":[{"embeddable":true,"href":"https:\/\/bibliotecajuridicavirtual.cl\/index.php\/wp-json\/wp\/v2\/media\/3915"}],"wp:attachment":[{"href":"https:\/\/bibliotecajuridicavirtual.cl\/index.php\/wp-json\/wp\/v2\/media?parent=3862"}],"wp:term":[{"taxonomy":"product_brand","embeddable":true,"href":"https:\/\/bibliotecajuridicavirtual.cl\/index.php\/wp-json\/wp\/v2\/product_brand?post=3862"},{"taxonomy":"product_cat","embeddable":true,"href":"https:\/\/bibliotecajuridicavirtual.cl\/index.php\/wp-json\/wp\/v2\/product_cat?post=3862"},{"taxonomy":"product_tag","embeddable":true,"href":"https:\/\/bibliotecajuridicavirtual.cl\/index.php\/wp-json\/wp\/v2\/product_tag?post=3862"}],"curies":[{"name":"wp","href":"https:\/\/api.w.org\/{rel}","templated":true}]}}