{"id":3865,"date":"2026-02-28T01:20:57","date_gmt":"2026-02-28T04:20:57","guid":{"rendered":"https:\/\/bibliotecajuridicavirtual.cl\/?post_type=product&#038;p=3865"},"modified":"2026-02-28T01:21:27","modified_gmt":"2026-02-28T04:21:27","slug":"desafios-constitucionales-ano-2018-232-pag-autor-julio-alvear-t-y-ignacio-covarrubias-c","status":"publish","type":"product","link":"https:\/\/bibliotecajuridicavirtual.cl\/index.php\/product\/desafios-constitucionales-ano-2018-232-pag-autor-julio-alvear-t-y-ignacio-covarrubias-c\/","title":{"rendered":"Desaf\u00edos Constitucionales. A\u00f1o 2018 \/ 232 P\u00e1g. Autor Julio Alvear T. y Ignacio Covarrubias C."},"content":{"rendered":"<p><b>Libro en papel s\u00f3lo disponible en IBD (impresi\u00f3n bajo demanda). El libro bajo demanda se imprime de forma autom\u00e1tica y de manera exclusiva para cada cliente. No admite devoluci\u00f3n.<\/b><\/p>\n<p>La presente obra constituye un proyecto conjunto del Centro de Justicia Constitucional (CJC) de la Universidad del Desarrollo. Una toma de posici\u00f3n acad\u00e9mica ante las propuestas de nueva Constituci\u00f3n que se debatieron entre los a\u00f1os 2015 y 2017. Los miembros de este Centro y sus investigadores asociados creen que es posible mejorar el actual texto de la Constituci\u00f3n, sin necesidad de emprender una reforma estructural que conduzca a una nueva Constituci\u00f3n. De ah\u00ed nuestro desaf\u00edo que se plasma en la presente obra. Las mejoras que proponemos se mueven en dos \u00e1mbitos. El primero corresponde a los derechos fundamentales, donde se aborda el derecho de propiedad, la libertad de conciencia y de religi\u00f3n, y el debido proceso. El segundo \u00e1mbito incorpora el problema de los partidos pol\u00edticos, los parlamentos regionales y las superintendencias. Los estudios que aqu\u00ed presentamos tienen un sentido constructivo. Inciden en el debate constitucional priorizando algunas materias dignas de relieve. Consider\u00e1ndolas como un todo, las propuestas se proyectan a futuro y, en la medida en que sea oportuno, podr\u00e1n ser recogidas en una eventual reforma constitucional.<\/p>\n<p>&nbsp;<\/p>\n<p>&nbsp;<\/p>\n","protected":false},"excerpt":{"rendered":"<p>Libro en papel s\u00f3lo disponible en IBD (impresi\u00f3n bajo demanda). El libro bajo demanda se imprime de forma autom\u00e1tica y de manera exclusiva para cada cliente. No admite devoluci\u00f3n. La presente obra constituye un proyecto conjunto del Centro de Justicia Constitucional (CJC) de la Universidad del Desarrollo. Una toma de posici\u00f3n acad\u00e9mica ante las propuestas de nueva Constituci\u00f3n que se debatieron entre los a\u00f1os 2015 y 2017. Los miembros de este Centro y sus investigadores asociados creen que es posible mejorar el actual texto de la Constituci\u00f3n, sin necesidad de emprender una reforma estructural que conduzca a una nueva Constituci\u00f3n. De ah\u00ed nuestro desaf\u00edo que se plasma en la presente obra. Las mejoras que proponemos se mueven en dos \u00e1mbitos. El primero corresponde a los derechos fundamentales, donde se aborda el derecho de propiedad, la libertad de conciencia y de religi\u00f3n, y el debido proceso. El segundo \u00e1mbito incorpora el problema de los partidos pol\u00edticos, los parlamentos regionales y las superintendencias. Los estudios que aqu\u00ed presentamos tienen un sentido constructivo. Inciden en el debate constitucional priorizando algunas materias dignas de relieve. Consider\u00e1ndolas como un todo, las propuestas se proyectan a futuro y, en la medida en que sea oportuno, podr\u00e1n ser recogidas en una eventual reforma constitucional. &nbsp; &nbsp;<\/p>\n","protected":false},"featured_media":3918,"comment_status":"open","ping_status":"closed","template":"","meta":{"inline_featured_image":false,"_joinchat":[]},"product_brand":[],"product_cat":[33],"product_tag":[],"class_list":{"0":"post-3865","1":"product","2":"type-product","3":"status-publish","4":"has-post-thumbnail","6":"product_cat-constitucional","7":"product_shipping_class-a-convenir","9":"first","10":"instock","11":"shipping-taxable","12":"purchasable","13":"product-type-simple"},"_links":{"self":[{"href":"https:\/\/bibliotecajuridicavirtual.cl\/index.php\/wp-json\/wp\/v2\/product\/3865","targetHints":{"allow":["GET"]}}],"collection":[{"href":"https:\/\/bibliotecajuridicavirtual.cl\/index.php\/wp-json\/wp\/v2\/product"}],"about":[{"href":"https:\/\/bibliotecajuridicavirtual.cl\/index.php\/wp-json\/wp\/v2\/types\/product"}],"replies":[{"embeddable":true,"href":"https:\/\/bibliotecajuridicavirtual.cl\/index.php\/wp-json\/wp\/v2\/comments?post=3865"}],"wp:featuredmedia":[{"embeddable":true,"href":"https:\/\/bibliotecajuridicavirtual.cl\/index.php\/wp-json\/wp\/v2\/media\/3918"}],"wp:attachment":[{"href":"https:\/\/bibliotecajuridicavirtual.cl\/index.php\/wp-json\/wp\/v2\/media?parent=3865"}],"wp:term":[{"taxonomy":"product_brand","embeddable":true,"href":"https:\/\/bibliotecajuridicavirtual.cl\/index.php\/wp-json\/wp\/v2\/product_brand?post=3865"},{"taxonomy":"product_cat","embeddable":true,"href":"https:\/\/bibliotecajuridicavirtual.cl\/index.php\/wp-json\/wp\/v2\/product_cat?post=3865"},{"taxonomy":"product_tag","embeddable":true,"href":"https:\/\/bibliotecajuridicavirtual.cl\/index.php\/wp-json\/wp\/v2\/product_tag?post=3865"}],"curies":[{"name":"wp","href":"https:\/\/api.w.org\/{rel}","templated":true}]}}