{"id":3866,"date":"2026-02-28T01:20:57","date_gmt":"2026-02-28T04:20:57","guid":{"rendered":"https:\/\/bibliotecajuridicavirtual.cl\/?post_type=product&#038;p=3866"},"modified":"2026-02-28T01:21:27","modified_gmt":"2026-02-28T04:21:27","slug":"derecho-de-la-biodiversidad-y-los-recursos-naturales-tirant-chile-ano-2019-516-pag-autor-lorenzo-soto-oyarzun","status":"publish","type":"product","link":"https:\/\/bibliotecajuridicavirtual.cl\/index.php\/product\/derecho-de-la-biodiversidad-y-los-recursos-naturales-tirant-chile-ano-2019-516-pag-autor-lorenzo-soto-oyarzun\/","title":{"rendered":"Derecho de la biodiversidad y los recursos naturales (Tirant Chile). A\u00f1o 2019\/ 516 P\u00e1g. Autor Lorenzo Soto Oyarz\u00fan"},"content":{"rendered":"<p>Por medio de la presente obra el autor, de vasta trayectoria en el \u00e1mbito del derecho ambiental, nos presenta un cuerpo sistematizado, analizado y referenciado sobre la mayor parte de dispersas regulaciones sectoriales sobre recursos naturales vigentes en Chile poniendo especial atenci\u00f3n al an\u00e1lisis de las \u00e1reas protegidas, los ecosistemas y las especies silvestres, para terminar con la diversidad biol\u00f3gica, refiriendo la situaci\u00f3n, aplicaci\u00f3n y desarrollo hist\u00f3rico que ha tenido la materia tanto en el plano interno, comparado, como en el derecho ambiental internacional. De este modo el tema cobra especial actualidad al no encontrarse a\u00fan regulado un r\u00e9gimen jur\u00eddico e institucional sobre biodiversidad en Chile y atendida la relaci\u00f3n que el autor nos presenta en el an\u00e1lisis entre este componente y su incidencia rec\u00edproca en el cambio clim\u00e1tico.<br \/>\nAs\u00ed la obra viene a llenar un vac\u00edo existente en el derecho ambiental chileno: la presentaci\u00f3n del r\u00e9gimen jur\u00eddico sobre la conservaci\u00f3n de la naturaleza y los recursos naturales con especial \u00e9nfasis en uno de sus componentes m\u00e1s de vanguardia: la biodiversidad, lo que el autor denomina como \u00abel derecho de la conservaci\u00f3n ambiental\u00bb, \u00e1mbito de an\u00e1lisis doctrinario m\u00e1s bien postergado en favor de los profusos an\u00e1lisis ya existentes sobre la gesti\u00f3n ambiental (con foco en el SEIA) y la responsabilidad por da\u00f1o ambiental (extensi\u00f3n del derecho de da\u00f1os), pero necesario para completar el plexo del derecho ambiental.<br \/>\nDesde esta perspectiva, un estudio jur\u00eddico como el que se nos presenta sobre la conservaci\u00f3n de la biodiversidad y los recursos naturales viene a ser un complemento indispensable para quienes se forman o quieren comprender la integralidad del derecho ambiental para su an\u00e1lisis doctrinario o para su aplicaci\u00f3n pr\u00e1ctica en los distintos \u00e1mbitos del quehacer profesional. As\u00ed la obra se constituye en herramienta \u00fatil para abogados, juristas, estudiosos, tomadores de decisi\u00f3n, gestores ambientales y cuantos hacen uso o tienen inter\u00e9s en las regulaciones cada vez m\u00e1s abundantes y complejas relativas al medio ambiente.<\/p>\n<p>&nbsp;<\/p>\n","protected":false},"excerpt":{"rendered":"<p>Por medio de la presente obra el autor, de vasta trayectoria en el \u00e1mbito del derecho ambiental, nos presenta un cuerpo sistematizado, analizado y referenciado sobre la mayor parte de dispersas regulaciones sectoriales sobre recursos naturales vigentes en Chile poniendo especial atenci\u00f3n al an\u00e1lisis de las \u00e1reas protegidas, los ecosistemas y las especies silvestres, para terminar con la diversidad biol\u00f3gica, refiriendo la situaci\u00f3n, aplicaci\u00f3n y desarrollo hist\u00f3rico que ha tenido la materia tanto en el plano interno, comparado, como en el derecho ambiental internacional. De este modo el tema cobra especial actualidad al no encontrarse a\u00fan regulado un r\u00e9gimen jur\u00eddico e institucional sobre biodiversidad en Chile y atendida la relaci\u00f3n que el autor nos presenta en el an\u00e1lisis entre este componente y su incidencia rec\u00edproca en el cambio clim\u00e1tico. As\u00ed la obra viene a llenar un vac\u00edo existente en el derecho ambiental chileno: la presentaci\u00f3n del r\u00e9gimen jur\u00eddico sobre la conservaci\u00f3n de la naturaleza y los recursos naturales con especial \u00e9nfasis en uno de sus componentes m\u00e1s de vanguardia: la biodiversidad, lo que el autor denomina como \u00abel derecho de la conservaci\u00f3n ambiental\u00bb, \u00e1mbito de an\u00e1lisis doctrinario m\u00e1s bien postergado en favor de los profusos an\u00e1lisis ya existentes sobre la gesti\u00f3n ambiental (con foco en el SEIA) y la responsabilidad por da\u00f1o ambiental (extensi\u00f3n del derecho de da\u00f1os), pero necesario para completar el plexo del derecho ambiental. Desde esta perspectiva, un estudio jur\u00eddico como el que se nos presenta sobre la conservaci\u00f3n de la biodiversidad y los recursos naturales viene a ser un complemento indispensable para quienes se forman o quieren comprender la integralidad del derecho ambiental para su an\u00e1lisis doctrinario o para su aplicaci\u00f3n pr\u00e1ctica en los distintos \u00e1mbitos del quehacer profesional. As\u00ed la obra se constituye en herramienta \u00fatil para abogados, juristas, estudiosos, tomadores de decisi\u00f3n, gestores ambientales y cuantos hacen uso o tienen inter\u00e9s en las regulaciones cada vez m\u00e1s abundantes y complejas relativas al medio ambiente. &nbsp;<\/p>\n","protected":false},"featured_media":3919,"comment_status":"open","ping_status":"closed","template":"","meta":{"inline_featured_image":false,"_joinchat":[]},"product_brand":[],"product_cat":[45],"product_tag":[],"class_list":{"0":"post-3866","1":"product","2":"type-product","3":"status-publish","4":"has-post-thumbnail","6":"product_cat-administrativo","7":"product_shipping_class-a-convenir","9":"first","10":"instock","11":"shipping-taxable","12":"purchasable","13":"product-type-simple"},"_links":{"self":[{"href":"https:\/\/bibliotecajuridicavirtual.cl\/index.php\/wp-json\/wp\/v2\/product\/3866","targetHints":{"allow":["GET"]}}],"collection":[{"href":"https:\/\/bibliotecajuridicavirtual.cl\/index.php\/wp-json\/wp\/v2\/product"}],"about":[{"href":"https:\/\/bibliotecajuridicavirtual.cl\/index.php\/wp-json\/wp\/v2\/types\/product"}],"replies":[{"embeddable":true,"href":"https:\/\/bibliotecajuridicavirtual.cl\/index.php\/wp-json\/wp\/v2\/comments?post=3866"}],"wp:featuredmedia":[{"embeddable":true,"href":"https:\/\/bibliotecajuridicavirtual.cl\/index.php\/wp-json\/wp\/v2\/media\/3919"}],"wp:attachment":[{"href":"https:\/\/bibliotecajuridicavirtual.cl\/index.php\/wp-json\/wp\/v2\/media?parent=3866"}],"wp:term":[{"taxonomy":"product_brand","embeddable":true,"href":"https:\/\/bibliotecajuridicavirtual.cl\/index.php\/wp-json\/wp\/v2\/product_brand?post=3866"},{"taxonomy":"product_cat","embeddable":true,"href":"https:\/\/bibliotecajuridicavirtual.cl\/index.php\/wp-json\/wp\/v2\/product_cat?post=3866"},{"taxonomy":"product_tag","embeddable":true,"href":"https:\/\/bibliotecajuridicavirtual.cl\/index.php\/wp-json\/wp\/v2\/product_tag?post=3866"}],"curies":[{"name":"wp","href":"https:\/\/api.w.org\/{rel}","templated":true}]}}