{"id":3891,"date":"2026-02-28T01:21:19","date_gmt":"2026-02-28T04:21:19","guid":{"rendered":"https:\/\/bibliotecajuridicavirtual.cl\/?post_type=product&#038;p=3891"},"modified":"2026-02-28T01:21:29","modified_gmt":"2026-02-28T04:21:29","slug":"justicia-restaurativa-primera-parte-ano-2019-152-pag-autor-alejandra-diaz-gude","status":"publish","type":"product","link":"https:\/\/bibliotecajuridicavirtual.cl\/index.php\/product\/justicia-restaurativa-primera-parte-ano-2019-152-pag-autor-alejandra-diaz-gude\/","title":{"rendered":"Justicia Restaurativa Primera Parte. A\u00f1o 2019\/ 152 P\u00e1g. Autor Alejandra D\u00edaz Gude"},"content":{"rendered":"<p>La presente obra introducir\u00e1\u00a0al lector en el conocimiento de una nueva teor\u00eda y pr\u00e1ctica de justicia penal conocida como justicia restaurativa, la cual est\u00e1\u00a0contribuyendo a reformar los sistemas de justicia penal y juvenil en el mundo hacia sistemas m\u00e1s humanos, que otorguen respuestas ante el delito, alternativas a la pena tradicional (punitiva o rehabilitadora). La obra hace un an\u00e1lisis de esta teor\u00eda desde la perspectiva jur\u00eddica, penal, criminol\u00f3gica, hist\u00f3rica y filos\u00f3fica, facilitando as\u00ed, la comprensi\u00f3n de una teor\u00eda y pr\u00e1ctica que se nutre de diversas perspectivas y disciplinas, y que emergi\u00f3\u00a0primeramente como una pr\u00e1ctica y movimiento de reforma penal que se fue luego configurando como una teor\u00eda en s\u00ed\u00a0misma. La obra es novedosa en Latinoam\u00e9rica y en el mundo hispano-parlante en general, pues la mayor\u00eda de las obras de justicia restaurativa se han producido en el mundo anglosaj\u00f3n. Desde esta perspectiva, la obra reflexiona acerca de los distintos aportes te\u00f3ricos que han confluido en la formaci\u00f3n de la justicia restaurativa, acercando al lector hispano-parlante a un debate internacional que est\u00e1\u00a0teniendo un impacto cada vez mayor en Chile y Latinoam\u00e9rica, debido a la creaci\u00f3n e implementaci\u00f3n de distintos proyectos e iniciativas de mediaci\u00f3n penal y justicia restaurativa, sea promovidos por actores y agencias de la justicia penal, sea promovidos por organismos de cooperaci\u00f3n internacional y organizaciones de la sociedad civil. Este es el primer volumen de una obra que ser\u00e1\u00a0sucedida por una segunda parte destinada al an\u00e1lisis de programas pr\u00e1cticos \u00a0de justicia restaurativa a nivel comparado, principios de derecho internacional aplicables, y desarrollo normativo y experiencias pr\u00e1cticas que han tenido lugar en Chile.<\/p>\n","protected":false},"excerpt":{"rendered":"<p>La presente obra introducir\u00e1\u00a0al lector en el conocimiento de una nueva teor\u00eda y pr\u00e1ctica de justicia penal conocida como justicia restaurativa, la cual est\u00e1\u00a0contribuyendo a reformar los sistemas de justicia penal y juvenil en el mundo hacia sistemas m\u00e1s humanos, que otorguen respuestas ante el delito, alternativas a la pena tradicional (punitiva o rehabilitadora). La obra hace un an\u00e1lisis de esta teor\u00eda desde la perspectiva jur\u00eddica, penal, criminol\u00f3gica, hist\u00f3rica y filos\u00f3fica, facilitando as\u00ed, la comprensi\u00f3n de una teor\u00eda y pr\u00e1ctica que se nutre de diversas perspectivas y disciplinas, y que emergi\u00f3\u00a0primeramente como una pr\u00e1ctica y movimiento de reforma penal que se fue luego configurando como una teor\u00eda en s\u00ed\u00a0misma. La obra es novedosa en Latinoam\u00e9rica y en el mundo hispano-parlante en general, pues la mayor\u00eda de las obras de justicia restaurativa se han producido en el mundo anglosaj\u00f3n. Desde esta perspectiva, la obra reflexiona acerca de los distintos aportes te\u00f3ricos que han confluido en la formaci\u00f3n de la justicia restaurativa, acercando al lector hispano-parlante a un debate internacional que est\u00e1\u00a0teniendo un impacto cada vez mayor en Chile y Latinoam\u00e9rica, debido a la creaci\u00f3n e implementaci\u00f3n de distintos proyectos e iniciativas de mediaci\u00f3n penal y justicia restaurativa, sea promovidos por actores y agencias de la justicia penal, sea promovidos por organismos de cooperaci\u00f3n internacional y organizaciones de la sociedad civil. Este es el primer volumen de una obra que ser\u00e1\u00a0sucedida por una segunda parte destinada al an\u00e1lisis de programas pr\u00e1cticos \u00a0de justicia restaurativa a nivel comparado, principios de derecho internacional aplicables, y desarrollo normativo y experiencias pr\u00e1cticas que han tenido lugar en Chile.<\/p>\n","protected":false},"featured_media":3921,"comment_status":"open","ping_status":"closed","template":"","meta":{"inline_featured_image":false,"_joinchat":[]},"product_brand":[],"product_cat":[30],"product_tag":[],"class_list":{"0":"post-3891","1":"product","2":"type-product","3":"status-publish","4":"has-post-thumbnail","6":"product_cat-penal","7":"product_shipping_class-a-convenir","9":"first","10":"instock","11":"shipping-taxable","12":"purchasable","13":"product-type-simple"},"_links":{"self":[{"href":"https:\/\/bibliotecajuridicavirtual.cl\/index.php\/wp-json\/wp\/v2\/product\/3891","targetHints":{"allow":["GET"]}}],"collection":[{"href":"https:\/\/bibliotecajuridicavirtual.cl\/index.php\/wp-json\/wp\/v2\/product"}],"about":[{"href":"https:\/\/bibliotecajuridicavirtual.cl\/index.php\/wp-json\/wp\/v2\/types\/product"}],"replies":[{"embeddable":true,"href":"https:\/\/bibliotecajuridicavirtual.cl\/index.php\/wp-json\/wp\/v2\/comments?post=3891"}],"wp:featuredmedia":[{"embeddable":true,"href":"https:\/\/bibliotecajuridicavirtual.cl\/index.php\/wp-json\/wp\/v2\/media\/3921"}],"wp:attachment":[{"href":"https:\/\/bibliotecajuridicavirtual.cl\/index.php\/wp-json\/wp\/v2\/media?parent=3891"}],"wp:term":[{"taxonomy":"product_brand","embeddable":true,"href":"https:\/\/bibliotecajuridicavirtual.cl\/index.php\/wp-json\/wp\/v2\/product_brand?post=3891"},{"taxonomy":"product_cat","embeddable":true,"href":"https:\/\/bibliotecajuridicavirtual.cl\/index.php\/wp-json\/wp\/v2\/product_cat?post=3891"},{"taxonomy":"product_tag","embeddable":true,"href":"https:\/\/bibliotecajuridicavirtual.cl\/index.php\/wp-json\/wp\/v2\/product_tag?post=3891"}],"curies":[{"name":"wp","href":"https:\/\/api.w.org\/{rel}","templated":true}]}}