{"id":3892,"date":"2026-02-28T01:21:19","date_gmt":"2026-02-28T04:21:19","guid":{"rendered":"https:\/\/bibliotecajuridicavirtual.cl\/?post_type=product&#038;p=3892"},"modified":"2026-02-28T01:21:30","modified_gmt":"2026-02-28T04:21:30","slug":"arbitraje-de-consumo-revision-critica-del-sistema-chileno-desde-una-perspectiva-comparada-ano-2020-408-pag-autor-eduardo-jequier-lehuede","status":"publish","type":"product","link":"https:\/\/bibliotecajuridicavirtual.cl\/index.php\/product\/arbitraje-de-consumo-revision-critica-del-sistema-chileno-desde-una-perspectiva-comparada-ano-2020-408-pag-autor-eduardo-jequier-lehuede\/","title":{"rendered":"ARBITRAJE DE CONSUMO. Revisi\u00f3n cr\u00edtica del sistema chileno desde una perspectiva comparada. A\u00f1o 2020\/ 408 P\u00e1g. Autor Eduardo Jequier Lehued\u00e9"},"content":{"rendered":"<p>Esta obra colectiva re\u00fane los trabajos de destacados profesores y especialistas en arbitraje de consumo de diversos pa\u00edses,\u00a0latinoamericanos, europeos, y tambi\u00e9n de los EE.UU. La mayor\u00eda de ellos, adem\u00e1s, particip\u00f3 en el seminario internacional sobre arbitraje de consumo realizado en diciembre de 2019 en la Universidad de Los Andes, Chile, organizado por el prof. Eduardo Jequier Lehued\u00e9, de manera que los textos que se incluyen en esta obra son en parte el producto de sus trabajos y ponencias en aquella oportunidad. La obra, adem\u00e1s, forma parte del proyecto Fondecyt regular de investigaci\u00f3n N\u00ba1190099, del a\u00f1o 2019, titulado &#8220;El arbitraje de consumo en Chile. An\u00e1lisis cr\u00edtico y planteamientos para una indispensable revisi\u00f3n de lege ferenda, del que el prof. Jequier es investigador responsable. Por ello, el lector podr\u00e1 encontrar en este trabajo colectivo un estudio actualizado y del m\u00e1s alto nivel sobre el arbitraje de consumo, concebido precisamente para mostrar, desde una perspectiva comparada y cr\u00edtica, el estado en que se encuentra esta disciplina y sus proyecciones y desaf\u00edos de cara al grado de desarrollo que presenta en los distintos sistemas y ordenamientos jur\u00eddicos que aqu\u00ed se abordan.<br \/>\nSe trata, en suma, de una obra de gran inter\u00e9s no solo para especialistas y estudiosos de esta particular materia, sino tambi\u00e9n para abogados, estudiantes, jueces e incluso para quienes, desde el sector p\u00fablico o privado, tengan a su cargo el estudio y dise\u00f1o de un modelo de arbitraje de consumo, que incluya adem\u00e1s el arbitraje online.<\/p>\n","protected":false},"excerpt":{"rendered":"<p>Esta obra colectiva re\u00fane los trabajos de destacados profesores y especialistas en arbitraje de consumo de diversos pa\u00edses,\u00a0latinoamericanos, europeos, y tambi\u00e9n de los EE.UU. La mayor\u00eda de ellos, adem\u00e1s, particip\u00f3 en el seminario internacional sobre arbitraje de consumo realizado en diciembre de 2019 en la Universidad de Los Andes, Chile, organizado por el prof. Eduardo Jequier Lehued\u00e9, de manera que los textos que se incluyen en esta obra son en parte el producto de sus trabajos y ponencias en aquella oportunidad. La obra, adem\u00e1s, forma parte del proyecto Fondecyt regular de investigaci\u00f3n N\u00ba1190099, del a\u00f1o 2019, titulado &#8220;El arbitraje de consumo en Chile. An\u00e1lisis cr\u00edtico y planteamientos para una indispensable revisi\u00f3n de lege ferenda, del que el prof. Jequier es investigador responsable. Por ello, el lector podr\u00e1 encontrar en este trabajo colectivo un estudio actualizado y del m\u00e1s alto nivel sobre el arbitraje de consumo, concebido precisamente para mostrar, desde una perspectiva comparada y cr\u00edtica, el estado en que se encuentra esta disciplina y sus proyecciones y desaf\u00edos de cara al grado de desarrollo que presenta en los distintos sistemas y ordenamientos jur\u00eddicos que aqu\u00ed se abordan. Se trata, en suma, de una obra de gran inter\u00e9s no solo para especialistas y estudiosos de esta particular materia, sino tambi\u00e9n para abogados, estudiantes, jueces e incluso para quienes, desde el sector p\u00fablico o privado, tengan a su cargo el estudio y dise\u00f1o de un modelo de arbitraje de consumo, que incluya adem\u00e1s el arbitraje online.<\/p>\n","protected":false},"featured_media":3922,"comment_status":"open","ping_status":"closed","template":"","meta":{"inline_featured_image":false,"_joinchat":[]},"product_brand":[],"product_cat":[27],"product_tag":[],"class_list":{"0":"post-3892","1":"product","2":"type-product","3":"status-publish","4":"has-post-thumbnail","6":"product_cat-civil","7":"product_shipping_class-a-convenir","9":"first","10":"instock","11":"shipping-taxable","12":"purchasable","13":"product-type-simple"},"_links":{"self":[{"href":"https:\/\/bibliotecajuridicavirtual.cl\/index.php\/wp-json\/wp\/v2\/product\/3892","targetHints":{"allow":["GET"]}}],"collection":[{"href":"https:\/\/bibliotecajuridicavirtual.cl\/index.php\/wp-json\/wp\/v2\/product"}],"about":[{"href":"https:\/\/bibliotecajuridicavirtual.cl\/index.php\/wp-json\/wp\/v2\/types\/product"}],"replies":[{"embeddable":true,"href":"https:\/\/bibliotecajuridicavirtual.cl\/index.php\/wp-json\/wp\/v2\/comments?post=3892"}],"wp:featuredmedia":[{"embeddable":true,"href":"https:\/\/bibliotecajuridicavirtual.cl\/index.php\/wp-json\/wp\/v2\/media\/3922"}],"wp:attachment":[{"href":"https:\/\/bibliotecajuridicavirtual.cl\/index.php\/wp-json\/wp\/v2\/media?parent=3892"}],"wp:term":[{"taxonomy":"product_brand","embeddable":true,"href":"https:\/\/bibliotecajuridicavirtual.cl\/index.php\/wp-json\/wp\/v2\/product_brand?post=3892"},{"taxonomy":"product_cat","embeddable":true,"href":"https:\/\/bibliotecajuridicavirtual.cl\/index.php\/wp-json\/wp\/v2\/product_cat?post=3892"},{"taxonomy":"product_tag","embeddable":true,"href":"https:\/\/bibliotecajuridicavirtual.cl\/index.php\/wp-json\/wp\/v2\/product_tag?post=3892"}],"curies":[{"name":"wp","href":"https:\/\/api.w.org\/{rel}","templated":true}]}}