{"id":3894,"date":"2026-02-28T01:21:19","date_gmt":"2026-02-28T04:21:19","guid":{"rendered":"https:\/\/bibliotecajuridicavirtual.cl\/?post_type=product&#038;p=3894"},"modified":"2026-02-28T01:21:31","modified_gmt":"2026-02-28T04:21:31","slug":"las-circunstancias-atenuantes-de-la-responsabilidad-penal-en-el-codigo-chileno-doctrina-jurisprudencia-politica-criminal-derecho-comparado-ano-2019-190-pag-autor-carlos-kunsemuller-loebenfelder","status":"publish","type":"product","link":"https:\/\/bibliotecajuridicavirtual.cl\/index.php\/product\/las-circunstancias-atenuantes-de-la-responsabilidad-penal-en-el-codigo-chileno-doctrina-jurisprudencia-politica-criminal-derecho-comparado-ano-2019-190-pag-autor-carlos-kunsemuller-loebenfelder\/","title":{"rendered":"Las circunstancias atenuantes de la responsabilidad penal en el c\u00f3digo chileno Doctrina, jurisprudencia, pol\u00edtica criminal, derecho comparado. A\u00f1o 2019\/ 190 P\u00e1g. Autor Carlos K\u00fcnsem\u00fcller Loebenfelder"},"content":{"rendered":"<p>El sistema de circunstancias modificatorias de la responsabilidad penal vigente en nuestro C\u00f3digo reviste car\u00e1cter imperativo el juez debe valorarlas para aumentar o disminuir la sanci\u00f3n y es consecuente con las orientaciones doctrinarias, influidas por el liberalismo, predominantes en el momento historico-polotico en que se redacta el C\u00f3digo Penal. La teor\u00eda general de las circunstancias modificativas de la responsabilidad penal se inscribe en el largo y dif\u00edcil camino que el Derecho Penal recorre desde tiempos inmemoriales, buscando una soluci\u00f3n lo mas justa y practica posible al problema de adecuar proporcionalmente la pena al delito cometido y al autor concreto que lo realiza\u00a0 (Gonz\u00e1lez Cussac \u00d2 Presente y futuro de las circunstancias modificativas \u00d3, citado en la Introducci\u00f3n a este libro). Novoa Monreal ense\u00f1a que las circunstancias modificatorias se explican por una necesidad de justicia. El vivo inter\u00c5\u00bds demostrado por los autores chilenos con respecto al tema de las circunstancias modificatorias, traducido tanto en manuales y obras generales, como en monograf\u00edas de gran calidad, al que se suma la activa tarea interpretativa de los tribunales a trav\u00c5\u00bds de su jurisprudencia, constituyen evidencias irrefutables de la gran importancia te\u00f3rica y practica que reviste el tema motivador del presente trabajo.<\/p>\n","protected":false},"excerpt":{"rendered":"<p>El sistema de circunstancias modificatorias de la responsabilidad penal vigente en nuestro C\u00f3digo reviste car\u00e1cter imperativo el juez debe valorarlas para aumentar o disminuir la sanci\u00f3n y es consecuente con las orientaciones doctrinarias, influidas por el liberalismo, predominantes en el momento historico-polotico en que se redacta el C\u00f3digo Penal. La teor\u00eda general de las circunstancias modificativas de la responsabilidad penal se inscribe en el largo y dif\u00edcil camino que el Derecho Penal recorre desde tiempos inmemoriales, buscando una soluci\u00f3n lo mas justa y practica posible al problema de adecuar proporcionalmente la pena al delito cometido y al autor concreto que lo realiza\u00a0 (Gonz\u00e1lez Cussac \u00d2 Presente y futuro de las circunstancias modificativas \u00d3, citado en la Introducci\u00f3n a este libro). Novoa Monreal ense\u00f1a que las circunstancias modificatorias se explican por una necesidad de justicia. El vivo inter\u00c5\u00bds demostrado por los autores chilenos con respecto al tema de las circunstancias modificatorias, traducido tanto en manuales y obras generales, como en monograf\u00edas de gran calidad, al que se suma la activa tarea interpretativa de los tribunales a trav\u00c5\u00bds de su jurisprudencia, constituyen evidencias irrefutables de la gran importancia te\u00f3rica y practica que reviste el tema motivador del presente trabajo.<\/p>\n","protected":false},"featured_media":3924,"comment_status":"open","ping_status":"closed","template":"","meta":{"inline_featured_image":false,"_joinchat":[]},"product_brand":[],"product_cat":[30],"product_tag":[],"class_list":{"0":"post-3894","1":"product","2":"type-product","3":"status-publish","4":"has-post-thumbnail","6":"product_cat-penal","7":"product_shipping_class-a-convenir","9":"first","10":"instock","11":"shipping-taxable","12":"purchasable","13":"product-type-simple"},"_links":{"self":[{"href":"https:\/\/bibliotecajuridicavirtual.cl\/index.php\/wp-json\/wp\/v2\/product\/3894","targetHints":{"allow":["GET"]}}],"collection":[{"href":"https:\/\/bibliotecajuridicavirtual.cl\/index.php\/wp-json\/wp\/v2\/product"}],"about":[{"href":"https:\/\/bibliotecajuridicavirtual.cl\/index.php\/wp-json\/wp\/v2\/types\/product"}],"replies":[{"embeddable":true,"href":"https:\/\/bibliotecajuridicavirtual.cl\/index.php\/wp-json\/wp\/v2\/comments?post=3894"}],"wp:featuredmedia":[{"embeddable":true,"href":"https:\/\/bibliotecajuridicavirtual.cl\/index.php\/wp-json\/wp\/v2\/media\/3924"}],"wp:attachment":[{"href":"https:\/\/bibliotecajuridicavirtual.cl\/index.php\/wp-json\/wp\/v2\/media?parent=3894"}],"wp:term":[{"taxonomy":"product_brand","embeddable":true,"href":"https:\/\/bibliotecajuridicavirtual.cl\/index.php\/wp-json\/wp\/v2\/product_brand?post=3894"},{"taxonomy":"product_cat","embeddable":true,"href":"https:\/\/bibliotecajuridicavirtual.cl\/index.php\/wp-json\/wp\/v2\/product_cat?post=3894"},{"taxonomy":"product_tag","embeddable":true,"href":"https:\/\/bibliotecajuridicavirtual.cl\/index.php\/wp-json\/wp\/v2\/product_tag?post=3894"}],"curies":[{"name":"wp","href":"https:\/\/api.w.org\/{rel}","templated":true}]}}