{"id":3895,"date":"2026-02-28T01:21:19","date_gmt":"2026-02-28T04:21:19","guid":{"rendered":"https:\/\/bibliotecajuridicavirtual.cl\/?post_type=product&#038;p=3895"},"modified":"2026-02-28T01:21:32","modified_gmt":"2026-02-28T04:21:32","slug":"corrupcion-en-la-funcion-publica-el-delito-de-negociacion-prohibidas-ano-2018-375-pag-autor-marta-fernandez-cabrera","status":"publish","type":"product","link":"https:\/\/bibliotecajuridicavirtual.cl\/index.php\/product\/corrupcion-en-la-funcion-publica-el-delito-de-negociacion-prohibidas-ano-2018-375-pag-autor-marta-fernandez-cabrera\/","title":{"rendered":"Corrupci\u00f3n en la Funci\u00f3n  P\u00fablica. El delito de negociaci\u00f3n prohibidas. A\u00f1o 2018\/ 375  P\u00e1g. Autor Marta Fern\u00e1ndez Cabrera"},"content":{"rendered":"<p>Corrupci\u00f3n en la Funci\u00f3n P\u00fablica. El delito de negociaciones Prohibidas<\/p>\n<p>Esta obra se aproxima al fen\u00f3meno de la corrupci\u00f3n desde el delito de negociaciones prohibidas a los funcionarios p\u00fablicos. A diferencia a otros tipos penales ubicados en el Titulo XIX, esta figura ha sido objeto de insuficiente atenci\u00f3n por parte de la doctrina. Tampoco ha suscitado mayor inter\u00e9s tribunales, pues hasta 2010 han sido escasos los pronunciamientos\u00a0 Jurisprudenciales.<\/p>\n","protected":false},"excerpt":{"rendered":"<p>Corrupci\u00f3n en la Funci\u00f3n P\u00fablica. El delito de negociaciones Prohibidas Esta obra se aproxima al fen\u00f3meno de la corrupci\u00f3n desde el delito de negociaciones prohibidas a los funcionarios p\u00fablicos. A diferencia a otros tipos penales ubicados en el Titulo XIX, esta figura ha sido objeto de insuficiente atenci\u00f3n por parte de la doctrina. Tampoco ha suscitado mayor inter\u00e9s tribunales, pues hasta 2010 han sido escasos los pronunciamientos\u00a0 Jurisprudenciales.<\/p>\n","protected":false},"featured_media":3925,"comment_status":"open","ping_status":"closed","template":"","meta":{"inline_featured_image":false,"_joinchat":[]},"product_brand":[],"product_cat":[30],"product_tag":[],"class_list":{"0":"post-3895","1":"product","2":"type-product","3":"status-publish","4":"has-post-thumbnail","6":"product_cat-penal","7":"product_shipping_class-a-convenir","9":"first","10":"instock","11":"shipping-taxable","12":"purchasable","13":"product-type-simple"},"_links":{"self":[{"href":"https:\/\/bibliotecajuridicavirtual.cl\/index.php\/wp-json\/wp\/v2\/product\/3895","targetHints":{"allow":["GET"]}}],"collection":[{"href":"https:\/\/bibliotecajuridicavirtual.cl\/index.php\/wp-json\/wp\/v2\/product"}],"about":[{"href":"https:\/\/bibliotecajuridicavirtual.cl\/index.php\/wp-json\/wp\/v2\/types\/product"}],"replies":[{"embeddable":true,"href":"https:\/\/bibliotecajuridicavirtual.cl\/index.php\/wp-json\/wp\/v2\/comments?post=3895"}],"wp:featuredmedia":[{"embeddable":true,"href":"https:\/\/bibliotecajuridicavirtual.cl\/index.php\/wp-json\/wp\/v2\/media\/3925"}],"wp:attachment":[{"href":"https:\/\/bibliotecajuridicavirtual.cl\/index.php\/wp-json\/wp\/v2\/media?parent=3895"}],"wp:term":[{"taxonomy":"product_brand","embeddable":true,"href":"https:\/\/bibliotecajuridicavirtual.cl\/index.php\/wp-json\/wp\/v2\/product_brand?post=3895"},{"taxonomy":"product_cat","embeddable":true,"href":"https:\/\/bibliotecajuridicavirtual.cl\/index.php\/wp-json\/wp\/v2\/product_cat?post=3895"},{"taxonomy":"product_tag","embeddable":true,"href":"https:\/\/bibliotecajuridicavirtual.cl\/index.php\/wp-json\/wp\/v2\/product_tag?post=3895"}],"curies":[{"name":"wp","href":"https:\/\/api.w.org\/{rel}","templated":true}]}}