{"id":3898,"date":"2026-02-28T01:21:19","date_gmt":"2026-02-28T04:21:19","guid":{"rendered":"https:\/\/bibliotecajuridicavirtual.cl\/?post_type=product&#038;p=3898"},"modified":"2026-02-28T01:21:34","modified_gmt":"2026-02-28T04:21:34","slug":"litigacion-tributaria-y-proteccion-de-los-derechos-de-los-contribuyentes-ano-2023-322-pag-autor-jose-manuel-almudi-cid-y-miguel-angel-martinez-lago","status":"publish","type":"product","link":"https:\/\/bibliotecajuridicavirtual.cl\/index.php\/product\/litigacion-tributaria-y-proteccion-de-los-derechos-de-los-contribuyentes-ano-2023-322-pag-autor-jose-manuel-almudi-cid-y-miguel-angel-martinez-lago\/","title":{"rendered":"Litigaci\u00f3n tributaria y protecci\u00f3n de los derechos de los contribuyentes. A\u00f1o 2023\/ 322 P\u00e1g. Autor Jos\u00e9 Manuel Almud\u00ed Cid y Miguel \u00c1ngel Mart\u00ednez Lago"},"content":{"rendered":"<p>La generalizaci\u00f3n del sistema de autoliquidaciones, unida a la creciente compleji\u00addad del ordenamiento tributario nacional e internacional, el incierto concepto de abuso del derecho y una aplicaci\u00f3n administrativa no siempre certera de las normas tributarias ha dado lugar a que la conflictividad tributaria est\u00e9 alcanzando cotas sin precedentes, tanto en Espa\u00f1a como en un buen n\u00famero de pa\u00edses latinoamericanos.<br \/>\nEn este escenario resulta imprescindible dotar a los profesionales del asesoramiento fiscal de las herramientas necesarias para litigar con garant\u00edas de \u00e9xito en la esfera tributaria.<br \/>\nEn la presente obra colectiva, reputados acad\u00e9micos y profesionales especializados en la materia tributaria analizan de forma cr\u00edtica las diversas v\u00edas de impugnaci\u00f3n de los actos tributarios ileg\u00edtimos. Este an\u00e1lisis se realiza desde una perspectiva eminentemente pr\u00e1ctica, abarcando tanto las garant\u00edas de los contribuyentes en los procedimientos de aplicaci\u00f3n de los tributos y sancionadores, como las cuestiones m\u00e1s controvertidas que se suscitan en los procedimientos de revisi\u00f3n en v\u00eda econ\u00f3mico-administrativa y en la jurisdicci\u00f3n contencioso-administrativa y penal.<\/p>\n<p>\u00cdndice<br \/>\nEL SECRETO PROFESIONAL EN LA LEY GENERAL TRIBUTARIA<br \/>\nJuan Manuel Herrero de Ega\u00f1a Espinosa de los Monteros<br \/>\n1.\u00a0\u00a0 \u00a0INTRODUCCI\u00d3N\u00a0\u00a0 \u00a0\u00a0\u00a0 \u00a015<br \/>\n2.\u00a0\u00a0 \u00a0LA PROTECCI\u00d3N DEL SECRETO PROFESIONAL EN EL \u00c1MBITO TRIBUTARIO\u00a0\u00a0 \u00a0\u00a0\u00a0 \u00a016<br \/>\n2.1.\u00a0\u00a0 \u00a0La regulaci\u00f3n del secreto profesional\u00a0\u00a0 \u00a0\u00a0\u00a0 \u00a016<br \/>\n2.2.\u00a0\u00a0 \u00a0El secreto profesional en el art\u00edculo 93.5 de la Ley General Tributaria\u00a0\u00a0 \u00a0\u00a0\u00a0 \u00a020<br \/>\n2.2.1.\u00a0\u00a0 \u00a0El \u00e1mbito subjetivo del art\u00edculo 93.5: abarca a todos los profesionales que act\u00faen en el \u00e1mbito del asesoramiento y defensa a\u00fan cuando no tengan reconocido normativamente un secreto profesional\u00a0\u00a0 \u00a0\u00a0\u00a0 \u00a022<br \/>\n2.2.2.\u00a0\u00a0 \u00a0El \u00e1mbito objetivo del art\u00edculo 93.5: los datos confidenciales\u00a0\u00a0 \u00a0\u00a0\u00a0 \u00a024<br \/>\n2.2.3.\u00a0\u00a0 \u00a0La limitaci\u00f3n opera a\u00fan cuando esos datos confidenciales pudieran tener trascendencia tributaria\u00a0\u00a0 \u00a0\u00a0\u00a0 \u00a025<br \/>\n2.2.4.\u00a0\u00a0 \u00a0El suministro de datos no confidenciales\u00a0\u00a0 \u00a0\u00a0\u00a0 \u00a029<br \/>\n2.3.\u00a0\u00a0 \u00a0El secreto profesional en la disposici\u00f3n adicional vig\u00e9simo tercera de la Ley General Tributaria\u00a0\u00a0 \u00a0\u00a0\u00a0 \u00a030<br \/>\n2.3.1.\u00a0\u00a0 \u00a0La necesidad de una regulaci\u00f3n espec\u00edfica diferente al art\u00edculo 93.5 de la LGT\u00a0\u00a0 \u00a0\u00a0\u00a0 \u00a030<br \/>\n2.3.2.\u00a0\u00a0 \u00a0La previsi\u00f3n espec\u00edfica en orden al secreto profesional recogida en la Disposici\u00f3n Adicional 23\u00aa\u00a0\u00a0 \u00a0\u00a0\u00a0 \u00a032<br \/>\n2.3.3.\u00a0\u00a0 \u00a0Valoraci\u00f3n\u00a0\u00a0 \u00a0\u00a0\u00a0 \u00a034<br \/>\nLa elaboraci\u00f3n jurisprudencial del derecho a la protecci\u00f3n de los datos personales en Espa\u00f1a y sus implicaciones en la administraci\u00f3n tributaria<br \/>\nBernardo D. Olivares Olivares<br \/>\n1.\u00a0\u00a0 \u00a0LA CONSOLIDACI\u00d3N DEL DERECHO FUNDAMENTAL A LA PROTECCI\u00d3N DE LOS DATOS PERSONALES\u00a0\u00a0 \u00a0\u00a0\u00a0 \u00a037<br \/>\n2.\u00a0\u00a0 \u00a0SU RECONOCIMIENTO COMO DERECHO FUNDAMENTAL\u00a0\u00a0 \u00a0\u00a0\u00a0 \u00a040<br \/>\n2.1.\u00a0\u00a0 \u00a0La caracterizaci\u00f3n del derecho a la protecci\u00f3n de los datos personales\u00a0\u00a0 \u00a0\u00a0\u00a0 \u00a042<br \/>\n2.1.1.\u00a0\u00a0 \u00a0\u00c1mbito de protecci\u00f3n\u00a0\u00a0 \u00a0\u00a0\u00a0 \u00a042<br \/>\n2.1.2.\u00a0\u00a0 \u00a0La finalidad\u00a0\u00a0 \u00a0\u00a0\u00a0 \u00a045<br \/>\n2.1.3.\u00a0\u00a0 \u00a0Contenido\u00a0\u00a0 \u00a0\u00a0\u00a0 \u00a047<br \/>\n3.\u00a0\u00a0 \u00a0PRINCIPALES PROYECCIONES DEL DERECHO FUNDAMENTAL EN LA ADMINISTRACI\u00d3N TRIBUTARIA\u00a0\u00a0 \u00a0\u00a0\u00a0 \u00a056<br \/>\nLa planificaci\u00f3n fiscal como fuente de litigaci\u00f3n tributaria: perspectiva brasile\u00f1a<br \/>\nDiogo Ferraz Lemos Tavares<br \/>\n1.\u00a0\u00a0 \u00a0INTRODUCCI\u00d3N\u00a0\u00a0 \u00a0\u00a0\u00a0 \u00a063<br \/>\n2.\u00a0\u00a0 \u00a0CONTEXTO LEGAL Y DISCREPANCIAS DOCTRINALES\u00a0\u00a0 \u00a0\u00a0\u00a0 \u00a064<br \/>\n2.1.\u00a0\u00a0 \u00a0Contexto Legal de la Planificaci\u00f3n Fiscal\u00a0\u00a0 \u00a0\u00a0\u00a0 \u00a065<br \/>\n2.2.\u00a0\u00a0 \u00a0Discrepancias Doctrinales\u00a0\u00a0 \u00a0\u00a0\u00a0 \u00a068<br \/>\n2.3.\u00a0\u00a0 \u00a0Resultado: ausencia de criterios uniformes\u00a0\u00a0 \u00a0\u00a0\u00a0 \u00a071<br \/>\n3.\u00a0\u00a0 \u00a0LA ACTUACI\u00d3N DE LA AUTORIDAD TRIBUTARIA\u00a0\u00a0 \u00a0\u00a0\u00a0 \u00a072<br \/>\n3.1.\u00a0\u00a0 \u00a0Goodwill en Transacciones Internacionales\u00a0\u00a0 \u00a0\u00a0\u00a0 \u00a073<br \/>\n3.2.\u00a0\u00a0 \u00a0Devoluci\u00f3n de Bienes de la Empresa a su Socio, con la Posterior Enajenaci\u00f3n de los Bienes por el Socio\u00a0\u00a0 \u00a0\u00a0\u00a0 \u00a076<br \/>\n3.3.\u00a0\u00a0 \u00a0Resultado: inseguridad jur\u00eddica casi absoluta\u00a0\u00a0 \u00a0\u00a0\u00a0 \u00a079<br \/>\n4.\u00a0\u00a0 \u00a0LA RESPUESTA DE LOS TRIBUNALES\u00a0\u00a0 \u00a0\u00a0\u00a0 \u00a079<br \/>\n5.\u00a0\u00a0 \u00a0CONCLUSIONES\u00a0\u00a0 \u00a0\u00a0\u00a0 \u00a081<br \/>\nEl concepto de abuso como fuente de litigaci\u00f3n tributaria. Esfera internacional<br \/>\nGloria Mar\u00edn Ben\u00edtez<br \/>\n1.\u00a0\u00a0 \u00a0INTRODUCCI\u00d3N\u00a0\u00a0 \u00a0\u00a0\u00a0 \u00a083<br \/>\n2.\u00a0\u00a0 \u00a0EL ABUSO POR MOTIVOS FISCALES DE LAS LIBERTADES DEL TFUE\u00a0\u00a0 \u00a0\u00a0\u00a0 \u00a085<br \/>\n2.1.\u00a0\u00a0 \u00a0Introducci\u00f3n\u00a0\u00a0 \u00a0\u00a0\u00a0 \u00a085<br \/>\n2.2.\u00a0\u00a0 \u00a0Los montajes puramente artificiales como presupuesto aplicativo de las normas antiabuso que restringen las libertades fundamentales del TFUE\u00a0\u00a0 \u00a0\u00a0\u00a0 \u00a087<br \/>\n2.3.\u00a0\u00a0 \u00a0La necesaria proporcionalidad en la aplicaci\u00f3n de las normas antiabuso que restringen las libertades fundamentales del TFUE\u00a0\u00a0 \u00a0\u00a0\u00a0 \u00a091<br \/>\n3.\u00a0\u00a0 \u00a0LA DENEGACI\u00d3N DE LOS BENEFICIOS DE LAS DIRECTIVAS\u00a0\u00a0 \u00a0\u00a0\u00a0 \u00a093<br \/>\n3.1.\u00a0\u00a0 \u00a0La denegaci\u00f3n en situaciones de abuso\u00a0\u00a0 \u00a0\u00a0\u00a0 \u00a093<br \/>\n3.2.\u00a0\u00a0 \u00a0La posibilidad de denegaci\u00f3n en situaciones no abusivas\u00a0\u00a0 \u00a0\u00a0\u00a0 \u00a097<br \/>\n4.\u00a0\u00a0 \u00a0LA DENEGACI\u00d3N DE LOS BENEFICIOS DE LOS CONVENIOS\u00a0\u00a0 \u00a0\u00a0\u00a0 \u00a0103<\/p>\n<p>5.\u00a0\u00a0 \u00a0LAS OPORTUNIDADES DE ARBITRAJE FISCAL Y SU DENEGACI\u00d3N\u00a0\u00a0 \u00a0\u00a0\u00a0 \u00a0107<br \/>\n6.\u00a0\u00a0 \u00a0CONCLUSIONES\u00a0\u00a0 \u00a0\u00a0\u00a0 \u00a0109<br \/>\nLas garant\u00edas de los obligados en los procedimientos tributarios (El inicio del procedimiento de aplicaci\u00f3n de los tributos y del sancionador y los efectos de no resolver los recursos de reposici\u00f3n)<br \/>\nJuan Arrieta Mart\u00ednez de Pis\u00f3n<br \/>\n1.\u00a0\u00a0 \u00a0INTRODUCCI\u00d3N\u00a0\u00a0 \u00a0\u00a0\u00a0 \u00a0111<br \/>\n2.\u00a0\u00a0 \u00a0EL INICIO DEL PROCEDIMIENTO DE INSPECCI\u00d3N DE LOS TRIBUTOS\u00a0\u00a0 \u00a0\u00a0\u00a0 \u00a0113<br \/>\n3.\u00a0\u00a0 \u00a0EL INICIO DEL PROCEDIMIENTO SANCIONADOR\u00a0\u00a0 \u00a0\u00a0\u00a0 \u00a0122<br \/>\n4.\u00a0\u00a0 \u00a0LOS EFECTOS DE NO RESOLVER EXPRESAMENTE LOS RECURSOS DE REPOSICI\u00d3N\u00a0\u00a0 \u00a0\u00a0\u00a0 \u00a0127<br \/>\nBibliograf\u00eda\u00a0\u00a0 \u00a0\u00a0\u00a0 \u00a0133<br \/>\nCuestiones problem\u00e1ticas derivadas de la apreciaci\u00f3n de indicios de delito contra la Hacienda P\u00fablica<br \/>\nAurora Ribes Ribes<br \/>\n1.\u00a0\u00a0 \u00a0CONTEXTUALIZACI\u00d3N: CONSIDERACIONES GENERALES SOBRE EL T\u00cdTULO VI DE LA LEY GENERAL TRIBUTARIA\u00a0\u00a0 \u00a0\u00a0\u00a0 \u00a0135<br \/>\n2.\u00a0\u00a0 \u00a0ACTUACIONES POR DELITO CONTRA LA HACIENDA P\u00daBLICA: RELACI\u00d3N ENTRE EL PROCEDIMIENTO INSPECTOR Y EL PROCESO PENAL POR DELITO FISCAL\u00a0\u00a0 \u00a0\u00a0\u00a0 \u00a0138<br \/>\n2.1.\u00a0\u00a0 \u00a0El paralelismo procedimental y sus excepciones\u00a0\u00a0 \u00a0\u00a0\u00a0 \u00a0138<br \/>\n2.2.\u00a0\u00a0 \u00a0La doble liquidaci\u00f3n: diferente tramitaci\u00f3n y r\u00e9gimen de recursos\u00a0\u00a0 \u00a0\u00a0\u00a0 \u00a0141<br \/>\n2.3.\u00a0\u00a0 \u00a0La liquidaci\u00f3n vinculada al delito y su irrecurribilidad en v\u00eda administrativa y judicial: \u00bfposible lesi\u00f3n del derecho a la tutela judicial efectiva?\u00a0\u00a0 \u00a0\u00a0\u00a0 \u00a0146<br \/>\n2.4.\u00a0\u00a0 \u00a0La virtualidad del derecho a no declarar contra s\u00ed mismo ante la no paralizaci\u00f3n de las actuaciones administrativas: \u00bfsegunda lesi\u00f3n potencial del derecho a la tutela judicial efectiva?\u00a0\u00a0 \u00a0\u00a0\u00a0 \u00a0150<br \/>\n3.\u00a0\u00a0 \u00a0VALORACI\u00d3N FINAL\u00a0\u00a0 \u00a0\u00a0\u00a0 \u00a0153<br \/>\nBibliograf\u00eda\u00a0\u00a0 \u00a0\u00a0\u00a0 \u00a0155<br \/>\nLa modificaci\u00f3n del r\u00e9gimen de reducci\u00f3n de las sanciones tributarias del art\u00edculo 188 de la Ley General Tributaria por la Ley 11\/2021, de Prevenci\u00f3n del Fraude Fiscal<br \/>\nJos\u00e9 Manuel Almud\u00ed Cid<br \/>\n1.\u00a0\u00a0 \u00a0INTRODUCCI\u00d3N\u00a0\u00a0 \u00a0\u00a0\u00a0 \u00a0159<br \/>\n2.\u00a0\u00a0 \u00a0CONFORMIDAD O DISCONFORMIDAD DEL PRESUNTO INFRACTOR A LA PROPUESTA DE RESOLUCI\u00d3N EN LOS PROCEDIMIENTOS DE APLICACI\u00d3N DE LOS TRIBUTOS: INCIDENCIA EN LA CUANTIFICACI\u00d3N DE LA SANCI\u00d3N\u00a0\u00a0 \u00a0\u00a0\u00a0 \u00a0160<br \/>\n3.\u00a0\u00a0 \u00a0CONFORMIDAD O DISCONFORMIDAD DEL PRESUNTO INFRACTOR A LA PROPUESTA DE RESOLUCI\u00d3N EN EL PROCEDIMIENTO SANCIONADOR: NULA INCIDENCIA EN LA CUANTIFICACI\u00d3N DE LA SANCI\u00d3N\u00a0\u00a0 \u00a0\u00a0\u00a0 \u00a0162<br \/>\n4.\u00a0\u00a0 \u00a0LA EXTENSI\u00d3N DE LA RETROACTIVIDAD IN MELIUS A LAS SANCIONES TRIBUTARIAS PENDIENTES DE CUMPLIMIENTO\u00a0\u00a0 \u00a0\u00a0\u00a0 \u00a0169<br \/>\nRecursos extraordinarios de revisi\u00f3n y extensi\u00f3n de efectos de las sentencias en materia tributaria<br \/>\nGerm\u00e1n Or\u00f3n Moratal<br \/>\n1.\u00a0\u00a0 \u00a0RECURSO EXTRAORDINARIO DE REVISI\u00d3N\u00a0\u00a0 \u00a0\u00a0\u00a0 \u00a0178<br \/>\n2.\u00a0\u00a0 \u00a0RECURSO EXTRAORDINARIO DE ALZADA PARA LA UNIFICACI\u00d3N DE CRITERIO Y RECURSO EXTRAORDINARIO PARA LA UNIFICACI\u00d3N DE DOCTRINA\u00a0\u00a0 \u00a0\u00a0\u00a0 \u00a0181<br \/>\n2.1\u00a0\u00a0 \u00a0Recurso extraordinario de alzada para la unificaci\u00f3n de criterio\u00a0\u00a0 \u00a0\u00a0\u00a0 \u00a0182<br \/>\n2.2.\u00a0\u00a0 \u00a0Recurso extraordinario para la unificaci\u00f3n de doctrina\u00a0\u00a0 \u00a0\u00a0\u00a0 \u00a0185<br \/>\n3.\u00a0\u00a0 \u00a0EXTENSI\u00d3N DE EFECTOS DE LAS SENTENCIAS\u00a0\u00a0 \u00a0\u00a0\u00a0 \u00a0188<br \/>\nLa responsabilidad patrimonial de las Administraciones P\u00fablicas<br \/>\nClemente Checa Gonz\u00e1lez<br \/>\n1.\u00a0\u00a0 \u00a0SUCINTA DESCRIPCI\u00d3N DE LA EVOLUCI\u00d3N DE LA RESPONSABILIDAD PATRIMONIAL DE LAS ADMINISTRACIONES P\u00daBLICAS\u00a0\u00a0 \u00a0\u00a0\u00a0 \u00a0194<br \/>\n2.\u00a0\u00a0 \u00a0LA LEY 40\/2015, DE R\u00c9GIMEN JUR\u00cdDICO DEL SECTOR P\u00daBLICO. PRINCIPIOS FUNDAMENTALES DEL SISTEMA DE LA RESPONSABILIDAD PATRIMONIAL DE LAS ADMINISTRACIONES P\u00daBLICAS\u00a0\u00a0 \u00a0\u00a0\u00a0 \u00a0199<br \/>\n2.1.\u00a0\u00a0 \u00a0Es un sistema unitario, aplicable a todas las Administraciones, y a todos los sujetos\u00a0\u00a0 \u00a0\u00a0\u00a0 \u00a0200<br \/>\n2.2.\u00a0\u00a0 \u00a0La exigencia de responsabilidad patrimonial tiene alcance general, abarcando tanto las acciones como las omisiones\u00a0\u00a0 \u00a0\u00a0\u00a0 \u00a0201<br \/>\n2.3.\u00a0\u00a0 \u00a0La responsabilidad es directa, y se extiende tanto a los da\u00f1os originados por conductas de las autoridades y personal a su servicio, como a los causados por la organizaci\u00f3n o el funcionamiento de los servicios administrativos\u00a0\u00a0 \u00a0\u00a0\u00a0 \u00a0202<br \/>\n2.4.\u00a0\u00a0 \u00a0Para que exista esta responsabilidad tiene que existir una relaci\u00f3n de causalidad entre la actuaci\u00f3n de las Administraciones p\u00fablicas y el da\u00f1o por ellas causado\u00a0\u00a0 \u00a0\u00a0\u00a0 \u00a0203<br \/>\n2.5.\u00a0\u00a0 \u00a0Elementos que deben concurrir en el da\u00f1o alegado para que el mismo sea indemnizable\u00a0\u00a0 \u00a0\u00a0\u00a0 \u00a0204<br \/>\n3.\u00a0\u00a0 \u00a0AN\u00c1LISIS CR\u00cdTICO DE LA TESIS QUE SOSTIENE QUE LA RESPONSABILIDAD PATRIMONIAL DE LAS ADMINISTRACIONES P\u00daBLICAS ES EXCLUSIVAMENTE OBJETIVA, Y QUE LA MISMA ALCANCE TANTO AL FUNCIONAMIENTO NORMAL COMO AL ANORMAL DE LOS SERVICIOS P\u00daBLICOS\u00a0\u00a0 \u00a0\u00a0\u00a0 \u00a0206<br \/>\n4.\u00a0\u00a0 \u00a0LA M\u00c1S QUE POSIBLE VULNERACI\u00d3N DE LOS PRINCIPIOS COMUNITARIOS DE EQUIVALENCIA Y EFECTIVIDAD POR PARTE DE CIERTOS PRECEPTOS DE LAS LEYES 40\/2015 Y 39\/2015\u00a0\u00a0 \u00a0\u00a0\u00a0 \u00a0212<br \/>\n5.\u00a0\u00a0 \u00a0ADENDA\u00a0\u00a0 \u00a0\u00a0\u00a0 \u00a0217<br \/>\nBibliograf\u00eda\u00a0\u00a0 \u00a0\u00a0\u00a0 \u00a0218<br \/>\nLa prohibici\u00f3n de la reformatio in peius en los procedimientos tributarios<br \/>\nClemente Checa Gonz\u00e1lez<br \/>\n1.\u00a0\u00a0 \u00a0CONTENIDO Y ALCANCE DE LA REFORMATIO IN PEIUS\u00a0\u00a0 \u00a0\u00a0\u00a0 \u00a0224<br \/>\n2.\u00a0\u00a0 \u00a0LA POL\u00c9MICA SUSCITADA POR LA LEY DE PROCEDIMIENTO ADMINISTRATIVO DE 1958 ACERCA DE LA REFORMA PEYORATIVA\u00a0\u00a0 \u00a0\u00a0\u00a0 \u00a0226<br \/>\n3.\u00a0\u00a0 \u00a0LAS LEYES 30\/1992 Y 39\/2015, DE PROCEDIMIENTO ADMINISTRATIVO COM\u00daN. AMPLIACI\u00d3N DE LA REFORMATIO IN PEIUS A CUALQUIER PROCEDIMIENTO ADMINISTRATIVO INICIADO A INSTANCIA DE PARTE\u00a0\u00a0 \u00a0\u00a0\u00a0 \u00a0231<br \/>\n4.\u00a0\u00a0 \u00a0LA LEY GENERAL TRIBUTARIA, Y LA PROHIBICI\u00d3N DE LA REFORMA PEYORATIVA RESPECTO AL RECURSO DE REPOSICI\u00d3N Y LAS RECLAMACIONES ECON\u00d3MICO-ADMINISTRATIVAS\u00a0\u00a0 \u00a0\u00a0\u00a0 \u00a0234<\/p>\n<p>5.\u00a0\u00a0 \u00a0FUNDAMENTO CONSTITUCIONAL DE LA PROHIBICI\u00d3N DE LA REFORMATIO IN PEIUS\u00a0\u00a0 \u00a0\u00a0\u00a0 \u00a0238<br \/>\nBibliograf\u00eda\u00a0\u00a0 \u00a0\u00a0\u00a0 \u00a0244<br \/>\nLa prohibici\u00f3n de reformatio in peius desde la perspectiva latinoamericana: especial referencia a la ejecuci\u00f3n de las sentencias y resoluciones firmes en materia tributaria<br \/>\nLilian R. L\u00f3pez<br \/>\n1.\u00a0\u00a0 \u00a0CONSIDERACIONES PREVIAS\u00a0\u00a0 \u00a0\u00a0\u00a0 \u00a0249<br \/>\n2.\u00a0\u00a0 \u00a0LA RELEVANCIA CONSTITUCIONAL DE LA PROHIBICI\u00d3N DE LA REFORMATIO IN PEIUS\u00a0\u00a0 \u00a0\u00a0\u00a0 \u00a0251<br \/>\n2.1.\u00a0\u00a0 \u00a0El principio de seguridad jur\u00eddica y el principio de congruencia procesal\u00a0\u00a0 \u00a0\u00a0\u00a0 \u00a0255<br \/>\n2.2.\u00a0\u00a0 \u00a0La prevalencia de la prohibici\u00f3n de reformatio in peius frente al principio de legalidad de la Administraci\u00f3n\u00a0\u00a0 \u00a0\u00a0\u00a0 \u00a0259<br \/>\n3.\u00a0\u00a0 \u00a0LA PROHIBICI\u00d3N DE LA REFORMATIO IN PEIUS EN MATERIA TRIBUTARIA: LA POTESTAD RECTIFICADORA DE OFICIO DE LA ADMINISTRACI\u00d3N TRIBUTARIA\u00a0\u00a0 \u00a0\u00a0\u00a0 \u00a0262<br \/>\n3.1.\u00a0\u00a0 \u00a0Los l\u00edmites de la Administraci\u00f3n Tributaria por la ejecuci\u00f3n de sentencias o resoluciones firmes\u00a0\u00a0 \u00a0\u00a0\u00a0 \u00a0266<br \/>\nBibliograf\u00eda\u00a0\u00a0 \u00a0\u00a0\u00a0 \u00a0270<br \/>\nMedidas cautelares y suspensi\u00f3n de la ejecuci\u00f3n del acto administrativo: una conciliaci\u00f3n constitucionalmente compleja<br \/>\nAbelardo Delgado Pacheco<br \/>\n1.\u00a0\u00a0 \u00a0INTRODUCCI\u00d3N\u00a0\u00a0 \u00a0\u00a0\u00a0 \u00a0273<br \/>\n2.\u00a0\u00a0 \u00a0EL R\u00c9GIMEN DE LA SUSPENSI\u00d3N DE LOS ACTOS DE NATURALEZA TRIBUTARIA\u00a0\u00a0 \u00a0\u00a0\u00a0 \u00a0275<br \/>\n3.\u00a0\u00a0 \u00a0EL R\u00c9GIMEN DE LAS MEDIDAS CAUTELARES EN LOS PROCEDIMIENTOS TRIBUTARIOS\u00a0\u00a0 \u00a0\u00a0\u00a0 \u00a0279<br \/>\n4.\u00a0\u00a0 \u00a0LA INTERPRETACI\u00d3N DE ESTE MARCO NORMATIVO\u00a0\u00a0 \u00a0\u00a0\u00a0 \u00a0283<br \/>\n5.\u00a0\u00a0 \u00a0CONCLUSIONES\u00a0\u00a0 \u00a0\u00a0\u00a0 \u00a0295<br \/>\nAn\u00e1lisis de la jurisprudencia del Tribunal Supremo relativa a la ejecuci\u00f3n de sentencias en materia tributaria<br \/>\nAlejandro Men\u00e9ndez Moreno<br \/>\n1.\u00a0\u00a0 \u00a0LOS ASPECTOS GENERALES DE LA EJECUCI\u00d3N DE LAS SENTENCIAS EN MATERIA TRIBUTARIA, SEG\u00daN LA JURISPRUDENCIA DEL TRIBUNAL SUPREMO\u00a0\u00a0 \u00a0\u00a0\u00a0 \u00a0301<br \/>\n2.\u00a0\u00a0 \u00a0EL DENOMINADO \u201cDOBLE TIRO\u201d EN FAVOR DE LA ADMINISTRACI\u00d3N, EN LA JURISPRUDENCIA DEL TRIBUNAL SUPREMO\u00a0\u00a0 \u00a0\u00a0\u00a0 \u00a0310<br \/>\n3.\u00a0\u00a0 \u00a0EL DENOMINADO \u201cDOBLE TIRO\u201d EN FAVOR DE LOS OBLIGADOS TRIBUTARIOS, EN LA JURISPRUDENCIA DEL TRIBUNAL SUPREMO\u00a0\u00a0 \u00a0\u00a0\u00a0 \u00a0316<\/p>\n","protected":false},"excerpt":{"rendered":"<h5 style=\"text-align: center;\"><span style=\"color: #ff9900;\">( LIBRO ESPA\u00d1OL )\u00a0 \u00a0 \u00a0 \u00a0 \u00a0 \u00a0 \u00a0\u00a0<\/span><\/h5>\n","protected":false},"featured_media":3928,"comment_status":"open","ping_status":"closed","template":"","meta":{"inline_featured_image":false,"_joinchat":[]},"product_brand":[],"product_cat":[28],"product_tag":[],"class_list":{"0":"post-3898","1":"product","2":"type-product","3":"status-publish","4":"has-post-thumbnail","6":"product_cat-tributario","7":"product_shipping_class-a-convenir","9":"first","10":"instock","11":"shipping-taxable","12":"purchasable","13":"product-type-simple"},"_links":{"self":[{"href":"https:\/\/bibliotecajuridicavirtual.cl\/index.php\/wp-json\/wp\/v2\/product\/3898","targetHints":{"allow":["GET"]}}],"collection":[{"href":"https:\/\/bibliotecajuridicavirtual.cl\/index.php\/wp-json\/wp\/v2\/product"}],"about":[{"href":"https:\/\/bibliotecajuridicavirtual.cl\/index.php\/wp-json\/wp\/v2\/types\/product"}],"replies":[{"embeddable":true,"href":"https:\/\/bibliotecajuridicavirtual.cl\/index.php\/wp-json\/wp\/v2\/comments?post=3898"}],"wp:featuredmedia":[{"embeddable":true,"href":"https:\/\/bibliotecajuridicavirtual.cl\/index.php\/wp-json\/wp\/v2\/media\/3928"}],"wp:attachment":[{"href":"https:\/\/bibliotecajuridicavirtual.cl\/index.php\/wp-json\/wp\/v2\/media?parent=3898"}],"wp:term":[{"taxonomy":"product_brand","embeddable":true,"href":"https:\/\/bibliotecajuridicavirtual.cl\/index.php\/wp-json\/wp\/v2\/product_brand?post=3898"},{"taxonomy":"product_cat","embeddable":true,"href":"https:\/\/bibliotecajuridicavirtual.cl\/index.php\/wp-json\/wp\/v2\/product_cat?post=3898"},{"taxonomy":"product_tag","embeddable":true,"href":"https:\/\/bibliotecajuridicavirtual.cl\/index.php\/wp-json\/wp\/v2\/product_tag?post=3898"}],"curies":[{"name":"wp","href":"https:\/\/api.w.org\/{rel}","templated":true}]}}