{"id":3900,"date":"2026-02-28T01:21:20","date_gmt":"2026-02-28T04:21:20","guid":{"rendered":"https:\/\/bibliotecajuridicavirtual.cl\/?post_type=product&#038;p=3900"},"modified":"2026-02-28T01:21:36","modified_gmt":"2026-02-28T04:21:36","slug":"estructura-y-dinamica-del-mercado-de-capital-riesgo-ano-2022-368-pag-rodrigo-recondo-porrua","status":"publish","type":"product","link":"https:\/\/bibliotecajuridicavirtual.cl\/index.php\/product\/estructura-y-dinamica-del-mercado-de-capital-riesgo-ano-2022-368-pag-rodrigo-recondo-porrua\/","title":{"rendered":"Estructura y din\u00e1mica del mercado de capital riesgo. A\u00f1o 2022 \/ 368 P\u00e1g. Rodrigo Recondo Porr\u00faa"},"content":{"rendered":"<p>La presente obra, de car\u00e1cter introductorio al Capital Riesgo, constituye un &#8220;Manual&#8221; para entender<br \/>\nsu funci\u00f3n econ\u00f3mica y su car\u00e1cter poli\u00e9drico, as\u00ed como el funcionamiento de su mercado y el papel<br \/>\nque en el mismo juegan sus principales actores. A lo largo de sus seis cap\u00edtulos, la obra analiza cada<br \/>\nuna de las dimensiones que en el panorama econ\u00f3mico-financiero presenta el Capital Riesgo, como<br \/>\nactividad empresarial desarrollada por gestores profesionales especializados, como fuente de<br \/>\nfinanciaci\u00f3n empresarial, alternativa y no bancaria, y como activo financiero alternativo, objeto de<br \/>\ninversi\u00f3n creciente por parte de los inversores institucionales. El marco conceptual, asociado a cada<br \/>\nuna de estas dimensiones y a sus principales protagonistas, es tambi\u00e9n objeto de una atenci\u00f3n<br \/>\ndetallada, as\u00ed como la regulaci\u00f3n del mercado a trav\u00e9s de los principales hitos que han ido confor<br \/>\nmando el actual marco regulatorio, tanto en Espa\u00f1a como en la Uni\u00f3n Europea, sin olvidar el estudio<br \/>\ndel impacto que las sucesivas crisis de 2007 y 2020 han tenido en un mercado que cuyo tama\u00f1o e<br \/>\nimportancia no han dejado de crecer en las \u00faltimas d\u00e9cadas. El libro concluye con un an\u00e1lisis del<br \/>\nproceso de apertura creciente del Capital Riesgo a los inversores minoristas el cual, viene interpre<br \/>\nt\u00e1ndose como una &#8220;democratizaci\u00f3n&#8221; del mismo, en la medida de que el activo, empieza a dejar de<br \/>\nser un producto reservado casi en exclusiva a los inversores profesionales.<\/p>\n<p>\u00cdndice<br \/>\nPREFACIO\u00a0\u00a0 \u00a0\u00a0\u00a0 \u00a015<br \/>\nI. LAS DIMENSIONES DEL MERCADO DE CAPITAL RIESGO. \u00a0\u00a0 \u00a0\u00a0\u00a0 \u00a019<br \/>\n1. Acepciones y perspectivas en el mercado de Capital Riesgo.\u00a0\u00a0 \u00a0\u00a0\u00a0 \u00a019<br \/>\n2. Los actores del mercado de Capital Riesgo\u00a0\u00a0 \u00a0\u00a0\u00a0 \u00a020<br \/>\n2.1. Los Inversores-fuente (Limited Partners\/LP). \u00a0\u00a0 \u00a0\u00a0\u00a0 \u00a020<br \/>\n2.2. Los Gestores-inversores (General Partners\/GP). \u00a0\u00a0 \u00a0\u00a0\u00a0 \u00a021<br \/>\n2.3. Los Empresarios. \u00a0\u00a0 \u00a0\u00a0\u00a0 \u00a022<br \/>\n2.4. Otros part\u00edcipes.\u00a0\u00a0 \u00a0\u00a0\u00a0 \u00a023<br \/>\n2.5. Los mercados primario y secundario del Capital Riesgo\u00a0\u00a0 \u00a0\u00a0\u00a0 \u00a023<br \/>\n3. La importancia del mercado de Capital Riesgo \u00a0\u00a0 \u00a0\u00a0\u00a0 \u00a025<br \/>\n3.1. El tama\u00f1o del mercado de Capital Riesgo\u00a0\u00a0 \u00a0\u00a0\u00a0 \u00a025<br \/>\n3.2. Los efectos de las crisis de 2007 y 2020 en el mercado de Capital Riesgo.\u00a0\u00a0 \u00a0\u00a0\u00a0 \u00a028<br \/>\nII. LA REGULACI\u00d3N DEL MERCADO DE CAPITAL RIESGO. \u00a0\u00a0 \u00a0\u00a0\u00a0 \u00a035<br \/>\n1. Racionalidad y fundamentos de la regulaci\u00f3n: Pros y contras del Capital Riesgo.\u00a0\u00a0 \u00a0\u00a0\u00a0 \u00a035<br \/>\n2. El desarrollo de un marco regulatorio: Antecedentes y normativa reciente, en la Uni\u00f3n Europea y en Espa\u00f1a.\u00a0\u00a0 \u00a0\u00a0\u00a0 \u00a037<br \/>\n2.1. Antecedentes hist\u00f3ricos.\u00a0\u00a0 \u00a0\u00a0\u00a0 \u00a037<br \/>\n2.2. Normativa reciente: Breve referencia a la regulaci\u00f3n en la Uni\u00f3n Europea y en Espa\u00f1a.\u00a0\u00a0 \u00a0\u00a0\u00a0 \u00a040<br \/>\n2.2.1. La regulaci\u00f3n del Capital Riesgo en la Uni\u00f3n Europea.\u00a0\u00a0 \u00a0\u00a0\u00a0 \u00a040<br \/>\nA) Los Gestores de Fondos de Inversi\u00f3n Alternativa (GFIA).\u00a0\u00a0 \u00a0\u00a0\u00a0 \u00a043<br \/>\nB) Los Fondos de Capital Riesgo Europeo (FCRE) y los Fondos de Emprendimiento Social Europeo (FESE).\u00a0\u00a0 \u00a0\u00a0\u00a0 \u00a046<br \/>\nC) La comercializaci\u00f3n transfronteriza de FIA, FCRE y FESE.\u00a0\u00a0 \u00a0\u00a0\u00a0 \u00a050<br \/>\nD) Los Fondos de Inversi\u00f3n a Largo Plazo (FILPE).\u00a0\u00a0 \u00a0\u00a0\u00a0 \u00a052<br \/>\nE) Inversiones sostenibles y Capital Riesgo\u00a0\u00a0 \u00a0\u00a0\u00a0 \u00a056<br \/>\nF) Crowdfunding\u00a0\u00a0 \u00a0\u00a0\u00a0 \u00a060<br \/>\n2.2.2. La regulaci\u00f3n del CR en Espa\u00f1a. \u00a0\u00a0 \u00a0\u00a0\u00a0 \u00a065<br \/>\nA) Breve referencia al proceso de desarrollo del marco regulatorio \u00a0\u00a0 \u00a066<br \/>\nB) Breve sinopsis de la regulaci\u00f3n de las Entidades de Capital Riesgo\u00a0\u00a0 \u00a0\u00a0\u00a0 \u00a073<br \/>\nC) Breve consideraci\u00f3n de la situaci\u00f3n de las startups\u00a0\u00a0 \u00a0\u00a0\u00a0 \u00a080<br \/>\nIII. EL CAPITAL RIESGO COMO ACTIVIDAD EMPRESARIAL DE INVERSI\u00d3N Y FINANCIACI\u00d3N\u00a0\u00a0 \u00a0\u00a0\u00a0 \u00a087<br \/>\n1. Caracterizaci\u00f3n y marco conceptual.\u00a0\u00a0 \u00a0\u00a0\u00a0 \u00a087<br \/>\n1.1. El objeto de las inversiones del Capital Riesgo. \u00a0\u00a0 \u00a0\u00a0\u00a0 \u00a088<br \/>\n1.2. La individualizaci\u00f3n de la actividad de Capital Riesgo.\u00a0\u00a0 \u00a0\u00a0\u00a0 \u00a095<br \/>\n2. La din\u00e1mica del mercado de Capital Riesgo.\u00a0\u00a0 \u00a0\u00a0\u00a0 \u00a098<br \/>\n2.1. Las relaciones entre inversores y gestores: El proceso de comercializaci\u00f3n \u00a0\u00a0 \u00a0\u00a0\u00a0 \u00a098<br \/>\n2.1.1. El fundraising y la comercializaci\u00f3n activa.\u00a0\u00a0 \u00a0\u00a0\u00a0 \u00a099<br \/>\n2.1.2. La precomercializaci\u00f3n (premarketing)\u00a0\u00a0 \u00a0\u00a0\u00a0 \u00a0101<br \/>\n2.1.3. Comercializaci\u00f3n pasiva (Reverse solicitation\/Passive marketing). \u00a0\u00a0 \u00a0103<br \/>\n2.1.4. La colaboraci\u00f3n P\u00fablico-Privada en el fundrasing (CPP) (Public Private Partnership\/PPP)\u00a0\u00a0 \u00a0\u00a0\u00a0 \u00a0104<br \/>\n2.1.5. La due diligence de los inversores\u00a0\u00a0 \u00a0\u00a0\u00a0 \u00a0107<br \/>\n2.1.6. El folleto informativo. \u00a0\u00a0 \u00a0\u00a0\u00a0 \u00a0110<br \/>\n2.1.7. El Documento de Datos Fundamentales (DFI)\u00a0\u00a0 \u00a0\u00a0\u00a0 \u00a0112<br \/>\n2.1.8. El compromiso de inversi\u00f3n\u00a0\u00a0 \u00a0\u00a0\u00a0 \u00a0113<br \/>\n2.1.9. El reglamento de gesti\u00f3n.\u00a0\u00a0 \u00a0\u00a0\u00a0 \u00a0114<br \/>\nA) Las relaciones entre el FCR y la SGEIC\u00a0\u00a0 \u00a0\u00a0\u00a0 \u00a0114<br \/>\nB) Las relaciones entre el FCR (SGEIC) y sus participadas en cartera.\u00a0\u00a0 \u00a0\u00a0\u00a0 \u00a0120<br \/>\nC) El funcionamiento interno del FCR y sus relaciones con los part\u00edcipes.\u00a0\u00a0 \u00a0\u00a0\u00a0 \u00a0121<br \/>\n2.1.10. El gobierno corporativo. \u00a0\u00a0 \u00a0\u00a0\u00a0 \u00a0124<br \/>\n2.2. Las relaciones entre gestores y empresarios: El proceso de inversi\u00f3n. \u00a0\u00a0 \u00a0\u00a0\u00a0 \u00a0127<br \/>\n2.2.1. Fases preliminares\u00a0\u00a0 \u00a0\u00a0\u00a0 \u00a0128<br \/>\nA) El Acuerdo de Confidencialidad [Non Disclosing Agreement (NDA)].\u00a0\u00a0 \u00a0\u00a0\u00a0 \u00a0131<br \/>\nB) El Cuaderno de inversi\u00f3n (Information Memor\u00e1ndum\/IM)\u00a0\u00a0 \u00a0\u00a0\u00a0 \u00a0132<br \/>\nC) La Carta de Intenciones [Letter of Intent (LOI)]\u00a0\u00a0 \u00a0\u00a0\u00a0 \u00a0133<br \/>\n2.2.2. El proceso de revisi\u00f3n y verificaci\u00f3n (Due diligence).\u00a0\u00a0 \u00a0\u00a0\u00a0 \u00a0134<br \/>\n2.2.3. El contrato de inversi\u00f3n\u00a0\u00a0 \u00a0\u00a0\u00a0 \u00a0138<br \/>\nA) Precio adicional (Earn-out): \u00a0\u00a0 \u00a0\u00a0\u00a0 \u00a0141<br \/>\nB) Manifestaciones y Garant\u00edas (Representations &amp; Warranties \/ \u201cREPS\u201d): \u00a0\u00a0 \u00a0\u00a0\u00a0 \u00a0145<br \/>\nC) Responsabilidad del vendedor: \u00a0\u00a0 \u00a0\u00a0\u00a0 \u00a0146<br \/>\nD) Garant\u00edas del vendedor: \u00a0\u00a0 \u00a0\u00a0\u00a0 \u00a0146<br \/>\nE) No competencia: \u00a0\u00a0 \u00a0\u00a0\u00a0 \u00a0147<br \/>\n2.2.4. El acuerdo de accionistas. \u00a0\u00a0 \u00a0\u00a0\u00a0 \u00a0148<br \/>\nA) Derecho de acompa\u00f1amiento (Tag along).\u00a0\u00a0 \u00a0\u00a0\u00a0 \u00a0149<br \/>\nB) Derecho de arrastre (Drag along)\u00a0\u00a0 \u00a0\u00a0\u00a0 \u00a0150<br \/>\n2.3. Las relaciones entre gestores y financiadores: El proceso de financiaci\u00f3n\u00a0\u00a0 \u00a0\u00a0\u00a0 \u00a0151<br \/>\n2.3.1. La financiaci\u00f3n de las operaciones de adquisici\u00f3n: el apalancamiento financiero y las adquisiciones apalancadas (LBOs).\u00a0\u00a0 \u00a0\u00a0\u00a0 \u00a0151<br \/>\nA) Estructura y racionalidad de un LBO.\u00a0\u00a0 \u00a0\u00a0\u00a0 \u00a0154<br \/>\nB) Estructura y condiciones de la financiaci\u00f3n\u00a0\u00a0 \u00a0\u00a0\u00a0 \u00a0156<br \/>\na) Tramos de financiaci\u00f3n y garant\u00edas.\u00a0\u00a0 \u00a0\u00a0\u00a0 \u00a0156<br \/>\nb) Tipolog\u00eda de financiadores: los fondos de deuda privada y la financiaci\u00f3n mezzanine.\u00a0\u00a0 \u00a0\u00a0\u00a0 \u00a0158<br \/>\n2.3.2. Las fusiones apalancadas y la asistencia financiera\u00a0\u00a0 \u00a0\u00a0\u00a0 \u00a0160<br \/>\nA) Racionalidad y motivaci\u00f3n econ\u00f3mico-financiera de la fusi\u00f3n.\u00a0\u00a0 \u00a0\u00a0\u00a0 \u00a0161<br \/>\nB) La asistencia financiera\u00a0\u00a0 \u00a0\u00a0\u00a0 \u00a0170<br \/>\nC) R\u00e9gimen de las fusiones apalancadas.\u00a0\u00a0 \u00a0\u00a0\u00a0 \u00a0175<br \/>\n2.3.3. Los contratos de financiaci\u00f3n \u00a0\u00a0 \u00a0\u00a0\u00a0 \u00a0181<br \/>\nA) El sindicato bancario y el intercreditor agreement \u00a0\u00a0 \u00a0\u00a0\u00a0 \u00a0182<br \/>\nB) Las cl\u00e1usulas esenciales del contrato de financiaci\u00f3n \u00a0\u00a0 \u00a0\u00a0\u00a0 \u00a0185<br \/>\n2.4. La consumaci\u00f3n de las relaciones de inversi\u00f3n: El proceso de desinversi\u00f3n. \u00a0\u00a0 \u00a0\u00a0\u00a0 \u00a0191<br \/>\n2.4.1. Ventas directas en el mercado privado.\u00a0\u00a0 \u00a0\u00a0\u00a0 \u00a0192<br \/>\nA) Ventas a compradores industriales o estrat\u00e9gicos. \u00a0\u00a0 \u00a0\u00a0\u00a0 \u00a0192<br \/>\nB) Ventas a compradores financieros y mercado secundario (SBO).\u00a0\u00a0 \u00a0\u00a0\u00a0 \u00a0194<br \/>\n2.4.2. Ventas en un mercado oficial de capitales.\u00a0\u00a0 \u00a0\u00a0\u00a0 \u00a0195<br \/>\nA) Salidas a Bolsa. \u00a0\u00a0 \u00a0\u00a0\u00a0 \u00a0196<br \/>\nB) Las SPACs (Special Purpose Acquisition Companies). \u00a0\u00a0 \u00a0\u00a0\u00a0 \u00a0203<br \/>\nIV. EL CAPITAL RIESGO COMO FUENTE DE FINANCIACI\u00d3N EMPRESARIAL\u00a0\u00a0 \u00a0\u00a0\u00a0 \u00a0215<br \/>\n1. Encuadramiento\u00a0\u00a0 \u00a0\u00a0\u00a0 \u00a0215<br \/>\n1.1. Crisis financiera, credit crunch, y bancarizaci\u00f3n.\u00a0\u00a0 \u00a0\u00a0\u00a0 \u00a0216<br \/>\n1.2. La reacci\u00f3n institucional y el ajuste privado\u00a0\u00a0 \u00a0\u00a0\u00a0 \u00a0219<br \/>\n2. La promoci\u00f3n del Capital Riesgo en la Uni\u00f3n Europea y en Espa\u00f1a.\u00a0\u00a0 \u00a0\u00a0\u00a0 \u00a0221<br \/>\n2.1. El impulso en el \u00e1mbito europeo: Aspectos regulatorios y operativos. \u00a0\u00a0 \u00a0\u00a0\u00a0 \u00a0222<br \/>\nA) JEREMIE\u00a0\u00a0 \u00a0\u00a0\u00a0 \u00a0223<br \/>\nB) European Angels Fund (EAF)\u00a0\u00a0 \u00a0\u00a0\u00a0 \u00a0225<br \/>\nC) COSME y HORIZONTE 2020\u00a0\u00a0 \u00a0\u00a0\u00a0 \u00a0225<br \/>\nD) Fondo de Fondos de Venture Capital Paneuropeo\u00a0\u00a0 \u00a0\u00a0\u00a0 \u00a0230<br \/>\nE) ESCALAR\u00a0\u00a0 \u00a0\u00a0\u00a0 \u00a0231<br \/>\n2.2. Las iniciativas en el contexto espa\u00f1ol: Aspectos regulatorios y operativos\u00a0\u00a0 \u00a0\u00a0\u00a0 \u00a0232<br \/>\nA) FOND-ICO GLOBAL, F.C.R.\u00a0\u00a0 \u00a0\u00a0\u00a0 \u00a0236<br \/>\nB) C.D.T.I. (INNVIERTE)\u00a0\u00a0 \u00a0\u00a0\u00a0 \u00a0237<br \/>\nC) Sector p\u00fablico auton\u00f3mico\u00a0\u00a0 \u00a0\u00a0\u00a0 \u00a0239<br \/>\nD) COFIDES\u00a0\u00a0 \u00a0\u00a0\u00a0 \u00a0242<br \/>\nE) Otras iniciativas asociadas a la crisis Covid -19 (FOND-ICO NEXT TECH, F.C.R. y FONREC)\u00a0\u00a0 \u00a0\u00a0\u00a0 \u00a0243<br \/>\nV. EL CAPITAL RIESGO COMO ACTIVO FINANCIERO\u00a0\u00a0 \u00a0\u00a0\u00a0 \u00a0247<br \/>\n1. Los inversores-fuente del Capital Riesgo.\u00a0\u00a0 \u00a0\u00a0\u00a0 \u00a0247<br \/>\n1.1. Inversores profesionales e inversores minoristas.\u00a0\u00a0 \u00a0\u00a0\u00a0 \u00a0247<br \/>\n1.2. La protecci\u00f3n de los inversores y los l\u00edmites a la comercializaci\u00f3n del Capital Riesgo. \u00a0\u00a0 \u00a0\u00a0\u00a0 \u00a0252<br \/>\n1.2.1. La protecci\u00f3n general del TRLMV. \u00a0\u00a0 \u00a0\u00a0\u00a0 \u00a0252<br \/>\n1.2.2. La protecci\u00f3n especial de la LECR\u00a0\u00a0 \u00a0\u00a0\u00a0 \u00a0254<br \/>\n1.3. Limitaciones espec\u00edficas a la inversi\u00f3n en Capital Riesgo, por aseguradoras y fondos de pensiones.\u00a0\u00a0 \u00a0\u00a0\u00a0 \u00a0259<br \/>\n1.3.1. Fondos de pensiones\u00a0\u00a0 \u00a0\u00a0\u00a0 \u00a0259<br \/>\n1.3.2. Compa\u00f1\u00edas de seguros\u00a0\u00a0 \u00a0\u00a0\u00a0 \u00a0263<br \/>\n1.4. La participaci\u00f3n de los inversores-fuente en la financiaci\u00f3n del Capital Riesgo, en Espa\u00f1a y en la Uni\u00f3n Europea.\u00a0\u00a0 \u00a0\u00a0\u00a0 \u00a0268<br \/>\n2. Pros y contras del Capital Riesgo como activo financiero alternativo.\u00a0\u00a0 \u00a0\u00a0\u00a0 \u00a0273<br \/>\n2.1. Los inconvenientes que presenta el Capital Riesgo como activo financiero\u00a0\u00a0 \u00a0\u00a0\u00a0 \u00a0274<br \/>\n2.1.1. La iliquidez\u00a0\u00a0 \u00a0\u00a0\u00a0 \u00a0274<br \/>\nA) El ciclo inversi\u00f3n\/desinversi\u00f3n.\u00a0\u00a0 \u00a0\u00a0\u00a0 \u00a0278<br \/>\nB) El mercado secundario. \u00a0\u00a0 \u00a0\u00a0\u00a0 \u00a0282<br \/>\n2.1.2. El tiquet de inversi\u00f3n.\u00a0\u00a0 \u00a0\u00a0\u00a0 \u00a0285<br \/>\n2.1.3. Los gastos de gesti\u00f3n.\u00a0\u00a0 \u00a0\u00a0\u00a0 \u00a0288<br \/>\n2.1.4. La transparencia.\u00a0\u00a0 \u00a0\u00a0\u00a0 \u00a0292<br \/>\n2.1.5. La \u201cCurva J\u201d\u00a0\u00a0 \u00a0\u00a0\u00a0 \u00a0297<br \/>\n2.2. Las ventajas que presenta el Capital Riesgo como activo financiero.\u00a0\u00a0 \u00a0\u00a0\u00a0 \u00a0299<br \/>\n2.2.1. La rentabilidad\u00a0\u00a0 \u00a0\u00a0\u00a0 \u00a0299<br \/>\n2.2.2. La diversificaci\u00f3n y descorrelaci\u00f3n.\u00a0\u00a0 \u00a0\u00a0\u00a0 \u00a0303<br \/>\n3. Capital Riesgo y deuda privada.\u00a0\u00a0 \u00a0\u00a0\u00a0 \u00a0306<br \/>\n3.1. Caracterizaci\u00f3n y encuadramiento\u00a0\u00a0 \u00a0\u00a0\u00a0 \u00a0306<br \/>\n3.2. Aspectos regulatorios\u00a0\u00a0 \u00a0\u00a0\u00a0 \u00a0308<br \/>\n3.3. Diferenciaci\u00f3n e individualizaci\u00f3n frente al Capital Riesgo.\u00a0\u00a0 \u00a0\u00a0\u00a0 \u00a0312<br \/>\nVI. LA DEMOCRATIZACI\u00d3N DEL CAPITAL RIESGO\u00a0\u00a0 \u00a0\u00a0\u00a0 \u00a0315<br \/>\n1. Fondos de Capital Riesgo cerrados, no cotizados (closed ended funds)\u00a0\u00a0 \u00a0\u00a0\u00a0 \u00a0316<br \/>\n2. Fondos de Capital Riesgo abiertos, no cotizados (open-ended evergreeen funds)\u00a0\u00a0 \u00a0\u00a0\u00a0 \u00a0318<br \/>\n3. Entidades cotizadas de Capital Riesgo (Listed Private Equity) \u00a0\u00a0 \u00a0\u00a0\u00a0 \u00a0319<br \/>\n4. Fondos cotizados de Capital Riesgo (Exchanged Traded Funds) (ETF).\u00a0\u00a0 \u00a0\u00a0\u00a0 \u00a0322<br \/>\n5. Sociedades de Prop\u00f3sito Especial (Special Purpose Acquisition companies) (SPACs). \u00a0\u00a0 \u00a0\u00a0\u00a0 \u00a0323<br \/>\nBIBLIOGRAFIA\u00a0\u00a0 \u00a0\u00a0\u00a0 \u00a0325<br \/>\nREFERENCIAS LEGISLATIVAS\u00a0\u00a0 \u00a0\u00a0\u00a0 \u00a0343<br \/>\nABREVIATURAS MAS UTILIZADAS\u00a0\u00a0 \u00a0\u00a0\u00a0 \u00a0351<br \/>\nGLOSARIO\u00a0\u00a0 \u00a0\u00a0\u00a0 \u00a0355<\/p>\n","protected":false},"excerpt":{"rendered":"<h5 style=\"text-align: center;\"><span style=\"color: #ff0000;\">( LIBRO ESPA\u00d1OL)\u00a0 \u00a0 \u00a0 \u00a0 \u00a0 \u00a0 \u00a0 \u00a0 \u00a0 \u00a0 \u00a0<\/span><\/h5>\n","protected":false},"featured_media":3930,"comment_status":"open","ping_status":"closed","template":"","meta":{"inline_featured_image":false,"_joinchat":[]},"product_brand":[],"product_cat":[27],"product_tag":[],"class_list":{"0":"post-3900","1":"product","2":"type-product","3":"status-publish","4":"has-post-thumbnail","6":"product_cat-civil","7":"product_shipping_class-a-convenir","9":"first","10":"instock","11":"shipping-taxable","12":"purchasable","13":"product-type-simple"},"_links":{"self":[{"href":"https:\/\/bibliotecajuridicavirtual.cl\/index.php\/wp-json\/wp\/v2\/product\/3900","targetHints":{"allow":["GET"]}}],"collection":[{"href":"https:\/\/bibliotecajuridicavirtual.cl\/index.php\/wp-json\/wp\/v2\/product"}],"about":[{"href":"https:\/\/bibliotecajuridicavirtual.cl\/index.php\/wp-json\/wp\/v2\/types\/product"}],"replies":[{"embeddable":true,"href":"https:\/\/bibliotecajuridicavirtual.cl\/index.php\/wp-json\/wp\/v2\/comments?post=3900"}],"wp:featuredmedia":[{"embeddable":true,"href":"https:\/\/bibliotecajuridicavirtual.cl\/index.php\/wp-json\/wp\/v2\/media\/3930"}],"wp:attachment":[{"href":"https:\/\/bibliotecajuridicavirtual.cl\/index.php\/wp-json\/wp\/v2\/media?parent=3900"}],"wp:term":[{"taxonomy":"product_brand","embeddable":true,"href":"https:\/\/bibliotecajuridicavirtual.cl\/index.php\/wp-json\/wp\/v2\/product_brand?post=3900"},{"taxonomy":"product_cat","embeddable":true,"href":"https:\/\/bibliotecajuridicavirtual.cl\/index.php\/wp-json\/wp\/v2\/product_cat?post=3900"},{"taxonomy":"product_tag","embeddable":true,"href":"https:\/\/bibliotecajuridicavirtual.cl\/index.php\/wp-json\/wp\/v2\/product_tag?post=3900"}],"curies":[{"name":"wp","href":"https:\/\/api.w.org\/{rel}","templated":true}]}}