{"id":3904,"date":"2026-02-28T01:21:20","date_gmt":"2026-02-28T04:21:20","guid":{"rendered":"https:\/\/bibliotecajuridicavirtual.cl\/?post_type=product&#038;p=3904"},"modified":"2026-02-28T01:21:39","modified_gmt":"2026-02-28T04:21:39","slug":"promociones-exclusivas-para-clientes-planes-de-reestructuracion-y-clausulas-ipso-facto-ano-2022-364-pag-autor-enrique-sanjuan-y-munoz-y-ana-belen-campuzano","status":"publish","type":"product","link":"https:\/\/bibliotecajuridicavirtual.cl\/index.php\/product\/promociones-exclusivas-para-clientes-planes-de-reestructuracion-y-clausulas-ipso-facto-ano-2022-364-pag-autor-enrique-sanjuan-y-munoz-y-ana-belen-campuzano\/","title":{"rendered":"Promociones exclusivas para clientes Planes de reestructuraci\u00f3n y cl\u00e1usulas IPSO Facto. A\u00f1o 2022\/ 364 P\u00e1g. Autor Enrique Sanju\u00e1n y Mu\u00f1oz y Ana Bel\u00e9n Campuzano."},"content":{"rendered":"<p>La regulaci\u00f3n de los contratos y su afectaci\u00f3n tanto en supuestos preconcursales como concursales siempre ha sido una cuesti\u00f3n muy discutida. La inclusi\u00f3n en la derogada Ley 22\/2003, de 9 de julio, Concursal fue t\u00edmida e insuficiente, debiendo el Tribunal Supremo realizar una suerte de desarrollo y complementaci\u00f3n que la doctrina ya hab\u00eda venido anunciando desde su misma aprobaci\u00f3n. La incorporaci\u00f3n de la Directiva (UE) 2019\/1023, de 20 de junio, a nuestro derecho de insolvencia no dejaba margen a una situaci\u00f3n similar y era necesario incorporar, dentro de los planes de reestructuraci\u00f3n, las afectaciones negociales que ayudaran al \u00e9xito de la viabilidad de la empresa, tanto por la necesidad de paralizar, suspender y esperar a la resoluci\u00f3n de los contratos y negocios mientras se estuviera negociando, como a la posibilidad de resolverlos para ayudar a la continuidad de la misma. Esto es lo que viene a analizar la presente obra en donde se parte de las denominadas &#8220;cl\u00e1usulas y\/o condiciones ipso facto&#8221; para explicar cu\u00e1ndo s\u00ed y cu\u00e1ndo no las mismas operan o dejan de ejecutarse para facilitar esos planes de reestructuraci\u00f3n. Y todo ello en tanto no solo a los contratos ordinarios, sino a los necesarios, a los sujetos a compensaci\u00f3n, a los vinculados a negociaci\u00f3n en mercados secundarios, a los sujetos a garant\u00edas financieras, a los de los consejeros ejecutivos y a los de suministros, entre otros. Se trata por tanto de una obra completa y de an\u00e1lisis conjunto que permitir\u00e1 a los profesionales y a los interesados en este sector de la normativa conocer las diferentes posibilidades que permite la nueva regulaci\u00f3n introducida en el texto refundido de la Ley Concursal por la Ley 16\/2022, de 5 de septiembre.<\/p>\n<p>\u00cdNDICE<br \/>\nCap\u00edtulo primero<br \/>\nLas cl\u00e1usulas ipso facto en los \u00e1mbitos preconcursal y concursal<br \/>\nEnrique Sanju\u00e1n y Mu\u00f1oz<br \/>\nMagistrado<br \/>\nProfesor de Derecho Mercantil<br \/>\nUniversidad de M\u00e1laga<br \/>\nI.\u00a0\u00a0 \u00a0LAS CL\u00c1USULAS IPSO FACTO Y EL R\u00c9GIMEN DE INSOLVENCIA\u00a0\u00a0 \u00a0\u00a0\u00a0 \u00a018<br \/>\nII.\u00a0\u00a0 \u00a0EL INCUMPLIMIENTO EN CONTRATOS ESENCIALES\u00a0\u00a0 \u00a0\u00a0\u00a0 \u00a023<br \/>\nIII.\u00a0\u00a0 \u00a0CL\u00c1USULAS PREESTABLECIDAS EN CONTRATOS VIGENTES\u00a0\u00a0 \u00a0\u00a0\u00a0 \u00a026<br \/>\nIV.\u00a0\u00a0 \u00a0EXCEPCIONES PARA DETERMINADOS CONTRATOS Y OPERACIONES\u00a0\u00a0 \u00a0\u00a0\u00a0 \u00a028<br \/>\nV.\u00a0\u00a0 \u00a0LA LIMITACI\u00d3N GENERAL DE LIQUIDACI\u00d3N DESORDENADA\u00a0\u00a0 \u00a0\u00a0\u00a0 \u00a029<br \/>\nVI.\u00a0\u00a0 \u00a0APLICACI\u00d3N EN EL ORDENAMIENTO DE OTROS PA\u00cdSES EUROPEOS\u00a0\u00a0 \u00a0\u00a0\u00a0 \u00a030<br \/>\nVII.\u00a0\u00a0 \u00a0LA REGULACI\u00d3N EN ESPA\u00d1A DEL R\u00c9GIMEN DE LA COMUNICACI\u00d3N PARA NEGOCIACIONES DE LOS PLANES DE REESTRUCTURACI\u00d3N\u00a0\u00a0 \u00a0\u00a0\u00a0 \u00a033<br \/>\n1.\u00a0\u00a0 \u00a0Cl\u00e1usulas ipso facto y la comunicaci\u00f3n para negociar los planes de reestructuraci\u00f3n\u00a0\u00a0 \u00a0\u00a0\u00a0 \u00a034<br \/>\n2.\u00a0\u00a0 \u00a0Cl\u00e1usulas ipso facto en supuestos de negociaci\u00f3n y los contratos necesarios para la continuidad de la actividad empresarial o profesional del deudor\u00a0\u00a0 \u00a0\u00a0\u00a0 \u00a039<br \/>\n3.\u00a0\u00a0 \u00a0Sobre los cr\u00e9ditos\u00a0\u00a0 \u00a0\u00a0\u00a0 \u00a041<br \/>\n4.\u00a0\u00a0 \u00a0Acuerdos de compensaci\u00f3n contractual y garant\u00edas financieras durante la fase de negociaci\u00f3n\u00a0\u00a0 \u00a0\u00a0\u00a0 \u00a044<br \/>\n5.\u00a0\u00a0 \u00a0El mantenimiento del r\u00e9gimen en supuestos de pr\u00f3rroga del periodo de negociaci\u00f3n\u00a0\u00a0 \u00a0\u00a0\u00a0 \u00a047<br \/>\n6.\u00a0\u00a0 \u00a0El r\u00e9gimen en supuestos de comunicaciones conjunta de negociaci\u00f3n\u00a0\u00a0 \u00a0\u00a0\u00a0 \u00a049<br \/>\nVIII.\u00a0\u00a0 \u00a0EL R\u00c9GIMEN EN EL SUPUESTO DE LOS PLANES DE REESTRUCTURACI\u00d3N\u00a0\u00a0 \u00a0\u00a0\u00a0 \u00a051<br \/>\nIX.\u00a0\u00a0 \u00a0MICROEMPRESAS, LIQUIDACI\u00d3N Y TRANSMISI\u00d3N DE EMPRESAS EN SUPUESTOS DE LIQUIDACI\u00d3N\u00a0\u00a0 \u00a0\u00a0\u00a0 \u00a053<br \/>\nX.\u00a0\u00a0 \u00a0R\u00c9GIMEN COM\u00daN EN CUANTO A LA OBLIGACI\u00d3N DE SOLICITUD DE CONCURSO Y DE LA OBLIGACI\u00d3N DE DISOLUCI\u00d3N\u00a0\u00a0 \u00a0\u00a0\u00a0 \u00a054<br \/>\nCap\u00edtulo segundo<br \/>\nEl principio general de vigencia de los contratos y las especialidades de la compensaci\u00f3n contractual y el suministro de energ\u00eda en supuestos de reestructuraci\u00f3n<br \/>\nEduardo G\u00f3mez L\u00f3pez<br \/>\nMagistrado<br \/>\nI.\u00a0\u00a0 \u00a0CONSIDERACIONES GENERALES\u00a0\u00a0 \u00a0\u00a0\u00a0 \u00a059<br \/>\nII.\u00a0\u00a0 \u00a0EL PRINCIPIO GENERAL DE VIGENCIA DE LOS CONTRATOS DURANTE LA COMUNICACI\u00d3N DE APERTURA DE NEGOCIACIONES CON LOS ACREEDORES\u00a0\u00a0 \u00a0\u00a0\u00a0 \u00a065<br \/>\n1.\u00a0\u00a0 \u00a0El principio de vigencia de los contratos\u00a0\u00a0 \u00a0\u00a0\u00a0 \u00a065<br \/>\n2.\u00a0\u00a0 \u00a0La ineficacia de las cl\u00e1usulas \u201cipso facto\u201d\u00a0\u00a0 \u00a0\u00a0\u00a0 \u00a074<br \/>\n3.\u00a0\u00a0 \u00a0Acuerdos de compensaci\u00f3n contractual\u00a0\u00a0 \u00a0\u00a0\u00a0 \u00a081<br \/>\n4.\u00a0\u00a0 \u00a0Garant\u00edas financieras\u00a0\u00a0 \u00a0\u00a0\u00a0 \u00a084<br \/>\nIII.\u00a0\u00a0 \u00a0EL PRINCIPIO GENERAL DE VIGENCIA DE LOS CONTRATOS AFECTADOS POR UN PLAN DE REESTRUCTURACI\u00d3N\u00a0\u00a0 \u00a0\u00a0\u00a0 \u00a086<br \/>\nIV.\u00a0\u00a0 \u00a0EL PRINCIPIO GENERAL DE VIGENCIA DE LOS CONTRATOS EN EL PROCEDIMIENTO ESPECIAL PARA MICROEMPRESAS\u00a0\u00a0 \u00a0\u00a0\u00a0 \u00a091<br \/>\nCap\u00edtulo tercero<br \/>\nLos efectos de la comunicaci\u00f3n sobre los cr\u00e9ditos a plazo y la garant\u00eda de terceros<br \/>\nAntonio Roncero S\u00e1nchez<br \/>\nCatedr\u00e1tico de Derecho Mercantil<br \/>\nUniversidad de Castilla-La Mancha<br \/>\nI.\u00a0\u00a0 \u00a0INTRODUCCI\u00d3N: LOS EFECTOS DE LA COMUNICACI\u00d3N DE LA APERTURA DE NEGOCIACIONES PARA ALCANZAR UN ACUERDO DE REFINANCIACI\u00d3N\u00a0\u00a0 \u00a0\u00a0\u00a0 \u00a093<br \/>\nII.\u00a0\u00a0 \u00a0LOS EFECTOS DE LA COMUNICACI\u00d3N SOBRE LOS CR\u00c9DITOS A PLAZO. EN PARTICULAR, LA INEFICACIA DE LAS CL\u00c1USULAS IPSO FACTO\u00a0\u00a0 \u00a0\u00a0\u00a0 \u00a097<br \/>\nIII.\u00a0\u00a0 \u00a0LOS EFECTOS DE LA COMUNICACI\u00d3N SOBRE LAS GARANT\u00cdAS DE TERCEROS\u00a0\u00a0 \u00a0\u00a0\u00a0 \u00a0108<br \/>\n1.\u00a0\u00a0 \u00a0La ineficacia de la comunicaci\u00f3n frente a la ejecuci\u00f3n de garant\u00edas otorgadas por terceros\u00a0\u00a0 \u00a0\u00a0\u00a0 \u00a0108<br \/>\n2.\u00a0\u00a0 \u00a0La suspensi\u00f3n de la ejecuci\u00f3n de garant\u00edas otorgas por sociedades del grupo\u00a0\u00a0 \u00a0\u00a0\u00a0 \u00a0112<br \/>\nCap\u00edtulo cuarto<br \/>\nLa resoluci\u00f3n de contratos con obligaciones rec\u00edprocas pendientes de cumplimiento en inter\u00e9s de la reestructuraci\u00f3n<br \/>\nCarmen de Vivero de Porras<br \/>\nProfesora Ayudante Doctora de Derecho Mercantil<br \/>\nUniversidad de M\u00e1laga<br \/>\nI.\u00a0\u00a0 \u00a0INTRODUCCI\u00d3N\u00a0\u00a0 \u00a0\u00a0\u00a0 \u00a0121<br \/>\nII.\u00a0\u00a0 \u00a0LA COMUNICACI\u00d3N DE APERTURA DE NEGOCIACIONES Y SUS EFECTOS SOBRE LOS CONTRATOS\u00a0\u00a0 \u00a0\u00a0\u00a0 \u00a0125<br \/>\n1.\u00a0\u00a0 \u00a0Principio general de vigencia de los contratos\u00a0\u00a0 \u00a0\u00a0\u00a0 \u00a0125<br \/>\n2.\u00a0\u00a0 \u00a0Resoluci\u00f3n de contratos con obligaciones rec\u00edprocas pendientes de cumplimiento\u00a0\u00a0 \u00a0\u00a0\u00a0 \u00a0129<br \/>\n2.1.\u00a0\u00a0 \u00a0Contratos con obligaciones rec\u00edprocas\u00a0\u00a0 \u00a0\u00a0\u00a0 \u00a0130<br \/>\n2.2.\u00a0\u00a0 \u00a0Pendencia del cumplimiento por ambas partes o una sola\u00a0\u00a0 \u00a0\u00a0\u00a0 \u00a0133<br \/>\n2.3.\u00a0\u00a0 \u00a0La facultad de suspensi\u00f3n, modificaci\u00f3n, resoluci\u00f3n o terminaci\u00f3n anticipada de los contratos\u00a0\u00a0 \u00a0\u00a0\u00a0 \u00a0139<br \/>\n2.4.\u00a0\u00a0 \u00a0Contratos necesarios para la continuidad de la actividad empresarial o profesional del deudor\u00a0\u00a0 \u00a0\u00a0\u00a0 \u00a0143<br \/>\nIII.\u00a0\u00a0 \u00a0LA RESOLUCI\u00d3N DE LOS CONTRATOS EN EL MARCO DE LOS PLANES DE REESTRUCTURACI\u00d3N\u00a0\u00a0 \u00a0\u00a0\u00a0 \u00a0149<br \/>\n1.\u00a0\u00a0 \u00a0Resoluci\u00f3n de contratos con obligaciones rec\u00edprocas pendientes de cumplimiento en inter\u00e9s de la reestructuraci\u00f3n\u00a0\u00a0 \u00a0\u00a0\u00a0 \u00a0151<br \/>\n2.\u00a0\u00a0 \u00a0Desavenencia sobre los t\u00e9rminos de la modificaci\u00f3n o resoluci\u00f3n de los contratos\u00a0\u00a0 \u00a0\u00a0\u00a0 \u00a0156<br \/>\n3.\u00a0\u00a0 \u00a0Contratos de derivados y su resoluci\u00f3n para el buen fin de la reestructuraci\u00f3n y prevenci\u00f3n del concurso\u00a0\u00a0 \u00a0\u00a0\u00a0 \u00a0158<br \/>\nIV.\u00a0\u00a0 \u00a0A MODO DE CONCLUSI\u00d3N\u00a0\u00a0 \u00a0\u00a0\u00a0 \u00a0160<br \/>\nCap\u00edtulo quinto<br \/>\nContratos de alta direcci\u00f3n, consejeros ejecutivos y reestructuraci\u00f3n<br \/>\nNuria Auxiliadora Orellana Cano<br \/>\nMagistrada<br \/>\nI.\u00a0\u00a0 \u00a0LA AFECTACI\u00d3N DE LOS CONTRATOS DE CONSEJEROS EJECUTIVOS Y DEL PERSONAL DE ALTA DIRECCI\u00d3N EN LA REESTRUCTURACI\u00d3N: EL TRASLADO DE LA REGULACI\u00d3N CONCURSAL AL DERECHO PRECONCURSAL\u00a0\u00a0 \u00a0\u00a0\u00a0 \u00a0166<br \/>\nII.\u00a0\u00a0 \u00a0EL \u00c1MBITO SUBJETIVO DE ESTA AFECTACI\u00d3N\u00a0\u00a0 \u00a0\u00a0\u00a0 \u00a0170<br \/>\n1.\u00a0\u00a0 \u00a0El alto directivo\u00a0\u00a0 \u00a0\u00a0\u00a0 \u00a0172<br \/>\n1.1.\u00a0\u00a0 \u00a0La definici\u00f3n del personal de alta direcci\u00f3n y su regulaci\u00f3n\u00a0\u00a0 \u00a0\u00a0\u00a0 \u00a0172<br \/>\n1.2.\u00a0\u00a0 \u00a0La retribuci\u00f3n del alto directivo\u00a0\u00a0 \u00a0\u00a0\u00a0 \u00a0176<br \/>\n1.3.\u00a0\u00a0 \u00a0El director general en la legislaci\u00f3n concursal\u00a0\u00a0 \u00a0\u00a0\u00a0 \u00a0176<br \/>\n2.\u00a0\u00a0 \u00a0El consejero ejecutivo\u00a0\u00a0 \u00a0\u00a0\u00a0 \u00a0177<br \/>\n2.1.\u00a0\u00a0 \u00a0Definici\u00f3n y naturaleza jur\u00eddica de la relaci\u00f3n contractual\u00a0\u00a0 \u00a0\u00a0\u00a0 \u00a0178<br \/>\n2.2.\u00a0\u00a0 \u00a0El marco normativo de la retribuci\u00f3n de administradores y consejeros con funciones ejecutivas\u00a0\u00a0 \u00a0\u00a0\u00a0 \u00a0181<br \/>\n2.2.1.\u00a0\u00a0 \u00a0Regulaci\u00f3n de las retribuciones de los administradores\u00a0\u00a0 \u00a0\u00a0\u00a0 \u00a0181<br \/>\n2.2.2.\u00a0\u00a0 \u00a0Regulaci\u00f3n de la retribuci\u00f3n del consejero ejecutivo. La aplicaci\u00f3n jurisprudencial de la reserva estatutaria\u00a0\u00a0 \u00a0\u00a0\u00a0 \u00a0185<br \/>\n2.2.3.\u00a0\u00a0 \u00a0El dise\u00f1o de la retribuci\u00f3n de los administradores en la Sentencia del Tribunal Supremo 98\/2018\u00a0\u00a0 \u00a0\u00a0\u00a0 \u00a0187<br \/>\n3.\u00a0\u00a0 \u00a0La compatibilidad de la relaci\u00f3n laboral de alta direcci\u00f3n con el v\u00ednculo org\u00e1nico\u00a0\u00a0 \u00a0\u00a0\u00a0 \u00a0190<br \/>\n3.1.\u00a0\u00a0 \u00a0La elaboraci\u00f3n jurisprudencial de la teor\u00eda del v\u00ednculo\u00a0\u00a0 \u00a0\u00a0\u00a0 \u00a0190<br \/>\n3.2.\u00a0\u00a0 \u00a0El art\u00edculo 249.3 de la Ley de Sociedades de Capital y la teor\u00eda laboral del v\u00ednculo\u00a0\u00a0 \u00a0\u00a0\u00a0 \u00a0193<br \/>\nIII.\u00a0\u00a0 \u00a0EL OBJETO DE LA AFECTACI\u00d3N\u00a0\u00a0 \u00a0\u00a0\u00a0 \u00a0200<br \/>\n1.\u00a0\u00a0 \u00a0Especialidades del contrato de trabajo del alto directivo\u00a0\u00a0 \u00a0\u00a0\u00a0 \u00a0200<br \/>\n2.\u00a0\u00a0 \u00a0El contrato de gesti\u00f3n societaria con el consejero ejecutivo\u00a0\u00a0 \u00a0\u00a0\u00a0 \u00a0202<br \/>\nIV.\u00a0\u00a0 \u00a0LA FINALIDAD DE ESTA AFECTACI\u00d3N. EL PRESUPUESTO PARA LA APLICACI\u00d3N DEL ART\u00cdCULO 621 DEL TEXTO REFUNDIDO DE LA LEY CONCURSAL\u00a0\u00a0 \u00a0\u00a0\u00a0 \u00a0203<br \/>\nV.\u00a0\u00a0 \u00a0EL CONTENIDO DE LA AFECTACI\u00d3N: LA SUSPENSI\u00d3N Y EXTINCI\u00d3N DEL CONTRATO DEL CONSEJERO EJECUTIVO O DEL ALTO DIRECTIVO EN EL PLAN DE REESTRUCTURACI\u00d3N\u00a0\u00a0 \u00a0\u00a0\u00a0 \u00a0209<br \/>\n1.\u00a0\u00a0 \u00a0La suspensi\u00f3n del contrato\u00a0\u00a0 \u00a0\u00a0\u00a0 \u00a0209<br \/>\n2.\u00a0\u00a0 \u00a0La extinci\u00f3n del contrato\u00a0\u00a0 \u00a0\u00a0\u00a0 \u00a0212<br \/>\n3.\u00a0\u00a0 \u00a0La indemnizaci\u00f3n por la extinci\u00f3n del contrato. La moderaci\u00f3n de la indemnizaci\u00f3n prevista en la cl\u00e1usula de blindaje\u00a0\u00a0 \u00a0\u00a0\u00a0 \u00a0215<br \/>\n3.1.\u00a0\u00a0 \u00a0La cl\u00e1usula de \u201cblindaje\u201d en el contrato del personal de alta direcci\u00f3n\u00a0\u00a0 \u00a0\u00a0\u00a0 \u00a0216<br \/>\n3.2.\u00a0\u00a0 \u00a0La moderaci\u00f3n de la indemnizaci\u00f3n del consejero ejecutivo\u00a0\u00a0 \u00a0\u00a0\u00a0 \u00a0217<br \/>\nVI.\u00a0\u00a0 \u00a0LA LEGITIMACI\u00d3N PARA INSTAR LA SUSPENSI\u00d3N O EXTINCI\u00d3N DE LOS CONTRATOS DE ALTA DIRECCI\u00d3N Y CON CONSEJEROS EJECUTIVOS Y SU TRAMITACI\u00d3N\u00a0\u00a0 \u00a0\u00a0\u00a0 \u00a0219<br \/>\nVII.\u00a0\u00a0 \u00a0LA COMPETENCIA Y EL CAUCE PROCEDIMENTAL DE LAS CONTROVERSIAS\u00a0\u00a0 \u00a0\u00a0\u00a0 \u00a0223<br \/>\n1.\u00a0\u00a0 \u00a0El objeto de la controversia judicializada\u00a0\u00a0 \u00a0\u00a0\u00a0 \u00a0224<br \/>\n2.\u00a0\u00a0 \u00a0La competencia\u00a0\u00a0 \u00a0\u00a0\u00a0 \u00a0226<br \/>\n3.\u00a0\u00a0 \u00a0La tramitaci\u00f3n incidental\u00a0\u00a0 \u00a0\u00a0\u00a0 \u00a0226<br \/>\n3.1.\u00a0\u00a0 \u00a0Legitimaci\u00f3n\u00a0\u00a0 \u00a0\u00a0\u00a0 \u00a0227<br \/>\n3.2.\u00a0\u00a0 \u00a0Elemento temporal\u00a0\u00a0 \u00a0\u00a0\u00a0 \u00a0228<br \/>\n3.3.\u00a0\u00a0 \u00a0Tr\u00e1mite\u00a0\u00a0 \u00a0\u00a0\u00a0 \u00a0229<br \/>\n3.4.\u00a0\u00a0 \u00a0Resoluci\u00f3n\u00a0\u00a0 \u00a0\u00a0\u00a0 \u00a0230<br \/>\n4.\u00a0\u00a0 \u00a0La impugnaci\u00f3n\u00a0\u00a0 \u00a0\u00a0\u00a0 \u00a0231<br \/>\nCap\u00edtulo sexto<br \/>\nLa extensi\u00f3n temporal de los efectos de la comunicaci\u00f3n de la apertura de negociaciones preconcursales. Especial consideraci\u00f3n a su pr\u00f3rroga<br \/>\nRafael Rojo \u00c1lvarez-Manzaneda<br \/>\nProfesor Titular de Derecho Mercantil<br \/>\nUniversidad de Granada<br \/>\nI.\u00a0\u00a0 \u00a0EL MARCO NORMATIVO DE LOS PLANES DE REESTRUCTURACI\u00d3N PREVENTIVA\u00a0\u00a0 \u00a0\u00a0\u00a0 \u00a0236<br \/>\nII.\u00a0\u00a0 \u00a0LA COMUNICACI\u00d3N DE NEGOCIACIONES CON LOS ACREEDORES: PRESUPUESTOS, CONTENIDO Y RESOLUCI\u00d3N SOBRE LA COMUNICACI\u00d3N\u00a0\u00a0 \u00a0\u00a0\u00a0 \u00a0243<br \/>\n1.\u00a0\u00a0 \u00a0Presupuestos legales del preconcurso\u00a0\u00a0 \u00a0\u00a0\u00a0 \u00a0243<br \/>\n2.\u00a0\u00a0 \u00a0Contenido m\u00ednimo de la comunicaci\u00f3n\u00a0\u00a0 \u00a0\u00a0\u00a0 \u00a0248<br \/>\n3.\u00a0\u00a0 \u00a0Resoluci\u00f3n sobre la comunicaci\u00f3n\u00a0\u00a0 \u00a0\u00a0\u00a0 \u00a0251<br \/>\nIII.\u00a0\u00a0 \u00a0LOS EFECTOS DE LA COMUNICACI\u00d3N\u00a0\u00a0 \u00a0\u00a0\u00a0 \u00a0257<br \/>\n1.\u00a0\u00a0 \u00a0Efectos sobre la situaci\u00f3n jur\u00eddica del deudor\u00a0\u00a0 \u00a0\u00a0\u00a0 \u00a0257<br \/>\n2.\u00a0\u00a0 \u00a0Efectos sobre el patrimonio del deudor y los derechos y acciones de los acreedores\u00a0\u00a0 \u00a0\u00a0\u00a0 \u00a0258<br \/>\n2.1.\u00a0\u00a0 \u00a0Suspensi\u00f3n de las ejecuciones singulares\u00a0\u00a0 \u00a0\u00a0\u00a0 \u00a0260<br \/>\n2.2.\u00a0\u00a0 \u00a0Efectos de la comunicaci\u00f3n sobre la declaraci\u00f3n de concurso\u00a0\u00a0 \u00a0\u00a0\u00a0 \u00a0268<br \/>\n2.3.\u00a0\u00a0 \u00a0Efectos de la comunicaci\u00f3n sobre los contratos y cr\u00e9ditos. Especial consideraci\u00f3n a las cl\u00e1usulas ipso facto\u00a0\u00a0 \u00a0\u00a0\u00a0 \u00a0272<br \/>\n2.3.1.\u00a0\u00a0 \u00a0Efectos sobre los contratos\u00a0\u00a0 \u00a0\u00a0\u00a0 \u00a0272<br \/>\n2.3.2.\u00a0\u00a0 \u00a0Efectos sobre los cr\u00e9ditos\u00a0\u00a0 \u00a0\u00a0\u00a0 \u00a0278<br \/>\n2.4.\u00a0\u00a0 \u00a0Efectos sobre los contratos con obligaciones rec\u00edprocas pendientes de cumplimiento\u00a0\u00a0 \u00a0\u00a0\u00a0 \u00a0279<br \/>\nIV.\u00a0\u00a0 \u00a0LA EXTENSI\u00d3N TEMPORAL DE LOS EFECTOS DE LA COMUNICACI\u00d3N\u00a0\u00a0 \u00a0\u00a0\u00a0 \u00a0284<br \/>\n1.\u00a0\u00a0 \u00a0La duraci\u00f3n inicial de los efectos\u00a0\u00a0 \u00a0\u00a0\u00a0 \u00a0284<br \/>\n2.\u00a0\u00a0 \u00a0La pr\u00f3rroga de los efectos de la comunicaci\u00f3n\u00a0\u00a0 \u00a0\u00a0\u00a0 \u00a0288<br \/>\n2.1.\u00a0\u00a0 \u00a0Estimaci\u00f3n, extensi\u00f3n objetiva y duraci\u00f3n de la pr\u00f3rroga\u00a0\u00a0 \u00a0\u00a0\u00a0 \u00a0288<br \/>\n2.2.\u00a0\u00a0 \u00a0El levantamiento de la pr\u00f3rroga o de sus efectos frente a determinados acreedores\u00a0\u00a0 \u00a0\u00a0\u00a0 \u00a0301<br \/>\n2.2.1.\u00a0\u00a0 \u00a0El levantamiento de la pr\u00f3rroga\u00a0\u00a0 \u00a0\u00a0\u00a0 \u00a0307<br \/>\n2.2.2.\u00a0\u00a0 \u00a0La exclusi\u00f3n de los efectos de la pr\u00f3rroga con respecto a determinados acreedores\u00a0\u00a0 \u00a0\u00a0\u00a0 \u00a0310<br \/>\n2.2.3.\u00a0\u00a0 \u00a0Aspectos procedimentales\u00a0\u00a0 \u00a0\u00a0\u00a0 \u00a0314<br \/>\nV.\u00a0\u00a0 \u00a0EL T\u00c9RMINO DE LOS EFECTOS DE LA COMUNICACI\u00d3N Y SUS CONSECUENCIAS\u00a0\u00a0 \u00a0\u00a0\u00a0 \u00a0316<br \/>\nVI.\u00a0\u00a0 \u00a0RECAPITULACI\u00d3N\u00a0\u00a0 \u00a0\u00a0\u00a0 \u00a0319<br \/>\nCap\u00edtulo s\u00e9ptimo<br \/>\nPlan de continuaci\u00f3n y la afectaci\u00f3n de contratos<br \/>\nJes\u00fas Quijano Gonz\u00e1lez<br \/>\nCatedr\u00e1tico de Derecho Mercantil<br \/>\nUniversidad de Valladolid<br \/>\nI.\u00a0\u00a0 \u00a0CONSIDERACI\u00d3N INICIAL SOBRE EL PROCEDIMIENTO ESPECIAL PARA MICROEMPRESAS\u00a0\u00a0 \u00a0\u00a0\u00a0 \u00a0325<br \/>\n1.\u00a0\u00a0 \u00a0Significado y funci\u00f3n\u00a0\u00a0 \u00a0\u00a0\u00a0 \u00a0325<br \/>\n2.\u00a0\u00a0 \u00a0Aspectos principales de su r\u00e9gimen jur\u00eddico\u00a0\u00a0 \u00a0\u00a0\u00a0 \u00a0327<br \/>\nII.\u00a0\u00a0 \u00a0EL PLAN DE CONTINUACI\u00d3N COMO OBJETIVO DEL PROCEDIMIENTO ESPECIAL\u00a0\u00a0 \u00a0\u00a0\u00a0 \u00a0336<br \/>\n1.\u00a0\u00a0 \u00a0La tramitaci\u00f3n del plan: aprobaci\u00f3n y homologaci\u00f3n\u00a0\u00a0 \u00a0\u00a0\u00a0 \u00a0336<br \/>\n2.\u00a0\u00a0 \u00a0El contenido del plan de continuaci\u00f3n\u00a0\u00a0 \u00a0\u00a0\u00a0 \u00a0340<br \/>\n3.\u00a0\u00a0 \u00a0Las vicisitudes del plan de continuaci\u00f3n\u00a0\u00a0 \u00a0\u00a0\u00a0 \u00a0343<br \/>\nIII.\u00a0\u00a0 \u00a0LA AFECTACI\u00d3N DE CONTRATOS POR EL PLAN DE CONTINUACI\u00d3N\u00a0\u00a0 \u00a0\u00a0\u00a0 \u00a0346<br \/>\n1.\u00a0\u00a0 \u00a0Las reglas previstas en el procedimiento especial\u00a0\u00a0 \u00a0\u00a0\u00a0 \u00a0347<br \/>\n1.1.\u00a0\u00a0 \u00a0Los efectos de la apertura del procedimiento\u00a0\u00a0 \u00a0\u00a0\u00a0 \u00a0347<br \/>\n1.2.\u00a0\u00a0 \u00a0Los efectos propios del plan de continuaci\u00f3n\u00a0\u00a0 \u00a0\u00a0\u00a0 \u00a0349<br \/>\n2.\u00a0\u00a0 \u00a0Las reglas de aplicaci\u00f3n supletoria\u00a0\u00a0 \u00a0\u00a0\u00a0 \u00a0352<br \/>\n2.1.\u00a0\u00a0 \u00a0Los efectos sobre los contratos del plan de reestructuraci\u00f3n: efectos de la apertura de negociaciones y propios del plan\u00a0\u00a0 \u00a0\u00a0\u00a0 \u00a0353<br \/>\n2.2.\u00a0\u00a0 \u00a0Los efectos sobre los contratos de la declaraci\u00f3n de concurso como referencia general\u00a0\u00a0 \u00a0\u00a0\u00a0 \u00a0359<\/p>\n","protected":false},"excerpt":{"rendered":"<h5 style=\"text-align: center;\"><span style=\"color: #000000;\">( LIBRO ESPA\u00d1OL )<\/span><\/h5>\n","protected":false},"featured_media":3934,"comment_status":"open","ping_status":"closed","template":"","meta":{"inline_featured_image":false,"_joinchat":[]},"product_brand":[],"product_cat":[27],"product_tag":[],"class_list":{"0":"post-3904","1":"product","2":"type-product","3":"status-publish","4":"has-post-thumbnail","6":"product_cat-civil","7":"product_shipping_class-a-convenir","9":"first","10":"instock","11":"shipping-taxable","12":"purchasable","13":"product-type-simple"},"_links":{"self":[{"href":"https:\/\/bibliotecajuridicavirtual.cl\/index.php\/wp-json\/wp\/v2\/product\/3904","targetHints":{"allow":["GET"]}}],"collection":[{"href":"https:\/\/bibliotecajuridicavirtual.cl\/index.php\/wp-json\/wp\/v2\/product"}],"about":[{"href":"https:\/\/bibliotecajuridicavirtual.cl\/index.php\/wp-json\/wp\/v2\/types\/product"}],"replies":[{"embeddable":true,"href":"https:\/\/bibliotecajuridicavirtual.cl\/index.php\/wp-json\/wp\/v2\/comments?post=3904"}],"wp:featuredmedia":[{"embeddable":true,"href":"https:\/\/bibliotecajuridicavirtual.cl\/index.php\/wp-json\/wp\/v2\/media\/3934"}],"wp:attachment":[{"href":"https:\/\/bibliotecajuridicavirtual.cl\/index.php\/wp-json\/wp\/v2\/media?parent=3904"}],"wp:term":[{"taxonomy":"product_brand","embeddable":true,"href":"https:\/\/bibliotecajuridicavirtual.cl\/index.php\/wp-json\/wp\/v2\/product_brand?post=3904"},{"taxonomy":"product_cat","embeddable":true,"href":"https:\/\/bibliotecajuridicavirtual.cl\/index.php\/wp-json\/wp\/v2\/product_cat?post=3904"},{"taxonomy":"product_tag","embeddable":true,"href":"https:\/\/bibliotecajuridicavirtual.cl\/index.php\/wp-json\/wp\/v2\/product_tag?post=3904"}],"curies":[{"name":"wp","href":"https:\/\/api.w.org\/{rel}","templated":true}]}}