{"id":3905,"date":"2026-02-28T01:21:20","date_gmt":"2026-02-28T04:21:20","guid":{"rendered":"https:\/\/bibliotecajuridicavirtual.cl\/?post_type=product&#038;p=3905"},"modified":"2026-02-28T01:21:39","modified_gmt":"2026-02-28T04:21:39","slug":"formularios-de-contratos-mercantiles-y-de-la-empresa-2a-edicion-ano-2022-860-pag-autor-eduardo-aznar-giner-juan-francisco-tejero-aldomar-ignacio-eguilior-vicente-y-francisco-palomares-sanchez","status":"publish","type":"product","link":"https:\/\/bibliotecajuridicavirtual.cl\/index.php\/product\/formularios-de-contratos-mercantiles-y-de-la-empresa-2a-edicion-ano-2022-860-pag-autor-eduardo-aznar-giner-juan-francisco-tejero-aldomar-ignacio-eguilior-vicente-y-francisco-palomares-sanchez\/","title":{"rendered":"Formularios de contratos mercantiles y de la empresa 2\u00aa Edici\u00f3n. A\u00f1o 2022\/ 860 P\u00e1g. Autor Eduardo Aznar Giner, Juan Francisco Tejero Aldomar, Ignacio Eguilior Vicente y Francisco Palomares S\u00e1nchez"},"content":{"rendered":"<p>La presente obra recoge una cuidada selecci\u00f3n de materiales de uso habitual en el campo de la contrataci\u00f3n mercantil y de la empresa, atendiendo a los distintos operadores jur\u00eddicos que intervienen en el mismo.<br \/>\nEn esta l\u00ednea, se incluyen no solo los contratos y documentos habituales en tal \u00e1mbito sino aquellos otros, quiz\u00e1s de uso menos frecuente y m\u00e1s complejos, pero que complementan y ayudan a ofrecer una visi\u00f3n amplia y conjunta del derecho contractual mercantil, ofreciendo con ello una respuesta tanto a quienes se inician en la contrataci\u00f3n mercantil, como aquellas personas expertas en la materia. En esta nueva edici\u00f3n se han actualizado los formularios a las nuevas reformas legislativas.<br \/>\nDe la conjunci\u00f3n de lo anterior, surge el presente libro que esperamos sea \u00fatil y del agrado del lector.<\/p>\n<p>Adaptado y revisado conforme a la Ley 16\/2022, de 5 de septiembre, de reforma del texto refundido de la Ley Concursal.<\/p>\n<p>\u00cdndice de formularios<br \/>\nI. Contratos de compraventa y estimatorio<br \/>\nF001.\u00a0\u00a0 \u00a0COMPRAVENTA MERCANTIL\u00a0\u00a0 \u00a0\u00a0\u00a0 \u00a025<br \/>\nF002.\u00a0\u00a0 \u00a0COMPRAVENTA MERCANTIL A ENSAYO\u00a0\u00a0 \u00a0\u00a0\u00a0 \u00a028<br \/>\nF003.\u00a0\u00a0 \u00a0COMPRAVENTA MERCANTIL SOBRE MUESTRAS\u00a0\u00a0 \u00a0\u00a0\u00a0 \u00a031<br \/>\nF004.\u00a0\u00a0 \u00a0COMPRAVENTA DE MAQUINARIA CON CONDICIONES GENERALES DE LA CONTRATACI\u00d3N, INCLUYENDO GARANT\u00cdA Y SERVICIO POSTVENTA\u00a0\u00a0 \u00a0\u00a0\u00a0 \u00a034<br \/>\nF005.\u00a0\u00a0 \u00a0COMPRAVENTA E INSTALACI\u00d3N DE MAQUINARIA Y LOCAL DE HOSTELER\u00cdA\u00a0\u00a0 \u00a0\u00a0\u00a0 \u00a037<br \/>\nF006.\u00a0\u00a0 \u00a0CONTRATO ESTIMATORIO\u00a0\u00a0 \u00a0\u00a0\u00a0 \u00a042<br \/>\nII. Contrato de suministro<br \/>\nF007.\u00a0\u00a0 \u00a0CONTRATO DE SUMINISTRO\u00a0\u00a0 \u00a0\u00a0\u00a0 \u00a047<br \/>\nF008.\u00a0\u00a0 \u00a0CONTRATO DE SUMINISTRO COMPLEJO\u00a0\u00a0 \u00a0\u00a0\u00a0 \u00a050<br \/>\nF009.\u00a0\u00a0 \u00a0CONTRATO DE SUMINISTRO DE PRENDAS TEXTILES\u00a0\u00a0 \u00a0\u00a0\u00a0 \u00a056<br \/>\nF010.\u00a0\u00a0 \u00a0CONTRATO DE SUMINISTRO EN EXCLUSIVA\u00a0\u00a0 \u00a0\u00a0\u00a0 \u00a065<br \/>\nF011.\u00a0\u00a0 \u00a0CONTRATO DE SUMINISTRO DE SISTEMA QUE SE INCORPORA A MAQUINARIA\u00a0\u00a0 \u00a0\u00a0\u00a0 \u00a069<br \/>\nIII. Contratos de intermediaci\u00f3n y colaboraci\u00f3n entre empresarios<br \/>\nF012.\u00a0\u00a0 \u00a0CONTRATO DE MEDIACI\u00d3N O CORRETAJE\u00a0\u00a0 \u00a0\u00a0\u00a0 \u00a079<br \/>\nF013.\u00a0\u00a0 \u00a0CONTRATO DE INTERMEDIACI\u00d3N INTERNACIONAL\u00a0\u00a0 \u00a0\u00a0\u00a0 \u00a082<br \/>\nF014.\u00a0\u00a0 \u00a0CONTRATO DE COMISI\u00d3N MERCANTIL\u00a0\u00a0 \u00a0\u00a0\u00a0 \u00a085<br \/>\nF015.\u00a0\u00a0 \u00a0CONTRATO DE AGENCIA (I)\u00a0\u00a0 \u00a0\u00a0\u00a0 \u00a088<br \/>\nF016.\u00a0\u00a0 \u00a0CONTRATO DE AGENCIA (II)\u00a0\u00a0 \u00a0\u00a0\u00a0 \u00a091<br \/>\nF017.\u00a0\u00a0 \u00a0CONTRATO DE AGENCIA (III)\u00a0\u00a0 \u00a0\u00a0\u00a0 \u00a095<br \/>\nF018.\u00a0\u00a0 \u00a0COMUNICACI\u00d3N DEL EMPRESARIO DESISTIENDO DEL CONTRATO DE AGENCIA\u00a0\u00a0 \u00a0\u00a0\u00a0 \u00a0100<br \/>\nF019.\u00a0\u00a0 \u00a0COMUNICACI\u00d3N DEL AGENTE RECLAMANDO COMPENSACI\u00d3N POR CLIENTELA E INDEMNIZACI\u00d3N POR FALTA DE PREAVISO\u00a0\u00a0 \u00a0\u00a0\u00a0 \u00a0101<br \/>\nF020.\u00a0\u00a0 \u00a0DEMANDA DE JUICIO ORDINARIO POR RECLAMACI\u00d3N DE LA INDEMNIZACI\u00d3N POR CLIENTELA Y FALTA DE PREAVISO\u00a0\u00a0 \u00a0\u00a0\u00a0 \u00a0102<br \/>\nF021.\u00a0\u00a0 \u00a0CESI\u00d3N DE CONTRATO DE AGENCIA\u00a0\u00a0 \u00a0\u00a0\u00a0 \u00a0125<br \/>\nF022.\u00a0\u00a0 \u00a0CONTRATO DE CONCESI\u00d3N O DISTRIBUCI\u00d3N (I)\u00a0\u00a0 \u00a0\u00a0\u00a0 \u00a0127<br \/>\nF023.\u00a0\u00a0 \u00a0CONTRATO DE DISTRIBUCI\u00d3N O CONCESI\u00d3N (II)\u00a0\u00a0 \u00a0\u00a0\u00a0 \u00a0131<br \/>\nF024.\u00a0\u00a0 \u00a0CONTRATO DE DISTRIBUCI\u00d3N (III)\u00a0\u00a0 \u00a0\u00a0\u00a0 \u00a0135<br \/>\nF025.\u00a0\u00a0 \u00a0COMUNICACI\u00d3N DEL EMPRESARIO DESISTIENDO DEL CONTRATO DE DISTRIBUCI\u00d3N\u00a0\u00a0 \u00a0\u00a0\u00a0 \u00a0158<br \/>\nF026.\u00a0\u00a0 \u00a0COMUNICACI\u00d3N DEL DISTRIBUIDOR RECLAMANDO COMPENSACI\u00d3N POR CLIENTELA E INDEMNIZACI\u00d3N POR FALTA DE PREAVISO\u00a0\u00a0 \u00a0\u00a0\u00a0 \u00a0159<br \/>\nF027.\u00a0\u00a0 \u00a0CONTRATO DE FRANQUICIA\u00a0\u00a0 \u00a0\u00a0\u00a0 \u00a0160<br \/>\nIV. Contratos de dep\u00f3sito y servicios de log\u00edstica<br \/>\nF028.\u00a0\u00a0 \u00a0CONTRATO DE DEPOSITO MERCANTIL\u00a0\u00a0 \u00a0\u00a0\u00a0 \u00a0173<br \/>\nF029.\u00a0\u00a0 \u00a0RESOLUCI\u00d3N DE CONTRATO DE CESI\u00d3N DE MAQUINARIA EN DEPOSITO\u00a0\u00a0 \u00a0\u00a0\u00a0 \u00a0176<br \/>\nF030.\u00a0\u00a0 \u00a0CONTRATO DE SERVICIOS DE DEPOSITO Y LOG\u00cdSTICA\u00a0\u00a0 \u00a0\u00a0\u00a0 \u00a0178<br \/>\nV. Contratos de cesi\u00f3n de cr\u00e9ditos<br \/>\nF031.\u00a0\u00a0 \u00a0CONTRATO DE CESI\u00d3N DE CR\u00c9DITO\u00a0\u00a0 \u00a0\u00a0\u00a0 \u00a0187<br \/>\nF032.\u00a0\u00a0 \u00a0COMPRAVENTA DE CR\u00c9DITOS EN PROINDIVISO\u00a0\u00a0 \u00a0\u00a0\u00a0 \u00a0190<br \/>\nF033.\u00a0\u00a0 \u00a0CONTRATO DE MANDATO PARA LA ADQUISICI\u00d3N DE UN CR\u00c9DITO POR T\u00cdTULO DE COMPRAVENTA\u00a0\u00a0 \u00a0\u00a0\u00a0 \u00a0192<br \/>\nF034.\u00a0\u00a0 \u00a0PROPUESTA DE COMPRA DE CR\u00c9DITOS HIPOTECARIOS A ENTIDAD BANCARIA\u00a0\u00a0 \u00a0\u00a0\u00a0 \u00a0196<br \/>\nF035.\u00a0\u00a0 \u00a0ESCRITURA DE COMPRAVENTA DE CR\u00c9DITOS\u00a0\u00a0 \u00a0\u00a0\u00a0 \u00a0197<br \/>\nVI. Contratos sobre el establecimiento del empresario<br \/>\nF036.\u00a0\u00a0 \u00a0ARRENDAMIENTO DE HOTEL (CON OPCI\u00d3N DE COMPRA)\u00a0\u00a0 \u00a0\u00a0\u00a0 \u00a0205<br \/>\nF037.\u00a0\u00a0 \u00a0ARRENDAMIENTO INDUSTRIA\u00a0\u00a0 \u00a0\u00a0\u00a0 \u00a0210<br \/>\nF038.\u00a0\u00a0 \u00a0ARRENDAMIENTO DE OFICINAS\u00a0\u00a0 \u00a0\u00a0\u00a0 \u00a0218<br \/>\nF039.\u00a0\u00a0 \u00a0ARRENDAMIENTO DE LOCAL DE NEGOCIO\u00a0\u00a0 \u00a0\u00a0\u00a0 \u00a0223<br \/>\nF040.\u00a0\u00a0 \u00a0CONTRATO DE ARRENDAMIENTO DE LOCAL EN CENTRO COMERCIAL\u00a0\u00a0 \u00a0\u00a0\u00a0 \u00a0228<br \/>\nF041.\u00a0\u00a0 \u00a0ACUERDO BONIFICANDO RENTA EN ARRENDAMIENTO DE LOCAL SITO EN CENTRO COMERCIAL\u00a0\u00a0 \u00a0\u00a0\u00a0 \u00a0256<br \/>\nF042.\u00a0\u00a0 \u00a0RESOLUCI\u00d3N ANTICIPADA DE ARRENDAMIENTO DE LOCAL EN CENTRO COMERCIAL\u00a0\u00a0 \u00a0\u00a0\u00a0 \u00a0258<br \/>\nF043.\u00a0\u00a0 \u00a0CONTRATO DE ARRENDAMIENTO DE INMUEBLE A CONSTRUIR\u00a0\u00a0 \u00a0\u00a0\u00a0 \u00a0261<br \/>\nF044.\u00a0\u00a0 \u00a0CONTRATO DE TRASPASO DE NEGOCIO\u00a0\u00a0 \u00a0\u00a0\u00a0 \u00a0272<br \/>\nF045.\u00a0\u00a0 \u00a0COMPRAVENTA DE LOCAL COMERCIAL. OTORGAMIENTO DE ESCRITURA Y FACULTAD RESOLUTORIA PENDIENTE DE OBTENCI\u00d3N DE LICENCIA PRIMERA OCUPACI\u00d3N\u00a0\u00a0 \u00a0\u00a0\u00a0 \u00a0275<br \/>\nVII. Contratos de financiaci\u00f3n y garant\u00eda<br \/>\nF046.\u00a0\u00a0 \u00a0CONTRATO DE PR\u00c9STAMO ORDINARIO\u00a0\u00a0 \u00a0\u00a0\u00a0 \u00a0285<br \/>\nF047.\u00a0\u00a0 \u00a0CONTRATO DE PR\u00c9STAMO HIPOTECARIO\u00a0\u00a0 \u00a0\u00a0\u00a0 \u00a0287<br \/>\nF048.\u00a0\u00a0 \u00a0CONTRATO DE PR\u00c9STAMO PARTICIPATIVO (I)\u00a0\u00a0 \u00a0\u00a0\u00a0 \u00a0308<br \/>\nF049.\u00a0\u00a0 \u00a0CONTRATO DE PR\u00c9STAMO PARTICIPATIVO (II)\u00a0\u00a0 \u00a0\u00a0\u00a0 \u00a0310<br \/>\nF050.\u00a0\u00a0 \u00a0CONTRATO DE CR\u00c9DITO EN CUENTA CORRIENTE (I)\u00a0\u00a0 \u00a0\u00a0\u00a0 \u00a0314<br \/>\nF051.\u00a0\u00a0 \u00a0CONTRATO DE CR\u00c9DITO EN CUENTA CORRIENTE (II)\u00a0\u00a0 \u00a0\u00a0\u00a0 \u00a0316<br \/>\nF052.\u00a0\u00a0 \u00a0APERTURA DE CR\u00c9DITO CON GARANT\u00cdA HIPOTECARIA\u00a0\u00a0 \u00a0\u00a0\u00a0 \u00a0319<br \/>\nF053.\u00a0\u00a0 \u00a0CONTRATO DE CASH POOLING\u00a0\u00a0 \u00a0\u00a0\u00a0 \u00a0336<br \/>\nF054.\u00a0\u00a0 \u00a0AVAL BANCARIO INTERVENIDO POR NOTARIO\u00a0\u00a0 \u00a0\u00a0\u00a0 \u00a0340<br \/>\nF055.\u00a0\u00a0 \u00a0AVAL A PRIMER REQUERIMIENTO\u00a0\u00a0 \u00a0\u00a0\u00a0 \u00a0342<\/p>\n","protected":false},"excerpt":{"rendered":"<h5 style=\"text-align: center;\"><span style=\"color: #ffcc00;\">( LIBRO ESPA\u00d1OL)<\/span><\/h5>\n","protected":false},"featured_media":3935,"comment_status":"open","ping_status":"closed","template":"","meta":{"inline_featured_image":false,"_joinchat":[]},"product_brand":[],"product_cat":[27],"product_tag":[],"class_list":{"0":"post-3905","1":"product","2":"type-product","3":"status-publish","4":"has-post-thumbnail","6":"product_cat-civil","7":"product_shipping_class-a-convenir","9":"first","10":"instock","11":"shipping-taxable","12":"purchasable","13":"product-type-simple"},"_links":{"self":[{"href":"https:\/\/bibliotecajuridicavirtual.cl\/index.php\/wp-json\/wp\/v2\/product\/3905","targetHints":{"allow":["GET"]}}],"collection":[{"href":"https:\/\/bibliotecajuridicavirtual.cl\/index.php\/wp-json\/wp\/v2\/product"}],"about":[{"href":"https:\/\/bibliotecajuridicavirtual.cl\/index.php\/wp-json\/wp\/v2\/types\/product"}],"replies":[{"embeddable":true,"href":"https:\/\/bibliotecajuridicavirtual.cl\/index.php\/wp-json\/wp\/v2\/comments?post=3905"}],"wp:featuredmedia":[{"embeddable":true,"href":"https:\/\/bibliotecajuridicavirtual.cl\/index.php\/wp-json\/wp\/v2\/media\/3935"}],"wp:attachment":[{"href":"https:\/\/bibliotecajuridicavirtual.cl\/index.php\/wp-json\/wp\/v2\/media?parent=3905"}],"wp:term":[{"taxonomy":"product_brand","embeddable":true,"href":"https:\/\/bibliotecajuridicavirtual.cl\/index.php\/wp-json\/wp\/v2\/product_brand?post=3905"},{"taxonomy":"product_cat","embeddable":true,"href":"https:\/\/bibliotecajuridicavirtual.cl\/index.php\/wp-json\/wp\/v2\/product_cat?post=3905"},{"taxonomy":"product_tag","embeddable":true,"href":"https:\/\/bibliotecajuridicavirtual.cl\/index.php\/wp-json\/wp\/v2\/product_tag?post=3905"}],"curies":[{"name":"wp","href":"https:\/\/api.w.org\/{rel}","templated":true}]}}