{"id":3910,"date":"2026-02-28T01:21:20","date_gmt":"2026-02-28T04:21:20","guid":{"rendered":"https:\/\/bibliotecajuridicavirtual.cl\/?post_type=product&#038;p=3910"},"modified":"2026-02-28T01:21:44","modified_gmt":"2026-02-28T04:21:44","slug":"corrupcion-estado-de-derecho-y-derechos-humanos-ano-2020-319-pag-autor-marie-christine-fuchs-y-claudio-nash-rojas","status":"publish","type":"product","link":"https:\/\/bibliotecajuridicavirtual.cl\/index.php\/product\/corrupcion-estado-de-derecho-y-derechos-humanos-ano-2020-319-pag-autor-marie-christine-fuchs-y-claudio-nash-rojas\/","title":{"rendered":"Corrupci\u00f3n, Estado de derecho y derechos humanos. A\u00f1o 2020\/ 319 P\u00e1g. Autor Marie Christine Fuchs y  Claudio Nash Rojas"},"content":{"rendered":"<p>Esta obra examina el brote recurrente de corrupci\u00f3n en Latinoam\u00e9rica desde una perspectiva basada en los impactos que tiene este fen\u00f3meno sobre las bases del Estado de derecho y el pleno respeto de los derechos humanos. Los aportes son el resultado de un an\u00e1lisis valioso de reconocidos autores latinoamericanos de diferentes pa\u00edses a partir de una reflexi\u00f3n del Programa Estado de Derecho para Latinoam\u00e9rica de la Fundaci\u00f3n Konrad Adenauer. Parte del an\u00e1lisis de los autores reconoce la corrupci\u00f3n, no como mero catalizador, sino tambi\u00e9n como causa principal de algunas violaciones de derechos humanos y erosiones del Estado de derecho, una preocupaci\u00f3n no consolidada a\u00fan, pero con una clara evoluci\u00f3n reciente desde la lupa del sistema interamericano de derechos humanos (SIDH). Con base en una vista integral y un panorama regional de la corrupci\u00f3n, el libro analiza los principales casos de corrupci\u00f3n en algunos pa\u00edses latinoamericanos y, a partir de una comparaci\u00f3n de las medidas adoptadas, pretende sugerir estrategias de fortalecimiento del Estado de derecho y goce de los derechos humanos que pueda, a la vez, aportar material de debate t\u00e9cnico al SIDH y a la lucha contra este flagelo en la regi\u00f3n.<\/p>\n<p>CONTENIDO<br \/>\nPR\u00d3LOGO\u00a0\u00a0 \u00a05<br \/>\nAUTORES\u00a0\u00a0 \u00a09<br \/>\nCORRUPCI\u00d3N, DEMOCRACIA, ESTADO<br \/>\nDE DERECHO Y DERECHOS HUMANOS.<br \/>\nSUS V\u00cdNCULOS Y SUS CONSECUENCIAS\u00a0\u00a0 \u00a015<br \/>\nClaudio Nash<br \/>\nLA CORRUPCI\u00d3N COMO UNA GRAVE<br \/>\nAFECTACI\u00d3N DE LOS DERECHOS HUMANOS\u00a0\u00a0 \u00a069<br \/>\nDiego Sebasti\u00e1n Luciani<br \/>\nUNA MIRADA A LA CORRUPCI\u00d3N<br \/>\nEN BOLIVIA. EL CASO DEL FONDO IND\u00cdGENA\u00a0\u00a0 \u00a085<br \/>\nSoraya Santiago Salame<br \/>\nA CORRUP\u00c7\u00c3O ELEITORAL REVELADA<br \/>\nPELA LAVA JATO E OS DIREITOS POL\u00cdTICOS<br \/>\nNO BRASIL\u00a0\u00a0 \u00a0111<br \/>\nMichael Freitas Mohallem<br \/>\nCORRUPCI\u00d3N, ESTADO DE DERECHO<br \/>\nY DERECHOS HUMANOS.<br \/>\nALGUNAS LECCIONES DEL CASO CHILENO\u00a0\u00a0 \u00a0139<br \/>\nClaudio Nash<br \/>\nEL PROGRAMA DE ALIMENTACI\u00d3N ESCOLAR<br \/>\n(PAE) EN COLOMBIA: DE LA CORRUPCI\u00d3N<br \/>\nA LA VULNERACI\u00d3N DE DERECHOS HUMANOS \u00a0\u00a0 \u00a0163<br \/>\nVivian Newman Pont<br \/>\nMar\u00eda Paula \u00c1ngel Arango<br \/>\nCORRUPCI\u00d3N Y DERECHOS HUMANOS<br \/>\nEN GUATEMALA.<br \/>\nVIOLACI\u00d3N A LA INDEPENDENCIA JUDICIAL\u00a0\u00a0 \u00a0195<br \/>\nClaudia Escobar<br \/>\nHONDURAS: ENTRE LA CORRUPCI\u00d3N<br \/>\nY EL ESPANTO\u00a0\u00a0 \u00a0219<br \/>\nJulio Arbizu Gonz\u00e1lez<br \/>\nREDES DE CORRUPCI\u00d3N, EMPRESAS FANTASMA<br \/>\nY DERECHOS HUMANOS.<br \/>\nEL CASO DE CHIHUAHUA, M\u00c9XICO\u00a0\u00a0 \u00a0237<br \/>\nDaniel V\u00e1zquez<br \/>\nCORRUPCI\u00d3N JUDICIAL Y AFECTACI\u00d3N<br \/>\nDE LOS DERECHOS A LA TUTELA JUDICIAL<br \/>\nEFECTIVA Y LA INDEMNIDAD SEXUAL:<br \/>\nUN CASO PERUANO\u00a0\u00a0 \u00a0259<br \/>\nYv\u00e1n Montoya<br \/>\nSISTEMA INTERAMERICANO DE DERECHOS<br \/>\nHUMANOS Y CORRUPCI\u00d3N\u00a0\u00a0 \u00a0279<br \/>\nClaudio Nash<\/p>\n","protected":false},"excerpt":{"rendered":"<p>Esta obra examina el brote recurrente de corrupci\u00f3n en Latinoam\u00e9rica desde una perspectiva basada en los impactos que tiene este fen\u00f3meno sobre las bases del Estado de derecho y el pleno respeto de los derechos humanos. Los aportes son el resultado de un an\u00e1lisis valioso de reconocidos autores latinoamericanos de diferentes pa\u00edses a partir de una reflexi\u00f3n del Programa Estado de Derecho para Latinoam\u00e9rica de la Fundaci\u00f3n Konrad Adenauer. Parte del an\u00e1lisis de los autores reconoce la corrupci\u00f3n, no como mero catalizador, sino tambi\u00e9n como causa principal de algunas violaciones de derechos humanos y erosiones del Estado de derecho, una preocupaci\u00f3n no consolidada a\u00fan, pero con una clara evoluci\u00f3n reciente desde la lupa del sistema interamericano de derechos humanos (SIDH). Con base en una vista integral y un panorama regional de la corrupci\u00f3n, el libro analiza los principales casos de corrupci\u00f3n en algunos pa\u00edses latinoamericanos y, a partir de una comparaci\u00f3n de las medidas adoptadas, pretende sugerir estrategias de fortalecimiento del Estado de derecho y goce de los derechos humanos que pueda, a la vez, aportar material de debate t\u00e9cnico al SIDH y a la lucha contra este flagelo en la regi\u00f3n. CONTENIDO PR\u00d3LOGO\u00a0\u00a0 \u00a05 AUTORES\u00a0\u00a0 \u00a09 CORRUPCI\u00d3N, DEMOCRACIA, ESTADO DE DERECHO Y DERECHOS HUMANOS. SUS V\u00cdNCULOS Y SUS CONSECUENCIAS\u00a0\u00a0 \u00a015 Claudio Nash LA CORRUPCI\u00d3N COMO UNA GRAVE AFECTACI\u00d3N DE LOS DERECHOS HUMANOS\u00a0\u00a0 \u00a069 Diego Sebasti\u00e1n Luciani UNA MIRADA A LA CORRUPCI\u00d3N EN BOLIVIA. EL CASO DEL FONDO IND\u00cdGENA\u00a0\u00a0 \u00a085 Soraya Santiago Salame A CORRUP\u00c7\u00c3O ELEITORAL REVELADA PELA LAVA JATO E OS DIREITOS POL\u00cdTICOS NO BRASIL\u00a0\u00a0 \u00a0111 Michael Freitas Mohallem CORRUPCI\u00d3N, ESTADO DE DERECHO Y DERECHOS HUMANOS. ALGUNAS LECCIONES DEL CASO CHILENO\u00a0\u00a0 \u00a0139 Claudio Nash EL PROGRAMA DE ALIMENTACI\u00d3N ESCOLAR (PAE) EN COLOMBIA: DE LA CORRUPCI\u00d3N A LA VULNERACI\u00d3N DE DERECHOS HUMANOS \u00a0\u00a0 \u00a0163 Vivian Newman Pont Mar\u00eda Paula \u00c1ngel Arango CORRUPCI\u00d3N Y DERECHOS HUMANOS EN GUATEMALA. VIOLACI\u00d3N A LA INDEPENDENCIA JUDICIAL\u00a0\u00a0 \u00a0195 Claudia Escobar HONDURAS: ENTRE LA CORRUPCI\u00d3N Y EL ESPANTO\u00a0\u00a0 \u00a0219 Julio Arbizu Gonz\u00e1lez REDES DE CORRUPCI\u00d3N, EMPRESAS FANTASMA Y DERECHOS HUMANOS. EL CASO DE CHIHUAHUA, M\u00c9XICO\u00a0\u00a0 \u00a0237 Daniel V\u00e1zquez CORRUPCI\u00d3N JUDICIAL Y AFECTACI\u00d3N DE LOS DERECHOS A LA TUTELA JUDICIAL EFECTIVA Y LA INDEMNIDAD SEXUAL: UN CASO PERUANO\u00a0\u00a0 \u00a0259 Yv\u00e1n Montoya SISTEMA INTERAMERICANO DE DERECHOS HUMANOS Y CORRUPCI\u00d3N\u00a0\u00a0 \u00a0279 Claudio Nash<\/p>\n","protected":false},"featured_media":3964,"comment_status":"open","ping_status":"closed","template":"","meta":{"inline_featured_image":false,"_joinchat":[]},"product_brand":[],"product_cat":[44],"product_tag":[],"class_list":{"0":"post-3910","1":"product","2":"type-product","3":"status-publish","4":"has-post-thumbnail","6":"product_cat-filosofia-del-derecho-y-introduccion","7":"product_shipping_class-a-convenir","9":"first","10":"instock","11":"shipping-taxable","12":"purchasable","13":"product-type-simple"},"_links":{"self":[{"href":"https:\/\/bibliotecajuridicavirtual.cl\/index.php\/wp-json\/wp\/v2\/product\/3910","targetHints":{"allow":["GET"]}}],"collection":[{"href":"https:\/\/bibliotecajuridicavirtual.cl\/index.php\/wp-json\/wp\/v2\/product"}],"about":[{"href":"https:\/\/bibliotecajuridicavirtual.cl\/index.php\/wp-json\/wp\/v2\/types\/product"}],"replies":[{"embeddable":true,"href":"https:\/\/bibliotecajuridicavirtual.cl\/index.php\/wp-json\/wp\/v2\/comments?post=3910"}],"wp:featuredmedia":[{"embeddable":true,"href":"https:\/\/bibliotecajuridicavirtual.cl\/index.php\/wp-json\/wp\/v2\/media\/3964"}],"wp:attachment":[{"href":"https:\/\/bibliotecajuridicavirtual.cl\/index.php\/wp-json\/wp\/v2\/media?parent=3910"}],"wp:term":[{"taxonomy":"product_brand","embeddable":true,"href":"https:\/\/bibliotecajuridicavirtual.cl\/index.php\/wp-json\/wp\/v2\/product_brand?post=3910"},{"taxonomy":"product_cat","embeddable":true,"href":"https:\/\/bibliotecajuridicavirtual.cl\/index.php\/wp-json\/wp\/v2\/product_cat?post=3910"},{"taxonomy":"product_tag","embeddable":true,"href":"https:\/\/bibliotecajuridicavirtual.cl\/index.php\/wp-json\/wp\/v2\/product_tag?post=3910"}],"curies":[{"name":"wp","href":"https:\/\/api.w.org\/{rel}","templated":true}]}}