{"id":3911,"date":"2026-02-28T01:21:20","date_gmt":"2026-02-28T04:21:20","guid":{"rendered":"https:\/\/bibliotecajuridicavirtual.cl\/?post_type=product&#038;p=3911"},"modified":"2026-02-28T01:21:45","modified_gmt":"2026-02-28T04:21:45","slug":"la-gracia-de-los-jueces-ano-2017-544-pag-autor-robert-jacob","status":"publish","type":"product","link":"https:\/\/bibliotecajuridicavirtual.cl\/index.php\/product\/la-gracia-de-los-jueces-ano-2017-544-pag-autor-robert-jacob\/","title":{"rendered":"La Gracia de los Jueces. A\u00f1o 2017\/ 544 P\u00e1g. Autor Robert Jacob"},"content":{"rendered":"<p>\u00bfC\u00f3mo comprender el halo de sacralidad que rodea a\u00fan hoy la pr\u00e1ctica de la justicia? \u00bfC\u00f3mo se explica la distancia que separa la concepci\u00f3n de la funci\u00f3n de juzgar en Occidente y en otras culturas, como la de China? \u00bfCu\u00e1l es el origen del abismo que se ha formado entre las justicias del common law y las de Europa continental, hasta en la construcci\u00f3n de la verdad judicial? Este libro busca responder a estas preguntas en la historia de las articulaciones entre justicias humanas y justicia divina, en el seno mismo de la pr\u00e1ctica de los procesos. En Occidente dichas justicias han pasado por dos fases. La primera fue de instrumentalizaci\u00f3n. La cristianizaci\u00f3n de las ordal\u00edas permit\u00eda solicitar directamente a Dios el juzgamiento de las causas. La segunda fue de imitaci\u00f3n. A partir del Medioevo central, los hombres iban a asumir solos la carga del juzgamiento. Pero nunca perdieron de vista la exigencia de perfecci\u00f3n impuesta por la referencia al ideal de una justicia absoluta. La obra busca desenmara\u00f1ar los hilos de esta historia, esclareci\u00e9ndola al mismo tiempo desde el exterior al inscribirla en una amplia antropolog\u00eda comparativa de los rituales judiciales.<\/p>\n","protected":false},"excerpt":{"rendered":"<p>\u00bfC\u00f3mo comprender el halo de sacralidad que rodea a\u00fan hoy la pr\u00e1ctica de la justicia? \u00bfC\u00f3mo se explica la distancia que separa la concepci\u00f3n de la funci\u00f3n de juzgar en Occidente y en otras culturas, como la de China? \u00bfCu\u00e1l es el origen del abismo que se ha formado entre las justicias del common law y las de Europa continental, hasta en la construcci\u00f3n de la verdad judicial? Este libro busca responder a estas preguntas en la historia de las articulaciones entre justicias humanas y justicia divina, en el seno mismo de la pr\u00e1ctica de los procesos. En Occidente dichas justicias han pasado por dos fases. La primera fue de instrumentalizaci\u00f3n. La cristianizaci\u00f3n de las ordal\u00edas permit\u00eda solicitar directamente a Dios el juzgamiento de las causas. La segunda fue de imitaci\u00f3n. A partir del Medioevo central, los hombres iban a asumir solos la carga del juzgamiento. Pero nunca perdieron de vista la exigencia de perfecci\u00f3n impuesta por la referencia al ideal de una justicia absoluta. La obra busca desenmara\u00f1ar los hilos de esta historia, esclareci\u00e9ndola al mismo tiempo desde el exterior al inscribirla en una amplia antropolog\u00eda comparativa de los rituales judiciales.<\/p>\n","protected":false},"featured_media":3965,"comment_status":"open","ping_status":"closed","template":"","meta":{"inline_featured_image":false,"_joinchat":[]},"product_brand":[],"product_cat":[44],"product_tag":[],"class_list":{"0":"post-3911","1":"product","2":"type-product","3":"status-publish","4":"has-post-thumbnail","6":"product_cat-filosofia-del-derecho-y-introduccion","7":"product_shipping_class-a-convenir","9":"first","10":"instock","11":"shipping-taxable","12":"purchasable","13":"product-type-simple"},"_links":{"self":[{"href":"https:\/\/bibliotecajuridicavirtual.cl\/index.php\/wp-json\/wp\/v2\/product\/3911","targetHints":{"allow":["GET"]}}],"collection":[{"href":"https:\/\/bibliotecajuridicavirtual.cl\/index.php\/wp-json\/wp\/v2\/product"}],"about":[{"href":"https:\/\/bibliotecajuridicavirtual.cl\/index.php\/wp-json\/wp\/v2\/types\/product"}],"replies":[{"embeddable":true,"href":"https:\/\/bibliotecajuridicavirtual.cl\/index.php\/wp-json\/wp\/v2\/comments?post=3911"}],"wp:featuredmedia":[{"embeddable":true,"href":"https:\/\/bibliotecajuridicavirtual.cl\/index.php\/wp-json\/wp\/v2\/media\/3965"}],"wp:attachment":[{"href":"https:\/\/bibliotecajuridicavirtual.cl\/index.php\/wp-json\/wp\/v2\/media?parent=3911"}],"wp:term":[{"taxonomy":"product_brand","embeddable":true,"href":"https:\/\/bibliotecajuridicavirtual.cl\/index.php\/wp-json\/wp\/v2\/product_brand?post=3911"},{"taxonomy":"product_cat","embeddable":true,"href":"https:\/\/bibliotecajuridicavirtual.cl\/index.php\/wp-json\/wp\/v2\/product_cat?post=3911"},{"taxonomy":"product_tag","embeddable":true,"href":"https:\/\/bibliotecajuridicavirtual.cl\/index.php\/wp-json\/wp\/v2\/product_tag?post=3911"}],"curies":[{"name":"wp","href":"https:\/\/api.w.org\/{rel}","templated":true}]}}