{"id":3912,"date":"2026-02-28T01:21:20","date_gmt":"2026-02-28T04:21:20","guid":{"rendered":"https:\/\/bibliotecajuridicavirtual.cl\/?post_type=product&#038;p=3912"},"modified":"2026-02-28T01:21:46","modified_gmt":"2026-02-28T04:21:46","slug":"derecho-civil-y-constitucion-ano-2021-512-pag-autor-tapia-rodriguez-mauricio-y-laura-albornoz-pollmann","status":"publish","type":"product","link":"https:\/\/bibliotecajuridicavirtual.cl\/index.php\/product\/derecho-civil-y-constitucion-ano-2021-512-pag-autor-tapia-rodriguez-mauricio-y-laura-albornoz-pollmann\/","title":{"rendered":"Derecho Civil y Constituci\u00f3n. A\u00f1o 2021\/ 512 P\u00e1g. Autor Tapia Rodriguez, Mauricio y Laura Albornoz Pollmann"},"content":{"rendered":"<p>La publicaci\u00f3n de este libro responde a la vocaci\u00f3n del Departamento de<br \/>\nDerecho Privado de la Facultad de Derecho de la Universidad de Chile de<br \/>\nabordar tem\u00e1ticas de inter\u00e9s p\u00fablico, as\u00ed como de contribuir a resolver los<br \/>\nproblemas que plantean. Su objetivo es analizar diversos asuntos de Derecho<br \/>\nPrivado con incidencia constitucional, a fi n de aportar al trascendental<br \/>\ndebate actualmente en curso.<br \/>\nLa obra, marcada por el pluralismo que caracteriza a la Universidad de Chile,<br \/>\ncontiene enriquecedoras reflexiones y an\u00e1lisis de profesores y profesoras<br \/>\nde dicho Departamento que, desde sus diversas especialidades y puntos<br \/>\nde vista, enfrentan variadas cuestiones de Derecho Privado con relevancia<br \/>\nconstitucional, como la dignidad humana y los derechos fundamentales, en<br \/>\ngeneral, y las familias, la propiedad, los contratos y la protecci\u00f3n de los consumidores,<br \/>\nen particular.<\/p>\n<p>\u00cdndice<br \/>\nPRESENTACI\u00d3N\u00a0\u00a0 \u00a0\u00a0\u00a0 \u00a011<br \/>\nGabriel Hern\u00e1ndez Paulsen<br \/>\nLO QUE EL DERECHO CIVIL PUEDE DECIR DE LA CONSTITUCI\u00d3N: UNA TESIS SOBRE LA DIFERENCIA\u00a0\u00a0 \u00a0\u00a0\u00a0 \u00a013<br \/>\nJos\u00e9 Ignacio Azar Denecken<br \/>\nDIGNIDAD HUMANA EN EL DERECHO CIVIL\u00a0\u00a0 \u00a0\u00a0\u00a0 \u00a035<br \/>\nMauricio Tapia Rodr\u00edguez<br \/>\nLA EFICACIA HORIZONTAL DE LOS DERECHOS FUNDAMENTALES\u00a0\u00a0 \u00a0\u00a0\u00a0 \u00a073<br \/>\nAndr\u00e9s Jana Linetzky<br \/>\nEL C\u00d3DIGO DEL CAPITAL MADE IN CHILE\u00a0\u00a0 \u00a0\u00a0\u00a0 \u00a0107<br \/>\nGissella L\u00f3pez Rivera<br \/>\nDERECHO DE FAMILIAS Y CONSTITUCI\u00d3N\u00a0\u00a0 \u00a0\u00a0\u00a0 \u00a0127<br \/>\nGabriel Hern\u00e1ndez Paulsen<br \/>\nFabiola Lathrop G\u00f3mez<br \/>\nCONSTITUCIONALIZACI\u00d3N DEL DERECHO DE FAMILIA\u00a0\u00a0 \u00a0\u00a0\u00a0 \u00a0185<br \/>\nLaura Albornoz Pollmann<br \/>\nPOR QU\u00c9 PROTEGER CONSTITUCIONALMENTE LA PROPIEDAD\u00a0\u00a0 \u00a0\u00a0\u00a0 \u00a0217<br \/>\nEnrique Barros Bourie<br \/>\nLAS BASES PRIVATISTAS DE LA PROPIEDAD CONSTITUCIONAL: UNA APROXIMACI\u00d3N COMPARADA\u00a0\u00a0 \u00a0\u00a0\u00a0 \u00a0241<br \/>\nErnesto Vargas Weil<br \/>\nLA ESENCIA DE LA PROPIEDAD A PROP\u00d3SITO DE LA PROHIBICI\u00d3N DE DISTRIBUIR DIVIDENDOS, Y DE LA REGLA 10\u00aa DEL ART. 1337 DEL C\u00d3DIGO CIVIL\u00a0\u00a0 \u00a0\u00a0\u00a0 \u00a0279<br \/>\nJoel Gonz\u00e1lez Castillo<br \/>\nLOS D\u00c9FICITS JUSTIFICATIVOS DEL MODELO DE DISTRIBUCI\u00d3N DE LAS AGUAS: ENTRE EL DERECHO COM\u00daN Y UNA TEOR\u00cdA DE LA JUSTICIA\u00a0\u00a0 \u00a0\u00a0\u00a0 \u00a0297<br \/>\nJos\u00e9 Antonio S\u00e1nchez Rub\u00edn<br \/>\nPROTECCI\u00d3N CONSTITUCIONAL EN CONTRATOS CON ABUSO DE PODER\u00a0\u00a0 \u00a0\u00a0\u00a0 \u00a0349<br \/>\nRodrigo Gil Ljubetic<br \/>\nLA PROPORCIONALIDAD Y EL C\u00daMULO DE LA RESOLUCI\u00d3N CON LA INDEMNIZACI\u00d3N DE PERJUICIOS\u00a0\u00a0 \u00a0\u00a0\u00a0 \u00a0381<br \/>\nJoaqu\u00edn Polit Corval\u00e1n<br \/>\nACCI\u00d3N DE PROTECCI\u00d3N Y CONSUMIDORES\u00a0\u00a0 \u00a0\u00a0\u00a0 \u00a0423<br \/>\nFrancisco Alvarado Garc\u00eda<br \/>\nCamilo Vergara Santelices<br \/>\nDERECHOS DE LOS CONSUMIDORES Y CONSTITUCI\u00d3N\u00a0\u00a0 \u00a0\u00a0\u00a0 \u00a0471<br \/>\nGabriel Hern\u00e1ndez Paulsen<br \/>\nSebasti\u00e1n Campos Micin<\/p>\n","protected":false},"excerpt":{"rendered":"<p>La publicaci\u00f3n de este libro responde a la vocaci\u00f3n del Departamento de Derecho Privado de la Facultad de Derecho de la Universidad de Chile de abordar tem\u00e1ticas de inter\u00e9s p\u00fablico, as\u00ed como de contribuir a resolver los problemas que plantean. Su objetivo es analizar diversos asuntos de Derecho Privado con incidencia constitucional, a fi n de aportar al trascendental debate actualmente en curso. La obra, marcada por el pluralismo que caracteriza a la Universidad de Chile, contiene enriquecedoras reflexiones y an\u00e1lisis de profesores y profesoras de dicho Departamento que, desde sus diversas especialidades y puntos de vista, enfrentan variadas cuestiones de Derecho Privado con relevancia constitucional, como la dignidad humana y los derechos fundamentales, en general, y las familias, la propiedad, los contratos y la protecci\u00f3n de los consumidores, en particular. \u00cdndice PRESENTACI\u00d3N\u00a0\u00a0 \u00a0\u00a0\u00a0 \u00a011 Gabriel Hern\u00e1ndez Paulsen LO QUE EL DERECHO CIVIL PUEDE DECIR DE LA CONSTITUCI\u00d3N: UNA TESIS SOBRE LA DIFERENCIA\u00a0\u00a0 \u00a0\u00a0\u00a0 \u00a013 Jos\u00e9 Ignacio Azar Denecken DIGNIDAD HUMANA EN EL DERECHO CIVIL\u00a0\u00a0 \u00a0\u00a0\u00a0 \u00a035 Mauricio Tapia Rodr\u00edguez LA EFICACIA HORIZONTAL DE LOS DERECHOS FUNDAMENTALES\u00a0\u00a0 \u00a0\u00a0\u00a0 \u00a073 Andr\u00e9s Jana Linetzky EL C\u00d3DIGO DEL CAPITAL MADE IN CHILE\u00a0\u00a0 \u00a0\u00a0\u00a0 \u00a0107 Gissella L\u00f3pez Rivera DERECHO DE FAMILIAS Y CONSTITUCI\u00d3N\u00a0\u00a0 \u00a0\u00a0\u00a0 \u00a0127 Gabriel Hern\u00e1ndez Paulsen Fabiola Lathrop G\u00f3mez CONSTITUCIONALIZACI\u00d3N DEL DERECHO DE FAMILIA\u00a0\u00a0 \u00a0\u00a0\u00a0 \u00a0185 Laura Albornoz Pollmann POR QU\u00c9 PROTEGER CONSTITUCIONALMENTE LA PROPIEDAD\u00a0\u00a0 \u00a0\u00a0\u00a0 \u00a0217 Enrique Barros Bourie LAS BASES PRIVATISTAS DE LA PROPIEDAD CONSTITUCIONAL: UNA APROXIMACI\u00d3N COMPARADA\u00a0\u00a0 \u00a0\u00a0\u00a0 \u00a0241 Ernesto Vargas Weil LA ESENCIA DE LA PROPIEDAD A PROP\u00d3SITO DE LA PROHIBICI\u00d3N DE DISTRIBUIR DIVIDENDOS, Y DE LA REGLA 10\u00aa DEL ART. 1337 DEL C\u00d3DIGO CIVIL\u00a0\u00a0 \u00a0\u00a0\u00a0 \u00a0279 Joel Gonz\u00e1lez Castillo LOS D\u00c9FICITS JUSTIFICATIVOS DEL MODELO DE DISTRIBUCI\u00d3N DE LAS AGUAS: ENTRE EL DERECHO COM\u00daN Y UNA TEOR\u00cdA DE LA JUSTICIA\u00a0\u00a0 \u00a0\u00a0\u00a0 \u00a0297 Jos\u00e9 Antonio S\u00e1nchez Rub\u00edn PROTECCI\u00d3N CONSTITUCIONAL EN CONTRATOS CON ABUSO DE PODER\u00a0\u00a0 \u00a0\u00a0\u00a0 \u00a0349 Rodrigo Gil Ljubetic LA PROPORCIONALIDAD Y EL C\u00daMULO DE LA RESOLUCI\u00d3N CON LA INDEMNIZACI\u00d3N DE PERJUICIOS\u00a0\u00a0 \u00a0\u00a0\u00a0 \u00a0381 Joaqu\u00edn Polit Corval\u00e1n ACCI\u00d3N DE PROTECCI\u00d3N Y CONSUMIDORES\u00a0\u00a0 \u00a0\u00a0\u00a0 \u00a0423 Francisco Alvarado Garc\u00eda Camilo Vergara Santelices DERECHOS DE LOS CONSUMIDORES Y CONSTITUCI\u00d3N\u00a0\u00a0 \u00a0\u00a0\u00a0 \u00a0471 Gabriel Hern\u00e1ndez Paulsen Sebasti\u00e1n Campos Micin<\/p>\n","protected":false},"featured_media":3966,"comment_status":"open","ping_status":"closed","template":"","meta":{"inline_featured_image":false,"_joinchat":[]},"product_brand":[],"product_cat":[27,33],"product_tag":[],"class_list":{"0":"post-3912","1":"product","2":"type-product","3":"status-publish","4":"has-post-thumbnail","6":"product_cat-civil","7":"product_cat-constitucional","8":"product_shipping_class-a-convenir","10":"first","11":"instock","12":"shipping-taxable","13":"purchasable","14":"product-type-simple"},"_links":{"self":[{"href":"https:\/\/bibliotecajuridicavirtual.cl\/index.php\/wp-json\/wp\/v2\/product\/3912","targetHints":{"allow":["GET"]}}],"collection":[{"href":"https:\/\/bibliotecajuridicavirtual.cl\/index.php\/wp-json\/wp\/v2\/product"}],"about":[{"href":"https:\/\/bibliotecajuridicavirtual.cl\/index.php\/wp-json\/wp\/v2\/types\/product"}],"replies":[{"embeddable":true,"href":"https:\/\/bibliotecajuridicavirtual.cl\/index.php\/wp-json\/wp\/v2\/comments?post=3912"}],"wp:featuredmedia":[{"embeddable":true,"href":"https:\/\/bibliotecajuridicavirtual.cl\/index.php\/wp-json\/wp\/v2\/media\/3966"}],"wp:attachment":[{"href":"https:\/\/bibliotecajuridicavirtual.cl\/index.php\/wp-json\/wp\/v2\/media?parent=3912"}],"wp:term":[{"taxonomy":"product_brand","embeddable":true,"href":"https:\/\/bibliotecajuridicavirtual.cl\/index.php\/wp-json\/wp\/v2\/product_brand?post=3912"},{"taxonomy":"product_cat","embeddable":true,"href":"https:\/\/bibliotecajuridicavirtual.cl\/index.php\/wp-json\/wp\/v2\/product_cat?post=3912"},{"taxonomy":"product_tag","embeddable":true,"href":"https:\/\/bibliotecajuridicavirtual.cl\/index.php\/wp-json\/wp\/v2\/product_tag?post=3912"}],"curies":[{"name":"wp","href":"https:\/\/api.w.org\/{rel}","templated":true}]}}