{"id":3937,"date":"2026-02-28T01:21:41","date_gmt":"2026-02-28T04:21:41","guid":{"rendered":"https:\/\/bibliotecajuridicavirtual.cl\/?post_type=product&#038;p=3937"},"modified":"2026-02-28T01:21:47","modified_gmt":"2026-02-28T04:21:47","slug":"la-critica-al-discurso-de-los-derechos-humanos-el-origen-ano-2018-420-pag-autor-julio-alvear-tellez","status":"publish","type":"product","link":"https:\/\/bibliotecajuridicavirtual.cl\/index.php\/product\/la-critica-al-discurso-de-los-derechos-humanos-el-origen-ano-2018-420-pag-autor-julio-alvear-tellez\/","title":{"rendered":"La cr\u00edtica al discurso de los Derechos Humanos El origen. A\u00f1o 2018 \/ 420 P\u00e1g. Autor  Julio Alvear T\u00e9llez"},"content":{"rendered":"<p>El discurso actual sobre los derechos humanos tiene su origen en las elucubraciones<br \/>\nfantasiosas del parti philosophique del siglo XVIII. De ah\u00ed provienen<br \/>\ntodos sus problemas. El problema jur\u00eddico, porque no siempre la ret\u00f3rica de<br \/>\nlos derechos humanos coincide con los imperativos de justicia; el problema<br \/>\npol\u00edtico, porque ciertos derechos resultan funcionales a los proyectos omnicomprensivos<br \/>\nde reingenier\u00eda social que se imponen desde el Poder; el problema<br \/>\nmetodol\u00f3gico, pues el lenguaje de los derechos humanos, m\u00e1s que una<br \/>\nt\u00e9cnica para proteger los bienes del hombre, construye un instrumento con<br \/>\nsentido de revoluci\u00f3n, dirigido a nivelar, amalgamar y corroer las relaciones<br \/>\nentre las personas y las cosas.<br \/>\nEs \u00e9sta la esencia de &#8220;La cr\u00edtica al discurso de los Derechos Humanos&#8221;. La obra<br \/>\nrevisa, con particular erudici\u00f3n, su momento gen\u00e9tico: el de la Revoluci\u00f3n<br \/>\nFrancesa y sus proyecciones hasta nuestros d\u00edas. Como se prueba a lo largo<br \/>\nde sus p\u00e1ginas, lo que en dicha revoluci\u00f3n se realiz\u00f3 en c\u00e1mara r\u00e1pida, se ha<br \/>\nrepetido en las sociedades occidentales en c\u00e1mara lenta, durante los dos \u00faltimos<br \/>\nsiglos. Una tendencia cada vez m\u00e1s radical, que apunta al subjetivismo<br \/>\njur\u00eddico (por parte del sujeto de derechos) y al absolutismo jur\u00eddico (por parte<br \/>\ndel Estado). En la actualidad, nos encaminamos hacia a un derecho de tipo<br \/>\nhologr\u00e1fi co, es decir, sin consistencia, construido de espaldas a la realidad y a<br \/>\nsus exigencias b\u00e1sicas.<\/p>\n<p>&nbsp;<\/p>\n","protected":false},"excerpt":{"rendered":"<p>El discurso actual sobre los derechos humanos tiene su origen en las elucubraciones fantasiosas del parti philosophique del siglo XVIII. De ah\u00ed provienen todos sus problemas. El problema jur\u00eddico, porque no siempre la ret\u00f3rica de los derechos humanos coincide con los imperativos de justicia; el problema pol\u00edtico, porque ciertos derechos resultan funcionales a los proyectos omnicomprensivos de reingenier\u00eda social que se imponen desde el Poder; el problema metodol\u00f3gico, pues el lenguaje de los derechos humanos, m\u00e1s que una t\u00e9cnica para proteger los bienes del hombre, construye un instrumento con sentido de revoluci\u00f3n, dirigido a nivelar, amalgamar y corroer las relaciones entre las personas y las cosas. Es \u00e9sta la esencia de &#8220;La cr\u00edtica al discurso de los Derechos Humanos&#8221;. La obra revisa, con particular erudici\u00f3n, su momento gen\u00e9tico: el de la Revoluci\u00f3n Francesa y sus proyecciones hasta nuestros d\u00edas. Como se prueba a lo largo de sus p\u00e1ginas, lo que en dicha revoluci\u00f3n se realiz\u00f3 en c\u00e1mara r\u00e1pida, se ha repetido en las sociedades occidentales en c\u00e1mara lenta, durante los dos \u00faltimos siglos. Una tendencia cada vez m\u00e1s radical, que apunta al subjetivismo jur\u00eddico (por parte del sujeto de derechos) y al absolutismo jur\u00eddico (por parte del Estado). En la actualidad, nos encaminamos hacia a un derecho de tipo hologr\u00e1fi co, es decir, sin consistencia, construido de espaldas a la realidad y a sus exigencias b\u00e1sicas. &nbsp;<\/p>\n","protected":false},"featured_media":3967,"comment_status":"open","ping_status":"closed","template":"","meta":{"inline_featured_image":false,"_joinchat":[]},"product_brand":[],"product_cat":[44],"product_tag":[],"class_list":{"0":"post-3937","1":"product","2":"type-product","3":"status-publish","4":"has-post-thumbnail","6":"product_cat-filosofia-del-derecho-y-introduccion","7":"product_shipping_class-a-convenir","9":"first","10":"instock","11":"shipping-taxable","12":"purchasable","13":"product-type-simple"},"_links":{"self":[{"href":"https:\/\/bibliotecajuridicavirtual.cl\/index.php\/wp-json\/wp\/v2\/product\/3937","targetHints":{"allow":["GET"]}}],"collection":[{"href":"https:\/\/bibliotecajuridicavirtual.cl\/index.php\/wp-json\/wp\/v2\/product"}],"about":[{"href":"https:\/\/bibliotecajuridicavirtual.cl\/index.php\/wp-json\/wp\/v2\/types\/product"}],"replies":[{"embeddable":true,"href":"https:\/\/bibliotecajuridicavirtual.cl\/index.php\/wp-json\/wp\/v2\/comments?post=3937"}],"wp:featuredmedia":[{"embeddable":true,"href":"https:\/\/bibliotecajuridicavirtual.cl\/index.php\/wp-json\/wp\/v2\/media\/3967"}],"wp:attachment":[{"href":"https:\/\/bibliotecajuridicavirtual.cl\/index.php\/wp-json\/wp\/v2\/media?parent=3937"}],"wp:term":[{"taxonomy":"product_brand","embeddable":true,"href":"https:\/\/bibliotecajuridicavirtual.cl\/index.php\/wp-json\/wp\/v2\/product_brand?post=3937"},{"taxonomy":"product_cat","embeddable":true,"href":"https:\/\/bibliotecajuridicavirtual.cl\/index.php\/wp-json\/wp\/v2\/product_cat?post=3937"},{"taxonomy":"product_tag","embeddable":true,"href":"https:\/\/bibliotecajuridicavirtual.cl\/index.php\/wp-json\/wp\/v2\/product_tag?post=3937"}],"curies":[{"name":"wp","href":"https:\/\/api.w.org\/{rel}","templated":true}]}}