{"id":3939,"date":"2026-02-28T01:21:41","date_gmt":"2026-02-28T04:21:41","guid":{"rendered":"https:\/\/bibliotecajuridicavirtual.cl\/?post_type=product&#038;p=3939"},"modified":"2026-02-28T01:21:48","modified_gmt":"2026-02-28T04:21:48","slug":"nova-criminis-visiones-criminologicas-de-la-justicia-penal-vol-9-no-14-diciembre-2017-ano-2018-337-pag-autor-libro-escrito-por-varios-autores","status":"publish","type":"product","link":"https:\/\/bibliotecajuridicavirtual.cl\/index.php\/product\/nova-criminis-visiones-criminologicas-de-la-justicia-penal-vol-9-no-14-diciembre-2017-ano-2018-337-pag-autor-libro-escrito-por-varios-autores\/","title":{"rendered":"Nova Criminis . Visiones Criminol\u00f3gicas de la Justicia Penal Vol. 9 N\u00ba 14 Diciembre 2017. A\u00f1o 2018\/ 337 P\u00e1g. Autor  Libro Escrito por Varios Autores"},"content":{"rendered":"<p>Tabla de Contenido<\/p>\n<p>&nbsp;<\/p>\n<p>Miradas Expertas<\/p>\n<p>&nbsp;<\/p>\n<p>La\u00a0 radicalizaci\u00f3n de la democracia. Conflicto, Movimientos sociales y terrorismo, por Vicenzo Ruggiero.<\/p>\n<p>Populismo Penal: Historia, balance dilemas y perspectivas de un concepto, por M\u00e1ximo\u00a0 Sozzo.<\/p>\n<p>Corrupci\u00f3n y Crimen Organizado : La fragilidad estatal de Per\u00fa, por Lucia Dammert.<\/p>\n<p>An\u00e1lisis Tem\u00e1tico<\/p>\n<p>&nbsp;<\/p>\n<p>El principio de legalidad y la responsabilidad \u00b4penal del empresario en una sentencia de Tribunal Constitucional Espa\u00f1ol, Por Santiago\u00a0 Zarate Gonz\u00e1lez.<\/p>\n<p>Eficacia de la investigaci\u00f3n criminal en los delitos\u00a0 de robo con violencia o intimidaci\u00f3n. An\u00e1lisis de las primeras diligencias, por Nicol\u00e1s Aristegui Ivanovic.<\/p>\n<p>Debilidades de la justicia penal en delitos\u00a0 CIF de menor\u00a0 entidad, por Navai Valdivia Lagos<\/p>\n<p>Rese\u00f1as<\/p>\n<p>La inflaci\u00f3n punitiva, de m\u00e1ximo Sozzo, por Tamara Santos.<\/p>\n<p>&nbsp;<\/p>\n","protected":false},"excerpt":{"rendered":"<p>Tabla de Contenido &nbsp; Miradas Expertas &nbsp; La\u00a0 radicalizaci\u00f3n de la democracia. Conflicto, Movimientos sociales y terrorismo, por Vicenzo Ruggiero. Populismo Penal: Historia, balance dilemas y perspectivas de un concepto, por M\u00e1ximo\u00a0 Sozzo. Corrupci\u00f3n y Crimen Organizado : La fragilidad estatal de Per\u00fa, por Lucia Dammert. An\u00e1lisis Tem\u00e1tico &nbsp; El principio de legalidad y la responsabilidad \u00b4penal del empresario en una sentencia de Tribunal Constitucional Espa\u00f1ol, Por Santiago\u00a0 Zarate Gonz\u00e1lez. Eficacia de la investigaci\u00f3n criminal en los delitos\u00a0 de robo con violencia o intimidaci\u00f3n. An\u00e1lisis de las primeras diligencias, por Nicol\u00e1s Aristegui Ivanovic. Debilidades de la justicia penal en delitos\u00a0 CIF de menor\u00a0 entidad, por Navai Valdivia Lagos Rese\u00f1as La inflaci\u00f3n punitiva, de m\u00e1ximo Sozzo, por Tamara Santos. &nbsp;<\/p>\n","protected":false},"featured_media":3969,"comment_status":"open","ping_status":"closed","template":"","meta":{"inline_featured_image":false,"_joinchat":[]},"product_brand":[],"product_cat":[30],"product_tag":[],"class_list":{"0":"post-3939","1":"product","2":"type-product","3":"status-publish","4":"has-post-thumbnail","6":"product_cat-penal","7":"product_shipping_class-a-convenir","9":"first","10":"instock","11":"shipping-taxable","12":"purchasable","13":"product-type-simple"},"_links":{"self":[{"href":"https:\/\/bibliotecajuridicavirtual.cl\/index.php\/wp-json\/wp\/v2\/product\/3939","targetHints":{"allow":["GET"]}}],"collection":[{"href":"https:\/\/bibliotecajuridicavirtual.cl\/index.php\/wp-json\/wp\/v2\/product"}],"about":[{"href":"https:\/\/bibliotecajuridicavirtual.cl\/index.php\/wp-json\/wp\/v2\/types\/product"}],"replies":[{"embeddable":true,"href":"https:\/\/bibliotecajuridicavirtual.cl\/index.php\/wp-json\/wp\/v2\/comments?post=3939"}],"wp:featuredmedia":[{"embeddable":true,"href":"https:\/\/bibliotecajuridicavirtual.cl\/index.php\/wp-json\/wp\/v2\/media\/3969"}],"wp:attachment":[{"href":"https:\/\/bibliotecajuridicavirtual.cl\/index.php\/wp-json\/wp\/v2\/media?parent=3939"}],"wp:term":[{"taxonomy":"product_brand","embeddable":true,"href":"https:\/\/bibliotecajuridicavirtual.cl\/index.php\/wp-json\/wp\/v2\/product_brand?post=3939"},{"taxonomy":"product_cat","embeddable":true,"href":"https:\/\/bibliotecajuridicavirtual.cl\/index.php\/wp-json\/wp\/v2\/product_cat?post=3939"},{"taxonomy":"product_tag","embeddable":true,"href":"https:\/\/bibliotecajuridicavirtual.cl\/index.php\/wp-json\/wp\/v2\/product_tag?post=3939"}],"curies":[{"name":"wp","href":"https:\/\/api.w.org\/{rel}","templated":true}]}}