{"id":3940,"date":"2026-02-28T01:21:41","date_gmt":"2026-02-28T04:21:41","guid":{"rendered":"https:\/\/bibliotecajuridicavirtual.cl\/?post_type=product&#038;p=3940"},"modified":"2026-02-28T01:21:49","modified_gmt":"2026-02-28T04:21:49","slug":"el-derecho-penal-liberal-los-principios-cardinales-ano-2018-210-pag-autor-carlos-kunsemuller-loebenfelder","status":"publish","type":"product","link":"https:\/\/bibliotecajuridicavirtual.cl\/index.php\/product\/el-derecho-penal-liberal-los-principios-cardinales-ano-2018-210-pag-autor-carlos-kunsemuller-loebenfelder\/","title":{"rendered":"El Derecho Penal Liberal . Los Principios Cardinales. A\u00f1o 2018\/ 210 P\u00e1g. Autor Carlos Kunsemuller Loebenfelder"},"content":{"rendered":"<p><b>Libro en papel s\u00f3lo disponible en IBD (impresi\u00f3n bajo demanda). El libro bajo demanda se imprime de forma autom\u00e1tica y de manera exclusiva para cada cliente. No admite devoluci\u00f3n.<\/b><\/p>\n<p>Varios art\u00edculos publicados en el pasado en diversas revistas jur\u00eddicas y mi experiencia como magistrado de la Segunda Sala (Penal) de la Excma. Corte Suprema, constituyen los motivos poderosos que me determinaron a redactar esta breve monograf\u00eda, cuyo objetivo principal, m\u00e1s all\u00e1 de lo expositivo, es destacar la necesidad de mantener vigente, en sus postulados irrenunciables ?adecuados a la \u00e9poca contempor\u00e1nea? el Derecho Penal liberal, en el cual me eduqu\u00e9, el cual he ense\u00f1ado por cuarenta a\u00f1os, el cual es gu\u00eda en mi tarea jurisdiccional y en el que creo firmemente, con las inevitables limitaciones de toda obra humana. Los principios cardinales seleccionados son el nulla poena sine culpa, el de protecci\u00f3n de bienes jur\u00eddicos y el de lesividad, por haber sido objeto de mi especial atenci\u00f3n como acad\u00e9mico y estar directamente vinculados al quehacer judicial.<\/p>\n<p>&nbsp;<\/p>\n<p>&nbsp;<\/p>\n","protected":false},"excerpt":{"rendered":"<p>Libro en papel s\u00f3lo disponible en IBD (impresi\u00f3n bajo demanda). El libro bajo demanda se imprime de forma autom\u00e1tica y de manera exclusiva para cada cliente. No admite devoluci\u00f3n. Varios art\u00edculos publicados en el pasado en diversas revistas jur\u00eddicas y mi experiencia como magistrado de la Segunda Sala (Penal) de la Excma. Corte Suprema, constituyen los motivos poderosos que me determinaron a redactar esta breve monograf\u00eda, cuyo objetivo principal, m\u00e1s all\u00e1 de lo expositivo, es destacar la necesidad de mantener vigente, en sus postulados irrenunciables ?adecuados a la \u00e9poca contempor\u00e1nea? el Derecho Penal liberal, en el cual me eduqu\u00e9, el cual he ense\u00f1ado por cuarenta a\u00f1os, el cual es gu\u00eda en mi tarea jurisdiccional y en el que creo firmemente, con las inevitables limitaciones de toda obra humana. Los principios cardinales seleccionados son el nulla poena sine culpa, el de protecci\u00f3n de bienes jur\u00eddicos y el de lesividad, por haber sido objeto de mi especial atenci\u00f3n como acad\u00e9mico y estar directamente vinculados al quehacer judicial. &nbsp; &nbsp;<\/p>\n","protected":false},"featured_media":3970,"comment_status":"open","ping_status":"closed","template":"","meta":{"inline_featured_image":false,"_joinchat":[]},"product_brand":[],"product_cat":[30],"product_tag":[],"class_list":{"0":"post-3940","1":"product","2":"type-product","3":"status-publish","4":"has-post-thumbnail","6":"product_cat-penal","7":"product_shipping_class-a-convenir","9":"first","10":"instock","11":"shipping-taxable","12":"purchasable","13":"product-type-simple"},"_links":{"self":[{"href":"https:\/\/bibliotecajuridicavirtual.cl\/index.php\/wp-json\/wp\/v2\/product\/3940","targetHints":{"allow":["GET"]}}],"collection":[{"href":"https:\/\/bibliotecajuridicavirtual.cl\/index.php\/wp-json\/wp\/v2\/product"}],"about":[{"href":"https:\/\/bibliotecajuridicavirtual.cl\/index.php\/wp-json\/wp\/v2\/types\/product"}],"replies":[{"embeddable":true,"href":"https:\/\/bibliotecajuridicavirtual.cl\/index.php\/wp-json\/wp\/v2\/comments?post=3940"}],"wp:featuredmedia":[{"embeddable":true,"href":"https:\/\/bibliotecajuridicavirtual.cl\/index.php\/wp-json\/wp\/v2\/media\/3970"}],"wp:attachment":[{"href":"https:\/\/bibliotecajuridicavirtual.cl\/index.php\/wp-json\/wp\/v2\/media?parent=3940"}],"wp:term":[{"taxonomy":"product_brand","embeddable":true,"href":"https:\/\/bibliotecajuridicavirtual.cl\/index.php\/wp-json\/wp\/v2\/product_brand?post=3940"},{"taxonomy":"product_cat","embeddable":true,"href":"https:\/\/bibliotecajuridicavirtual.cl\/index.php\/wp-json\/wp\/v2\/product_cat?post=3940"},{"taxonomy":"product_tag","embeddable":true,"href":"https:\/\/bibliotecajuridicavirtual.cl\/index.php\/wp-json\/wp\/v2\/product_tag?post=3940"}],"curies":[{"name":"wp","href":"https:\/\/api.w.org\/{rel}","templated":true}]}}