{"id":3941,"date":"2026-02-28T01:21:41","date_gmt":"2026-02-28T04:21:41","guid":{"rendered":"https:\/\/bibliotecajuridicavirtual.cl\/?post_type=product&#038;p=3941"},"modified":"2026-02-28T01:21:49","modified_gmt":"2026-02-28T04:21:49","slug":"el-fascismo-como-regimen-de-la-mentira-ano-2018-180-pag-autor-piero-calamandrei-jacobo-barja-de-quiroga-lopez-y-rachele-facchi","status":"publish","type":"product","link":"https:\/\/bibliotecajuridicavirtual.cl\/index.php\/product\/el-fascismo-como-regimen-de-la-mentira-ano-2018-180-pag-autor-piero-calamandrei-jacobo-barja-de-quiroga-lopez-y-rachele-facchi\/","title":{"rendered":"El Fascismo como r\u00e9gimen de la mentira. A\u00f1o 2018 \/ 180 P\u00e1g. Autor Piero Calamandrei, Jacobo Barja de Quiroga L\u00f3pez y Rachele Facchi"},"content":{"rendered":"<p>Piero Calamadrei fue un conocido e importante procesalista italiano cuyas ense\u00f1anzas superaron fronteras; pero, tambi\u00e9n fue un Diputado constitucionalista gran luchador en favor de las libertades; y, adem\u00e1s tuvo que sufrir la dictadura fascista de Mussolini; los nefastos veinte a\u00f1os que hundieron en todos los sentidos a su querido pa\u00eds, Italia. Calamandrei, preocupado por la posible vuelta del fascismo, luch\u00f3 enconadamente<br \/>\npara que no cayera en el olvido lo que hab\u00eda supuesto. Este libro contiene las grandes mentiras del fascismo (y sus ficciones) sobre las que se edific\u00f3 y mantuvo el r\u00e9gimen fascista y, naturalmente, Calamandrei las desmonta, una a una, poniendo de manifiesto lo que realmente era (es) el fascismo. No se trata de una mirada a las leyes emitidas por el r\u00e9gimen fascista, pues el propio r\u00e9gimen se ocupaba de que no fueran aplicadas en aquellas partes que no le interesaban, sino que se trata de un relato pegado a la realidad; a lo que de<br \/>\nhecho fue el fascismo. El lector encontrar\u00e1 aqu\u00ed, con un estilo claro y directo, alejado de cuestiones<br \/>\nlegales (aunque naturalmente tambi\u00e9n sean objeto de un cierto examen), la realidad del fascismo y sus mentiras. El fascismo con su sangrienta plasmaci\u00f3n sobre los ciudadanos. Un libro que no dejar\u00e1 indiferente al lector y le proporcionar\u00e1 razones importantes para la reflexi\u00f3n.<\/p>\n<p>&nbsp;<\/p>\n","protected":false},"excerpt":{"rendered":"<p>Piero Calamadrei fue un conocido e importante procesalista italiano cuyas ense\u00f1anzas superaron fronteras; pero, tambi\u00e9n fue un Diputado constitucionalista gran luchador en favor de las libertades; y, adem\u00e1s tuvo que sufrir la dictadura fascista de Mussolini; los nefastos veinte a\u00f1os que hundieron en todos los sentidos a su querido pa\u00eds, Italia. Calamandrei, preocupado por la posible vuelta del fascismo, luch\u00f3 enconadamente para que no cayera en el olvido lo que hab\u00eda supuesto. Este libro contiene las grandes mentiras del fascismo (y sus ficciones) sobre las que se edific\u00f3 y mantuvo el r\u00e9gimen fascista y, naturalmente, Calamandrei las desmonta, una a una, poniendo de manifiesto lo que realmente era (es) el fascismo. No se trata de una mirada a las leyes emitidas por el r\u00e9gimen fascista, pues el propio r\u00e9gimen se ocupaba de que no fueran aplicadas en aquellas partes que no le interesaban, sino que se trata de un relato pegado a la realidad; a lo que de hecho fue el fascismo. El lector encontrar\u00e1 aqu\u00ed, con un estilo claro y directo, alejado de cuestiones legales (aunque naturalmente tambi\u00e9n sean objeto de un cierto examen), la realidad del fascismo y sus mentiras. El fascismo con su sangrienta plasmaci\u00f3n sobre los ciudadanos. Un libro que no dejar\u00e1 indiferente al lector y le proporcionar\u00e1 razones importantes para la reflexi\u00f3n. &nbsp;<\/p>\n","protected":false},"featured_media":3971,"comment_status":"open","ping_status":"closed","template":"","meta":{"inline_featured_image":false,"_joinchat":[]},"product_brand":[],"product_cat":[44],"product_tag":[],"class_list":{"0":"post-3941","1":"product","2":"type-product","3":"status-publish","4":"has-post-thumbnail","6":"product_cat-filosofia-del-derecho-y-introduccion","7":"product_shipping_class-a-convenir","9":"first","10":"instock","11":"shipping-taxable","12":"purchasable","13":"product-type-simple"},"_links":{"self":[{"href":"https:\/\/bibliotecajuridicavirtual.cl\/index.php\/wp-json\/wp\/v2\/product\/3941","targetHints":{"allow":["GET"]}}],"collection":[{"href":"https:\/\/bibliotecajuridicavirtual.cl\/index.php\/wp-json\/wp\/v2\/product"}],"about":[{"href":"https:\/\/bibliotecajuridicavirtual.cl\/index.php\/wp-json\/wp\/v2\/types\/product"}],"replies":[{"embeddable":true,"href":"https:\/\/bibliotecajuridicavirtual.cl\/index.php\/wp-json\/wp\/v2\/comments?post=3941"}],"wp:featuredmedia":[{"embeddable":true,"href":"https:\/\/bibliotecajuridicavirtual.cl\/index.php\/wp-json\/wp\/v2\/media\/3971"}],"wp:attachment":[{"href":"https:\/\/bibliotecajuridicavirtual.cl\/index.php\/wp-json\/wp\/v2\/media?parent=3941"}],"wp:term":[{"taxonomy":"product_brand","embeddable":true,"href":"https:\/\/bibliotecajuridicavirtual.cl\/index.php\/wp-json\/wp\/v2\/product_brand?post=3941"},{"taxonomy":"product_cat","embeddable":true,"href":"https:\/\/bibliotecajuridicavirtual.cl\/index.php\/wp-json\/wp\/v2\/product_cat?post=3941"},{"taxonomy":"product_tag","embeddable":true,"href":"https:\/\/bibliotecajuridicavirtual.cl\/index.php\/wp-json\/wp\/v2\/product_tag?post=3941"}],"curies":[{"name":"wp","href":"https:\/\/api.w.org\/{rel}","templated":true}]}}