{"id":3942,"date":"2026-02-28T01:21:41","date_gmt":"2026-02-28T04:21:41","guid":{"rendered":"https:\/\/bibliotecajuridicavirtual.cl\/?post_type=product&#038;p=3942"},"modified":"2026-02-28T01:21:50","modified_gmt":"2026-02-28T04:21:50","slug":"argumentacion-juridica-ano-2019-149-pag-autor-nelson-pozo-silva","status":"publish","type":"product","link":"https:\/\/bibliotecajuridicavirtual.cl\/index.php\/product\/argumentacion-juridica-ano-2019-149-pag-autor-nelson-pozo-silva\/","title":{"rendered":"Argumentaci\u00f3n Jur\u00eddica. A\u00f1o 2019 \/ 149 P\u00e1g. Autor Nelson Pozo Silva"},"content":{"rendered":"<p style=\"font-weight: 400;\"><span style=\"color: #000000;\"><a style=\"color: #000000;\" href=\"http:\/\/www.librotecnia.cl\/sitioweb\/producto_detalle2005\">La presente obra corresponde a ensayos relativos a la Taxatividad, Objeci\u00f3n de conciencia, Imputabilidad y medida de seguridad, y a la Constitucionalizaci\u00f3n del Derecho Penal.<\/a><\/span><\/p>\n<p style=\"font-weight: 400;\"><span style=\"color: #000000;\"><a style=\"color: #000000;\" href=\"http:\/\/www.librotecnia.cl\/sitioweb\/producto_detalle2005\">Estas materias son una nueva visi\u00f3n del derecho penal desde una mirada del constitucionalismo moderno. Es decir, de aquello que se denomina los principios constitucionales aplicados al saber jur\u00eddico-penal cient\u00edfico marcado por el sello pol\u00edticamente liberal.<\/a><\/span><\/p>\n<p style=\"font-weight: 400;\">\n","protected":false},"excerpt":{"rendered":"<p>La presente obra corresponde a ensayos relativos a la Taxatividad, Objeci\u00f3n de conciencia, Imputabilidad y medida de seguridad, y a la Constitucionalizaci\u00f3n del Derecho Penal. Estas materias son una nueva visi\u00f3n del derecho penal desde una mirada del constitucionalismo moderno. Es decir, de aquello que se denomina los principios constitucionales aplicados al saber jur\u00eddico-penal cient\u00edfico marcado por el sello pol\u00edticamente liberal.<\/p>\n","protected":false},"featured_media":3972,"comment_status":"open","ping_status":"closed","template":"","meta":{"inline_featured_image":false,"_joinchat":[]},"product_brand":[],"product_cat":[33],"product_tag":[],"class_list":{"0":"post-3942","1":"product","2":"type-product","3":"status-publish","4":"has-post-thumbnail","6":"product_cat-constitucional","7":"product_shipping_class-a-convenir","9":"first","10":"instock","11":"shipping-taxable","12":"purchasable","13":"product-type-simple"},"_links":{"self":[{"href":"https:\/\/bibliotecajuridicavirtual.cl\/index.php\/wp-json\/wp\/v2\/product\/3942","targetHints":{"allow":["GET"]}}],"collection":[{"href":"https:\/\/bibliotecajuridicavirtual.cl\/index.php\/wp-json\/wp\/v2\/product"}],"about":[{"href":"https:\/\/bibliotecajuridicavirtual.cl\/index.php\/wp-json\/wp\/v2\/types\/product"}],"replies":[{"embeddable":true,"href":"https:\/\/bibliotecajuridicavirtual.cl\/index.php\/wp-json\/wp\/v2\/comments?post=3942"}],"wp:featuredmedia":[{"embeddable":true,"href":"https:\/\/bibliotecajuridicavirtual.cl\/index.php\/wp-json\/wp\/v2\/media\/3972"}],"wp:attachment":[{"href":"https:\/\/bibliotecajuridicavirtual.cl\/index.php\/wp-json\/wp\/v2\/media?parent=3942"}],"wp:term":[{"taxonomy":"product_brand","embeddable":true,"href":"https:\/\/bibliotecajuridicavirtual.cl\/index.php\/wp-json\/wp\/v2\/product_brand?post=3942"},{"taxonomy":"product_cat","embeddable":true,"href":"https:\/\/bibliotecajuridicavirtual.cl\/index.php\/wp-json\/wp\/v2\/product_cat?post=3942"},{"taxonomy":"product_tag","embeddable":true,"href":"https:\/\/bibliotecajuridicavirtual.cl\/index.php\/wp-json\/wp\/v2\/product_tag?post=3942"}],"curies":[{"name":"wp","href":"https:\/\/api.w.org\/{rel}","templated":true}]}}