{"id":3943,"date":"2026-02-28T01:21:41","date_gmt":"2026-02-28T04:21:41","guid":{"rendered":"https:\/\/bibliotecajuridicavirtual.cl\/?post_type=product&#038;p=3943"},"modified":"2026-02-28T01:21:51","modified_gmt":"2026-02-28T04:21:51","slug":"la-codificacion-y-decodificacion-del-derecho-internacional-por-los-organismos-internacionales-ano-2018-146-pag-autor-samuel-fernandez-illanes","status":"publish","type":"product","link":"https:\/\/bibliotecajuridicavirtual.cl\/index.php\/product\/la-codificacion-y-decodificacion-del-derecho-internacional-por-los-organismos-internacionales-ano-2018-146-pag-autor-samuel-fernandez-illanes\/","title":{"rendered":"La Codificaci\u00f3n y Decodificaci\u00f3n del Derecho Internacional por los Organismos Internacionales. A\u00f1o 2018\/ 146 P\u00e1g. Autor Samuel Fern\u00e1ndez Illanes"},"content":{"rendered":"<p>Libro en papel s\u00f3lo disponible en IBD (impresi\u00f3n bajo demanda). El libro bajo demanda se imprime de forma autom\u00e1tica y de manera exclusiva para cada cliente. No admite devoluci\u00f3n.<\/p>\n<p>El Derecho Internacional evoluciona y legisla m\u00faltiples disciplinas p\u00fablicas y privadas. El tradicional objetivo de codifi caci\u00f3n y desarrollo progresivo, est\u00e1 superado y reemplazado por la decodifi caci\u00f3n y fragmentaci\u00f3n. Una nueva realidad jur\u00eddica, acorde con las relaciones internacionales, especializaciones, ciencias y tecnolog\u00edas actuales y futuras. Los organismos internacionales han sido esenciales para su creaci\u00f3n y deber\u00e1n afrontarla. Este trabajo analiza parte de lo realizado y los nuevos desaf\u00edos.<\/p>\n","protected":false},"excerpt":{"rendered":"<p>Libro en papel s\u00f3lo disponible en IBD (impresi\u00f3n bajo demanda). El libro bajo demanda se imprime de forma autom\u00e1tica y de manera exclusiva para cada cliente. No admite devoluci\u00f3n. El Derecho Internacional evoluciona y legisla m\u00faltiples disciplinas p\u00fablicas y privadas. El tradicional objetivo de codifi caci\u00f3n y desarrollo progresivo, est\u00e1 superado y reemplazado por la decodifi caci\u00f3n y fragmentaci\u00f3n. Una nueva realidad jur\u00eddica, acorde con las relaciones internacionales, especializaciones, ciencias y tecnolog\u00edas actuales y futuras. Los organismos internacionales han sido esenciales para su creaci\u00f3n y deber\u00e1n afrontarla. Este trabajo analiza parte de lo realizado y los nuevos desaf\u00edos.<\/p>\n","protected":false},"featured_media":3973,"comment_status":"open","ping_status":"closed","template":"","meta":{"inline_featured_image":false,"_joinchat":[]},"product_brand":[],"product_cat":[43],"product_tag":[],"class_list":{"0":"post-3943","1":"product","2":"type-product","3":"status-publish","4":"has-post-thumbnail","6":"product_cat-derecho-internacional","7":"product_shipping_class-a-convenir","9":"first","10":"instock","11":"shipping-taxable","12":"purchasable","13":"product-type-simple"},"_links":{"self":[{"href":"https:\/\/bibliotecajuridicavirtual.cl\/index.php\/wp-json\/wp\/v2\/product\/3943","targetHints":{"allow":["GET"]}}],"collection":[{"href":"https:\/\/bibliotecajuridicavirtual.cl\/index.php\/wp-json\/wp\/v2\/product"}],"about":[{"href":"https:\/\/bibliotecajuridicavirtual.cl\/index.php\/wp-json\/wp\/v2\/types\/product"}],"replies":[{"embeddable":true,"href":"https:\/\/bibliotecajuridicavirtual.cl\/index.php\/wp-json\/wp\/v2\/comments?post=3943"}],"wp:featuredmedia":[{"embeddable":true,"href":"https:\/\/bibliotecajuridicavirtual.cl\/index.php\/wp-json\/wp\/v2\/media\/3973"}],"wp:attachment":[{"href":"https:\/\/bibliotecajuridicavirtual.cl\/index.php\/wp-json\/wp\/v2\/media?parent=3943"}],"wp:term":[{"taxonomy":"product_brand","embeddable":true,"href":"https:\/\/bibliotecajuridicavirtual.cl\/index.php\/wp-json\/wp\/v2\/product_brand?post=3943"},{"taxonomy":"product_cat","embeddable":true,"href":"https:\/\/bibliotecajuridicavirtual.cl\/index.php\/wp-json\/wp\/v2\/product_cat?post=3943"},{"taxonomy":"product_tag","embeddable":true,"href":"https:\/\/bibliotecajuridicavirtual.cl\/index.php\/wp-json\/wp\/v2\/product_tag?post=3943"}],"curies":[{"name":"wp","href":"https:\/\/api.w.org\/{rel}","templated":true}]}}