{"id":3944,"date":"2026-02-28T01:21:41","date_gmt":"2026-02-28T04:21:41","guid":{"rendered":"https:\/\/bibliotecajuridicavirtual.cl\/?post_type=product&#038;p=3944"},"modified":"2026-02-28T01:21:51","modified_gmt":"2026-02-28T04:21:51","slug":"derecho-y-ciencia-ano-2015-239-pag-autor-jose-ramon-cossio","status":"publish","type":"product","link":"https:\/\/bibliotecajuridicavirtual.cl\/index.php\/product\/derecho-y-ciencia-ano-2015-239-pag-autor-jose-ramon-cossio\/","title":{"rendered":"Derecho y ciencia. A\u00f1o 2015 \/ 239 P\u00e1g. Autor Jos\u00e9 Ram\u00f3n Coss\u00edo"},"content":{"rendered":"<p>Para quienes aceptamos un enfoque positivo del derecho, existe un interesante problema, persistente y no siempre visible: \u00bfde d\u00f3nde obtiene el derecho su materialidad? Por decirlo de otra manera, \u00bfc\u00f3mo es que de la pura normatividad, los \u00f3rganos creadores del orden jur\u00eddico incorporan los elementos materiales que le dan contenido a las normas? En los procesos de creaci\u00f3n normativa que suelen agruparse bajo la denominaci\u00f3n &#8220;din\u00e1mica jur\u00eddica\u00b4,\u00b4 diversos \u00f3rganos tienen que obtener informaci\u00f3n, conceptos o sentidos que no se encuentran cabalmente expresados en las normas a partir de las cuales deben crearse otras, desde luego m\u00e1s individualizadas. El trabajo que conjuntamente con los miembros de &#8220;la ponencia&#8221; he tenido que realizar para resolver los casos en la Suprema Corte, me ha impulsado a reflexionar sobre el mismo quehacer. Es decir, lo hecho como ministro se ha constituido, tal vez como autoreflexividad, en parte de mi trabajo acad\u00e9mico. Ello es, precisamente, el contenido de lo que hoy conjunto como libro. Se trata de un conjunto de reflexiones realizadas a lo largo de varios a\u00f1os, en ocasiones para analizar ideas que luego me han servido para actuar como juez, para tratar de explicitar lo que como juez he hecho o para tratar de comprender c\u00f3mo es que la materialidad &#8220;no-jur\u00eddica&#8221; se incorpora o trabaja en lo jur\u00eddico y en lo judicial. Los casos judiciales, sean sentencias o votos particulares, los he recopilado en otros vol\u00famenes. Aqu\u00ed, repito, son ejercicios de reflexi\u00f3n no jurisdiccional, sino vinculados de ciertos modos, con lo jurisdiccional.<\/p>\n","protected":false},"excerpt":{"rendered":"<p>Para quienes aceptamos un enfoque positivo del derecho, existe un interesante problema, persistente y no siempre visible: \u00bfde d\u00f3nde obtiene el derecho su materialidad? Por decirlo de otra manera, \u00bfc\u00f3mo es que de la pura normatividad, los \u00f3rganos creadores del orden jur\u00eddico incorporan los elementos materiales que le dan contenido a las normas? En los procesos de creaci\u00f3n normativa que suelen agruparse bajo la denominaci\u00f3n &#8220;din\u00e1mica jur\u00eddica\u00b4,\u00b4 diversos \u00f3rganos tienen que obtener informaci\u00f3n, conceptos o sentidos que no se encuentran cabalmente expresados en las normas a partir de las cuales deben crearse otras, desde luego m\u00e1s individualizadas. El trabajo que conjuntamente con los miembros de &#8220;la ponencia&#8221; he tenido que realizar para resolver los casos en la Suprema Corte, me ha impulsado a reflexionar sobre el mismo quehacer. Es decir, lo hecho como ministro se ha constituido, tal vez como autoreflexividad, en parte de mi trabajo acad\u00e9mico. Ello es, precisamente, el contenido de lo que hoy conjunto como libro. Se trata de un conjunto de reflexiones realizadas a lo largo de varios a\u00f1os, en ocasiones para analizar ideas que luego me han servido para actuar como juez, para tratar de explicitar lo que como juez he hecho o para tratar de comprender c\u00f3mo es que la materialidad &#8220;no-jur\u00eddica&#8221; se incorpora o trabaja en lo jur\u00eddico y en lo judicial. Los casos judiciales, sean sentencias o votos particulares, los he recopilado en otros vol\u00famenes. Aqu\u00ed, repito, son ejercicios de reflexi\u00f3n no jurisdiccional, sino vinculados de ciertos modos, con lo jurisdiccional.<\/p>\n","protected":false},"featured_media":3974,"comment_status":"open","ping_status":"closed","template":"","meta":{"inline_featured_image":false,"_joinchat":[]},"product_brand":[],"product_cat":[44],"product_tag":[],"class_list":{"0":"post-3944","1":"product","2":"type-product","3":"status-publish","4":"has-post-thumbnail","6":"product_cat-filosofia-del-derecho-y-introduccion","7":"product_shipping_class-a-convenir","9":"first","10":"instock","11":"shipping-taxable","12":"purchasable","13":"product-type-simple"},"_links":{"self":[{"href":"https:\/\/bibliotecajuridicavirtual.cl\/index.php\/wp-json\/wp\/v2\/product\/3944","targetHints":{"allow":["GET"]}}],"collection":[{"href":"https:\/\/bibliotecajuridicavirtual.cl\/index.php\/wp-json\/wp\/v2\/product"}],"about":[{"href":"https:\/\/bibliotecajuridicavirtual.cl\/index.php\/wp-json\/wp\/v2\/types\/product"}],"replies":[{"embeddable":true,"href":"https:\/\/bibliotecajuridicavirtual.cl\/index.php\/wp-json\/wp\/v2\/comments?post=3944"}],"wp:featuredmedia":[{"embeddable":true,"href":"https:\/\/bibliotecajuridicavirtual.cl\/index.php\/wp-json\/wp\/v2\/media\/3974"}],"wp:attachment":[{"href":"https:\/\/bibliotecajuridicavirtual.cl\/index.php\/wp-json\/wp\/v2\/media?parent=3944"}],"wp:term":[{"taxonomy":"product_brand","embeddable":true,"href":"https:\/\/bibliotecajuridicavirtual.cl\/index.php\/wp-json\/wp\/v2\/product_brand?post=3944"},{"taxonomy":"product_cat","embeddable":true,"href":"https:\/\/bibliotecajuridicavirtual.cl\/index.php\/wp-json\/wp\/v2\/product_cat?post=3944"},{"taxonomy":"product_tag","embeddable":true,"href":"https:\/\/bibliotecajuridicavirtual.cl\/index.php\/wp-json\/wp\/v2\/product_tag?post=3944"}],"curies":[{"name":"wp","href":"https:\/\/api.w.org\/{rel}","templated":true}]}}