{"id":3946,"date":"2026-02-28T01:21:41","date_gmt":"2026-02-28T04:21:41","guid":{"rendered":"https:\/\/bibliotecajuridicavirtual.cl\/?post_type=product&#038;p=3946"},"modified":"2026-02-28T01:21:53","modified_gmt":"2026-02-28T04:21:53","slug":"argumentacion-juridica-ano-2014-518-pag-autor-marina-gascon-abellan","status":"publish","type":"product","link":"https:\/\/bibliotecajuridicavirtual.cl\/index.php\/product\/argumentacion-juridica-ano-2014-518-pag-autor-marina-gascon-abellan\/","title":{"rendered":"Argumentaci\u00f3n Jur\u00eddica. A\u00f1o 2014\/518 P\u00e1g. Autor Marina Gasc\u00f3n Abell\u00e1n"},"content":{"rendered":"<p>Este libro muestra el papel que le corresponde jugar a la argumentaci\u00f3n jur\u00eddica en el constitucionalismo contempor\u00e1neo. No pretende ser exhaustivo, pero s\u00ed comprensivo e integral. De un lado, sit\u00faa el surgimiento de la actual teor\u00eda de la argumentaci\u00f3n en su contexto hist\u00f3rico y te\u00f3rico. De otro, extiende su an\u00e1lisis a todos los planos de decisi\u00f3n jur\u00eddica: interpretaci\u00f3n, prueba y legislaci\u00f3n. En su primera parte se analizan los presupuestos y antecedentes de la teor\u00eda de la argumentaci\u00f3n en el Estado constitucional, para dar cuenta, ya en la segunda, de los principales desarrollos de la misma a trav\u00e9s de sus categor\u00edas centrales. Las partes tercera y cuarta se dedican respectivamente a los problemas de justificaci\u00f3n de la premisa normativa (problemas interpretativos) y de la premisa f\u00e1ctica (problemas de prueba). Por \u00faltimo, la rehabilitaci\u00f3n de la ciencia de la legislaci\u00f3n es el punto de partida de la quinta parte dedicada a la justificaci\u00f3n de las decisiones legislativas.<\/p>\n","protected":false},"excerpt":{"rendered":"<p>Este libro muestra el papel que le corresponde jugar a la argumentaci\u00f3n jur\u00eddica en el constitucionalismo contempor\u00e1neo. No pretende ser exhaustivo, pero s\u00ed comprensivo e integral. De un lado, sit\u00faa el surgimiento de la actual teor\u00eda de la argumentaci\u00f3n en su contexto hist\u00f3rico y te\u00f3rico. De otro, extiende su an\u00e1lisis a todos los planos de decisi\u00f3n jur\u00eddica: interpretaci\u00f3n, prueba y legislaci\u00f3n. En su primera parte se analizan los presupuestos y antecedentes de la teor\u00eda de la argumentaci\u00f3n en el Estado constitucional, para dar cuenta, ya en la segunda, de los principales desarrollos de la misma a trav\u00e9s de sus categor\u00edas centrales. Las partes tercera y cuarta se dedican respectivamente a los problemas de justificaci\u00f3n de la premisa normativa (problemas interpretativos) y de la premisa f\u00e1ctica (problemas de prueba). Por \u00faltimo, la rehabilitaci\u00f3n de la ciencia de la legislaci\u00f3n es el punto de partida de la quinta parte dedicada a la justificaci\u00f3n de las decisiones legislativas.<\/p>\n","protected":false},"featured_media":3976,"comment_status":"open","ping_status":"closed","template":"","meta":{"inline_featured_image":false,"_joinchat":[]},"product_brand":[],"product_cat":[44],"product_tag":[],"class_list":{"0":"post-3946","1":"product","2":"type-product","3":"status-publish","4":"has-post-thumbnail","6":"product_cat-filosofia-del-derecho-y-introduccion","7":"product_shipping_class-a-convenir","9":"first","10":"instock","11":"shipping-taxable","12":"purchasable","13":"product-type-simple"},"_links":{"self":[{"href":"https:\/\/bibliotecajuridicavirtual.cl\/index.php\/wp-json\/wp\/v2\/product\/3946","targetHints":{"allow":["GET"]}}],"collection":[{"href":"https:\/\/bibliotecajuridicavirtual.cl\/index.php\/wp-json\/wp\/v2\/product"}],"about":[{"href":"https:\/\/bibliotecajuridicavirtual.cl\/index.php\/wp-json\/wp\/v2\/types\/product"}],"replies":[{"embeddable":true,"href":"https:\/\/bibliotecajuridicavirtual.cl\/index.php\/wp-json\/wp\/v2\/comments?post=3946"}],"wp:featuredmedia":[{"embeddable":true,"href":"https:\/\/bibliotecajuridicavirtual.cl\/index.php\/wp-json\/wp\/v2\/media\/3976"}],"wp:attachment":[{"href":"https:\/\/bibliotecajuridicavirtual.cl\/index.php\/wp-json\/wp\/v2\/media?parent=3946"}],"wp:term":[{"taxonomy":"product_brand","embeddable":true,"href":"https:\/\/bibliotecajuridicavirtual.cl\/index.php\/wp-json\/wp\/v2\/product_brand?post=3946"},{"taxonomy":"product_cat","embeddable":true,"href":"https:\/\/bibliotecajuridicavirtual.cl\/index.php\/wp-json\/wp\/v2\/product_cat?post=3946"},{"taxonomy":"product_tag","embeddable":true,"href":"https:\/\/bibliotecajuridicavirtual.cl\/index.php\/wp-json\/wp\/v2\/product_tag?post=3946"}],"curies":[{"name":"wp","href":"https:\/\/api.w.org\/{rel}","templated":true}]}}